{"id":6541,"date":"2026-05-07T12:59:04","date_gmt":"2026-05-07T10:59:04","guid":{"rendered":"https:\/\/nextrealitycontest.de\/jury\/jury-2026\/"},"modified":"2026-05-07T13:08:15","modified_gmt":"2026-05-07T11:08:15","slug":"jury-2026","status":"publish","type":"page","link":"https:\/\/nextrealitycontest.de\/en\/jury\/jury-2026\/","title":{"rendered":"Jury 2026"},"content":{"rendered":"<section class=\"wpb-content-wrapper\"><p>[vc_row][vc_column width=&#8221;1\/2&#8243;][vc_column_text]<\/p>\n<h2><b>ROLF HERMANN<\/b><\/h2>\n<p><\/p>\n<h4><b>MANAGING DIRECTOR<br \/>\n<\/b><span style=\"color: #ffbb4d;\"><b>OMR Education, Podcast Host &amp; Chief Editor OMR Report<\/b><\/span><\/h4>\n<p><\/p>\n<p class=\"font-claude-response-body break-words whitespace-normal leading-[1.7]\">When it comes to hands-on professional development for the digital economy, there&#8217;s no way around <a class=\"underline underline underline-offset-2 decoration-1 decoration-current\/40 hover:decoration-current focus:decoration-current\" href=\"https:\/\/www.linkedin.com\/in\/rolf-hermann\/\">Rolf Hermann<\/a>. For more than nine years, he has been shaping the OMR Education ecosystem. As Managing Director of OMR Education and Chief Editor of the OMR Report, he oversees all content at Hamburg&#8217;s leading experts for digital upskilling. Under his lead, more than 85 OMR Reports have been published, and over 55,000 people train with OMR Education every year.<\/p>\n<p><\/p>\n<p class=\"font-claude-response-body break-words whitespace-normal leading-[1.7]\">His expertise comes straight from practice: across more than 400 episodes of the OMR Education Podcast, Rolf has interviewed the sharpest minds in the industry \u2013 strategists, experts, and digital thinkers \u2013 to explore what truly drives the digital world.<\/p>\n<p><\/p>\n<p class=\"font-claude-response-body break-words whitespace-normal leading-[1.7]\">This deep market knowledge is also valued by OMR Education&#8217;s corporate clients: Rolf regularly designs and leads strategic upskilling projects for global brands such as Google, Porsche, LVMH, and the Funke Mediengruppe.<\/p>\n<p>[\/vc_column_text][\/vc_column][vc_column width=&#8221;1\/2&#8243;][vc_empty_space]\t\t<div class=\"qt-short-image aligncenter\">\n\t\t\t<img decoding=\"async\" src=\"https:\/\/nextrealitycontest.de\/wp-content\/uploads\/2026\/03\/Rolf_Web.png\" alt=\"\"> \t\t<\/div>\n\t\t[\/vc_column][\/vc_row][vc_row][vc_column width=&#8221;1\/2&#8243;]\t\t\t<hr class=\"qt-spacer-s\">\n\t\t\t\t<div class=\"qt-short-image aligncenter\">\n\t\t\t<img decoding=\"async\" src=\"https:\/\/nextrealitycontest.de\/wp-content\/uploads\/2025\/03\/Gabs_Web_25-756x756.png\" alt=\"\"> \t\t<\/div>\n\t\t[\/vc_column][vc_column width=&#8221;1\/2&#8243;][vc_column_text]<\/p>\n<h2>GABRIELLA CHIHAN STANLEY<\/h2>\n<p><\/p>\n<h4>Cofounder &amp; CCO<br \/>\n<span style=\"color: #ffbb4d;\"><span style=\"font-weight: 400;\"><strong>vrisch<\/strong><\/span><\/span><\/h4>\n<p><\/p>\n<div>\n<div class=\"standard-markdown grid-cols-1 grid [&amp;_&gt;_*]:min-w-0 gap-3\">\n<p class=\"font-claude-response-body break-words whitespace-normal leading-[1.7]\">For the last 20 years, Gabs has worked at the intersection of tech, creativity, and human experience. Through her award-winning XR studio vrisch, community leadership in XRVienna, and influence in the EUXR scene, she thrives on finding connections in everything. Gab&#8217;s multicultural background, neurodiversity, and &#8216;momtrepreneurship&#8217; have led her to embrace a calling to make a positive impact on the lives of others. She contributes to cross-border exchange as Ambassador of Women in Immersive Tech and as advisory board member of SXSW, Euromersive, and AIXR. Her work has received many prestigious awards, including one of the five global Japan OMOSIROI Awards. Forbes also selected Gabs as one of Europe\u2019s top 20 women founders.<\/p>\n<\/div>\n<p><\/div>\n<p>[\/vc_column_text][\/vc_column][\/vc_row][vc_row][vc_column width=&#8221;1\/2&#8243;][vc_column_text]<\/p>\n<h2>Deborah Reinm\u00fcller<\/h2>\n<p><\/p>\n<h4><strong>Project Coordinator for Immersive Media<br \/>\n<\/strong><strong style=\"color: #ffbb4d; letter-spacing: -0.02em; font-size: 16px;\">MOIN Filmf\u00f6rderung Hamburg Schleswig-Holstein<\/strong><\/h4>\n<p><\/p>\n<p data-start=\"0\" data-end=\"478\">Deborah Reinm\u00fcller is Project Coordinator for Immersive Media at MOIN Film Fund Hamburg Schleswig-Holstein. In this role, she oversees the fund\u2019s activities in the field of innovative audiovisual content and supports creators working at the intersection of film, technology, and new storytelling formats. She coordinates funding programs, curates and speaks at networking and industry events, and serves as a point of contact for international partners.<\/p>\n<p><\/p>\n<p data-start=\"480\" data-end=\"813\" data-is-last-node=\"\" data-is-only-node=\"\">An XR artist active since 2016, she creates works at the intersection of visual art, performance, and digital storytelling. With her background in interactive media, she also teaches and mentors in the field, fostering trans-disciplinary collaboration and advancing new formats across the creative industries.<\/p>\n<p>[\/vc_column_text][\/vc_column][vc_column width=&#8221;1\/2&#8243;]\t\t\t<hr class=\"qt-spacer-s\">\n\t\t[vc_empty_space height=&#8221;50px&#8221;]\t\t<div class=\"qt-short-image aligncenter\">\n\t\t\t<img decoding=\"async\" src=\"https:\/\/nextrealitycontest.de\/wp-content\/uploads\/2026\/03\/Debbie_Web.png\" alt=\"\"> \t\t<\/div>\n\t\t[\/vc_column][\/vc_row][vc_row][vc_column width=&#8221;1\/2&#8243;]\t\t\t<hr class=\"qt-spacer-s\">\n\t\t[vc_empty_space height=&#8221;50px&#8221;]\t\t<div class=\"qt-short-image aligncenter\">\n\t\t\t<img decoding=\"async\" src=\"https:\/\/nextrealitycontest.de\/wp-content\/uploads\/2026\/03\/Keno_Web.png\" alt=\"\"> \t\t<\/div>\n\t\t[\/vc_column][vc_column width=&#8221;1\/2&#8243;][vc_column_text]<\/p>\n<h2>Jan-Keno Janssen<\/h2>\n<p><\/p>\n<h4><span class=\"elementor-icon-list-text elementor-post-info__item elementor-post-info__item--type-custom\">Director<br \/>\n<\/span><span style=\"color: #ffbb4d;\">c&#8217;t 3003<\/span><\/h4>\n<p>Jan-Keno Janssen is a senior editor at c\u2019t Magazin and heise online. Since 2021, he has primarily been responsible for the YouTube channel c\u2019t 3003, one of the leading German-language tech channels. The weekly videos consistently reach six-figure view counts.<\/p>\n<p>In addition to artificial intelligence, virtual and augmented reality are among his areas of expertise. A true tech nerd, he has been building his own computers since childhood. After completing a journalism traineeship at the Ostfriesische Tageszeitung Anzeiger f\u00fcr Harlingerland, he earned a degree in Media Studies and English at Ruhr University Bochum in 2007. He has been working for c\u2019t Magazin ever since.[\/vc_column_text][\/vc_column][\/vc_row][vc_row][vc_column width=&#8221;1\/2&#8243;][vc_column_text]<\/p>\n<h2><b>Harald R. Fortmann<\/b><\/h2>\n<p><\/p>\n<h4><span style=\"font-weight: 400;\"><b>MANAGING DIRECTOR<br \/>\n<\/b><\/span><b style=\"color: #ffbb4d;\">Five14 GmbH<\/b><\/h4>\n<p><\/p>\n<p class=\"font-claude-response-body break-words whitespace-normal leading-[1.7]\">According to the trade magazine W&amp;V, <a class=\"underline underline underline-offset-2 decoration-1 decoration-current\/40 hover:decoration-current focus:decoration-current\" href=\"https:\/\/www.linkedin.com\/in\/hrfortmann\/\">Harald<\/a> is considered one of the best-connected managers in the digital economy. He has been active in the industry since 1996 \u2013 first as the founder of his own company at the age of 23, later in leadership roles at AOL and Pixelpark.<\/p>\n<p><\/p>\n<p class=\"font-claude-response-body break-words whitespace-normal leading-[1.7]\">Since 2013, he has been advising mid-sized businesses, scale-ups, agencies, and corporations at Five14 on filling executive positions and on the strategic implementation of digital transformation. For more than sixteen years, he was involved with the BVDW (German Association for the Digital Economy), ten of those on its executive board. Since 2025, he serves as Vice President of the German Association of Management Consultants (BDU).<\/p>\n<p><\/p>\n<p class=\"font-claude-response-body break-words whitespace-normal leading-[1.7]\">As an author, he has published works including <em>Arbeitswelt der Zukunft<\/em> (2018), <em>#FemaleLeadershipPictured<\/em> (2019), and <em>Digitalisierung im Mittelstand<\/em>. He also serves as a commercial judge at the Hamburg Regional Court, acts as a C-level mentor, and advises executives on digital transformation, leadership, and artificial intelligence. For all his enthusiasm for digital topics, Fortmann always puts people at the center \u2013 because it is the \u201erulebreakers&#8221; who truly move companies forward.<\/p>\n<p>[\/vc_column_text][\/vc_column][vc_column width=&#8221;1\/2&#8243;]\t\t\t<hr class=\"qt-spacer-m\">\n\t\t\t\t<div class=\"qt-short-image aligncenter\">\n\t\t\t<img decoding=\"async\" src=\"https:\/\/nextrealitycontest.de\/wp-content\/uploads\/2026\/03\/Harald_Web.png\" alt=\"\"> \t\t<\/div>\n\t\t[\/vc_column][\/vc_row][vc_row disable_element=&#8221;yes&#8221;][vc_column width=&#8221;1\/2&#8243;]\t\t\t<hr class=\"qt-spacer-l\">\n\t\t\t\t<div class=\"qt-short-image aligncenter\">\n\t\t\t<img decoding=\"async\" src=\"https:\/\/nextrealitycontest.de\/wp-content\/uploads\/2025\/03\/Patrick_Web_25-756x756.png\" alt=\"\"> \t\t<\/div>\n\t\t[\/vc_column][vc_column width=&#8221;1\/2&#8243;][vc_column_text]<\/p>\n<h2>Prof. Dr. Patrick Rupert-Kruse<\/h2>\n<p><\/p>\n<h4>Professur f\u00fcr Medientheorie und Immersionsforschung<br \/>\nInstitut f\u00fcr immersive Medien am Fachbereich Medien<br \/>\n<span style=\"color: #ffbb4d;\">Fachhochschule Kiel<\/span><\/h4>\n<p><\/p>\n<div dir=\"ltr\">\n<p><span style=\"font-weight: 400;\"><a href=\"http:\/\/www.linkedin.com\/in\/patrick-rupert-kruse-a007b2276\">Patrick<\/a> ist seit 2014 Inhaber der Professur f\u00fcr Medientheorie und Immersionsforschung am Fachbereich Medien der Fachhochschule Kiel, zudem ist er Leiter des Instituts f\u00fcr immersive Medien (ifim) und Co-Leiter des Interdisziplin\u00e4ren Labors f\u00fcr Immersionsforschung (LINK). Seit 2023 ist er au\u00dferdem Vorstandsvorsitzender der Gesellschaft f\u00fcr immersive Medien Schleswig-Holstein und setzt sich f\u00fcr die Vermittlung von Kompetenzen im Umgang mit immersiven Medien f\u00fcr Unternehmen, Institutionen und die Gesellschaft ein.<\/span><\/p>\n<p><span style=\"font-weight: 400;\">Seine Forschungs- und Arbeitsschwerpunkte sind \u00c4sthetik und Design immersiver Medien, Immersive und Transmedia Storytelling.<\/span><\/p>\n<\/div>\n<p>\n[\/vc_column_text][\/vc_column][\/vc_row][vc_row disable_element=&#8221;yes&#8221;][vc_column width=&#8221;1\/2&#8243;][vc_column_text]<\/p>\n<h2>Jean-Philippe Tonyigah<\/h2>\n<p><\/p>\n<h4>Lead<br \/>\n<span style=\"color: #ffbb4d;\"><span style=\"font-weight: 400;\">Sparkassen Innovation Hub<\/span><\/span><\/h4>\n<p><span style=\"font-weight: 400;\"><a href=\"https:\/\/www.linkedin.com\/in\/jean-philippe-tonyigah\/\">Jean-Philippe<\/a> (kurz JP)<\/span>\u00a0ist seit \u00fcber f\u00fcnf Jahren im Kontext der Sparkassen-Finanzgruppe im Banking-Umfeld t\u00e4tig und gestaltet dort aktiv die digitale Transformation. Zun\u00e4chst arbeitete er im Sparkassen Innovation Hub, dem zentralen Innovationslabor der Sparkassen. Dort untersuchte er unter anderem die Potenziale von Technologien wie Extended Reality (XR) und K\u00fcnstlicher Intelligenz, entwickelte nutzerzentrierte Prototypen und baute ein breites Partnernetzwerk mit Tech- und FinTech-Akteuren auf.<\/p>\n<p dir=\"auto\">Seit 2025 ist <span class=\"il\">JP<\/span> Abteilungsleiter AI Applications bei der Finanz Informatik. In dieser Rolle verantwortet er den Aufbau und die Weiterentwicklung zentraler generativer KI-L\u00f6sungen, mit dem Ziel, den digitalen Arbeitsplatz in den Sparkassen nachhaltig zu transformieren und Zukunftstechnologien in der Fl\u00e4che wirksam zu machen<\/p>\n<p>\n[\/vc_column_text][\/vc_column][vc_column width=&#8221;1\/2&#8243;]\t\t\t<hr class=\"qt-spacer-m\">\n\t\t\t\t<div class=\"qt-short-image aligncenter\">\n\t\t\t<img decoding=\"async\" src=\"https:\/\/nextrealitycontest.de\/wp-content\/uploads\/2025\/03\/JP_Web_25-756x756.png\" alt=\"\"> \t\t<\/div>\n\t\t[\/vc_column][\/vc_row][vc_row disable_element=&#8221;yes&#8221;][vc_column width=&#8221;1\/2&#8243;]\t\t<div class=\"qt-short-image aligncenter\">\n\t\t\t<img decoding=\"async\" src=\"https:\/\/nextrealitycontest.de\/wp-content\/uploads\/2025\/07\/Insa_Web-756x756.png\" alt=\"\"> \t\t<\/div>\n\t\t[\/vc_column][vc_column width=&#8221;1\/2&#8243;][vc_column_text]<\/p>\n<h2>Insa Hollenberg<\/h2>\n<p><span style=\"font-weight: 400;\">Head of Strategy <\/span><span style=\"font-weight: 400;\"><br \/>\n<\/span><span style=\"color: #ffbb4d;\"><span style=\"font-weight: 400;\">headraft GmbH\u00a0<\/span><\/span><\/p>\n<p><a href=\"https:\/\/www.linkedin.com\/in\/insa-hollenberg\/\">Insa<\/a> ist Head of Strategy bei der immersiven Agentur headraft. Sie verbindet die Needs der Kunden mit interdisziplin\u00e4rem Wissen aus den Bereichen Human-Computer-Interaction und Communication Design. Mit ihrem umfassenden Wissen \u00fcber Creative Technology und deren didaktische Nutzung ber\u00e4t sie, wie Inhalte und Botschaften in interaktives Storytelling verwandelt werden k\u00f6nnen, das eine tiefe Verbindung von Community und Marke schafft.[\/vc_column_text][\/vc_column][\/vc_row][vc_row disable_element=&#8221;yes&#8221;][vc_column width=&#8221;1\/2&#8243;][vc_column_text]<\/p>\n<h2><span style=\"font-weight: 400;\">Prof. Dr. <\/span><span style=\"font-weight: 400;\">Alexander<\/span><span style=\"font-weight: 400;\"> Kutter<\/span><\/h2>\n<p><\/p>\n<h4><span style=\"font-weight: 400;\">Professor f\u00fcr Immersive Technologien und CTO<br \/>\n<\/span><span style=\"color: #ffbb4d;\">VR Insight GmbH<\/span><\/h4>\n<p><span style=\"font-weight: 400;\">Alexander <\/span><span style=\"font-weight: 400;\">ist derzeit Professor an der Technischen Hochschule Ostwestfalen-Lippe am KreativInstitut. OWL und besch\u00e4ftigt sich in Forschung und Lehre mit den Themen VR\/AR\/XR, aber auch Spatial Computing, Metaverse und Themen darum herum (3D Scanning, Rendering, etc.). Zudem war er der technische Gesch\u00e4ftsf\u00fchrer der VR Nerds GmbH und ist es jetzt f\u00fcr die VR Insight GmbH. Sein Weg bis dorthin war alles andere als &#8220;klassisch&#8221;. Er studierte Lebensmittelverfahrenstechnik an der TUM Weihenstephan, wurde im Bereich Str\u00f6mungsmechanik und Rheologie promoviert und arbeitete bei der tesa SE in der Entwicklung. In dieser Zeit entdeckte er die Leidenschaft f\u00fcr Virtual Reality, in der er diese sowohl bei tesa einsetzte, aber auch zwei Start-Ups gr\u00fcndete und dabei diverse Entwicklungs- und Beratungsprojekte umsetzte. Mit der Professur kann er nun Akademie und Anwendung und das Beste aus beiden Welten vereinen.<\/span><span style=\"font-weight: 400;\"><br \/>\n<\/span>[\/vc_column_text][\/vc_column][vc_column width=&#8221;1\/2&#8243;]\t\t<div class=\"qt-short-image aligncenter\">\n\t\t\t<img decoding=\"async\" src=\"https:\/\/nextrealitycontest.de\/wp-content\/uploads\/2024\/06\/Alex_Web-756x756.png\" alt=\"\"> \t\t<\/div>\n\t\t[\/vc_column][\/vc_row][vc_row disable_element=&#8221;yes&#8221;][vc_column width=&#8221;1\/2&#8243;][vc_column_text]<\/p>\n<h2>Christoph Spinger<\/h2>\n<p><\/p>\n<h4>Developer Immersive Products<br \/>\nAR\/VR Software Engineer<br \/>\n<span style=\"color: #ffbb4d;\">Axel Springer\u00a0<\/span><\/h4>\n<p>Christoph ist seit 2012 in der XR-Szene in unterschiedlichen Rollen aktiv und war Mitbegr\u00fcnder der VR-Nerds in Hamburg. Seit 2022 ist Christoph bei Axel Springer in Berlin als Developer f\u00fcr XR-Systeme t\u00e4tig und erforscht die Zukunft von immersiven Medien.[\/vc_column_text][\/vc_column][vc_column width=&#8221;1\/2&#8243;]\t\t<div class=\"qt-short-image aligncenter\">\n\t\t\t<img decoding=\"async\" src=\"https:\/\/nextrealitycontest.de\/wp-content\/uploads\/2023\/03\/Chris_Web-756x756.png\" alt=\"\"> \t\t<\/div>\n\t\t[\/vc_column][\/vc_row][vc_row disable_element=&#8221;yes&#8221;][vc_column width=&#8221;1\/2&#8243;]\t\t<div class=\"qt-short-image aligncenter\">\n\t\t\t<img decoding=\"async\" src=\"https:\/\/nextrealitycontest.de\/wp-content\/uploads\/2023\/06\/Oliver-Web-756x756.png\" alt=\"\"> \t\t<\/div>\n\t\t[\/vc_column][vc_column width=&#8221;1\/2&#8243;][vc_column_text]<\/p>\n<h2>Oliver Heidorn<\/h2>\n<p><\/p>\n<h4>Director Creative Technology<br \/>\n<span style=\"color: #ffbb4d;\">Grabartz &amp; Partner<\/span><\/h4>\n<p>Vor 20 Jahren begann Oliver, studierter Journalist und Kulturwissenschaftler, Geschichten f\u00fcr Marken zu erz\u00e4hlen. Zun\u00e4chst als Texter, sp\u00e4ter als CD und ECD mit Stationen bei Springer &amp; Jacoby, Kolle Rebbe, GGH MullenLowe, JMP Space und Grabarz &amp; Partner. Im Laufe der Jahre erweiterte er sein Spielfeld um immer neue digitale Medien. Oliver ist mit \u00fcber 40 nationalen und internationalen Kreativpreisen ausgezeichnet. Seit f\u00fcnf Jahre ist er Creative Technologist und verbindet Storytelling, Creative Coding und Hardware-Prototyping in Apps, Gaming, AI, Data, Computer Vision, XR und kreativen Produkten. Seit einem Jahr leitet Oliver den XR Innovation Track bei G&amp;P als Kooperationspartner von NextReality. Au\u00dferdem ist er der Gr\u00fcnder (und Coder) des Data-Awareness-Projekts prettypara.site[\/vc_column_text][\/vc_column][\/vc_row]<\/p>\n<\/section>","protected":false},"excerpt":{"rendered":"<p>[vc_row][vc_column width=&#8221;1\/2&#8243;][vc_column_text] ROLF HERMANN MANAGING DIRECTOR OMR Education, Podcast Host &amp; Chief Editor OMR Report When it comes to hands-on professional development for the digital economy, there&#8217;s no way around Rolf Hermann. For more than nine years, he has been shaping the OMR Education ecosystem. As Managing Director of OMR [&hellip;]<\/p>\n","protected":false},"author":4,"featured_media":0,"parent":3663,"menu_order":0,"comment_status":"closed","ping_status":"closed","template":"","meta":{"_acf_changed":false,"footnotes":""},"acf":[],"yoast_head":"<!-- This site is optimized with the Yoast SEO plugin v21.9.1 - https:\/\/yoast.com\/wordpress\/plugins\/seo\/ -->\n<title>Jury 2026 - nextReality.Contest<\/title>\n<meta name=\"robots\" content=\"index, follow, max-snippet:-1, max-image-preview:large, max-video-preview:-1\" \/>\n<link rel=\"canonical\" href=\"https:\/\/nextrealitycontest.de\/en\/jury\/jury-2026\/\" \/>\n<meta property=\"og:locale\" content=\"en_US\" \/>\n<meta property=\"og:type\" content=\"article\" \/>\n<meta property=\"og:title\" content=\"Jury 2026 - nextReality.Contest\" \/>\n<meta property=\"og:description\" content=\"[vc_row][vc_column width=&#8221;1\/2&#8243;][vc_column_text] ROLF HERMANN MANAGING DIRECTOR OMR Education, Podcast Host &amp; Chief Editor OMR Report When it comes to hands-on professional development for the digital economy, there&#8217;s no way around Rolf Hermann. For more than nine years, he has been shaping the OMR Education ecosystem. As Managing Director of OMR [&hellip;]\" \/>\n<meta property=\"og:url\" content=\"https:\/\/nextrealitycontest.de\/en\/jury\/jury-2026\/\" \/>\n<meta property=\"og:site_name\" content=\"nextReality.Contest\" \/>\n<meta property=\"article:modified_time\" content=\"2026-05-07T11:08:15+00:00\" \/>\n<meta name=\"twitter:card\" content=\"summary_large_image\" \/>\n<meta name=\"twitter:label1\" content=\"Est. reading time\" \/>\n\t<meta name=\"twitter:data1\" content=\"8 minutes\" \/>\n<script type=\"application\/ld+json\" class=\"yoast-schema-graph\">{\"@context\":\"https:\/\/schema.org\",\"@graph\":[{\"@type\":\"WebPage\",\"@id\":\"https:\/\/nextrealitycontest.de\/en\/jury\/jury-2026\/\",\"url\":\"https:\/\/nextrealitycontest.de\/en\/jury\/jury-2026\/\",\"name\":\"Jury 2026 - nextReality.Contest\",\"isPartOf\":{\"@id\":\"https:\/\/nextrealitycontest.de\/en\/#website\"},\"datePublished\":\"2026-05-07T10:59:04+00:00\",\"dateModified\":\"2026-05-07T11:08:15+00:00\",\"breadcrumb\":{\"@id\":\"https:\/\/nextrealitycontest.de\/en\/jury\/jury-2026\/#breadcrumb\"},\"inLanguage\":\"en-US\",\"potentialAction\":[{\"@type\":\"ReadAction\",\"target\":[\"https:\/\/nextrealitycontest.de\/en\/jury\/jury-2026\/\"]}]},{\"@type\":\"BreadcrumbList\",\"@id\":\"https:\/\/nextrealitycontest.de\/en\/jury\/jury-2026\/#breadcrumb\",\"itemListElement\":[{\"@type\":\"ListItem\",\"position\":1,\"name\":\"Startseite\",\"item\":\"https:\/\/nextrealitycontest.de\/en\/\"},{\"@type\":\"ListItem\",\"position\":2,\"name\":\"Jury\",\"item\":\"https:\/\/nextrealitycontest.de\/en\/jury\/\"},{\"@type\":\"ListItem\",\"position\":3,\"name\":\"Jury 2026\"}]},{\"@type\":\"WebSite\",\"@id\":\"https:\/\/nextrealitycontest.de\/en\/#website\",\"url\":\"https:\/\/nextrealitycontest.de\/en\/\",\"name\":\"nextReality.Contest\",\"description\":\"Der Preis f\u00fcr Immersive Medien in Deutschland\",\"potentialAction\":[{\"@type\":\"SearchAction\",\"target\":{\"@type\":\"EntryPoint\",\"urlTemplate\":\"https:\/\/nextrealitycontest.de\/en\/?s={search_term_string}\"},\"query-input\":\"required name=search_term_string\"}],\"inLanguage\":\"en-US\"}]}<\/script>\n<!-- \/ Yoast SEO plugin. -->","yoast_head_json":{"title":"Jury 2026 - nextReality.Contest","robots":{"index":"index","follow":"follow","max-snippet":"max-snippet:-1","max-image-preview":"max-image-preview:large","max-video-preview":"max-video-preview:-1"},"canonical":"https:\/\/nextrealitycontest.de\/en\/jury\/jury-2026\/","og_locale":"en_US","og_type":"article","og_title":"Jury 2026 - nextReality.Contest","og_description":"[vc_row][vc_column width=&#8221;1\/2&#8243;][vc_column_text] ROLF HERMANN MANAGING DIRECTOR OMR Education, Podcast Host &amp; Chief Editor OMR Report When it comes to hands-on professional development for the digital economy, there&#8217;s no way around Rolf Hermann. For more than nine years, he has been shaping the OMR Education ecosystem. As Managing Director of OMR [&hellip;]","og_url":"https:\/\/nextrealitycontest.de\/en\/jury\/jury-2026\/","og_site_name":"nextReality.Contest","article_modified_time":"2026-05-07T11:08:15+00:00","twitter_card":"summary_large_image","twitter_misc":{"Est. reading time":"8 minutes"},"schema":{"@context":"https:\/\/schema.org","@graph":[{"@type":"WebPage","@id":"https:\/\/nextrealitycontest.de\/en\/jury\/jury-2026\/","url":"https:\/\/nextrealitycontest.de\/en\/jury\/jury-2026\/","name":"Jury 2026 - nextReality.Contest","isPartOf":{"@id":"https:\/\/nextrealitycontest.de\/en\/#website"},"datePublished":"2026-05-07T10:59:04+00:00","dateModified":"2026-05-07T11:08:15+00:00","breadcrumb":{"@id":"https:\/\/nextrealitycontest.de\/en\/jury\/jury-2026\/#breadcrumb"},"inLanguage":"en-US","potentialAction":[{"@type":"ReadAction","target":["https:\/\/nextrealitycontest.de\/en\/jury\/jury-2026\/"]}]},{"@type":"BreadcrumbList","@id":"https:\/\/nextrealitycontest.de\/en\/jury\/jury-2026\/#breadcrumb","itemListElement":[{"@type":"ListItem","position":1,"name":"Startseite","item":"https:\/\/nextrealitycontest.de\/en\/"},{"@type":"ListItem","position":2,"name":"Jury","item":"https:\/\/nextrealitycontest.de\/en\/jury\/"},{"@type":"ListItem","position":3,"name":"Jury 2026"}]},{"@type":"WebSite","@id":"https:\/\/nextrealitycontest.de\/en\/#website","url":"https:\/\/nextrealitycontest.de\/en\/","name":"nextReality.Contest","description":"Der Preis f\u00fcr Immersive Medien in Deutschland","potentialAction":[{"@type":"SearchAction","target":{"@type":"EntryPoint","urlTemplate":"https:\/\/nextrealitycontest.de\/en\/?s={search_term_string}"},"query-input":"required name=search_term_string"}],"inLanguage":"en-US"}]}},"publishpress_future_action":{"enabled":false,"date":"2026-05-15 16:32:38","action":"draft","terms":[],"taxonomy":""},"_links":{"self":[{"href":"https:\/\/nextrealitycontest.de\/en\/wp-json\/wp\/v2\/pages\/6541"}],"collection":[{"href":"https:\/\/nextrealitycontest.de\/en\/wp-json\/wp\/v2\/pages"}],"about":[{"href":"https:\/\/nextrealitycontest.de\/en\/wp-json\/wp\/v2\/types\/page"}],"author":[{"embeddable":true,"href":"https:\/\/nextrealitycontest.de\/en\/wp-json\/wp\/v2\/users\/4"}],"replies":[{"embeddable":true,"href":"https:\/\/nextrealitycontest.de\/en\/wp-json\/wp\/v2\/comments?post=6541"}],"version-history":[{"count":2,"href":"https:\/\/nextrealitycontest.de\/en\/wp-json\/wp\/v2\/pages\/6541\/revisions"}],"predecessor-version":[{"id":6543,"href":"https:\/\/nextrealitycontest.de\/en\/wp-json\/wp\/v2\/pages\/6541\/revisions\/6543"}],"up":[{"embeddable":true,"href":"https:\/\/nextrealitycontest.de\/en\/wp-json\/wp\/v2\/pages\/3663"}],"wp:attachment":[{"href":"https:\/\/nextrealitycontest.de\/en\/wp-json\/wp\/v2\/media?parent=6541"}],"curies":[{"name":"wp","href":"https:\/\/api.w.org\/{rel}","templated":true}]}}