{"id":5820,"date":"2025-03-10T17:43:09","date_gmt":"2025-03-10T15:43:09","guid":{"rendered":"https:\/\/nextrealitycontest.de\/jury\/jury-2025\/"},"modified":"2026-03-03T17:47:00","modified_gmt":"2026-03-03T15:47:00","slug":"jury-2025","status":"publish","type":"page","link":"https:\/\/nextrealitycontest.de\/en\/jury\/jury-2025\/","title":{"rendered":"Jury 2025"},"content":{"rendered":"<section class=\"wpb-content-wrapper\"><p>[vc_row][vc_column width=&#8221;1\/2&#8243;][vc_column_text]<\/p>\n<h2><b>Gabriel Rinaldi<\/b><\/h2>\n<p><\/p>\n<h4><span style=\"font-weight: 400;\">Editorial Journalist and Reporter <\/span><br \/>\n<span style=\"color: #ffbb4d;\">S\u00fcddeutsche Zeitung Dossier<\/span><\/h4>\n<p><span style=\"font-weight: 400;\"><a href=\"https:\/\/www.linkedin.com\/in\/gabriel-rinaldi\/\">Gabriel<\/a><\/span><span style=\"font-weight: 400;\">\u00a0has been an editorial journalist and reporter at S\u00fcddeutsche Zeitung Dossier since July 2023. He co-authors the \u201cPlatz der Republik\u201d briefing and reports on German politics. Previously, he was a reporter in the Berlin office of POLITICO and worked for the Washington Post, SPIEGEL and Frankfurter Allgemeine Zeitung, among others. He studied politics, sociology and economics in Berlin, London and Milan and was also trained at the ifp school of journalism in Munich. In 2021, he was voted one of the top 30 to 30 in journalism by medium magazin, and in 2022 he was awarded the Media Prize for Digital Enlightenment for an interactive story on the Metaverse.<\/span>[\/vc_column_text][\/vc_column][vc_column width=&#8221;1\/2&#8243;][vc_empty_space]\t\t<div class=\"qt-short-image aligncenter\">\n\t\t\t<img decoding=\"async\" src=\"https:\/\/nextrealitycontest.de\/wp-content\/uploads\/2025\/03\/Gabriel_Web_25-756x756.png\" alt=\"\"> \t\t<\/div>\n\t\t[\/vc_column][\/vc_row][vc_row][vc_column width=&#8221;1\/2&#8243;]\t\t\t<hr class=\"qt-spacer-s\">\n\t\t\t\t<div class=\"qt-short-image aligncenter\">\n\t\t\t<img decoding=\"async\" src=\"https:\/\/nextrealitycontest.de\/wp-content\/uploads\/2025\/04\/Davina_Web_25-756x756.png\" alt=\"\"> \t\t<\/div>\n\t\t[\/vc_column][vc_column width=&#8221;1\/2&#8243;][vc_column_text]<\/p>\n<h2>DAVINA COCHRANE<\/h2>\n<p><\/p>\n<h4>CEO &amp; Creative Director<br \/>\n<span style=\"color: #ffbb4d;\">Jan &amp; Dave Studios UG<\/span><\/h4>\n<p><\/p>\n<div>Davina ist Expertin f\u00fcr AR Technologie und digitale OOH Erlebnisse.<\/div>\n<p><\/p>\n<div>Mit ihrer langj\u00e4hrigen Erfahrung im Bereich von interaktiven Installationen und Markenaktivierungen setzt sie neue Ma\u00dfst\u00e4be f\u00fcr Event Marketing. Als Mitgr\u00fcnderin von Jan &amp; Dave Studios verbindet sie Kunst, Gaming und Technologie, um innovative AR-Experiences f\u00fcr Marken, Veranstaltungen und Ausstellungen zu schaffen.<\/div>\n<p><\/p>\n<div>Als Jury-Mitglied des XRC Awards bringt sie ihre Expertise ein, um vision\u00e4re AR-Projekte auszuzeichnen.<\/div>\n<p>[\/vc_column_text][\/vc_column][\/vc_row][vc_row][vc_column width=&#8221;1\/2&#8243;][vc_column_text]<\/p>\n<h2><b>Thomas Bedenk<\/b><\/h2>\n<p><\/p>\n<h4>Freelance Advisor &amp; Manager<\/h4>\n<p><span style=\"font-weight: 400;\"><a href=\"https:\/\/www.linkedin.com\/in\/thomasbedenk\/\">Thomas<\/a> <\/span><span style=\"font-weight: 400;\">is freelance advisor and manager with over 28 years of experience in digital productions. His focus areas are Strategy and Innovation (XR\/AI) across industries. He is a keynote speaker and founding member of XRBB and the German Game Association. He was VP Extended Reality at Endava and Director Immersive Media at Exozet. 2008 he founded his game studio Brightside Games. He has degrees in Media Design and Human Factors. Prior, he was interactive designer and developer for 10 years.<\/span>[\/vc_column_text][\/vc_column][vc_column width=&#8221;1\/2&#8243;]\t\t<div class=\"qt-short-image aligncenter\">\n\t\t\t<img decoding=\"async\" src=\"https:\/\/nextrealitycontest.de\/wp-content\/uploads\/2025\/03\/Thomas_Web_25-756x756.png\" alt=\"\"> \t\t<\/div>\n\t\t[\/vc_column][\/vc_row][vc_row][vc_column width=&#8221;1\/2&#8243;]\t\t\t<hr class=\"qt-spacer-s\">\n\t\t[vc_empty_space height=&#8221;50px&#8221;]\t\t<div class=\"qt-short-image aligncenter\">\n\t\t\t<img decoding=\"async\" src=\"https:\/\/nextrealitycontest.de\/wp-content\/uploads\/2025\/07\/Denish_Web-756x756.png\" alt=\"\"> \t\t<\/div>\n\t\t[\/vc_column][vc_column width=&#8221;1\/2&#8243;][vc_column_text]<\/p>\n<h2>Dinesh Punni<\/h2>\n<p><\/p>\n<h4>Founder and CEO<br \/>\n<span style=\"color: #ffbb4d;\">immersive insiders\u00a0<\/span><\/h4>\n<p><a href=\"https:\/\/www.linkedin.com\/in\/dineshpunni\/\">Dinesh<\/a> is an XR educator, content creator, and CEO of Immersive Insiders with 10+ years in Spatial Computing (AR\/VR).<\/p>\n<p>Starting as an XR developer in 2016, he now works closely with Meta as one of their key partners for engaging the developer ecosystem, plus enterprise clients across automotive, fashion, and tech.<\/p>\n<div>He&#8217;s spoken at TEDx, Harvard Business Review, and AWE, sharing insights with his 70,000+ XR followers across social media.<\/div>\n<p>Dinesh organizes the XR Creator Con (XRCC) &#8211; Europe&#8217;s largest XR Hackathon &#8211; and created XRCC Online, the world&#8217;s largest XR hackathon with 3,400+ participants creating 200+ projects.<\/p>\n<p>His mission: unite XR enterprises and community to build what&#8217;s next.<br \/>\n[\/vc_column_text][\/vc_column][\/vc_row][vc_row][vc_column width=&#8221;1\/2&#8243;][vc_column_text]<\/p>\n<h2>Dorjee Lhamo Gerhard<\/h2>\n<p><\/p>\n<h4><span style=\"font-weight: 400;\">Senior Concept Creative &amp; Copywriter<\/span><br \/>\n<span style=\"color: #ffbb4d;\"><span style=\"font-weight: 400;\">Jung von Matt NERD<\/span><\/span><\/h4>\n<p><\/p>\n<p data-start=\"0\" data-end=\"293\">Dorjee approaches marketing with a focus on community, relevance, and innovation. Since 2021, she has worked as a Concept Creative and Copywriter in the creative advertising industry, developing campaigns for brands like Nintendo, Paramount, Spotify, Warner Bros., and YouTube.<\/p>\n<p><\/p>\n<p data-start=\"295\" data-end=\"612\">As an expert in culture marketing, she creates strategies and campaigns that connect brands with communities and next-gen consumers. Alongside her agency work, she is a speaker on the intersection of media and diversity, drawing on her experience as a freelance journalist and former consultant for civic education.<\/p>\n<p><\/p>\n<p data-start=\"614\" data-end=\"685\" data-is-last-node=\"\" data-is-only-node=\"\">Her goal is to shape the media landscape in a creative and diverse way.<\/p>\n<p>[\/vc_column_text][\/vc_column][vc_column width=&#8221;1\/2&#8243;]\t\t\t<hr class=\"qt-spacer-m\">\n\t\t\t\t<div class=\"qt-short-image aligncenter\">\n\t\t\t<img decoding=\"async\" src=\"https:\/\/nextrealitycontest.de\/wp-content\/uploads\/2025\/08\/Dorjee_Web-756x756.png\" alt=\"\"> \t\t<\/div>\n\t\t[\/vc_column][\/vc_row][vc_row][vc_column width=&#8221;1\/2&#8243;]\t\t\t<hr class=\"qt-spacer-l\">\n\t\t\t\t<div class=\"qt-short-image aligncenter\">\n\t\t\t<img decoding=\"async\" src=\"https:\/\/nextrealitycontest.de\/wp-content\/uploads\/2025\/03\/Patrick_Web_25-756x756.png\" alt=\"\"> \t\t<\/div>\n\t\t[\/vc_column][vc_column width=&#8221;1\/2&#8243;][vc_column_text]<\/p>\n<h2><b>Prof. Dr. Patrick Rupert-Kruse<\/b><\/h2>\n<p><\/p>\n<h4><strong data-start=\"0\" data-end=\"52\">Professor of Media Theory and Immersion Research<\/strong><br data-start=\"52\" data-end=\"55\" \/>Institute for Immersive Media, Faculty of Media<br \/>\n<span style=\"color: #ffbb4d;\">Kiel University<\/span><\/h4>\n<p><\/p>\n<div dir=\"ltr\">\n<p><span style=\"font-weight: 400;\"><a href=\"http:\/\/www.linkedin.com\/in\/patrick-rupert-kruse-a007b2276\">Patrick<\/a> <\/span>has held the professorship for Media Theory and Immersion Research at the Faculty of Media at Kiel University of Applied Sciences since 2014. He is also the head of the Institute for Immersive Media (ifim) and co-director of the Interdisciplinary Laboratory for Immersion Research (LINK). Since 2023, he has served as chairman of the Society for Immersive Media Schleswig-Holstein, advocating for the development of competencies in handling immersive media for businesses, institutions, and society.<\/p>\n<p data-start=\"678\" data-end=\"804\" data-is-last-node=\"\" data-is-only-node=\"\">His research and work focus on the aesthetics and design of immersive media, as well as immersive and transmedia storytelling.<\/p>\n<\/div>\n<p>[\/vc_column_text][\/vc_column][\/vc_row][vc_row][vc_column width=&#8221;1\/2&#8243;][vc_column_text]<\/p>\n<h2>Jean-Philippe Tonyigah<\/h2>\n<p><\/p>\n<h4>Lead<br \/>\n<span style=\"color: #ffbb4d;\"><span style=\"font-weight: 400;\">Sparkassen Innovation Hub<\/span><\/span><\/h4>\n<p><span style=\"font-weight: 400;\"><a href=\"https:\/\/www.linkedin.com\/in\/jean-philippe-tonyigah\/\">Jean-Philippe<\/a> (kurz JP)<\/span>\u00a0ist seit \u00fcber f\u00fcnf Jahren im Kontext der Sparkassen-Finanzgruppe im Banking-Umfeld t\u00e4tig und gestaltet dort aktiv die digitale Transformation. Zun\u00e4chst arbeitete er im Sparkassen Innovation Hub, dem zentralen Innovationslabor der Sparkassen. Dort untersuchte er unter anderem die Potenziale von Technologien wie Extended Reality (XR) und K\u00fcnstlicher Intelligenz, entwickelte nutzerzentrierte Prototypen und baute ein breites Partnernetzwerk mit Tech- und FinTech-Akteuren auf.<\/p>\n<p dir=\"auto\">Seit 2025 ist <span class=\"il\">JP<\/span> Abteilungsleiter AI Applications bei der Finanz Informatik. In dieser Rolle verantwortet er den Aufbau und die Weiterentwicklung zentraler generativer KI-L\u00f6sungen, mit dem Ziel, den digitalen Arbeitsplatz in den Sparkassen nachhaltig zu transformieren und Zukunftstechnologien in der Fl\u00e4che wirksam zu machen<\/p>\n<p>[\/vc_column_text][\/vc_column][vc_column width=&#8221;1\/2&#8243;]\t\t\t<hr class=\"qt-spacer-m\">\n\t\t\t\t<div class=\"qt-short-image aligncenter\">\n\t\t\t<img decoding=\"async\" src=\"https:\/\/nextrealitycontest.de\/wp-content\/uploads\/2025\/03\/JP_Web_25-756x756.png\" alt=\"\"> \t\t<\/div>\n\t\t[\/vc_column][\/vc_row][vc_row][vc_column width=&#8221;1\/2&#8243;]\t\t<div class=\"qt-short-image aligncenter\">\n\t\t\t<img decoding=\"async\" src=\"https:\/\/nextrealitycontest.de\/wp-content\/uploads\/2025\/07\/Insa_Web-756x756.png\" alt=\"\"> \t\t<\/div>\n\t\t[\/vc_column][vc_column width=&#8221;1\/2&#8243;][vc_column_text]<\/p>\n<h2>Insa Hollenberg<\/h2>\n<p><span style=\"font-weight: 400;\">Head of Strategy <\/span><span style=\"font-weight: 400;\"><br \/>\n<\/span><span style=\"color: #ffbb4d;\"><span style=\"font-weight: 400;\">headraft GmbH\u00a0<\/span><\/span><\/p>\n<p><a href=\"https:\/\/www.linkedin.com\/in\/insa-hollenberg\/\">Insa<\/a> ist Head of Strategy bei der immersiven Agentur headraft. Sie verbindet die Needs der Kunden mit interdisziplin\u00e4rem Wissen aus den Bereichen Human-Computer-Interaction und Communication Design. Mit ihrem umfassenden Wissen \u00fcber Creative Technology und deren didaktische Nutzung ber\u00e4t sie, wie Inhalte und Botschaften in interaktives Storytelling verwandelt werden k\u00f6nnen, das eine tiefe Verbindung von Community und Marke schafft.[\/vc_column_text][\/vc_column][\/vc_row][vc_row disable_element=&#8221;yes&#8221;][vc_column width=&#8221;1\/2&#8243;][vc_column_text]<\/p>\n<h2><span style=\"font-weight: 400;\">Prof. Dr. <\/span><span style=\"font-weight: 400;\">Alexander<\/span><span style=\"font-weight: 400;\"> Kutter<\/span><\/h2>\n<p><\/p>\n<h4><span style=\"font-weight: 400;\">Professor f\u00fcr Immersive Technologien und CTO<br \/>\n<\/span><span style=\"color: #ffbb4d;\">VR Insight GmbH<\/span><\/h4>\n<p><span style=\"font-weight: 400;\">Alexander <\/span><span style=\"font-weight: 400;\">ist derzeit Professor an der Technischen Hochschule Ostwestfalen-Lippe am KreativInstitut. OWL und besch\u00e4ftigt sich in Forschung und Lehre mit den Themen VR\/AR\/XR, aber auch Spatial Computing, Metaverse und Themen darum herum (3D Scanning, Rendering, etc.). Zudem war er der technische Gesch\u00e4ftsf\u00fchrer der VR Nerds GmbH und ist es jetzt f\u00fcr die VR Insight GmbH. Sein Weg bis dorthin war alles andere als &#8220;klassisch&#8221;. Er studierte Lebensmittelverfahrenstechnik an der TUM Weihenstephan, wurde im Bereich Str\u00f6mungsmechanik und Rheologie promoviert und arbeitete bei der tesa SE in der Entwicklung. In dieser Zeit entdeckte er die Leidenschaft f\u00fcr Virtual Reality, in der er diese sowohl bei tesa einsetzte, aber auch zwei Start-Ups gr\u00fcndete und dabei diverse Entwicklungs- und Beratungsprojekte umsetzte. Mit der Professur kann er nun Akademie und Anwendung und das Beste aus beiden Welten vereinen.<\/span><span style=\"font-weight: 400;\"><br \/>\n<\/span>[\/vc_column_text][\/vc_column][vc_column width=&#8221;1\/2&#8243;]\t\t<div class=\"qt-short-image aligncenter\">\n\t\t\t<img decoding=\"async\" src=\"https:\/\/nextrealitycontest.de\/wp-content\/uploads\/2024\/06\/Alex_Web-756x756.png\" alt=\"\"> \t\t<\/div>\n\t\t[\/vc_column][\/vc_row][vc_row disable_element=&#8221;yes&#8221;][vc_column width=&#8221;1\/2&#8243;][vc_column_text]<\/p>\n<h2>Christoph Spinger<\/h2>\n<p><\/p>\n<h4>Developer Immersive Products<br \/>\nAR\/VR Software Engineer<br \/>\n<span style=\"color: #ffbb4d;\">Axel Springer\u00a0<\/span><\/h4>\n<p>Christoph ist seit 2012 in der XR-Szene in unterschiedlichen Rollen aktiv und war Mitbegr\u00fcnder der VR-Nerds in Hamburg. Seit 2022 ist Christoph bei Axel Springer in Berlin als Developer f\u00fcr XR-Systeme t\u00e4tig und erforscht die Zukunft von immersiven Medien.[\/vc_column_text][\/vc_column][vc_column width=&#8221;1\/2&#8243;]\t\t<div class=\"qt-short-image aligncenter\">\n\t\t\t<img decoding=\"async\" src=\"https:\/\/nextrealitycontest.de\/wp-content\/uploads\/2023\/03\/Chris_Web-756x756.png\" alt=\"\"> \t\t<\/div>\n\t\t[\/vc_column][\/vc_row][vc_row disable_element=&#8221;yes&#8221;][vc_column width=&#8221;1\/2&#8243;]\t\t<div class=\"qt-short-image aligncenter\">\n\t\t\t<img decoding=\"async\" src=\"https:\/\/nextrealitycontest.de\/wp-content\/uploads\/2023\/06\/Oliver-Web-756x756.png\" alt=\"\"> \t\t<\/div>\n\t\t[\/vc_column][vc_column width=&#8221;1\/2&#8243;][vc_column_text]<\/p>\n<h2>Oliver Heidorn<\/h2>\n<p><\/p>\n<h4>Director Creative Technology<br \/>\n<span style=\"color: #ffbb4d;\">Grabartz &amp; Partner<\/span><\/h4>\n<p>Vor 20 Jahren begann Oliver, studierter Journalist und Kulturwissenschaftler, Geschichten f\u00fcr Marken zu erz\u00e4hlen. Zun\u00e4chst als Texter, sp\u00e4ter als CD und ECD mit Stationen bei Springer &amp; Jacoby, Kolle Rebbe, GGH MullenLowe, JMP Space und Grabarz &amp; Partner. Im Laufe der Jahre erweiterte er sein Spielfeld um immer neue digitale Medien. Oliver ist mit \u00fcber 40 nationalen und internationalen Kreativpreisen ausgezeichnet. Seit f\u00fcnf Jahre ist er Creative Technologist und verbindet Storytelling, Creative Coding und Hardware-Prototyping in Apps, Gaming, AI, Data, Computer Vision, XR und kreativen Produkten. Seit einem Jahr leitet Oliver den XR Innovation Track bei G&amp;P als Kooperationspartner von NextReality. Au\u00dferdem ist er der Gr\u00fcnder (und Coder) des Data-Awareness-Projekts prettypara.site[\/vc_column_text][\/vc_column][\/vc_row]<\/p>\n<\/section>","protected":false},"excerpt":{"rendered":"<p>[vc_row][vc_column width=&#8221;1\/2&#8243;][vc_column_text] Gabriel Rinaldi Editorial Journalist and Reporter S\u00fcddeutsche Zeitung Dossier Gabriel\u00a0has been an editorial journalist and reporter at S\u00fcddeutsche Zeitung Dossier since July 2023. He co-authors the \u201cPlatz der Republik\u201d briefing and reports on German politics. Previously, he was a reporter in the Berlin office of POLITICO and worked [&hellip;]<\/p>\n","protected":false},"author":4,"featured_media":0,"parent":3663,"menu_order":0,"comment_status":"closed","ping_status":"closed","template":"","meta":{"_acf_changed":false,"footnotes":""},"acf":[],"yoast_head":"<!-- This site is optimized with the Yoast SEO plugin v21.9.1 - https:\/\/yoast.com\/wordpress\/plugins\/seo\/ -->\n<title>Jury 2025 - nextReality.Contest<\/title>\n<meta name=\"robots\" content=\"index, follow, max-snippet:-1, max-image-preview:large, max-video-preview:-1\" \/>\n<link rel=\"canonical\" href=\"https:\/\/nextrealitycontest.de\/en\/jury\/jury-2025\/\" \/>\n<meta property=\"og:locale\" content=\"en_US\" \/>\n<meta property=\"og:type\" content=\"article\" \/>\n<meta property=\"og:title\" content=\"Jury 2025 - nextReality.Contest\" \/>\n<meta property=\"og:description\" content=\"[vc_row][vc_column width=&#8221;1\/2&#8243;][vc_column_text] Gabriel Rinaldi Editorial Journalist and Reporter S\u00fcddeutsche Zeitung Dossier Gabriel\u00a0has been an editorial journalist and reporter at S\u00fcddeutsche Zeitung Dossier since July 2023. He co-authors the \u201cPlatz der Republik\u201d briefing and reports on German politics. Previously, he was a reporter in the Berlin office of POLITICO and worked [&hellip;]\" \/>\n<meta property=\"og:url\" content=\"https:\/\/nextrealitycontest.de\/en\/jury\/jury-2025\/\" \/>\n<meta property=\"og:site_name\" content=\"nextReality.Contest\" \/>\n<meta property=\"article:modified_time\" content=\"2026-03-03T15:47:00+00:00\" \/>\n<meta name=\"twitter:card\" content=\"summary_large_image\" \/>\n<meta name=\"twitter:label1\" content=\"Est. reading time\" \/>\n\t<meta name=\"twitter:data1\" content=\"9 minutes\" \/>\n<script type=\"application\/ld+json\" class=\"yoast-schema-graph\">{\"@context\":\"https:\/\/schema.org\",\"@graph\":[{\"@type\":\"WebPage\",\"@id\":\"https:\/\/nextrealitycontest.de\/en\/jury\/jury-2025\/\",\"url\":\"https:\/\/nextrealitycontest.de\/en\/jury\/jury-2025\/\",\"name\":\"Jury 2025 - nextReality.Contest\",\"isPartOf\":{\"@id\":\"https:\/\/nextrealitycontest.de\/en\/#website\"},\"datePublished\":\"2025-03-10T15:43:09+00:00\",\"dateModified\":\"2026-03-03T15:47:00+00:00\",\"breadcrumb\":{\"@id\":\"https:\/\/nextrealitycontest.de\/en\/jury\/jury-2025\/#breadcrumb\"},\"inLanguage\":\"en-US\",\"potentialAction\":[{\"@type\":\"ReadAction\",\"target\":[\"https:\/\/nextrealitycontest.de\/en\/jury\/jury-2025\/\"]}]},{\"@type\":\"BreadcrumbList\",\"@id\":\"https:\/\/nextrealitycontest.de\/en\/jury\/jury-2025\/#breadcrumb\",\"itemListElement\":[{\"@type\":\"ListItem\",\"position\":1,\"name\":\"Startseite\",\"item\":\"https:\/\/nextrealitycontest.de\/en\/\"},{\"@type\":\"ListItem\",\"position\":2,\"name\":\"Jury\",\"item\":\"https:\/\/nextrealitycontest.de\/en\/jury\/\"},{\"@type\":\"ListItem\",\"position\":3,\"name\":\"Jury 2025\"}]},{\"@type\":\"WebSite\",\"@id\":\"https:\/\/nextrealitycontest.de\/en\/#website\",\"url\":\"https:\/\/nextrealitycontest.de\/en\/\",\"name\":\"nextReality.Contest\",\"description\":\"Der Preis f\u00fcr Immersive Medien in Deutschland\",\"potentialAction\":[{\"@type\":\"SearchAction\",\"target\":{\"@type\":\"EntryPoint\",\"urlTemplate\":\"https:\/\/nextrealitycontest.de\/en\/?s={search_term_string}\"},\"query-input\":\"required name=search_term_string\"}],\"inLanguage\":\"en-US\"}]}<\/script>\n<!-- \/ Yoast SEO plugin. -->","yoast_head_json":{"title":"Jury 2025 - nextReality.Contest","robots":{"index":"index","follow":"follow","max-snippet":"max-snippet:-1","max-image-preview":"max-image-preview:large","max-video-preview":"max-video-preview:-1"},"canonical":"https:\/\/nextrealitycontest.de\/en\/jury\/jury-2025\/","og_locale":"en_US","og_type":"article","og_title":"Jury 2025 - nextReality.Contest","og_description":"[vc_row][vc_column width=&#8221;1\/2&#8243;][vc_column_text] Gabriel Rinaldi Editorial Journalist and Reporter S\u00fcddeutsche Zeitung Dossier Gabriel\u00a0has been an editorial journalist and reporter at S\u00fcddeutsche Zeitung Dossier since July 2023. He co-authors the \u201cPlatz der Republik\u201d briefing and reports on German politics. Previously, he was a reporter in the Berlin office of POLITICO and worked [&hellip;]","og_url":"https:\/\/nextrealitycontest.de\/en\/jury\/jury-2025\/","og_site_name":"nextReality.Contest","article_modified_time":"2026-03-03T15:47:00+00:00","twitter_card":"summary_large_image","twitter_misc":{"Est. reading time":"9 minutes"},"schema":{"@context":"https:\/\/schema.org","@graph":[{"@type":"WebPage","@id":"https:\/\/nextrealitycontest.de\/en\/jury\/jury-2025\/","url":"https:\/\/nextrealitycontest.de\/en\/jury\/jury-2025\/","name":"Jury 2025 - nextReality.Contest","isPartOf":{"@id":"https:\/\/nextrealitycontest.de\/en\/#website"},"datePublished":"2025-03-10T15:43:09+00:00","dateModified":"2026-03-03T15:47:00+00:00","breadcrumb":{"@id":"https:\/\/nextrealitycontest.de\/en\/jury\/jury-2025\/#breadcrumb"},"inLanguage":"en-US","potentialAction":[{"@type":"ReadAction","target":["https:\/\/nextrealitycontest.de\/en\/jury\/jury-2025\/"]}]},{"@type":"BreadcrumbList","@id":"https:\/\/nextrealitycontest.de\/en\/jury\/jury-2025\/#breadcrumb","itemListElement":[{"@type":"ListItem","position":1,"name":"Startseite","item":"https:\/\/nextrealitycontest.de\/en\/"},{"@type":"ListItem","position":2,"name":"Jury","item":"https:\/\/nextrealitycontest.de\/en\/jury\/"},{"@type":"ListItem","position":3,"name":"Jury 2025"}]},{"@type":"WebSite","@id":"https:\/\/nextrealitycontest.de\/en\/#website","url":"https:\/\/nextrealitycontest.de\/en\/","name":"nextReality.Contest","description":"Der Preis f\u00fcr Immersive Medien in Deutschland","potentialAction":[{"@type":"SearchAction","target":{"@type":"EntryPoint","urlTemplate":"https:\/\/nextrealitycontest.de\/en\/?s={search_term_string}"},"query-input":"required name=search_term_string"}],"inLanguage":"en-US"}]}},"publishpress_future_action":{"enabled":false,"date":"2026-04-23 23:59:02","action":"draft","terms":[],"taxonomy":""},"_links":{"self":[{"href":"https:\/\/nextrealitycontest.de\/en\/wp-json\/wp\/v2\/pages\/5820"}],"collection":[{"href":"https:\/\/nextrealitycontest.de\/en\/wp-json\/wp\/v2\/pages"}],"about":[{"href":"https:\/\/nextrealitycontest.de\/en\/wp-json\/wp\/v2\/types\/page"}],"author":[{"embeddable":true,"href":"https:\/\/nextrealitycontest.de\/en\/wp-json\/wp\/v2\/users\/4"}],"replies":[{"embeddable":true,"href":"https:\/\/nextrealitycontest.de\/en\/wp-json\/wp\/v2\/comments?post=5820"}],"version-history":[{"count":19,"href":"https:\/\/nextrealitycontest.de\/en\/wp-json\/wp\/v2\/pages\/5820\/revisions"}],"predecessor-version":[{"id":6453,"href":"https:\/\/nextrealitycontest.de\/en\/wp-json\/wp\/v2\/pages\/5820\/revisions\/6453"}],"up":[{"embeddable":true,"href":"https:\/\/nextrealitycontest.de\/en\/wp-json\/wp\/v2\/pages\/3663"}],"wp:attachment":[{"href":"https:\/\/nextrealitycontest.de\/en\/wp-json\/wp\/v2\/media?parent=5820"}],"curies":[{"name":"wp","href":"https:\/\/api.w.org\/{rel}","templated":true}]}}