{"id":5361,"date":"2024-04-09T09:11:25","date_gmt":"2024-04-09T07:11:25","guid":{"rendered":"https:\/\/nextrealitycontest.de\/jury\/jury-2024\/"},"modified":"2024-04-25T13:22:20","modified_gmt":"2024-04-25T11:22:20","slug":"jury-2024","status":"publish","type":"page","link":"https:\/\/nextrealitycontest.de\/en\/jury\/jury-2024\/","title":{"rendered":"Jury 2024"},"content":{"rendered":"<section class=\"wpb-content-wrapper\"><p>[vc_row][vc_column width=&#8221;1\/2&#8243;][vc_column_text]<\/p>\n<h2>Elle Langer<\/h2>\n<h4>Medieninnovations- und XR-Kommunikationsmanagerin<br \/>\nSpeakerin, Design Thinking Coach und Buchautorin<br \/>\n<span style=\"color: #ffbb4d;\">pimento medienproduktions GmbH + pimento formate GmbH<\/span><\/h4>\n<p>Elle is an experienced media producer, co-founder and managing director of Pimento Medienproduktions GmbH in Berlin. Since 2000, she has realized numerous national and international media projects.<br \/>\nIn 2020, Elle founded the XR tech startup Pimento Formate GmbH, which launched the first media platform FUTURELEAF.space with innovative AR formats for young people, which have already won awards.<br \/>\nAs a former board member of XRBB, she made a significant contribution to the establishment of XR media in Germany.<br \/>\nElle was involved in developing the ARXperience tool, an AR technology for blockchain, NFT and green hosting that anyone can use to produce and monetize AR formats.[\/vc_column_text][\/vc_column][vc_column width=&#8221;1\/2&#8243;]\t\t<div class=\"qt-short-image aligncenter\">\n\t\t\t<img decoding=\"async\" src=\"https:\/\/nextrealitycontest.de\/wp-content\/uploads\/2024\/04\/Elle_Web-1-756x756.png\" alt=\"\"> \t\t<\/div>\n\t\t[\/vc_column][\/vc_row][vc_row][vc_column width=&#8221;1\/2&#8243;]\t\t<div class=\"qt-short-image aligncenter\">\n\t\t\t<img decoding=\"async\" src=\"https:\/\/nextrealitycontest.de\/wp-content\/uploads\/2024\/04\/Thomas-Web-756x756.png\" alt=\"\"> \t\t<\/div>\n\t\t[\/vc_column][vc_column width=&#8221;1\/2&#8243;][vc_column_text]<\/p>\n<h2><span style=\"font-weight: 400;\">Thomas Riedel<\/span><\/h2>\n<h4><span style=\"font-weight: 400;\">Journalist<\/span><\/h4>\n<p><span style=\"font-weight: 400;\">Thomas Riedel is a freelance tech-journalist, podcast producer, father and moderator in Cologne. His previous stations include <\/span><span style=\"font-weight: 400;\">deutsche-startups.de<\/span><span style=\"font-weight: 400;\">, Digitale Leute and Mediencluster NRW as Communication Officer and Event Manager for Gamescom and DMEXCO. He currently produces and hosts Germany&#8217;s largest Metaverse and XR podcast &#8220;Spatial Realities&#8221; and the largest XR Meetup in North Rhine-Westphalia. In the podcast \u201cFutureFuture\u201d, he discusses future narratives with experts from all fields. As a speaker on the topics of metaverse, startups and digitalization, Riedel appears repeatedly in podcasts, meetups, conferences and as a tech-expert on live-TV.<\/span>[\/vc_column_text][\/vc_column][\/vc_row][vc_row][vc_column width=&#8221;1\/2&#8243;][vc_column_text]<\/p>\n<h2>Anne-Sophie Panzer<\/h2>\n<h4>Co-Founder and Head of Content<br \/>\n<span style=\"color: #ffbb4d;\">ZAUBAR UG<\/span><\/h4>\n<p>Anne-Sophie holds an M.A. in political science and history. During her studies at the University of Potsdam, she worked as a video journalist for MDR, ZDF and RBB, among others. Her passion is to find new ways to tell exciting and entertaining stories digitally. She has also never been a stranger to entrepreneurship, coming from a family business that has run a floral farm in Thuringia for several generations. With her professional background in the media industry, she assists clients with content curation and coordinates key AR platform projects at ZAUBAR. In addition to managing ZAUBAR Creator, she wears many more hats in her role as Co-Founder in day-to-day operations; including sales, public fundraising and overall strategic direction.[\/vc_column_text][\/vc_column][vc_column width=&#8221;1\/2&#8243;]\t\t<div class=\"qt-short-image aligncenter\">\n\t\t\t<img decoding=\"async\" src=\"https:\/\/nextrealitycontest.de\/wp-content\/uploads\/2024\/04\/Anne_Web-756x756.png\" alt=\"\"> \t\t<\/div>\n\t\t[\/vc_column][\/vc_row][vc_row disable_element=&#8221;yes&#8221;][vc_column width=&#8221;1\/2&#8243;]\t\t<div class=\"qt-short-image aligncenter\">\n\t\t\t<img decoding=\"async\" src=\"https:\/\/nextrealitycontest.de\/wp-content\/uploads\/2023\/04\/Sandra-Web-756x756.png\" alt=\"\"> \t\t<\/div>\n\t\t[\/vc_column][vc_column width=&#8221;1\/2&#8243;][vc_column_text]<\/p>\n<h2><span class=\"il\">Sandra<\/span> Kiel<\/h2>\n<h4>Co-Founder und Managing Director<br \/>\n<span style=\"color: #ffbb4d;\">Event Punks GmbH<\/span><\/h4>\n<div dir=\"ltr\"><span class=\"il\">Sandra<\/span>\u00a0bezeichnet sich selbst als Innovations-Nerd, Punk:in und disruptive Umsetzerin, je nachdem, was sie gerade im Kopf hat. Sie ist Projekt- und Eventmanagerin mit Leib und Seele und gestaltet seit \u00fcber 15 Jahren in diversen (IT-)Projekten \u2013 branchen\u00fcbergreifend und fast immer mit starker Wirkung auf die Organisationen. Ihr Fokus liegt weniger auf der technischen Exzellenz bei der Implementierung einer neuen L\u00f6sung. Vielmehr widmet sie sich den Prozessen und den Menschen hinter den Prozessen.<\/div>\n<div dir=\"ltr\"><\/div>\n<div dir=\"ltr\">Als Expertin im Bereich 3D-L\u00f6sungen, Mixed Reality und VR-L\u00f6sungen f\u00fcr Corporate Learning und Branding fokussiert sie seit 2020 mit ihrem Unternehmen, der Event Punks GmbH speziell auf spielerische Lernkonzepte gepaart mit modernster Mixed Reality Technologie.<\/div>\n<div dir=\"ltr\"><\/div>\n<div dir=\"ltr\">Sie entwickelt und bef\u00e4higt Communities, denkt Digitalisierung aus der Perspektive von Menschen und diskutiert gerne intensiv diese Frage: Wie wollen wir in Zukunft leben und arbeiten und welchen Stellenwert hat Arbeit f\u00fcr uns, damit wir der Digitalisierung ihre geben k\u00f6nnen Bedeutung und ihre wahre Wirksamkeit.\u00a0Als Microsoft MVP f\u00fcr Mixed Reality gestaltet die aktiv die VR- und AR-Community und hat bereits mehrere Artikel und Vortr\u00e4ge zu diesem Thema ver\u00f6ffentlicht.<\/div>\n<p>[\/vc_column_text][\/vc_column][\/vc_row][vc_row disable_element=&#8221;yes&#8221;][vc_column width=&#8221;1\/2&#8243;][vc_column_text]<\/p>\n<h2><span class=\"il\">Ines<\/span> Hilz<\/h2>\n<h4>AR \/ VR Designer<br \/>\n<span style=\"color: #ffbb4d;\">Freelancerin\u00a0<\/span><\/h4>\n<p><span class=\"il\">Ines<\/span> ist XR-Designerin, die seit 2018 mit neuen Technologien wie AR und VR arbeitet und damit k\u00fcnstlerische, bildende und spielerische Anwendungen erstellt. Nach ihrem Studium in Multimedia | VR-Design 2020, mit Schwerpunkt Game Design und VR, hat sie XR-Anwendungen f\u00fcr die medizinische Fakult\u00e4t Halle-Wittenberg entwickelt. Diese unterst\u00fctzen Studierende bei ihrer Ausbildung und vermitteln Lerninhalte immersiv und interaktiv. Seitdem konzentriert sie sich vor allem auf Social AR, k\u00fcnstlerische VR-Installationen und Video Tutorials, um ihre Leidenschaft f\u00fcr XR zu teilen.[\/vc_column_text][\/vc_column][vc_column width=&#8221;1\/2&#8243;]\t\t<div class=\"qt-short-image aligncenter\">\n\t\t\t<img decoding=\"async\" src=\"https:\/\/nextrealitycontest.de\/wp-content\/uploads\/2023\/05\/Ines-Web-2-756x756.png\" alt=\"\"> \t\t<\/div>\n\t\t[\/vc_column][\/vc_row][vc_row disable_element=&#8221;yes&#8221;][vc_column width=&#8221;1\/2&#8243;]\t\t<div class=\"qt-short-image aligncenter\">\n\t\t\t<img decoding=\"async\" src=\"https:\/\/nextrealitycontest.de\/wp-content\/uploads\/2023\/06\/Robert-Web-756x756.png\" alt=\"\"> \t\t<\/div>\n\t\t[\/vc_column][vc_column width=&#8221;1\/2&#8243;][vc_column_text]<\/p>\n<h2>Robert Taylor<\/h2>\n<h4>Technology Strategist + Member of the Office of the CTO<br \/>\n<span style=\"color: #ffbb4d;\">Microsoft<\/span><\/h4>\n<p><span style=\"font-weight: 400;\">Rob Taylor ist Berater, Coach, Mentor und Redner, der Menschen und Organisationen dabei hilft, Ver\u00e4nderungen zu bewirken. Er ist Technologiestratege und Mitglied des Office of the CTO bei Microsoft, wo er die Strategie und Architektur zur F\u00f6rderung der Digitalisierung und Innovation f\u00fcr Unternehmenskunden entwickelt. Er verf\u00fcgt \u00fcber mehr als 10 Jahre Erfahrung im Bereich Technologievertrieb und -beratung und hat mit f\u00fchrenden Unternehmen wie Dell EMC und IBM zusammengearbeitet. Er hat einen Abschluss in Betriebswirtschaftslehre und englischer Philologie von der Freien Universit\u00e4t Berlin. Robert besch\u00e4ftigt sich leidenschaftlich mit k\u00fcnstlicher Intelligenz, Metaverse, Digitalisierung und den kulturellen Auswirkungen, die diese mit sich bringen.<\/span>[\/vc_column_text][\/vc_column][\/vc_row][vc_row disable_element=&#8221;yes&#8221;][vc_column width=&#8221;1\/2&#8243;][vc_column_text]<\/p>\n<h2>Christiane Wittenbecher<\/h2>\n<h4>Referentin Unternehmenskommunikation<br \/>\n<span style=\"color: #ffbb4d;\">Cornelsen Verlag GmbH<\/span><\/h4>\n<p>Die Journalistin, Videografin und Immersive Storytellerin Christiane Wittenbecher hat in Berlin eine Videoproduktionsfirma aufgebaut und geleitet. Dort leistete sie mit ihrem Team Pionierarbeit im Bereich 360\u00b0-Video-Storytelling, produzierte f\u00fcr Medienh\u00e4user wie ARD, Welt, Blick und die Funke Zentralredaktion, f\u00fcr NGOs und die Social-Media-Accounts des Bundespr\u00e4sidenten. Zuvor arbeitete sie in verschiedenen Verlagsh\u00e4usern (Zeit Online, Spiegel Online, funk) als Videojournalistin und war sie Chefin vom Dienst der Webvideo Unit bei Welt. Davor war sie mehrere Jahre bei in den Fernseh-, Radio- und Social-Media-Redaktionen des Mitteldeutschen Rundfunks t\u00e4tig. Sie erhielt den Deutschen Reporterpreis f\u00fcr ein 360\u00b0-Erlebnis und den Deutschen Fernsehpreis mit einem Team um Stefan Aust bei Welt\/N24. Aktuell ist sie in der Unternehmenskommunikation des Bildungsmedienverlags Cornelsen f\u00fcr Video und die Digitalen Kan\u00e4le zust\u00e4ndig. Parallel gibt sie Workshops f\u00fcr Medientraining, Mobile Reporting und Social Video f\u00fcr Unternehmen, Hochschulen und Journalistenschulen.[\/vc_column_text][\/vc_column][vc_column width=&#8221;1\/2&#8243;]\t\t<div class=\"qt-short-image aligncenter\">\n\t\t\t<img decoding=\"async\" src=\"https:\/\/nextrealitycontest.de\/wp-content\/uploads\/2023\/06\/Christiane-Wittenbecher-Web-756x756.png\" alt=\"\"> \t\t<\/div>\n\t\t[\/vc_column][\/vc_row][vc_row disable_element=&#8221;yes&#8221;][vc_column width=&#8221;1\/2&#8243;]\t\t<div class=\"qt-short-image aligncenter\">\n\t\t\t<img decoding=\"async\" src=\"https:\/\/nextrealitycontest.de\/wp-content\/uploads\/2023\/03\/Dajana-Web-1-756x756.png\" alt=\"\"> \t\t<\/div>\n\t\t[\/vc_column][vc_column width=&#8221;1\/2&#8243;][vc_column_text]<\/p>\n<h2>DAJANA EDER<\/h2>\n<h4>WEB3 FOUNDER, CONSULTANT &amp; SPEAKER<\/h4>\n<p>Dajana begann ihre Karriere als Freiberuflerin f\u00fcr Community- und Markenaufbau mit Schwerpunkt Web2. In den letzten 12 Jahren hat sie als Beraterin f\u00fcr internationale Marken und Unternehmen gearbeitet und integrative Kommunikationsstrategien entwickelt. Als Journalistin schrieb sie Artikel \u00fcber Automobil- und Lifestyle-Themen f\u00fcr ihren Blog und f\u00fcr verschiedene Magazine. 2019 konzentrierte sie sich auf Personal Branding f\u00fcr Frauen und diskriminierte Gruppen, gr\u00fcndete feminis[t]hinking als Coach und schrieb das Buch &#8220;broken mirror &#8211; a selfportrait&#8221;. Als sie 2021 in den Web3-Kaninchenbau sprang, bemerkte sie einen Mangel an Vielfalt. Als Gr\u00fcnderin von wom3n.DAO &#8211; einem web3-Netzwerk f\u00fcr Gr\u00fcnder:innen und Investor:innen und ihrer Arbeit f\u00fcr Vielfalt und Inklusion wurde sie mit dem DIGITAL FEMALE LEADERS AWARD in IT-Tech 2022 von Tijen Onaran und Global Digital Women und den 25 Zukunftsmacherinnen von Business Insider Deutschland ausgezeichnet.[\/vc_column_text][\/vc_column][\/vc_row][vc_row disable_element=&#8221;yes&#8221;][vc_column width=&#8221;1\/2&#8243;][vc_column_text]<\/p>\n<h2>Christoph Spinger<\/h2>\n<h4>Developer Immersive Products<br \/>\nAR\/VR Software Engineer<br \/>\n<span style=\"color: #ffbb4d;\">Axel Springer\u00a0<\/span><\/h4>\n<p>Christoph ist seit 2012 in der XR-Szene in unterschiedlichen Rollen aktiv und war Mitbegr\u00fcnder der VR-Nerds in Hamburg. Seit 2022 ist Christoph bei Axel Springer in Berlin als Developer f\u00fcr XR-Systeme t\u00e4tig und erforscht die Zukunft von immersiven Medien.[\/vc_column_text][\/vc_column][vc_column width=&#8221;1\/2&#8243;]\t\t<div class=\"qt-short-image aligncenter\">\n\t\t\t<img decoding=\"async\" src=\"https:\/\/nextrealitycontest.de\/wp-content\/uploads\/2023\/03\/Chris_Web-756x756.png\" alt=\"\"> \t\t<\/div>\n\t\t[\/vc_column][\/vc_row][vc_row disable_element=&#8221;yes&#8221;][vc_column width=&#8221;1\/2&#8243;]\t\t<div class=\"qt-short-image aligncenter\">\n\t\t\t<img decoding=\"async\" src=\"https:\/\/nextrealitycontest.de\/wp-content\/uploads\/2023\/06\/Oliver-Web-756x756.png\" alt=\"\"> \t\t<\/div>\n\t\t[\/vc_column][vc_column width=&#8221;1\/2&#8243;][vc_column_text]<\/p>\n<h2>Oliver Heidorn<\/h2>\n<h4>Director Creative Technology<br \/>\n<span style=\"color: #ffbb4d;\">Grabartz &amp; Partner<\/span><\/h4>\n<p>Vor 20 Jahren begann Oliver, studierter Journalist und Kulturwissenschaftler, Geschichten f\u00fcr Marken zu erz\u00e4hlen. Zun\u00e4chst als Texter, sp\u00e4ter als CD und ECD mit Stationen bei Springer &amp; Jacoby, Kolle Rebbe, GGH MullenLowe, JMP Space und Grabarz &amp; Partner. Im Laufe der Jahre erweiterte er sein Spielfeld um immer neue digitale Medien. Oliver ist mit \u00fcber 40 nationalen und internationalen Kreativpreisen ausgezeichnet. Seit f\u00fcnf Jahre ist er Creative Technologist und verbindet Storytelling, Creative Coding und Hardware-Prototyping in Apps, Gaming, AI, Data, Computer Vision, XR und kreativen Produkten. Seit einem Jahr leitet Oliver den XR Innovation Track bei G&amp;P als Kooperationspartner von NextReality. Au\u00dferdem ist er der Gr\u00fcnder (und Coder) des Data-Awareness-Projekts prettypara.site[\/vc_column_text][\/vc_column][\/vc_row]<\/p>\n<\/section>","protected":false},"excerpt":{"rendered":"<p>[vc_row][vc_column width=&#8221;1\/2&#8243;][vc_column_text] Elle Langer Medieninnovations- und XR-Kommunikationsmanagerin Speakerin, Design Thinking Coach und Buchautorin pimento medienproduktions GmbH + pimento formate GmbH Elle is an experienced media producer, co-founder and managing director of Pimento Medienproduktions GmbH in Berlin. Since 2000, she has realized numerous national and international media projects. In 2020, Elle [&hellip;]<\/p>\n","protected":false},"author":4,"featured_media":0,"parent":3663,"menu_order":0,"comment_status":"closed","ping_status":"closed","template":"","meta":{"_acf_changed":false,"footnotes":""},"acf":[],"yoast_head":"<!-- This site is optimized with the Yoast SEO plugin v21.9.1 - https:\/\/yoast.com\/wordpress\/plugins\/seo\/ -->\n<title>Jury 2024 - nextReality.Contest<\/title>\n<meta name=\"robots\" content=\"index, follow, max-snippet:-1, max-image-preview:large, max-video-preview:-1\" \/>\n<link rel=\"canonical\" href=\"https:\/\/nextrealitycontest.de\/en\/jury\/jury-2024\/\" \/>\n<meta property=\"og:locale\" content=\"en_US\" \/>\n<meta property=\"og:type\" content=\"article\" \/>\n<meta property=\"og:title\" content=\"Jury 2024 - nextReality.Contest\" \/>\n<meta property=\"og:description\" content=\"[vc_row][vc_column width=&#8221;1\/2&#8243;][vc_column_text] Elle Langer Medieninnovations- und XR-Kommunikationsmanagerin Speakerin, Design Thinking Coach und Buchautorin pimento medienproduktions GmbH + pimento formate GmbH Elle is an experienced media producer, co-founder and managing director of Pimento Medienproduktions GmbH in Berlin. Since 2000, she has realized numerous national and international media projects. In 2020, Elle [&hellip;]\" \/>\n<meta property=\"og:url\" content=\"https:\/\/nextrealitycontest.de\/en\/jury\/jury-2024\/\" \/>\n<meta property=\"og:site_name\" content=\"nextReality.Contest\" \/>\n<meta property=\"article:modified_time\" content=\"2024-04-25T11:22:20+00:00\" \/>\n<meta name=\"twitter:card\" content=\"summary_large_image\" \/>\n<meta name=\"twitter:label1\" content=\"Est. reading time\" \/>\n\t<meta name=\"twitter:data1\" content=\"7 minutes\" \/>\n<script type=\"application\/ld+json\" class=\"yoast-schema-graph\">{\"@context\":\"https:\/\/schema.org\",\"@graph\":[{\"@type\":\"WebPage\",\"@id\":\"https:\/\/nextrealitycontest.de\/en\/jury\/jury-2024\/\",\"url\":\"https:\/\/nextrealitycontest.de\/en\/jury\/jury-2024\/\",\"name\":\"Jury 2024 - nextReality.Contest\",\"isPartOf\":{\"@id\":\"https:\/\/nextrealitycontest.de\/en\/#website\"},\"datePublished\":\"2024-04-09T07:11:25+00:00\",\"dateModified\":\"2024-04-25T11:22:20+00:00\",\"breadcrumb\":{\"@id\":\"https:\/\/nextrealitycontest.de\/en\/jury\/jury-2024\/#breadcrumb\"},\"inLanguage\":\"en-US\",\"potentialAction\":[{\"@type\":\"ReadAction\",\"target\":[\"https:\/\/nextrealitycontest.de\/en\/jury\/jury-2024\/\"]}]},{\"@type\":\"BreadcrumbList\",\"@id\":\"https:\/\/nextrealitycontest.de\/en\/jury\/jury-2024\/#breadcrumb\",\"itemListElement\":[{\"@type\":\"ListItem\",\"position\":1,\"name\":\"Startseite\",\"item\":\"https:\/\/nextrealitycontest.de\/en\/\"},{\"@type\":\"ListItem\",\"position\":2,\"name\":\"Jury\",\"item\":\"https:\/\/nextrealitycontest.de\/en\/jury\/\"},{\"@type\":\"ListItem\",\"position\":3,\"name\":\"Jury 2024\"}]},{\"@type\":\"WebSite\",\"@id\":\"https:\/\/nextrealitycontest.de\/en\/#website\",\"url\":\"https:\/\/nextrealitycontest.de\/en\/\",\"name\":\"nextReality.Contest\",\"description\":\"Der Preis f\u00fcr Immersive Medien in Deutschland\",\"potentialAction\":[{\"@type\":\"SearchAction\",\"target\":{\"@type\":\"EntryPoint\",\"urlTemplate\":\"https:\/\/nextrealitycontest.de\/en\/?s={search_term_string}\"},\"query-input\":\"required name=search_term_string\"}],\"inLanguage\":\"en-US\"}]}<\/script>\n<!-- \/ Yoast SEO plugin. -->","yoast_head_json":{"title":"Jury 2024 - nextReality.Contest","robots":{"index":"index","follow":"follow","max-snippet":"max-snippet:-1","max-image-preview":"max-image-preview:large","max-video-preview":"max-video-preview:-1"},"canonical":"https:\/\/nextrealitycontest.de\/en\/jury\/jury-2024\/","og_locale":"en_US","og_type":"article","og_title":"Jury 2024 - nextReality.Contest","og_description":"[vc_row][vc_column width=&#8221;1\/2&#8243;][vc_column_text] Elle Langer Medieninnovations- und XR-Kommunikationsmanagerin Speakerin, Design Thinking Coach und Buchautorin pimento medienproduktions GmbH + pimento formate GmbH Elle is an experienced media producer, co-founder and managing director of Pimento Medienproduktions GmbH in Berlin. Since 2000, she has realized numerous national and international media projects. In 2020, Elle [&hellip;]","og_url":"https:\/\/nextrealitycontest.de\/en\/jury\/jury-2024\/","og_site_name":"nextReality.Contest","article_modified_time":"2024-04-25T11:22:20+00:00","twitter_card":"summary_large_image","twitter_misc":{"Est. reading time":"7 minutes"},"schema":{"@context":"https:\/\/schema.org","@graph":[{"@type":"WebPage","@id":"https:\/\/nextrealitycontest.de\/en\/jury\/jury-2024\/","url":"https:\/\/nextrealitycontest.de\/en\/jury\/jury-2024\/","name":"Jury 2024 - nextReality.Contest","isPartOf":{"@id":"https:\/\/nextrealitycontest.de\/en\/#website"},"datePublished":"2024-04-09T07:11:25+00:00","dateModified":"2024-04-25T11:22:20+00:00","breadcrumb":{"@id":"https:\/\/nextrealitycontest.de\/en\/jury\/jury-2024\/#breadcrumb"},"inLanguage":"en-US","potentialAction":[{"@type":"ReadAction","target":["https:\/\/nextrealitycontest.de\/en\/jury\/jury-2024\/"]}]},{"@type":"BreadcrumbList","@id":"https:\/\/nextrealitycontest.de\/en\/jury\/jury-2024\/#breadcrumb","itemListElement":[{"@type":"ListItem","position":1,"name":"Startseite","item":"https:\/\/nextrealitycontest.de\/en\/"},{"@type":"ListItem","position":2,"name":"Jury","item":"https:\/\/nextrealitycontest.de\/en\/jury\/"},{"@type":"ListItem","position":3,"name":"Jury 2024"}]},{"@type":"WebSite","@id":"https:\/\/nextrealitycontest.de\/en\/#website","url":"https:\/\/nextrealitycontest.de\/en\/","name":"nextReality.Contest","description":"Der Preis f\u00fcr Immersive Medien in Deutschland","potentialAction":[{"@type":"SearchAction","target":{"@type":"EntryPoint","urlTemplate":"https:\/\/nextrealitycontest.de\/en\/?s={search_term_string}"},"query-input":"required name=search_term_string"}],"inLanguage":"en-US"}]}},"publishpress_future_action":{"enabled":false,"date":"2026-05-01 12:41:41","action":"draft","terms":[],"taxonomy":""},"_links":{"self":[{"href":"https:\/\/nextrealitycontest.de\/en\/wp-json\/wp\/v2\/pages\/5361"}],"collection":[{"href":"https:\/\/nextrealitycontest.de\/en\/wp-json\/wp\/v2\/pages"}],"about":[{"href":"https:\/\/nextrealitycontest.de\/en\/wp-json\/wp\/v2\/types\/page"}],"author":[{"embeddable":true,"href":"https:\/\/nextrealitycontest.de\/en\/wp-json\/wp\/v2\/users\/4"}],"replies":[{"embeddable":true,"href":"https:\/\/nextrealitycontest.de\/en\/wp-json\/wp\/v2\/comments?post=5361"}],"version-history":[{"count":13,"href":"https:\/\/nextrealitycontest.de\/en\/wp-json\/wp\/v2\/pages\/5361\/revisions"}],"predecessor-version":[{"id":5389,"href":"https:\/\/nextrealitycontest.de\/en\/wp-json\/wp\/v2\/pages\/5361\/revisions\/5389"}],"up":[{"embeddable":true,"href":"https:\/\/nextrealitycontest.de\/en\/wp-json\/wp\/v2\/pages\/3663"}],"wp:attachment":[{"href":"https:\/\/nextrealitycontest.de\/en\/wp-json\/wp\/v2\/media?parent=5361"}],"curies":[{"name":"wp","href":"https:\/\/api.w.org\/{rel}","templated":true}]}}