{"id":3601,"date":"2019-11-07T16:05:34","date_gmt":"2019-11-07T14:05:34","guid":{"rendered":"https:\/\/nextrealitycontest.de\/winner-2019\/"},"modified":"2022-04-30T19:17:43","modified_gmt":"2022-04-30T17:17:43","slug":"winner-2019","status":"publish","type":"page","link":"https:\/\/nextrealitycontest.de\/en\/winner\/winner-2019\/","title":{"rendered":"Winner 2019"},"content":{"rendered":"<section class=\"wpb-content-wrapper\"><p>[vc_row][vc_column]\t\t<h2 id=\"qttabsdbb-interactive-business\" class=\"qt-center qt-qttabsdbb-interactive-business qt-textfx-wrap qt-fontsize-h1\">\n\t\t\t\t\t\t\t\t\n\t\t\t\t\t<span class=\"qt-txtfx qt-txtfx--newyork\">Interactive Business<span data-letters=\"Interactive Business\"><\/span><span data-letters=\"Interactive Business\"><\/span><\/span>\n\t\t\t\t\t\t\t<\/h2>\n\t\t\t\t<div data-kentha-customstyles=\"\/* Shortcode dynamically generated CSS *\/\n\t\t\t\t\t.qt-qttabsdbb-interactive-business .qt-txtfx--newyork { color: #ffffff}\n\t\t\t\t\t.qt-qttabsdbb-interactive-business .qt-txtfx--newyork span::before { color: #ffffff}\n\t\t\t\t\t.qt-qttabsdbb-interactive-business .qt-txtfx--newyork::before { background: #faaf2d}\"><\/div>\n\t\t[vc_row_inner][vc_column_inner width=&#8221;1\/2&#8243;]\t\t<div class=\"qt-short-image aligncenter\">\n\t\t\t<img decoding=\"async\" src=\"https:\/\/nextrealitycontest.de\/wp-content\/uploads\/2019\/10\/Jack-Hammer-Jam.png\" alt=\"\"> \t\t<\/div>\n\t\t[vc_empty_space height=&#8221;60px&#8221;][vc_column_text]<\/p>\n<h4>Also nominated<\/h4>\n<p><strong>Swing VR<\/strong><br \/>\nA.Muse, Halle<\/p>\n<p><strong>Vaillant AR<\/strong><br \/>\nElastique, K\u00f6ln[\/vc_column_text][\/vc_column_inner][vc_column_inner width=&#8221;1\/2&#8243;][vc_column_text]<\/p>\n<h2>JackHammer Jam<\/h2>\n<h4>VR Nerds, Hamburg<\/h4>\n<p>We developed a game for Strabag in which the player gets his hands on a jackhammer and uses it to work the surface of the moon. A second person uses a tablet to help locate gold, which must then be uncovered. What is special about JackHammer Jam is that the player is equipped with a replica jackhammer in VR, which is also tracked in space to create an immersion that can otherwise hardly be achieved in VR games.[\/vc_column_text][\/vc_column_inner][\/vc_row_inner][\/vc_column][\/vc_row][vc_row][vc_column][vc_empty_space height=&#8221;60x&#8221;]\t\t<h2 id=\"qttabsdbbece-interactive-entertainment\" class=\"qt-center qt-qttabsdbbece-interactive-entertainment qt-textfx-wrap qt-fontsize-h1\">\n\t\t\t\t\t\t\t\t\n\t\t\t\t\t<span class=\"qt-txtfx qt-txtfx--newyork\">Interactive Entertainment<span data-letters=\"Interactive Entertainment\"><\/span><span data-letters=\"Interactive Entertainment\"><\/span><\/span>\n\t\t\t\t\t\t\t<\/h2>\n\t\t\t\t<div data-kentha-customstyles=\"\/* Shortcode dynamically generated CSS *\/\n\t\t\t\t\t.qt-qttabsdbbece-interactive-entertainment .qt-txtfx--newyork { color: #ffffff}\n\t\t\t\t\t.qt-qttabsdbbece-interactive-entertainment .qt-txtfx--newyork span::before { color: #ffffff}\n\t\t\t\t\t.qt-qttabsdbbece-interactive-entertainment .qt-txtfx--newyork::before { background: #faaf2d}\"><\/div>\n\t\t[vc_row_inner][vc_column_inner width=&#8221;1\/2&#8243;][vc_column_text]<\/p>\n<h2>Dornbracht VR<\/h2>\n<h4>Elastique &amp; Meir\u00e9 und Meir\u00e9, K\u00f6ln<\/h4>\n<p>&#8220;With the &#8220;Hyper Fountain&#8221; the Dornbracht Research Lab seeks open-ended dialogue. It does not present ready-made solutions but involves the viewer in the process of innovation development. Using virtual reality, it shows future scenarios and raises questions: What does technology enable us to do? What potential does it have for experiencing water? What effect does this have on us \u2013 and is this desirable?<br \/>\nWe asked ourselves: what happens to your perception if you feel yourself washing your hands with water, but seeing something completely different? Could the virtual experience bring about the same reaction as physically experiencing something? Could learned patterns of experience be changed and and could users re-condition their perception?[\/vc_column_text][\/vc_column_inner][vc_column_inner width=&#8221;1\/2&#8243;]\t\t<div class=\"qt-short-image aligncenter\">\n\t\t\t<img decoding=\"async\" src=\"https:\/\/nextrealitycontest.de\/wp-content\/uploads\/2019\/10\/Dornbracht.png\" alt=\"\"> \t\t<\/div>\n\t\t[vc_empty_space height=&#8221;60px&#8221;][vc_column_text]<\/p>\n<h4>Also nominated<\/h4>\n<p><strong>Eden Tomorrow<\/strong><br \/>\nSoulPix, Hannover<\/p>\n<p><strong>The Gate<\/strong><br \/>\nSpice VR, Hamburg[\/vc_column_text][\/vc_column_inner][\/vc_row_inner][\/vc_column][\/vc_row][vc_row][vc_column][vc_empty_space height=&#8221;60px&#8221;]\t\t<h2 id=\"qttabsdbb--grad-movie\" class=\"qt-center qt-qttabsdbb--grad-movie qt-textfx-wrap qt-fontsize-h1\">\n\t\t\t\t\t\t\t\t\n\t\t\t\t\t<span class=\"qt-txtfx qt-txtfx--newyork\">360 Grad Movie<span data-letters=\"360 Grad Movie\"><\/span><span data-letters=\"360 Grad Movie\"><\/span><\/span>\n\t\t\t\t\t\t\t<\/h2>\n\t\t\t\t<div data-kentha-customstyles=\"\/* Shortcode dynamically generated CSS *\/\n\t\t\t\t\t.qt-qttabsdbb--grad-movie .qt-txtfx--newyork { color: #ffffff}\n\t\t\t\t\t.qt-qttabsdbb--grad-movie .qt-txtfx--newyork span::before { color: #ffffff}\n\t\t\t\t\t.qt-qttabsdbb--grad-movie .qt-txtfx--newyork::before { background: #faaf2d}\"><\/div>\n\t\t[vc_row_inner][vc_column_inner width=&#8221;1\/2&#8243;]\t\t<div class=\"qt-short-image aligncenter\">\n\t\t\t<img decoding=\"async\" src=\"https:\/\/nextrealitycontest.de\/wp-content\/uploads\/2019\/10\/Paris-Terror.png\" alt=\"\"> \t\t<\/div>\n\t\t[vc_empty_space height=&#8221;60px&#8221;][vc_column_text]<\/p>\n<h4>Also nominated<\/h4>\n<p><strong>2nd Step<\/strong><br \/>\nFaber Courtial, Darmstadt<\/p>\n<p><strong>Alte und seltene Handwerke in VR<\/strong><br \/>\nWhitestag, Berlin[\/vc_column_text][\/vc_column_inner][vc_column_inner width=&#8221;1\/2&#8243;][vc_column_text]<\/p>\n<h2>Paris Terror<\/h2>\n<h4>Ricarda Saleh, Berlin<\/h4>\n<p>On January 7, 2015, two terrorists attacked &#8220;Charlie Hebdo&#8221; magazine. A third terrorist attacks the kosher supermarket &#8220;Hyper Cacher&#8221; shortly afterwards, killing four Jews and taking numerous hostages. A few manage to hide in a basement freezer with a baby. In this VR documentary, the memories of three hostages are rehashed. With special sensitivity, the hours of horror are conveyed with the help of drawn animations. This creates a level of abstraction that allows the viewer to engage with the story of the three survivors, Carole, Jean-Luc and Alain.<br \/>\nFor this 360\u00b0 documentary, the three survivors gave an in-depth interview for the first time. It was very difficult to convince protagonists to participate in this documentary because of the horror and fear in the Jewish community in Paris. Anti-Semitism is an issue that affects us all![\/vc_column_text][\/vc_column_inner][\/vc_row_inner][\/vc_column][\/vc_row][vc_row][vc_column][vc_empty_space height=&#8221;60x&#8221;]\t\t<h2 id=\"qttabsdbbb-young-talent\" class=\"qt-center qt-qttabsdbbb-young-talent qt-textfx-wrap qt-fontsize-h1\">\n\t\t\t\t\t\t\t\t\n\t\t\t\t\t<span class=\"qt-txtfx qt-txtfx--newyork\">Young Talent<span data-letters=\"Young Talent\"><\/span><span data-letters=\"Young Talent\"><\/span><\/span>\n\t\t\t\t\t\t\t<\/h2>\n\t\t\t\t<div data-kentha-customstyles=\"\/* Shortcode dynamically generated CSS *\/\n\t\t\t\t\t.qt-qttabsdbbb-young-talent .qt-txtfx--newyork { color: #ffffff}\n\t\t\t\t\t.qt-qttabsdbbb-young-talent .qt-txtfx--newyork span::before { color: #ffffff}\n\t\t\t\t\t.qt-qttabsdbbb-young-talent .qt-txtfx--newyork::before { background: #faaf2d}\"><\/div>\n\t\t[vc_row_inner][vc_column_inner width=&#8221;1\/2&#8243;][vc_column_text]<\/p>\n<h2>Digitale Speicherstadt VR<\/h2>\n<h4>Nikolai Reinke, Hamburg<\/h4>\n<p>The Digital Speicherstadt Virtual Reality shows Hamburg&#8217;s historic Speicherstadt in an interactive way. Users not only see the city as observers, but become part of the action themselves.<br \/>\nIn the different stations, they can load coffee, shovel coal and maintain power generators. Hamburg&#8217;s Speicherstadt and its technical innovations from 1890 were reconstructed in detail for the project by students at HAW Hamburg.<br \/>\nSince the application is intended to be used for exhibition purposes, special attention was paid to intuitive usability. Spatial interfaces and diegetic elements serve as a guideline for users to orient themselves in the digital world. A compact tutorial provides a playful introduction to the operation of the application.[\/vc_column_text][\/vc_column_inner][vc_column_inner width=&#8221;1\/2&#8243;]\t\t<div class=\"qt-short-image aligncenter\">\n\t\t\t<img decoding=\"async\" src=\"https:\/\/nextrealitycontest.de\/wp-content\/uploads\/2019\/10\/Speicherstadt-VR.png\" alt=\"\"> \t\t<\/div>\n\t\t[vc_empty_space height=&#8221;60px&#8221;][vc_column_text]<\/p>\n<h4>Also nominated<\/h4>\n<p><strong>L\u00f6wenherz<\/strong><br \/>\nRicarda Saleh, Berlin<\/p>\n<p><strong>Relicta VR<\/strong><br \/>\nTobias Marquardt, Luise Kneitschel, Philipp J\u00e4ger, Noemi M\u00f6hr, Berlin[\/vc_column_text][\/vc_column_inner][\/vc_row_inner][\/vc_column][\/vc_row][vc_row][vc_column][vc_empty_space height=&#8221;60px&#8221;]\t\t<h2 id=\"qttabsdbbab-best-innovation\" class=\"qt-center qt-qttabsdbbab-best-innovation qt-textfx-wrap qt-fontsize-h1\">\n\t\t\t\t\t\t\t\t\n\t\t\t\t\t<span class=\"qt-txtfx qt-txtfx--newyork\">Best Innovation<span data-letters=\"Best Innovation\"><\/span><span data-letters=\"Best Innovation\"><\/span><\/span>\n\t\t\t\t\t\t\t<\/h2>\n\t\t\t\t<div data-kentha-customstyles=\"\/* Shortcode dynamically generated CSS *\/\n\t\t\t\t\t.qt-qttabsdbbab-best-innovation .qt-txtfx--newyork { color: #ffffff}\n\t\t\t\t\t.qt-qttabsdbbab-best-innovation .qt-txtfx--newyork span::before { color: #ffffff}\n\t\t\t\t\t.qt-qttabsdbbab-best-innovation .qt-txtfx--newyork::before { background: #faaf2d}\"><\/div>\n\t\t[vc_row_inner][vc_column_inner width=&#8221;1\/2&#8243;]\t\t<div class=\"qt-short-image aligncenter\">\n\t\t\t<img decoding=\"async\" src=\"https:\/\/nextrealitycontest.de\/wp-content\/uploads\/2019\/10\/Spacewalk.png\" alt=\"\"> \t\t<\/div>\n\t\t[vc_empty_space height=&#8221;60px&#8221;][vc_column_text]<\/p>\n<h4>Also nominated<\/h4>\n<p><strong>Discovery Dock<\/strong><br \/>\nDemodern, Hamburg<\/p>\n<p><strong>Spherie 2.0 Drohne<\/strong><br \/>\nSpherie 2.0, Hamburg[\/vc_column_text][\/vc_column_inner][vc_column_inner width=&#8221;1\/2&#8243;][vc_column_text]<\/p>\n<h2>A Space Walk<\/h2>\n<h4>Space Walk, Hamburg<\/h4>\n<p>We are a startup founded in 2019 and developing a technology that enables natural walking in VR: Redirected Walking (RDW). RDW creates the illusion of exploring infinite worlds within a limited tracking range. This is achieved by diverging real and virtual motion. The technology is based on more than 4 years of research at the University of Hamburg, Germany, conducted by one of our co-founders as part of his PhD thesis. Unlike others (ICT, Uni Tokyo) we have developed RDW solutions that work for roomscale (up to 4&#215;4 m) without interrupting the game flow. In doing so, we integrate the techniques directly with the virtual environment and gameplay.<br \/>\nCurrently, we are presenting a tech demo in the form of an approximately 6-minute game-like VR experience where users explore a 45m\u00b2 space station on 4x4m.[\/vc_column_text][\/vc_column_inner][\/vc_row_inner][\/vc_column][\/vc_row][vc_row][vc_column][vc_empty_space height=&#8221;60x&#8221;]\t\t<h2 id=\"qttabsdbbce-community-award\" class=\"qt-center qt-qttabsdbbce-community-award qt-textfx-wrap qt-fontsize-h1\">\n\t\t\t\t\t\t\t\t\n\t\t\t\t\t<span class=\"qt-txtfx qt-txtfx--newyork\">Community Award<span data-letters=\"Community Award\"><\/span><span data-letters=\"Community Award\"><\/span><\/span>\n\t\t\t\t\t\t\t<\/h2>\n\t\t\t\t<div data-kentha-customstyles=\"\/* Shortcode dynamically generated CSS *\/\n\t\t\t\t\t.qt-qttabsdbbce-community-award .qt-txtfx--newyork { color: #ffffff}\n\t\t\t\t\t.qt-qttabsdbbce-community-award .qt-txtfx--newyork span::before { color: #ffffff}\n\t\t\t\t\t.qt-qttabsdbbce-community-award .qt-txtfx--newyork::before { background: #faaf2d}\"><\/div>\n\t\t[vc_row_inner][vc_column_inner width=&#8221;1\/2&#8243;][vc_column_text]<\/p>\n<h2>Concert VR<\/h2>\n<h4>Exozet Lab, Hamburg<\/h4>\n<p>Revolution in the music business: Experience concerts anywhere and anytime with concertVR!<br \/>\nThe concert of your favorite band is sold out? At the wrong place at the wrong time? Live concerts are a growth market in the entertainment industry, but supply and demand are often far apart when it comes to available tickets and locations. No problem! concertVR makes this market more flexible and brings live events to users&#8217; homes.<br \/>\nconcertVR offers flexibility: concerts can be viewed as a livestream or on demand. In 360\u00b0 mode on the smartphone, you are right in the middle of it. Thanks to Cardboard, there is a breathtaking VR experience with a real live atmosphere.<br \/>\nWith concertVR, users can change perspectives and choose the best seats: in the front row, in the middle of the crowd or even directly on stage!<br \/>\nWith its own cryptocurrency CVT: concertVR is the first cross-platform blockchain marketplace for high-quality VR content from the music and entertainment sector.[\/vc_column_text][\/vc_column_inner][vc_column_inner width=&#8221;1\/2&#8243;]\t\t<div class=\"qt-short-image aligncenter\">\n\t\t\t<img decoding=\"async\" src=\"https:\/\/nextrealitycontest.de\/wp-content\/uploads\/2019\/10\/Speicherstadt-VR.png\" alt=\"\"> \t\t<\/div>\n\t\t[vc_empty_space height=&#8221;60px&#8221;][vc_column_text]<\/p>\n<h4>Also nominated<\/h4>\n<p><strong>A Space Walk<\/strong><br \/>\nSpace Walk, Hamburg<\/p>\n<p><strong>Die MRTV Experience<\/strong><br \/>\nSebastian Ang, Dortmund[\/vc_column_text][\/vc_column_inner][\/vc_row_inner][\/vc_column][\/vc_row]<\/p>\n<\/section>","protected":false},"excerpt":{"rendered":"<p>[vc_row][vc_column][vc_row_inner][vc_column_inner width=&#8221;1\/2&#8243;][vc_empty_space height=&#8221;60px&#8221;][vc_column_text] Also nominated Swing VR A.Muse, Halle Vaillant AR Elastique, K\u00f6ln[\/vc_column_text][\/vc_column_inner][vc_column_inner width=&#8221;1\/2&#8243;][vc_column_text] JackHammer Jam VR Nerds, Hamburg We developed a game for Strabag in which the player gets his hands on a jackhammer and uses it to work the surface of the moon. A second person uses a [&hellip;]<\/p>\n","protected":false},"author":1,"featured_media":0,"parent":3678,"menu_order":0,"comment_status":"closed","ping_status":"closed","template":"","meta":{"_acf_changed":false,"footnotes":""},"acf":[],"yoast_head":"<!-- This site is optimized with the Yoast SEO plugin v21.9.1 - https:\/\/yoast.com\/wordpress\/plugins\/seo\/ -->\n<title>Winner 2019 - nextReality.Contest<\/title>\n<meta name=\"robots\" content=\"index, follow, max-snippet:-1, max-image-preview:large, max-video-preview:-1\" \/>\n<link rel=\"canonical\" href=\"https:\/\/nextrealitycontest.de\/en\/winner\/winner-2019\/\" \/>\n<meta property=\"og:locale\" content=\"en_US\" \/>\n<meta property=\"og:type\" content=\"article\" \/>\n<meta property=\"og:title\" content=\"Winner 2019 - nextReality.Contest\" \/>\n<meta property=\"og:description\" content=\"[vc_row][vc_column][vc_row_inner][vc_column_inner width=&#8221;1\/2&#8243;][vc_empty_space height=&#8221;60px&#8221;][vc_column_text] Also nominated Swing VR A.Muse, Halle Vaillant AR Elastique, K\u00f6ln[\/vc_column_text][\/vc_column_inner][vc_column_inner width=&#8221;1\/2&#8243;][vc_column_text] JackHammer Jam VR Nerds, Hamburg We developed a game for Strabag in which the player gets his hands on a jackhammer and uses it to work the surface of the moon. A second person uses a [&hellip;]\" \/>\n<meta property=\"og:url\" content=\"https:\/\/nextrealitycontest.de\/en\/winner\/winner-2019\/\" \/>\n<meta property=\"og:site_name\" content=\"nextReality.Contest\" \/>\n<meta property=\"article:modified_time\" content=\"2022-04-30T17:17:43+00:00\" \/>\n<meta name=\"twitter:card\" content=\"summary_large_image\" \/>\n<meta name=\"twitter:label1\" content=\"Est. reading time\" \/>\n\t<meta name=\"twitter:data1\" content=\"6 minutes\" \/>\n<script type=\"application\/ld+json\" class=\"yoast-schema-graph\">{\"@context\":\"https:\/\/schema.org\",\"@graph\":[{\"@type\":\"WebPage\",\"@id\":\"https:\/\/nextrealitycontest.de\/en\/winner\/winner-2019\/\",\"url\":\"https:\/\/nextrealitycontest.de\/en\/winner\/winner-2019\/\",\"name\":\"Winner 2019 - nextReality.Contest\",\"isPartOf\":{\"@id\":\"https:\/\/nextrealitycontest.de\/en\/#website\"},\"datePublished\":\"2019-11-07T14:05:34+00:00\",\"dateModified\":\"2022-04-30T17:17:43+00:00\",\"breadcrumb\":{\"@id\":\"https:\/\/nextrealitycontest.de\/en\/winner\/winner-2019\/#breadcrumb\"},\"inLanguage\":\"en-US\",\"potentialAction\":[{\"@type\":\"ReadAction\",\"target\":[\"https:\/\/nextrealitycontest.de\/en\/winner\/winner-2019\/\"]}]},{\"@type\":\"BreadcrumbList\",\"@id\":\"https:\/\/nextrealitycontest.de\/en\/winner\/winner-2019\/#breadcrumb\",\"itemListElement\":[{\"@type\":\"ListItem\",\"position\":1,\"name\":\"Startseite\",\"item\":\"https:\/\/nextrealitycontest.de\/en\/\"},{\"@type\":\"ListItem\",\"position\":2,\"name\":\"Winner\",\"item\":\"https:\/\/nextrealitycontest.de\/en\/winner\/\"},{\"@type\":\"ListItem\",\"position\":3,\"name\":\"Winner 2019\"}]},{\"@type\":\"WebSite\",\"@id\":\"https:\/\/nextrealitycontest.de\/en\/#website\",\"url\":\"https:\/\/nextrealitycontest.de\/en\/\",\"name\":\"nextReality.Contest\",\"description\":\"Der Preis f\u00fcr Immersive Medien in Deutschland\",\"potentialAction\":[{\"@type\":\"SearchAction\",\"target\":{\"@type\":\"EntryPoint\",\"urlTemplate\":\"https:\/\/nextrealitycontest.de\/en\/?s={search_term_string}\"},\"query-input\":\"required name=search_term_string\"}],\"inLanguage\":\"en-US\"}]}<\/script>\n<!-- \/ Yoast SEO plugin. -->","yoast_head_json":{"title":"Winner 2019 - nextReality.Contest","robots":{"index":"index","follow":"follow","max-snippet":"max-snippet:-1","max-image-preview":"max-image-preview:large","max-video-preview":"max-video-preview:-1"},"canonical":"https:\/\/nextrealitycontest.de\/en\/winner\/winner-2019\/","og_locale":"en_US","og_type":"article","og_title":"Winner 2019 - nextReality.Contest","og_description":"[vc_row][vc_column][vc_row_inner][vc_column_inner width=&#8221;1\/2&#8243;][vc_empty_space height=&#8221;60px&#8221;][vc_column_text] Also nominated Swing VR A.Muse, Halle Vaillant AR Elastique, K\u00f6ln[\/vc_column_text][\/vc_column_inner][vc_column_inner width=&#8221;1\/2&#8243;][vc_column_text] JackHammer Jam VR Nerds, Hamburg We developed a game for Strabag in which the player gets his hands on a jackhammer and uses it to work the surface of the moon. A second person uses a [&hellip;]","og_url":"https:\/\/nextrealitycontest.de\/en\/winner\/winner-2019\/","og_site_name":"nextReality.Contest","article_modified_time":"2022-04-30T17:17:43+00:00","twitter_card":"summary_large_image","twitter_misc":{"Est. reading time":"6 minutes"},"schema":{"@context":"https:\/\/schema.org","@graph":[{"@type":"WebPage","@id":"https:\/\/nextrealitycontest.de\/en\/winner\/winner-2019\/","url":"https:\/\/nextrealitycontest.de\/en\/winner\/winner-2019\/","name":"Winner 2019 - nextReality.Contest","isPartOf":{"@id":"https:\/\/nextrealitycontest.de\/en\/#website"},"datePublished":"2019-11-07T14:05:34+00:00","dateModified":"2022-04-30T17:17:43+00:00","breadcrumb":{"@id":"https:\/\/nextrealitycontest.de\/en\/winner\/winner-2019\/#breadcrumb"},"inLanguage":"en-US","potentialAction":[{"@type":"ReadAction","target":["https:\/\/nextrealitycontest.de\/en\/winner\/winner-2019\/"]}]},{"@type":"BreadcrumbList","@id":"https:\/\/nextrealitycontest.de\/en\/winner\/winner-2019\/#breadcrumb","itemListElement":[{"@type":"ListItem","position":1,"name":"Startseite","item":"https:\/\/nextrealitycontest.de\/en\/"},{"@type":"ListItem","position":2,"name":"Winner","item":"https:\/\/nextrealitycontest.de\/en\/winner\/"},{"@type":"ListItem","position":3,"name":"Winner 2019"}]},{"@type":"WebSite","@id":"https:\/\/nextrealitycontest.de\/en\/#website","url":"https:\/\/nextrealitycontest.de\/en\/","name":"nextReality.Contest","description":"Der Preis f\u00fcr Immersive Medien in Deutschland","potentialAction":[{"@type":"SearchAction","target":{"@type":"EntryPoint","urlTemplate":"https:\/\/nextrealitycontest.de\/en\/?s={search_term_string}"},"query-input":"required name=search_term_string"}],"inLanguage":"en-US"}]}},"publishpress_future_action":{"enabled":false,"date":"2026-04-15 00:27:07","action":"draft","terms":[],"taxonomy":""},"_links":{"self":[{"href":"https:\/\/nextrealitycontest.de\/en\/wp-json\/wp\/v2\/pages\/3601"}],"collection":[{"href":"https:\/\/nextrealitycontest.de\/en\/wp-json\/wp\/v2\/pages"}],"about":[{"href":"https:\/\/nextrealitycontest.de\/en\/wp-json\/wp\/v2\/types\/page"}],"author":[{"embeddable":true,"href":"https:\/\/nextrealitycontest.de\/en\/wp-json\/wp\/v2\/users\/1"}],"replies":[{"embeddable":true,"href":"https:\/\/nextrealitycontest.de\/en\/wp-json\/wp\/v2\/comments?post=3601"}],"version-history":[{"count":2,"href":"https:\/\/nextrealitycontest.de\/en\/wp-json\/wp\/v2\/pages\/3601\/revisions"}],"predecessor-version":[{"id":3603,"href":"https:\/\/nextrealitycontest.de\/en\/wp-json\/wp\/v2\/pages\/3601\/revisions\/3603"}],"up":[{"embeddable":true,"href":"https:\/\/nextrealitycontest.de\/en\/wp-json\/wp\/v2\/pages\/3678"}],"wp:attachment":[{"href":"https:\/\/nextrealitycontest.de\/en\/wp-json\/wp\/v2\/media?parent=3601"}],"curies":[{"name":"wp","href":"https:\/\/api.w.org\/{rel}","templated":true}]}}