{"id":6498,"date":"2026-05-07T12:59:04","date_gmt":"2026-05-07T10:59:04","guid":{"rendered":"https:\/\/nextrealitycontest.de\/?page_id=6498"},"modified":"2026-05-07T12:59:49","modified_gmt":"2026-05-07T10:59:49","slug":"jurorinnen-2026","status":"publish","type":"page","link":"https:\/\/nextrealitycontest.de\/de\/jury\/jurorinnen-2026\/","title":{"rendered":"Juror:innen 2026"},"content":{"rendered":"<section class=\"wpb-content-wrapper\"><p>[vc_row][vc_column width=&#8220;1\/2&#8243;][vc_column_text]<\/p>\n<h2><b>ROLF HERMANN<\/b><\/h2>\n<h4><b>Gesch\u00e4ftsleiter<br \/>\n<\/b><span style=\"color: #ffbb4d;\"><b>OMR Education, Podcast Host &amp; Chief Editor OMR Report<\/b><\/span><\/h4>\n<p>Wenn es um praxisnahe Weiterbildung f\u00fcr die digitale Wirtschaft geht, f\u00fchrt an <a href=\"https:\/\/www.linkedin.com\/in\/rolf-hermann\/\"><span class=\"il\">Rolf<\/span> Hermann<\/a> kein Weg vorbei. Seit \u00fcber neun Jahren pr\u00e4gt er das \u00d6kosystem von OMR Education entscheidend mit. Als Gesch\u00e4ftsleiter von OMR Education und Chief Editor des OMR Reports verantwortet er das Thema Content bei den Experten f\u00fcr Weiterbildung aus Hamburg. Unter seiner \u00c4gide sind bisher \u00fcber 85 OMR Reports erschienen und \u00fcber 55.000 Menschen bilden sich j\u00e4hrlich mit und bei OMR Education fort.<\/p>\n<p>Seine Expertise speist sich direkt aus der Praxis: In den \u00fcber 400 Episoden des\u00a0<i>OMR Education Podcasts, die bisher erscheinen sind,<\/i>\u00a0hat <span class=\"il\">Rolf<\/span> als Host die kl\u00fcgsten Branchenexpert:innen, Strateg:innen und digitalen Denker:innen interviewt, um zu ergr\u00fcnden, was die digitale Welt im Innersten zusammenh\u00e4lt.<\/p>\n<p>Diese tiefe Marktkenntnis sch\u00e4tzen auch OMR Education Corporate-Kunden: <span class=\"il\">Rolf<\/span> konzipiert und begleitet regelm\u00e4\u00dfig strategische Weiterbildungsprojekte f\u00fcr globale Brands wie Google, Porsche, LVMH oder die Funke Mediengruppe.[\/vc_column_text][\/vc_column][vc_column width=&#8220;1\/2&#8243;][vc_empty_space]\t\t<div class=\"qt-short-image aligncenter\">\n\t\t\t<img decoding=\"async\" src=\"https:\/\/nextrealitycontest.de\/wp-content\/uploads\/2026\/03\/Rolf_Web.png\" alt=\"\"> \t\t<\/div>\n\t\t[\/vc_column][\/vc_row][vc_row][vc_column width=&#8220;1\/2&#8243;]\t\t\t<hr class=\"qt-spacer-s\">\n\t\t\t\t<div class=\"qt-short-image aligncenter\">\n\t\t\t<img decoding=\"async\" src=\"https:\/\/nextrealitycontest.de\/wp-content\/uploads\/2025\/03\/Gabs_Web_25-756x756.png\" alt=\"\"> \t\t<\/div>\n\t\t[\/vc_column][vc_column width=&#8220;1\/2&#8243;][vc_column_text]<\/p>\n<h2>GABRIELLA CHIHAN STANLEY<\/h2>\n<h4>Cofounder &amp; CCO<br \/>\n<span style=\"color: #ffbb4d;\"><span style=\"font-weight: 400;\"><strong>vrisch<\/strong><\/span><\/span><\/h4>\n<div>\n<div>\n<div class=\"standard-markdown grid-cols-1 grid [&amp;_&gt;_*]:min-w-0 gap-3\">\n<p class=\"font-claude-response-body break-words whitespace-normal leading-[1.7]\">Seit 20 Jahren arbeitet <a href=\"https:\/\/www.linkedin.com\/in\/gchihan\/\">Gabs<\/a> an der Schnittstelle von Technologie, Kreativit\u00e4t und menschlicher Erfahrung. Mit ihrem preisgekr\u00f6nten XR-Studio vrisch, ihrer Community-Arbeit bei XRVienna und ihrem Wirken in der europ\u00e4ischen XR-Szene lebt sie ihre Leidenschaft, Verbindungen zwischen Menschen, Ideen und Disziplinen zu schaffen.<\/p>\n<\/div>\n<\/div>\n<div>\n<div class=\"standard-markdown grid-cols-1 grid [&amp;_&gt;_*]:min-w-0 gap-3\">\n<p class=\"font-claude-response-body break-words whitespace-normal leading-[1.7]\">Ihr multikultureller Hintergrund, ihre Neurodiversit\u00e4t und ihr Weg als \u201eMomtrepreneurin&#8220; pr\u00e4gen ihre Mission, das Leben anderer positiv zu beeinflussen. Als Ambassador of Women in Immersive Tech sowie als Mitglied der Beir\u00e4te von SXSW, Euromersive und AIXR f\u00f6rdert sie den grenz\u00fcberschreitenden Austausch. Ihre Arbeit wurde vielfach ausgezeichnet, unter anderem mit einem der f\u00fcnf weltweit vergebenen Japan OMOSIROI Awards. Forbes w\u00e4hlte Gabs zudem zu einer der Top 20 Gr\u00fcnderinnen Europas.<\/p>\n<\/div>\n<\/div>\n<\/div>\n<p>[\/vc_column_text][\/vc_column][\/vc_row][vc_row][vc_column width=&#8220;1\/2&#8243;][vc_column_text]<\/p>\n<h2>Deborah Reinm\u00fcller<\/h2>\n<h4><strong>Projektkoordinatorin f\u00fcr Immersive Medien<br \/>\n<\/strong><strong style=\"color: #ffbb4d; letter-spacing: -0.02em; font-size: 16px;\">MOIN Filmf\u00f6rderung Hamburg Schleswig-Holstein<\/strong><\/h4>\n<p data-start=\"0\" data-end=\"478\"><a href=\"https:\/\/www.linkedin.com\/in\/deborah-katharina-reinm\u00fcller-690363394\/\">Deborah Reinm\u00fcller<\/a> ist Projektkoordinatorin f\u00fcr Immersive Medien beim MOIN Filmf\u00f6rderung Hamburg Schleswig-Holstein. In dieser Rolle betreut sie die Aktivit\u00e4ten der F\u00f6rderung im Bereich innovativer audiovisueller Inhalte und unterst\u00fctzt Kreative, die an der Schnittstelle von Film, Technologie und neuen Erz\u00e4hlformaten arbeiten. Sie koordiniert F\u00f6rderprogramme, kuratiert und spricht auf Netzwerk- und Branchenevents und ist Ansprechpartnerin f\u00fcr internationale Partner:innen.<\/p>\n<p data-start=\"480\" data-end=\"813\" data-is-last-node=\"\" data-is-only-node=\"\">Als seit 2016 aktive XR-K\u00fcnstlerin schafft sie Werke an der Schnittstelle von bildender Kunst, Performance und digitalem Storytelling. Mit ihrem Hintergrund in interaktiven Medien lehrt und begleitet sie zudem Nachwuchstalente und f\u00f6rdert interdisziplin\u00e4re Zusammenarbeit sowie die Entwicklung neuer Formate in der Kreativwirtschaft.<\/p>\n<p>[\/vc_column_text][\/vc_column][vc_column width=&#8220;1\/2&#8243;]\t\t\t<hr class=\"qt-spacer-s\">\n\t\t[vc_empty_space height=&#8220;50px&#8220;]\t\t<div class=\"qt-short-image aligncenter\">\n\t\t\t<img decoding=\"async\" src=\"https:\/\/nextrealitycontest.de\/wp-content\/uploads\/2026\/03\/Debbie_Web.png\" alt=\"\"> \t\t<\/div>\n\t\t[\/vc_column][\/vc_row][vc_row][vc_column width=&#8220;1\/2&#8243;]\t\t\t<hr class=\"qt-spacer-s\">\n\t\t[vc_empty_space height=&#8220;50px&#8220;]\t\t<div class=\"qt-short-image aligncenter\">\n\t\t\t<img decoding=\"async\" src=\"https:\/\/nextrealitycontest.de\/wp-content\/uploads\/2026\/03\/Keno_Web.png\" alt=\"\"> \t\t<\/div>\n\t\t[\/vc_column][vc_column width=&#8220;1\/2&#8243;][vc_column_text]<\/p>\n<h2>Jan-Keno Janssen<\/h2>\n<h4><span class=\"elementor-icon-list-text elementor-post-info__item elementor-post-info__item--type-custom\">Director<br \/>\n<\/span><span style=\"color: #ffbb4d;\">c&#8217;t 3003<\/span><\/h4>\n<p><a href=\"https:\/\/www.linkedin.com\/in\/jan-keno-janssen-16b89876\/\">Jan-Keno Janssen<\/a> arbeitet als leitender Redakteur f\u00fcr das c\u2019t Magazin und f\u00fcr heise online. Seit 2021 ist er vor allem f\u00fcr den YouTube-Kanal c\u2019t 3003 verantwortlich, einen der f\u00fchrenden deutschsprachigen Tech-Kan\u00e4le. Die w\u00f6chentlichen Videos erreichen regelm\u00e4\u00dfig sechsstellige Aufrufzahlen.<\/p>\n<p>Neben K\u00fcnstlicher Intelligenz geh\u00f6ren Virtual und Augmented Reality zu seinen Fachgebieten. Der Vollblut-Nerd baut seit seiner Kindheit eigene Computer. Nach seinem Volontariat bei der Ostfriesischen Tageszeitung Anzeiger f\u00fcr Harlingerland schloss er 2007 sein Studium der Medienwissenschaft und Anglistik an der Ruhr-Universit\u00e4t Bochum ab. Seitdem arbeitet er f\u00fcr das c\u2019t Magazin.[\/vc_column_text][\/vc_column][\/vc_row][vc_row][vc_column width=&#8220;1\/2&#8243;][vc_column_text]<\/p>\n<h2><b>Harald R. Fortmann<\/b><\/h2>\n<h4><span style=\"font-weight: 400;\"><b>Gesch\u00e4ftsf\u00fchrer<br \/>\n<\/b><\/span><b style=\"color: #ffbb4d;\">Five14 GmbH<\/b><\/h4>\n<p class=\"font-claude-response-body break-words whitespace-normal leading-[1.7]\"><a href=\"https:\/\/www.linkedin.com\/in\/hrfortmann\/\">Harald<\/a> gilt laut dem Fachmagazin W&amp;V als einer der bestvernetzten Manager der Digitalwirtschaft. Seit 1996 ist er in der Branche aktiv \u2013 zun\u00e4chst als Gr\u00fcnder seines ersten Unternehmens mit 23 Jahren, sp\u00e4ter in F\u00fchrungspositionen bei AOL und Pixelpark.<\/p>\n<p class=\"font-claude-response-body break-words whitespace-normal leading-[1.7]\">Seit 2013 ber\u00e4t er bei Five14 Mittelst\u00e4ndler, Scale-Ups, Agenturen und Konzerne bei der Besetzung von F\u00fchrungspositionen und der strategischen Umsetzung digitaler Transformation. \u00dcber sechzehn Jahre engagierte er sich im BVDW, davon zehn Jahre im Pr\u00e4sidium. Seit 2025 ist er Vizepr\u00e4sident des Bundesverbandes Deutscher Unternehmensberatungen (BDU).<\/p>\n<p class=\"font-claude-response-body break-words whitespace-normal leading-[1.7]\">Als Buchautor ver\u00f6ffentlichte er u. a. <em>Arbeitswelt der Zukunft<\/em> (2018), <em>#FemaleLeadershipPictured<\/em> (2019) und <em>Digitalisierung im Mittelstand<\/em>. Dar\u00fcber hinaus ist er Handelsrichter am Landgericht Hamburg, Mentor auf C-Level und begleitet F\u00fchrungspers\u00f6nlichkeiten bei Entscheidungen zu digitaler Transformation, Leadership und K\u00fcnstlicher Intelligenz. Bei aller Begeisterung f\u00fcr Digitales stellt Fortmann stets den Menschen in den Mittelpunkt \u2013 denn es sind die \u201eRulebreaker&#8220;, die Unternehmen wirklich voranbringen.<\/p>\n<p>\u00a0[\/vc_column_text][\/vc_column][vc_column width=&#8220;1\/2&#8243;]\t\t\t<hr class=\"qt-spacer-m\">\n\t\t\t\t<div class=\"qt-short-image aligncenter\">\n\t\t\t<img decoding=\"async\" src=\"https:\/\/nextrealitycontest.de\/wp-content\/uploads\/2026\/03\/Harald_Web.png\" alt=\"\"> \t\t<\/div>\n\t\t[\/vc_column][\/vc_row][vc_row disable_element=&#8220;yes&#8220;][vc_column width=&#8220;1\/2&#8243;]\t\t\t<hr class=\"qt-spacer-l\">\n\t\t\t\t<div class=\"qt-short-image aligncenter\">\n\t\t\t<img decoding=\"async\" src=\"https:\/\/nextrealitycontest.de\/wp-content\/uploads\/2025\/03\/Patrick_Web_25-756x756.png\" alt=\"\"> \t\t<\/div>\n\t\t[\/vc_column][vc_column width=&#8220;1\/2&#8243;][vc_column_text]<\/p>\n<h2>Prof. Dr. Patrick Rupert-Kruse<\/h2>\n<h4>Professur f\u00fcr Medientheorie und Immersionsforschung<br \/>\nInstitut f\u00fcr immersive Medien am Fachbereich Medien<br \/>\n<span style=\"color: #ffbb4d;\">Fachhochschule Kiel<\/span><\/h4>\n<div dir=\"ltr\">\n<p><span style=\"font-weight: 400;\"><a href=\"http:\/\/www.linkedin.com\/in\/patrick-rupert-kruse-a007b2276\">Patrick<\/a> ist seit 2014 Inhaber der Professur f\u00fcr Medientheorie und Immersionsforschung am Fachbereich Medien der Fachhochschule Kiel, zudem ist er Leiter des Instituts f\u00fcr immersive Medien (ifim) und Co-Leiter des Interdisziplin\u00e4ren Labors f\u00fcr Immersionsforschung (LINK). Seit 2023 ist er au\u00dferdem Vorstandsvorsitzender der Gesellschaft f\u00fcr immersive Medien Schleswig-Holstein und setzt sich f\u00fcr die Vermittlung von Kompetenzen im Umgang mit immersiven Medien f\u00fcr Unternehmen, Institutionen und die Gesellschaft ein.<\/span><\/p>\n<p><span style=\"font-weight: 400;\">Seine Forschungs- und Arbeitsschwerpunkte sind \u00c4sthetik und Design immersiver Medien, Immersive und Transmedia Storytelling.<\/span><\/p>\n<\/div>\n<p>[\/vc_column_text][\/vc_column][\/vc_row][vc_row disable_element=&#8220;yes&#8220;][vc_column width=&#8220;1\/2&#8243;][vc_column_text]<\/p>\n<h2>Jean-Philippe Tonyigah<\/h2>\n<h4>Lead<br \/>\n<span style=\"color: #ffbb4d;\"><span style=\"font-weight: 400;\">Sparkassen Innovation Hub<\/span><\/span><\/h4>\n<p><span style=\"font-weight: 400;\"><a href=\"https:\/\/www.linkedin.com\/in\/jean-philippe-tonyigah\/\">Jean-Philippe<\/a> (kurz JP)<\/span>\u00a0ist seit \u00fcber f\u00fcnf Jahren im Kontext der Sparkassen-Finanzgruppe im Banking-Umfeld t\u00e4tig und gestaltet dort aktiv die digitale Transformation. Zun\u00e4chst arbeitete er im Sparkassen Innovation Hub, dem zentralen Innovationslabor der Sparkassen. Dort untersuchte er unter anderem die Potenziale von Technologien wie Extended Reality (XR) und K\u00fcnstlicher Intelligenz, entwickelte nutzerzentrierte Prototypen und baute ein breites Partnernetzwerk mit Tech- und FinTech-Akteuren auf.<\/p>\n<p dir=\"auto\">Seit 2025 ist <span class=\"il\">JP<\/span> Abteilungsleiter AI Applications bei der Finanz Informatik. In dieser Rolle verantwortet er den Aufbau und die Weiterentwicklung zentraler generativer KI-L\u00f6sungen, mit dem Ziel, den digitalen Arbeitsplatz in den Sparkassen nachhaltig zu transformieren und Zukunftstechnologien in der Fl\u00e4che wirksam zu machen<\/p>\n<p>[\/vc_column_text][\/vc_column][vc_column width=&#8220;1\/2&#8243;]\t\t\t<hr class=\"qt-spacer-m\">\n\t\t\t\t<div class=\"qt-short-image aligncenter\">\n\t\t\t<img decoding=\"async\" src=\"https:\/\/nextrealitycontest.de\/wp-content\/uploads\/2025\/03\/JP_Web_25-756x756.png\" alt=\"\"> \t\t<\/div>\n\t\t[\/vc_column][\/vc_row][vc_row disable_element=&#8220;yes&#8220;][vc_column width=&#8220;1\/2&#8243;]\t\t<div class=\"qt-short-image aligncenter\">\n\t\t\t<img decoding=\"async\" src=\"https:\/\/nextrealitycontest.de\/wp-content\/uploads\/2025\/07\/Insa_Web-756x756.png\" alt=\"\"> \t\t<\/div>\n\t\t[\/vc_column][vc_column width=&#8220;1\/2&#8243;][vc_column_text]<\/p>\n<h2>Insa Hollenberg<\/h2>\n<p><span style=\"font-weight: 400;\">Head of Strategy <\/span><span style=\"font-weight: 400;\"><br \/>\n<\/span><span style=\"color: #ffbb4d;\"><span style=\"font-weight: 400;\">headraft GmbH\u00a0<\/span><\/span><\/p>\n<p><a href=\"https:\/\/www.linkedin.com\/in\/insa-hollenberg\/\">Insa<\/a> ist Head of Strategy bei der immersiven Agentur headraft. Sie verbindet die Needs der Kunden mit interdisziplin\u00e4rem Wissen aus den Bereichen Human-Computer-Interaction und Communication Design. Mit ihrem umfassenden Wissen \u00fcber Creative Technology und deren didaktische Nutzung ber\u00e4t sie, wie Inhalte und Botschaften in interaktives Storytelling verwandelt werden k\u00f6nnen, das eine tiefe Verbindung von Community und Marke schafft.[\/vc_column_text][\/vc_column][\/vc_row][vc_row disable_element=&#8220;yes&#8220;][vc_column width=&#8220;1\/2&#8243;][vc_column_text]<\/p>\n<h2><span style=\"font-weight: 400;\">Prof. Dr. <\/span><span style=\"font-weight: 400;\">Alexander<\/span><span style=\"font-weight: 400;\"> Kutter<\/span><\/h2>\n<h4><span style=\"font-weight: 400;\">Professor f\u00fcr Immersive Technologien und CTO<br \/>\n<\/span><span style=\"color: #ffbb4d;\">VR Insight GmbH<\/span><\/h4>\n<p><span style=\"font-weight: 400;\">Alexander <\/span><span style=\"font-weight: 400;\">ist derzeit Professor an der Technischen Hochschule Ostwestfalen-Lippe am KreativInstitut. OWL und besch\u00e4ftigt sich in Forschung und Lehre mit den Themen VR\/AR\/XR, aber auch Spatial Computing, Metaverse und Themen darum herum (3D Scanning, Rendering, etc.). Zudem war er der technische Gesch\u00e4ftsf\u00fchrer der VR Nerds GmbH und ist es jetzt f\u00fcr die VR Insight GmbH. Sein Weg bis dorthin war alles andere als &#8222;klassisch&#8220;. Er studierte Lebensmittelverfahrenstechnik an der TUM Weihenstephan, wurde im Bereich Str\u00f6mungsmechanik und Rheologie promoviert und arbeitete bei der tesa SE in der Entwicklung. In dieser Zeit entdeckte er die Leidenschaft f\u00fcr Virtual Reality, in der er diese sowohl bei tesa einsetzte, aber auch zwei Start-Ups gr\u00fcndete und dabei diverse Entwicklungs- und Beratungsprojekte umsetzte. Mit der Professur kann er nun Akademie und Anwendung und das Beste aus beiden Welten vereinen.<\/span><span style=\"font-weight: 400;\"><br \/>\n<\/span>[\/vc_column_text][\/vc_column][vc_column width=&#8220;1\/2&#8243;]\t\t<div class=\"qt-short-image aligncenter\">\n\t\t\t<img decoding=\"async\" src=\"https:\/\/nextrealitycontest.de\/wp-content\/uploads\/2024\/06\/Alex_Web-756x756.png\" alt=\"\"> \t\t<\/div>\n\t\t[\/vc_column][\/vc_row][vc_row disable_element=&#8220;yes&#8220;][vc_column width=&#8220;1\/2&#8243;][vc_column_text]<\/p>\n<h2>Christoph Spinger<\/h2>\n<h4>Developer Immersive Products<br \/>\nAR\/VR Software Engineer<br \/>\n<span style=\"color: #ffbb4d;\">Axel Springer\u00a0<\/span><\/h4>\n<p>Christoph ist seit 2012 in der XR-Szene in unterschiedlichen Rollen aktiv und war Mitbegr\u00fcnder der VR-Nerds in Hamburg. Seit 2022 ist Christoph bei Axel Springer in Berlin als Developer f\u00fcr XR-Systeme t\u00e4tig und erforscht die Zukunft von immersiven Medien.[\/vc_column_text][\/vc_column][vc_column width=&#8220;1\/2&#8243;]\t\t<div class=\"qt-short-image aligncenter\">\n\t\t\t<img decoding=\"async\" src=\"https:\/\/nextrealitycontest.de\/wp-content\/uploads\/2023\/03\/Chris_Web-756x756.png\" alt=\"\"> \t\t<\/div>\n\t\t[\/vc_column][\/vc_row][vc_row disable_element=&#8220;yes&#8220;][vc_column width=&#8220;1\/2&#8243;]\t\t<div class=\"qt-short-image aligncenter\">\n\t\t\t<img decoding=\"async\" src=\"https:\/\/nextrealitycontest.de\/wp-content\/uploads\/2023\/06\/Oliver-Web-756x756.png\" alt=\"\"> \t\t<\/div>\n\t\t[\/vc_column][vc_column width=&#8220;1\/2&#8243;][vc_column_text]<\/p>\n<h2>Oliver Heidorn<\/h2>\n<h4>Director Creative Technology<br \/>\n<span style=\"color: #ffbb4d;\">Grabartz &amp; Partner<\/span><\/h4>\n<p>Vor 20 Jahren begann Oliver, studierter Journalist und Kulturwissenschaftler, Geschichten f\u00fcr Marken zu erz\u00e4hlen. Zun\u00e4chst als Texter, sp\u00e4ter als CD und ECD mit Stationen bei Springer &amp; Jacoby, Kolle Rebbe, GGH MullenLowe, JMP Space und Grabarz &amp; Partner. Im Laufe der Jahre erweiterte er sein Spielfeld um immer neue digitale Medien. Oliver ist mit \u00fcber 40 nationalen und internationalen Kreativpreisen ausgezeichnet. Seit f\u00fcnf Jahre ist er Creative Technologist und verbindet Storytelling, Creative Coding und Hardware-Prototyping in Apps, Gaming, AI, Data, Computer Vision, XR und kreativen Produkten. Seit einem Jahr leitet Oliver den XR Innovation Track bei G&amp;P als Kooperationspartner von NextReality. Au\u00dferdem ist er der Gr\u00fcnder (und Coder) des Data-Awareness-Projekts prettypara.site[\/vc_column_text][\/vc_column][\/vc_row]<\/p>\n<\/section>","protected":false},"excerpt":{"rendered":"<p>[vc_row][vc_column width=&#8220;1\/2&#8243;][vc_column_text] ROLF HERMANN Gesch\u00e4ftsleiter OMR Education, Podcast Host &amp; Chief Editor OMR Report Wenn es um praxisnahe Weiterbildung f\u00fcr die digitale Wirtschaft geht, f\u00fchrt an Rolf Hermann kein Weg vorbei. Seit \u00fcber neun Jahren pr\u00e4gt er das \u00d6kosystem von OMR Education entscheidend mit. Als Gesch\u00e4ftsleiter von OMR Education und [&hellip;]<\/p>\n","protected":false},"author":4,"featured_media":0,"parent":2786,"menu_order":0,"comment_status":"closed","ping_status":"closed","template":"","meta":{"_acf_changed":false,"footnotes":""},"acf":[],"yoast_head":"<!-- This site is optimized with the Yoast SEO plugin v21.9.1 - https:\/\/yoast.com\/wordpress\/plugins\/seo\/ -->\n<title>Juror:innen 2026 - nextReality.Contest<\/title>\n<meta name=\"robots\" content=\"index, follow, max-snippet:-1, max-image-preview:large, max-video-preview:-1\" \/>\n<link rel=\"canonical\" href=\"https:\/\/nextrealitycontest.de\/de\/jury\/jurorinnen-2026\/\" \/>\n<meta property=\"og:locale\" content=\"de_DE\" \/>\n<meta property=\"og:type\" content=\"article\" \/>\n<meta property=\"og:title\" content=\"Juror:innen 2026 - nextReality.Contest\" \/>\n<meta property=\"og:description\" content=\"[vc_row][vc_column width=&#8220;1\/2&#8243;][vc_column_text] ROLF HERMANN Gesch\u00e4ftsleiter OMR Education, Podcast Host &amp; Chief Editor OMR Report Wenn es um praxisnahe Weiterbildung f\u00fcr die digitale Wirtschaft geht, f\u00fchrt an Rolf Hermann kein Weg vorbei. Seit \u00fcber neun Jahren pr\u00e4gt er das \u00d6kosystem von OMR Education entscheidend mit. Als Gesch\u00e4ftsleiter von OMR Education und [&hellip;]\" \/>\n<meta property=\"og:url\" content=\"https:\/\/nextrealitycontest.de\/de\/jury\/jurorinnen-2026\/\" \/>\n<meta property=\"og:site_name\" content=\"nextReality.Contest\" \/>\n<meta property=\"article:modified_time\" content=\"2026-05-07T10:59:49+00:00\" \/>\n<meta name=\"twitter:card\" content=\"summary_large_image\" \/>\n<meta name=\"twitter:label1\" content=\"Gesch\u00e4tzte Lesezeit\" \/>\n\t<meta name=\"twitter:data1\" content=\"8\u00a0Minuten\" \/>\n<script type=\"application\/ld+json\" class=\"yoast-schema-graph\">{\"@context\":\"https:\/\/schema.org\",\"@graph\":[{\"@type\":\"WebPage\",\"@id\":\"https:\/\/nextrealitycontest.de\/de\/jury\/jurorinnen-2026\/\",\"url\":\"https:\/\/nextrealitycontest.de\/de\/jury\/jurorinnen-2026\/\",\"name\":\"Juror:innen 2026 - nextReality.Contest\",\"isPartOf\":{\"@id\":\"https:\/\/nextrealitycontest.de\/de\/#website\"},\"datePublished\":\"2026-05-07T10:59:04+00:00\",\"dateModified\":\"2026-05-07T10:59:49+00:00\",\"breadcrumb\":{\"@id\":\"https:\/\/nextrealitycontest.de\/de\/jury\/jurorinnen-2026\/#breadcrumb\"},\"inLanguage\":\"de\",\"potentialAction\":[{\"@type\":\"ReadAction\",\"target\":[\"https:\/\/nextrealitycontest.de\/de\/jury\/jurorinnen-2026\/\"]}]},{\"@type\":\"BreadcrumbList\",\"@id\":\"https:\/\/nextrealitycontest.de\/de\/jury\/jurorinnen-2026\/#breadcrumb\",\"itemListElement\":[{\"@type\":\"ListItem\",\"position\":1,\"name\":\"Startseite\",\"item\":\"https:\/\/nextrealitycontest.de\/de\/\"},{\"@type\":\"ListItem\",\"position\":2,\"name\":\"Die Jury\",\"item\":\"https:\/\/nextrealitycontest.de\/de\/jury\/\"},{\"@type\":\"ListItem\",\"position\":3,\"name\":\"Juror:innen 2026\"}]},{\"@type\":\"WebSite\",\"@id\":\"https:\/\/nextrealitycontest.de\/de\/#website\",\"url\":\"https:\/\/nextrealitycontest.de\/de\/\",\"name\":\"nextReality.Contest\",\"description\":\"Der Preis f\u00fcr Immersive Medien in Deutschland\",\"potentialAction\":[{\"@type\":\"SearchAction\",\"target\":{\"@type\":\"EntryPoint\",\"urlTemplate\":\"https:\/\/nextrealitycontest.de\/de\/?s={search_term_string}\"},\"query-input\":\"required name=search_term_string\"}],\"inLanguage\":\"de\"}]}<\/script>\n<!-- \/ Yoast SEO plugin. -->","yoast_head_json":{"title":"Juror:innen 2026 - nextReality.Contest","robots":{"index":"index","follow":"follow","max-snippet":"max-snippet:-1","max-image-preview":"max-image-preview:large","max-video-preview":"max-video-preview:-1"},"canonical":"https:\/\/nextrealitycontest.de\/de\/jury\/jurorinnen-2026\/","og_locale":"de_DE","og_type":"article","og_title":"Juror:innen 2026 - nextReality.Contest","og_description":"[vc_row][vc_column width=&#8220;1\/2&#8243;][vc_column_text] ROLF HERMANN Gesch\u00e4ftsleiter OMR Education, Podcast Host &amp; Chief Editor OMR Report Wenn es um praxisnahe Weiterbildung f\u00fcr die digitale Wirtschaft geht, f\u00fchrt an Rolf Hermann kein Weg vorbei. Seit \u00fcber neun Jahren pr\u00e4gt er das \u00d6kosystem von OMR Education entscheidend mit. Als Gesch\u00e4ftsleiter von OMR Education und [&hellip;]","og_url":"https:\/\/nextrealitycontest.de\/de\/jury\/jurorinnen-2026\/","og_site_name":"nextReality.Contest","article_modified_time":"2026-05-07T10:59:49+00:00","twitter_card":"summary_large_image","twitter_misc":{"Gesch\u00e4tzte Lesezeit":"8\u00a0Minuten"},"schema":{"@context":"https:\/\/schema.org","@graph":[{"@type":"WebPage","@id":"https:\/\/nextrealitycontest.de\/de\/jury\/jurorinnen-2026\/","url":"https:\/\/nextrealitycontest.de\/de\/jury\/jurorinnen-2026\/","name":"Juror:innen 2026 - nextReality.Contest","isPartOf":{"@id":"https:\/\/nextrealitycontest.de\/de\/#website"},"datePublished":"2026-05-07T10:59:04+00:00","dateModified":"2026-05-07T10:59:49+00:00","breadcrumb":{"@id":"https:\/\/nextrealitycontest.de\/de\/jury\/jurorinnen-2026\/#breadcrumb"},"inLanguage":"de","potentialAction":[{"@type":"ReadAction","target":["https:\/\/nextrealitycontest.de\/de\/jury\/jurorinnen-2026\/"]}]},{"@type":"BreadcrumbList","@id":"https:\/\/nextrealitycontest.de\/de\/jury\/jurorinnen-2026\/#breadcrumb","itemListElement":[{"@type":"ListItem","position":1,"name":"Startseite","item":"https:\/\/nextrealitycontest.de\/de\/"},{"@type":"ListItem","position":2,"name":"Die Jury","item":"https:\/\/nextrealitycontest.de\/de\/jury\/"},{"@type":"ListItem","position":3,"name":"Juror:innen 2026"}]},{"@type":"WebSite","@id":"https:\/\/nextrealitycontest.de\/de\/#website","url":"https:\/\/nextrealitycontest.de\/de\/","name":"nextReality.Contest","description":"Der Preis f\u00fcr Immersive Medien in Deutschland","potentialAction":[{"@type":"SearchAction","target":{"@type":"EntryPoint","urlTemplate":"https:\/\/nextrealitycontest.de\/de\/?s={search_term_string}"},"query-input":"required name=search_term_string"}],"inLanguage":"de"}]}},"publishpress_future_action":{"enabled":false,"date":"2026-05-15 15:14:11","action":"draft","terms":[],"taxonomy":""},"_links":{"self":[{"href":"https:\/\/nextrealitycontest.de\/de\/wp-json\/wp\/v2\/pages\/6498"}],"collection":[{"href":"https:\/\/nextrealitycontest.de\/de\/wp-json\/wp\/v2\/pages"}],"about":[{"href":"https:\/\/nextrealitycontest.de\/de\/wp-json\/wp\/v2\/types\/page"}],"author":[{"embeddable":true,"href":"https:\/\/nextrealitycontest.de\/de\/wp-json\/wp\/v2\/users\/4"}],"replies":[{"embeddable":true,"href":"https:\/\/nextrealitycontest.de\/de\/wp-json\/wp\/v2\/comments?post=6498"}],"version-history":[{"count":1,"href":"https:\/\/nextrealitycontest.de\/de\/wp-json\/wp\/v2\/pages\/6498\/revisions"}],"predecessor-version":[{"id":6537,"href":"https:\/\/nextrealitycontest.de\/de\/wp-json\/wp\/v2\/pages\/6498\/revisions\/6537"}],"up":[{"embeddable":true,"href":"https:\/\/nextrealitycontest.de\/de\/wp-json\/wp\/v2\/pages\/2786"}],"wp:attachment":[{"href":"https:\/\/nextrealitycontest.de\/de\/wp-json\/wp\/v2\/media?parent=6498"}],"curies":[{"name":"wp","href":"https:\/\/api.w.org\/{rel}","templated":true}]}}