{"id":5797,"date":"2025-03-10T17:43:09","date_gmt":"2025-03-10T15:43:09","guid":{"rendered":"https:\/\/nextrealitycontest.de\/?page_id=5797"},"modified":"2025-08-05T10:12:28","modified_gmt":"2025-08-05T08:12:28","slug":"jurorinnen-2025","status":"publish","type":"page","link":"https:\/\/nextrealitycontest.de\/de\/jury\/jurorinnen-2025\/","title":{"rendered":"Juror:innen 2025"},"content":{"rendered":"<section class=\"wpb-content-wrapper\"><p>[vc_row][vc_column width=&#8220;1\/2&#8243;][vc_column_text]<\/p>\n<h2>Gabriel Rinaldi<\/h2>\n<h4>Redakteur<br \/>\n<span style=\"color: #ffbb4d;\">S\u00fcddeutsche Zeitung Dossier<\/span><\/h4>\n<p><span style=\"font-weight: 400;\"><a href=\"https:\/\/www.linkedin.com\/in\/gabriel-rinaldi\/\">Gabriel<\/a> ist seit Juli 2023 Redakteur bei S\u00fcddeutsche Zeitung Dossier. Er ist Co-Autor des Briefings \u201ePlatz der Republik\u201c und berichtet \u00fcber die Hauptstadtpolitik. Zuvor war er Reporter im Berliner B\u00fcro von POLITICO und arbeitete unter anderem f\u00fcr Washington Post, SPIEGEL und Frankfurter Allgemeine Zeitung. Er studierte Politik, Soziologie und Wirtschaft in Berlin, London und Mailand und wurde parallel an der Journalistenschule ifp in M\u00fcnchen ausgebildet. 2021 wurde er vom medium magazin zu den Top 30 bis 30 im Journalismus gew\u00e4hlt, 2022 f\u00fcr eine interaktive Recherche \u00fcber das Metaverse mit dem Medienpreis f\u00fcr digitale Aufkl\u00e4rung ausgezeichnet.<\/span>[\/vc_column_text][\/vc_column][vc_column width=&#8220;1\/2&#8243;][vc_empty_space]\t\t<div class=\"qt-short-image aligncenter\">\n\t\t\t<img decoding=\"async\" src=\"https:\/\/nextrealitycontest.de\/wp-content\/uploads\/2025\/03\/Gabriel_Web_25-756x756.png\" alt=\"\"> \t\t<\/div>\n\t\t[\/vc_column][\/vc_row][vc_row][vc_column width=&#8220;1\/2&#8243;]\t\t\t<hr class=\"qt-spacer-s\">\n\t\t\t\t<div class=\"qt-short-image aligncenter\">\n\t\t\t<img decoding=\"async\" src=\"https:\/\/nextrealitycontest.de\/wp-content\/uploads\/2025\/04\/Davina_Web_25-756x756.png\" alt=\"\"> \t\t<\/div>\n\t\t[\/vc_column][vc_column width=&#8220;1\/2&#8243;][vc_column_text]<\/p>\n<h2>DAVINA COCHRANE<\/h2>\n<h4>Gesch\u00e4ftsf\u00fchrerin &amp; Creative Director<br \/>\n<span style=\"color: #ffbb4d;\">Jan &amp; Dave Studios UG<\/span><\/h4>\n<div><a href=\"https:\/\/www.linkedin.com\/in\/davinacochrane\/\">Davina<\/a> ist Expertin f\u00fcr AR Technologie und digitale OOH Erlebnisse.<\/div>\n<div>Mit ihrer langj\u00e4hrigen Erfahrung im Bereich von interaktiven Installationen und Markenaktivierungen setzt sie neue Ma\u00dfst\u00e4be f\u00fcr Event Marketing. Als Mitgr\u00fcnderin von Jan &amp; Dave Studios verbindet sie Kunst, Gaming und Technologie, um innovative AR-Experiences f\u00fcr Marken, Veranstaltungen und Ausstellungen zu schaffen.<\/div>\n<div>Als Jury-Mitglied des XRC Awards bringt sie ihre Expertise ein, um vision\u00e4re AR-Projekte auszuzeichnen.<\/div>\n<p>[\/vc_column_text][\/vc_column][\/vc_row][vc_row][vc_column width=&#8220;1\/2&#8243;][vc_column_text]<\/p>\n<h2>Thomas Bedenk<\/h2>\n<h4>Freelance Advisor and Manager<\/h4>\n<p><span style=\"font-weight: 400;\"><a href=\"https:\/\/www.linkedin.com\/in\/thomasbedenk\/\">Thomas<\/a> ist freiberuflicher Berater und Manager mit \u00fcber 28 Jahren Erfahrung in digitalen Produktionen. Seine Schwerpunkte liegen in den Bereichen Strategie und Innovation (XR\/AI) \u00fcber verschiedene Branchen hinweg. Er ist Keynote-Speaker und Gr\u00fcndungsmitglied von XRBB sowie des deutschen Game Verbandes. Zuvor war er Vice President Extended Reality bei Endava und Director Immersive Media bei Exozet.<\/span><\/p>\n<p><span style=\"font-weight: 400;\">2008 gr\u00fcndete er sein eigenes Spieleentwicklungsstudio Brightside Games. Er hat Abschl\u00fcsse in Mediendesign und Human Factors und war zuvor zehn Jahre lang als interaktiver Designer und Entwickler t\u00e4tig.<\/span>[\/vc_column_text][\/vc_column][vc_column width=&#8220;1\/2&#8243;]\t\t\t<hr class=\"qt-spacer-s\">\n\t\t[vc_empty_space height=&#8220;50px&#8220;]\t\t<div class=\"qt-short-image aligncenter\">\n\t\t\t<img decoding=\"async\" src=\"https:\/\/nextrealitycontest.de\/wp-content\/uploads\/2025\/03\/Thomas_Web_25-756x756.png\" alt=\"\"> \t\t<\/div>\n\t\t[\/vc_column][\/vc_row][vc_row][vc_column width=&#8220;1\/2&#8243;]\t\t\t<hr class=\"qt-spacer-s\">\n\t\t[vc_empty_space height=&#8220;50px&#8220;]\t\t<div class=\"qt-short-image aligncenter\">\n\t\t\t<img decoding=\"async\" src=\"https:\/\/nextrealitycontest.de\/wp-content\/uploads\/2025\/07\/Denish_Web-756x756.png\" alt=\"\"> \t\t<\/div>\n\t\t[\/vc_column][vc_column width=&#8220;1\/2&#8243;][vc_column_text]<\/p>\n<h2>Dinesh Punni<\/h2>\n<h4>Founder and CEO<br \/>\n<span style=\"color: #ffbb4d;\">immersive insiders\u00a0<\/span><\/h4>\n<p data-start=\"0\" data-end=\"144\"><a href=\"https:\/\/www.linkedin.com\/in\/dineshpunni\/\">Dinesh<\/a> ist XR-Trainer, Content Creator und CEO von Immersive Insiders mit \u00fcber 10 Jahren Erfahrung im Bereich Spatial Computing (AR\/VR).<\/p>\n<p data-start=\"146\" data-end=\"380\">Seine XR-Karriere begann 2016 als Entwickler. Heute arbeitet er eng mit Meta zusammen und ist einer ihrer wichtigsten Partner, um das Entwickler-\u00d6kosystem sowie Unternehmenskunden aus Automobil-, Mode- und Tech-Branche zu erreichen.<\/p>\n<p data-start=\"382\" data-end=\"524\">Er hat bei TEDx, dem Harvard Business Review und der AWE gesprochen und teilt seine Einblicke mit \u00fcber 70.000 XR-Followern auf Social Media.<\/p>\n<p data-start=\"526\" data-end=\"738\">Dinesh organisiert die XR Creator Con (XRCC) \u2013 Europas gr\u00f6\u00dften XR-Hackathon \u2013 und hat XRCC Online ins Leben gerufen, den weltweit gr\u00f6\u00dften XR-Hackathon mit \u00fcber 3.400 Teilnehmer:innen und mehr als 200 Projekten.<\/p>\n<p data-start=\"740\" data-end=\"831\" data-is-last-node=\"\" data-is-only-node=\"\">Seine Mission: XR-Unternehmen und Community zusammenzubringen, um die Zukunft zu gestalten.<\/p>\n<p>[\/vc_column_text][\/vc_column][\/vc_row][vc_row][vc_column width=&#8220;1\/2&#8243;][vc_column_text]<\/p>\n<h2>Dorjee Lhamo Gerhard<\/h2>\n<h4><span style=\"font-weight: 400;\">Senior Concept Creative &amp; Copywriter<\/span><br \/>\n<span style=\"color: #ffbb4d;\"><span style=\"font-weight: 400;\">TBWA Z\u00fcrich<\/span><\/span><\/h4>\n<p><span style=\"font-weight: 400;\"><a href=\"https:\/\/www.linkedin.com\/in\/dorlha\/\">Dorjee<\/a> denkt Marketing mit Fokus auf Community, Relevanz und Innovation. Seit 2021 ist sie als Concept Creative und Copywriterin in der kreativen Werbebranche t\u00e4tig und hat unter anderem Kampagnen f\u00fcr Nintendo, Paramount, Spotify, Warner Bros. und YouTube realisiert. Als Expertin f\u00fcr Culture Marketing entwickelt sie kreative Strategien und Kampagnen, die Marken mit Communities und Next-Gen-Consumers verbinden. Nebenbei ist sie als Speakerin f\u00fcr die Schnittstelle von Medien und Diversit\u00e4t wirksam, dabei greift sie auf die Erfahrung aus ihrer Arbeit als freie Journalistin und ehemalige Referentin f\u00fcr politische Bildung zur\u00fcck. Ihr Ziel ist es, die Medienlandschaft kreativ und vielf\u00e4ltig zu pr\u00e4gen.<\/span>[\/vc_column_text][\/vc_column][vc_column width=&#8220;1\/2&#8243;]\t\t\t<hr class=\"qt-spacer-m\">\n\t\t\t\t<div class=\"qt-short-image aligncenter\">\n\t\t\t<img decoding=\"async\" src=\"https:\/\/nextrealitycontest.de\/wp-content\/uploads\/2025\/08\/Dorjee_Web-756x756.png\" alt=\"\"> \t\t<\/div>\n\t\t[\/vc_column][\/vc_row][vc_row][vc_column width=&#8220;1\/2&#8243;]\t\t\t<hr class=\"qt-spacer-l\">\n\t\t\t\t<div class=\"qt-short-image aligncenter\">\n\t\t\t<img decoding=\"async\" src=\"https:\/\/nextrealitycontest.de\/wp-content\/uploads\/2025\/03\/Patrick_Web_25-756x756.png\" alt=\"\"> \t\t<\/div>\n\t\t[\/vc_column][vc_column width=&#8220;1\/2&#8243;][vc_column_text]<\/p>\n<h2>Prof. Dr. Patrick Rupert-Kruse<\/h2>\n<h4>Professur f\u00fcr Medientheorie und Immersionsforschung<br \/>\nInstitut f\u00fcr immersive Medien am Fachbereich Medien<br \/>\n<span style=\"color: #ffbb4d;\">Fachhochschule Kiel<\/span><\/h4>\n<div dir=\"ltr\">\n<p><span style=\"font-weight: 400;\"><a href=\"http:\/\/www.linkedin.com\/in\/patrick-rupert-kruse-a007b2276\">Patrick<\/a> ist seit 2014 Inhaber der Professur f\u00fcr Medientheorie und Immersionsforschung am Fachbereich Medien der Fachhochschule Kiel, zudem ist er Leiter des Instituts f\u00fcr immersive Medien (ifim) und Co-Leiter des Interdisziplin\u00e4ren Labors f\u00fcr Immersionsforschung (LINK). Seit 2023 ist er au\u00dferdem Vorstandsvorsitzender der Gesellschaft f\u00fcr immersive Medien Schleswig-Holstein und setzt sich f\u00fcr die Vermittlung von Kompetenzen im Umgang mit immersiven Medien f\u00fcr Unternehmen, Institutionen und die Gesellschaft ein.<\/span><\/p>\n<p><span style=\"font-weight: 400;\">Seine Forschungs- und Arbeitsschwerpunkte sind \u00c4sthetik und Design immersiver Medien, Immersive und Transmedia Storytelling.<\/span><\/p>\n<\/div>\n<p>[\/vc_column_text][\/vc_column][\/vc_row][vc_row][vc_column width=&#8220;1\/2&#8243;][vc_column_text]<\/p>\n<h2>Jean-Philippe Tonyigah<\/h2>\n<h4>Lead<br \/>\n<span style=\"color: #ffbb4d;\"><span style=\"font-weight: 400;\">Sparkassen Innovation Hub<\/span><\/span><\/h4>\n<p><span style=\"font-weight: 400;\"><a href=\"https:\/\/www.linkedin.com\/in\/jean-philippe-tonyigah\/\">Jean-Philippe<\/a> (kurz JP)<\/span>\u00a0ist seit \u00fcber f\u00fcnf Jahren im Kontext der Sparkassen-Finanzgruppe im Banking-Umfeld t\u00e4tig und gestaltet dort aktiv die digitale Transformation. Zun\u00e4chst arbeitete er im Sparkassen Innovation Hub, dem zentralen Innovationslabor der Sparkassen. Dort untersuchte er unter anderem die Potenziale von Technologien wie Extended Reality (XR) und K\u00fcnstlicher Intelligenz, entwickelte nutzerzentrierte Prototypen und baute ein breites Partnernetzwerk mit Tech- und FinTech-Akteuren auf.<\/p>\n<p dir=\"auto\">Seit 2025 ist <span class=\"il\">JP<\/span> Abteilungsleiter AI Applications bei der Finanz Informatik. In dieser Rolle verantwortet er den Aufbau und die Weiterentwicklung zentraler generativer KI-L\u00f6sungen, mit dem Ziel, den digitalen Arbeitsplatz in den Sparkassen nachhaltig zu transformieren und Zukunftstechnologien in der Fl\u00e4che wirksam zu machen<\/p>\n<p>[\/vc_column_text][\/vc_column][vc_column width=&#8220;1\/2&#8243;]\t\t\t<hr class=\"qt-spacer-m\">\n\t\t\t\t<div class=\"qt-short-image aligncenter\">\n\t\t\t<img decoding=\"async\" src=\"https:\/\/nextrealitycontest.de\/wp-content\/uploads\/2025\/03\/JP_Web_25-756x756.png\" alt=\"\"> \t\t<\/div>\n\t\t[\/vc_column][\/vc_row][vc_row][vc_column width=&#8220;1\/2&#8243;]\t\t<div class=\"qt-short-image aligncenter\">\n\t\t\t<img decoding=\"async\" src=\"https:\/\/nextrealitycontest.de\/wp-content\/uploads\/2025\/07\/Insa_Web-756x756.png\" alt=\"\"> \t\t<\/div>\n\t\t[\/vc_column][vc_column width=&#8220;1\/2&#8243;][vc_column_text]<\/p>\n<h2>Insa Hollenberg<\/h2>\n<p><span style=\"font-weight: 400;\">Head of Strategy <\/span><span style=\"font-weight: 400;\"><br \/>\n<\/span><span style=\"color: #ffbb4d;\"><span style=\"font-weight: 400;\">headraft GmbH\u00a0<\/span><\/span><\/p>\n<p><a href=\"https:\/\/www.linkedin.com\/in\/insa-hollenberg\/\">Insa<\/a> ist Head of Strategy bei der immersiven Agentur headraft. Sie verbindet die Needs der Kunden mit interdisziplin\u00e4rem Wissen aus den Bereichen Human-Computer-Interaction und Communication Design. Mit ihrem umfassenden Wissen \u00fcber Creative Technology und deren didaktische Nutzung ber\u00e4t sie, wie Inhalte und Botschaften in interaktives Storytelling verwandelt werden k\u00f6nnen, das eine tiefe Verbindung von Community und Marke schafft.[\/vc_column_text][\/vc_column][\/vc_row][vc_row disable_element=&#8220;yes&#8220;][vc_column width=&#8220;1\/2&#8243;][vc_column_text]<\/p>\n<h2><span style=\"font-weight: 400;\">Prof. Dr. <\/span><span style=\"font-weight: 400;\">Alexander<\/span><span style=\"font-weight: 400;\"> Kutter<\/span><\/h2>\n<h4><span style=\"font-weight: 400;\">Professor f\u00fcr Immersive Technologien und CTO<br \/>\n<\/span><span style=\"color: #ffbb4d;\">VR Insight GmbH<\/span><\/h4>\n<p><span style=\"font-weight: 400;\">Alexander <\/span><span style=\"font-weight: 400;\">ist derzeit Professor an der Technischen Hochschule Ostwestfalen-Lippe am KreativInstitut. OWL und besch\u00e4ftigt sich in Forschung und Lehre mit den Themen VR\/AR\/XR, aber auch Spatial Computing, Metaverse und Themen darum herum (3D Scanning, Rendering, etc.). Zudem war er der technische Gesch\u00e4ftsf\u00fchrer der VR Nerds GmbH und ist es jetzt f\u00fcr die VR Insight GmbH. Sein Weg bis dorthin war alles andere als &#8222;klassisch&#8220;. Er studierte Lebensmittelverfahrenstechnik an der TUM Weihenstephan, wurde im Bereich Str\u00f6mungsmechanik und Rheologie promoviert und arbeitete bei der tesa SE in der Entwicklung. In dieser Zeit entdeckte er die Leidenschaft f\u00fcr Virtual Reality, in der er diese sowohl bei tesa einsetzte, aber auch zwei Start-Ups gr\u00fcndete und dabei diverse Entwicklungs- und Beratungsprojekte umsetzte. Mit der Professur kann er nun Akademie und Anwendung und das Beste aus beiden Welten vereinen.<\/span><span style=\"font-weight: 400;\"><br \/>\n<\/span>[\/vc_column_text][\/vc_column][vc_column width=&#8220;1\/2&#8243;]\t\t<div class=\"qt-short-image aligncenter\">\n\t\t\t<img decoding=\"async\" src=\"https:\/\/nextrealitycontest.de\/wp-content\/uploads\/2024\/06\/Alex_Web-756x756.png\" alt=\"\"> \t\t<\/div>\n\t\t[\/vc_column][\/vc_row][vc_row disable_element=&#8220;yes&#8220;][vc_column width=&#8220;1\/2&#8243;][vc_column_text]<\/p>\n<h2>Christoph Spinger<\/h2>\n<h4>Developer Immersive Products<br \/>\nAR\/VR Software Engineer<br \/>\n<span style=\"color: #ffbb4d;\">Axel Springer\u00a0<\/span><\/h4>\n<p>Christoph ist seit 2012 in der XR-Szene in unterschiedlichen Rollen aktiv und war Mitbegr\u00fcnder der VR-Nerds in Hamburg. Seit 2022 ist Christoph bei Axel Springer in Berlin als Developer f\u00fcr XR-Systeme t\u00e4tig und erforscht die Zukunft von immersiven Medien.[\/vc_column_text][\/vc_column][vc_column width=&#8220;1\/2&#8243;]\t\t<div class=\"qt-short-image aligncenter\">\n\t\t\t<img decoding=\"async\" src=\"https:\/\/nextrealitycontest.de\/wp-content\/uploads\/2023\/03\/Chris_Web-756x756.png\" alt=\"\"> \t\t<\/div>\n\t\t[\/vc_column][\/vc_row][vc_row disable_element=&#8220;yes&#8220;][vc_column width=&#8220;1\/2&#8243;]\t\t<div class=\"qt-short-image aligncenter\">\n\t\t\t<img decoding=\"async\" src=\"https:\/\/nextrealitycontest.de\/wp-content\/uploads\/2023\/06\/Oliver-Web-756x756.png\" alt=\"\"> \t\t<\/div>\n\t\t[\/vc_column][vc_column width=&#8220;1\/2&#8243;][vc_column_text]<\/p>\n<h2>Oliver Heidorn<\/h2>\n<h4>Director Creative Technology<br \/>\n<span style=\"color: #ffbb4d;\">Grabartz &amp; Partner<\/span><\/h4>\n<p>Vor 20 Jahren begann Oliver, studierter Journalist und Kulturwissenschaftler, Geschichten f\u00fcr Marken zu erz\u00e4hlen. Zun\u00e4chst als Texter, sp\u00e4ter als CD und ECD mit Stationen bei Springer &amp; Jacoby, Kolle Rebbe, GGH MullenLowe, JMP Space und Grabarz &amp; Partner. Im Laufe der Jahre erweiterte er sein Spielfeld um immer neue digitale Medien. Oliver ist mit \u00fcber 40 nationalen und internationalen Kreativpreisen ausgezeichnet. Seit f\u00fcnf Jahre ist er Creative Technologist und verbindet Storytelling, Creative Coding und Hardware-Prototyping in Apps, Gaming, AI, Data, Computer Vision, XR und kreativen Produkten. Seit einem Jahr leitet Oliver den XR Innovation Track bei G&amp;P als Kooperationspartner von NextReality. Au\u00dferdem ist er der Gr\u00fcnder (und Coder) des Data-Awareness-Projekts prettypara.site[\/vc_column_text][\/vc_column][\/vc_row]<\/p>\n<\/section>","protected":false},"excerpt":{"rendered":"<p>[vc_row][vc_column width=&#8220;1\/2&#8243;][vc_column_text] Gabriel Rinaldi Redakteur S\u00fcddeutsche Zeitung Dossier Gabriel ist seit Juli 2023 Redakteur bei S\u00fcddeutsche Zeitung Dossier. Er ist Co-Autor des Briefings \u201ePlatz der Republik\u201c und berichtet \u00fcber die Hauptstadtpolitik. Zuvor war er Reporter im Berliner B\u00fcro von POLITICO und arbeitete unter anderem f\u00fcr Washington Post, SPIEGEL und Frankfurter [&hellip;]<\/p>\n","protected":false},"author":4,"featured_media":0,"parent":2786,"menu_order":0,"comment_status":"closed","ping_status":"closed","template":"","meta":{"_acf_changed":false,"footnotes":""},"acf":[],"yoast_head":"<!-- This site is optimized with the Yoast SEO plugin v21.9.1 - https:\/\/yoast.com\/wordpress\/plugins\/seo\/ -->\n<title>Juror:innen 2025 - nextReality.Contest<\/title>\n<meta name=\"robots\" content=\"index, follow, max-snippet:-1, max-image-preview:large, max-video-preview:-1\" \/>\n<link rel=\"canonical\" href=\"https:\/\/nextrealitycontest.de\/de\/jury\/jurorinnen-2025\/\" \/>\n<meta property=\"og:locale\" content=\"de_DE\" \/>\n<meta property=\"og:type\" content=\"article\" \/>\n<meta property=\"og:title\" content=\"Juror:innen 2025 - nextReality.Contest\" \/>\n<meta property=\"og:description\" content=\"[vc_row][vc_column width=&#8220;1\/2&#8243;][vc_column_text] Gabriel Rinaldi Redakteur S\u00fcddeutsche Zeitung Dossier Gabriel ist seit Juli 2023 Redakteur bei S\u00fcddeutsche Zeitung Dossier. Er ist Co-Autor des Briefings \u201ePlatz der Republik\u201c und berichtet \u00fcber die Hauptstadtpolitik. Zuvor war er Reporter im Berliner B\u00fcro von POLITICO und arbeitete unter anderem f\u00fcr Washington Post, SPIEGEL und Frankfurter [&hellip;]\" \/>\n<meta property=\"og:url\" content=\"https:\/\/nextrealitycontest.de\/de\/jury\/jurorinnen-2025\/\" \/>\n<meta property=\"og:site_name\" content=\"nextReality.Contest\" \/>\n<meta property=\"article:modified_time\" content=\"2025-08-05T08:12:28+00:00\" \/>\n<meta name=\"twitter:card\" content=\"summary_large_image\" \/>\n<meta name=\"twitter:label1\" content=\"Gesch\u00e4tzte Lesezeit\" \/>\n\t<meta name=\"twitter:data1\" content=\"7\u00a0Minuten\" \/>\n<script type=\"application\/ld+json\" class=\"yoast-schema-graph\">{\"@context\":\"https:\/\/schema.org\",\"@graph\":[{\"@type\":\"WebPage\",\"@id\":\"https:\/\/nextrealitycontest.de\/de\/jury\/jurorinnen-2025\/\",\"url\":\"https:\/\/nextrealitycontest.de\/de\/jury\/jurorinnen-2025\/\",\"name\":\"Juror:innen 2025 - nextReality.Contest\",\"isPartOf\":{\"@id\":\"https:\/\/nextrealitycontest.de\/de\/#website\"},\"datePublished\":\"2025-03-10T15:43:09+00:00\",\"dateModified\":\"2025-08-05T08:12:28+00:00\",\"breadcrumb\":{\"@id\":\"https:\/\/nextrealitycontest.de\/de\/jury\/jurorinnen-2025\/#breadcrumb\"},\"inLanguage\":\"de\",\"potentialAction\":[{\"@type\":\"ReadAction\",\"target\":[\"https:\/\/nextrealitycontest.de\/de\/jury\/jurorinnen-2025\/\"]}]},{\"@type\":\"BreadcrumbList\",\"@id\":\"https:\/\/nextrealitycontest.de\/de\/jury\/jurorinnen-2025\/#breadcrumb\",\"itemListElement\":[{\"@type\":\"ListItem\",\"position\":1,\"name\":\"Startseite\",\"item\":\"https:\/\/nextrealitycontest.de\/de\/\"},{\"@type\":\"ListItem\",\"position\":2,\"name\":\"Die Jury\",\"item\":\"https:\/\/nextrealitycontest.de\/de\/jury\/\"},{\"@type\":\"ListItem\",\"position\":3,\"name\":\"Juror:innen 2025\"}]},{\"@type\":\"WebSite\",\"@id\":\"https:\/\/nextrealitycontest.de\/de\/#website\",\"url\":\"https:\/\/nextrealitycontest.de\/de\/\",\"name\":\"nextReality.Contest\",\"description\":\"Der Preis f\u00fcr Immersive Medien in Deutschland\",\"potentialAction\":[{\"@type\":\"SearchAction\",\"target\":{\"@type\":\"EntryPoint\",\"urlTemplate\":\"https:\/\/nextrealitycontest.de\/de\/?s={search_term_string}\"},\"query-input\":\"required name=search_term_string\"}],\"inLanguage\":\"de\"}]}<\/script>\n<!-- \/ Yoast SEO plugin. -->","yoast_head_json":{"title":"Juror:innen 2025 - nextReality.Contest","robots":{"index":"index","follow":"follow","max-snippet":"max-snippet:-1","max-image-preview":"max-image-preview:large","max-video-preview":"max-video-preview:-1"},"canonical":"https:\/\/nextrealitycontest.de\/de\/jury\/jurorinnen-2025\/","og_locale":"de_DE","og_type":"article","og_title":"Juror:innen 2025 - nextReality.Contest","og_description":"[vc_row][vc_column width=&#8220;1\/2&#8243;][vc_column_text] Gabriel Rinaldi Redakteur S\u00fcddeutsche Zeitung Dossier Gabriel ist seit Juli 2023 Redakteur bei S\u00fcddeutsche Zeitung Dossier. Er ist Co-Autor des Briefings \u201ePlatz der Republik\u201c und berichtet \u00fcber die Hauptstadtpolitik. Zuvor war er Reporter im Berliner B\u00fcro von POLITICO und arbeitete unter anderem f\u00fcr Washington Post, SPIEGEL und Frankfurter [&hellip;]","og_url":"https:\/\/nextrealitycontest.de\/de\/jury\/jurorinnen-2025\/","og_site_name":"nextReality.Contest","article_modified_time":"2025-08-05T08:12:28+00:00","twitter_card":"summary_large_image","twitter_misc":{"Gesch\u00e4tzte Lesezeit":"7\u00a0Minuten"},"schema":{"@context":"https:\/\/schema.org","@graph":[{"@type":"WebPage","@id":"https:\/\/nextrealitycontest.de\/de\/jury\/jurorinnen-2025\/","url":"https:\/\/nextrealitycontest.de\/de\/jury\/jurorinnen-2025\/","name":"Juror:innen 2025 - nextReality.Contest","isPartOf":{"@id":"https:\/\/nextrealitycontest.de\/de\/#website"},"datePublished":"2025-03-10T15:43:09+00:00","dateModified":"2025-08-05T08:12:28+00:00","breadcrumb":{"@id":"https:\/\/nextrealitycontest.de\/de\/jury\/jurorinnen-2025\/#breadcrumb"},"inLanguage":"de","potentialAction":[{"@type":"ReadAction","target":["https:\/\/nextrealitycontest.de\/de\/jury\/jurorinnen-2025\/"]}]},{"@type":"BreadcrumbList","@id":"https:\/\/nextrealitycontest.de\/de\/jury\/jurorinnen-2025\/#breadcrumb","itemListElement":[{"@type":"ListItem","position":1,"name":"Startseite","item":"https:\/\/nextrealitycontest.de\/de\/"},{"@type":"ListItem","position":2,"name":"Die Jury","item":"https:\/\/nextrealitycontest.de\/de\/jury\/"},{"@type":"ListItem","position":3,"name":"Juror:innen 2025"}]},{"@type":"WebSite","@id":"https:\/\/nextrealitycontest.de\/de\/#website","url":"https:\/\/nextrealitycontest.de\/de\/","name":"nextReality.Contest","description":"Der Preis f\u00fcr Immersive Medien in Deutschland","potentialAction":[{"@type":"SearchAction","target":{"@type":"EntryPoint","urlTemplate":"https:\/\/nextrealitycontest.de\/de\/?s={search_term_string}"},"query-input":"required name=search_term_string"}],"inLanguage":"de"}]}},"publishpress_future_action":{"enabled":false,"date":"2026-05-06 18:39:02","action":"draft","terms":[],"taxonomy":""},"_links":{"self":[{"href":"https:\/\/nextrealitycontest.de\/de\/wp-json\/wp\/v2\/pages\/5797"}],"collection":[{"href":"https:\/\/nextrealitycontest.de\/de\/wp-json\/wp\/v2\/pages"}],"about":[{"href":"https:\/\/nextrealitycontest.de\/de\/wp-json\/wp\/v2\/types\/page"}],"author":[{"embeddable":true,"href":"https:\/\/nextrealitycontest.de\/de\/wp-json\/wp\/v2\/users\/4"}],"replies":[{"embeddable":true,"href":"https:\/\/nextrealitycontest.de\/de\/wp-json\/wp\/v2\/comments?post=5797"}],"version-history":[{"count":34,"href":"https:\/\/nextrealitycontest.de\/de\/wp-json\/wp\/v2\/pages\/5797\/revisions"}],"predecessor-version":[{"id":6074,"href":"https:\/\/nextrealitycontest.de\/de\/wp-json\/wp\/v2\/pages\/5797\/revisions\/6074"}],"up":[{"embeddable":true,"href":"https:\/\/nextrealitycontest.de\/de\/wp-json\/wp\/v2\/pages\/2786"}],"wp:attachment":[{"href":"https:\/\/nextrealitycontest.de\/de\/wp-json\/wp\/v2\/media?parent=5797"}],"curies":[{"name":"wp","href":"https:\/\/api.w.org\/{rel}","templated":true}]}}