{"id":2249,"date":"2020-12-11T12:53:44","date_gmt":"2020-12-11T10:53:44","guid":{"rendered":"https:\/\/nextrealitycontest.de\/?page_id=2249"},"modified":"2021-11-15T21:11:26","modified_gmt":"2021-11-15T19:11:26","slug":"winner-2020","status":"publish","type":"page","link":"https:\/\/nextrealitycontest.de\/de\/winner\/winner-2020\/","title":{"rendered":"Gewinner:innen 2020"},"content":{"rendered":"<section class=\"wpb-content-wrapper\"><p>[vc_row][vc_column]\t\t<h2 id=\"qttabsdcbbdca-interactive-business\" class=\"qt-center qt-qttabsdcbbdca-interactive-business qt-textfx-wrap qt-fontsize-h1\">\n\t\t\t\t\t\t\t\t\n\t\t\t\t\t<span class=\"qt-txtfx qt-txtfx--newyork\">Interactive Business<span data-letters=\"Interactive Business\"><\/span><span data-letters=\"Interactive Business\"><\/span><\/span>\n\t\t\t\t\t\t\t<\/h2>\n\t\t\t\t<div data-kentha-customstyles=\"\/* Shortcode dynamically generated CSS *\/\n\t\t\t\t\t.qt-qttabsdcbbdca-interactive-business .qt-txtfx--newyork { color: #ffffff}\n\t\t\t\t\t.qt-qttabsdcbbdca-interactive-business .qt-txtfx--newyork span::before { color: #ffffff}\n\t\t\t\t\t.qt-qttabsdcbbdca-interactive-business .qt-txtfx--newyork::before { background: #faaf2d}\"><\/div>\n\t\t[vc_row_inner][vc_column_inner width=&#8220;1\/2&#8243;]\t\t<div class=\"qt-short-image aligncenter\">\n\t\t\t<img decoding=\"async\" src=\"https:\/\/nextrealitycontest.de\/wp-content\/uploads\/2020\/10\/XRC2020_Nominierte_InteractiveBusiness_VirtualProductionStudio-1600x1317.png\" alt=\"\"> \t\t<\/div>\n\t\t[vc_empty_space height=&#8220;60px&#8220;][vc_column_text]<\/p>\n<h4>Ebenfalls nominiert<\/h4>\n<p><strong>Das virtuelle Exponat<\/strong><br \/>\nSXCES, Hamburg<\/p>\n<p><strong>Lufthansa Group: Virtual Aviation Training<\/strong><br \/>\nNMY Mixed-Reality Communication GmbH, Frankfurt[\/vc_column_text][\/vc_column_inner][vc_column_inner width=&#8220;1\/2&#8243;][vc_column_text]<\/p>\n<h2>Virtual Production Studio<\/h2>\n<h4>Bizzlogic, The Curve und Redpiniata, Hamburg<\/h4>\n<p>Virtual Production beschreibt eine Video Produktion in einem LED-Studio. Sie erm\u00f6glicht es Filmregisseuren, ihre Talente und Produkte an jeglichen Ort zu transportieren, ohne jemals das Filmstudio zu verlassen zu m\u00fcssen. Hierdurch entf\u00e4llt die Notwendigkeit f\u00fcr Dreharbeiten vor Ort.<br \/>\nStudioaufnahmen werden mit einer \u201egetrackten\u201c Kamera vor einer gro\u00dfen LED-Wand durchgef\u00fchrt, w\u00e4hrend sich der virtuelle Hintergrund in Echtzeit an die Position der Kamera anpasst. Diese professionelle L\u00f6sung kann unter anderem f\u00fcr Live-Veranstaltungen, Rundfunk, Film, TV-Shows, Werbespots, Musikvideos und Werbung eingesetzt werden. Gemeinsam mit unseren Partnern von The Curve Studio und Redpinata geh\u00f6ren wir zu den ersten Studios weltweit, die diese Technologie beherrschen.[\/vc_column_text][\/vc_column_inner][\/vc_row_inner][\/vc_column][\/vc_row][vc_row][vc_column][vc_empty_space height=&#8220;60px&#8220;]\t\t<h2 id=\"qttabsdcbb-interactive-entertainment\" class=\"qt-center qt-qttabsdcbb-interactive-entertainment qt-textfx-wrap qt-fontsize-h1\">\n\t\t\t\t\t\t\t\t\n\t\t\t\t\t<span class=\"qt-txtfx qt-txtfx--newyork\">Interactive Entertainment<span data-letters=\"Interactive Entertainment\"><\/span><span data-letters=\"Interactive Entertainment\"><\/span><\/span>\n\t\t\t\t\t\t\t<\/h2>\n\t\t\t\t<div data-kentha-customstyles=\"\/* Shortcode dynamically generated CSS *\/\n\t\t\t\t\t.qt-qttabsdcbb-interactive-entertainment .qt-txtfx--newyork { color: #ffffff}\n\t\t\t\t\t.qt-qttabsdcbb-interactive-entertainment .qt-txtfx--newyork span::before { color: #ffffff}\n\t\t\t\t\t.qt-qttabsdcbb-interactive-entertainment .qt-txtfx--newyork::before { background: #faaf2d}\"><\/div>\n\t\t[vc_row_inner][vc_column_inner width=&#8220;1\/2&#8243;][vc_column_text]<\/p>\n<h2>Blautopf VR<\/h2>\n<h4>Tellux GmbH M\u00fcnchen<\/h4>\n<p>Der Blautopf! Ein Ort der Mythen und Legenden.<br \/>\nNur wenige wagemutige Forscher haben es jemals gewagt, das weit verzweigte H\u00f6hlensystem unter der Schw\u00e4bischen Alb zu erkunden. Und jetzt bist Du an der Reihe!<br \/>\nMit BLAUTOPF VR &#8211; GEHEIMNIS DER LAU gehst Du selbst auf Expedition und erlebst erstmals diese faszinierende und verborgene H\u00f6hlenwelt in virtueller Realit\u00e4t.<br \/>\nAber die Wissenschaft vergisst gerne, dass Mythen oft einen wahren Kern haben &#8211; und was so wissenschaftlich beginnt, wird bald zu einem Erlebnis der dritten Art. Denn Eduard M\u00f6rikes &#8222;Sch\u00f6ne Lau&#8220; ist nicht nur eine M\u00e4rchenfigur &#8230;<br \/>\nSo erwacht das photogrammetrisch genau abgebildete Blauh\u00f6hlensystem in der HTC Vive zum Schauplatz eines ebenso unheimlichen wie lehrreichen Abenteuers. Au\u00dferdem kann die H\u00f6hlenwelt auch durch Oculus GO sowie mobil und im Web erlebt werden.<br \/>\nEine TELLUX next \/ SWR \/ kohelet 3 \/ IT MEDIA \u2013 Koproduktion gef\u00f6rdert durch MFG Baden-W\u00fcrttemberg und FFF Bayern[\/vc_column_text][\/vc_column_inner][vc_column_inner width=&#8220;1\/2&#8243;]\t\t<div class=\"qt-short-image aligncenter\">\n\t\t\t<img decoding=\"async\" src=\"https:\/\/nextrealitycontest.de\/wp-content\/uploads\/2020\/10\/XRC2020_Nominierte_InteractiveEntertainment_BlautopfVR-1600x1317.png\" alt=\"\"> \t\t<\/div>\n\t\t[vc_empty_space height=&#8220;60px&#8220;][vc_column_text]<\/p>\n<h4>Ebenfalls nominiert<\/h4>\n<p><strong>Build with the Force<\/strong><br \/>\nServiceplan, Hamburg<\/p>\n<p><strong>Adventure Soil Life<\/strong><br \/>\n.hapto GmbH, K\u00f6ln[\/vc_column_text][\/vc_column_inner][\/vc_row_inner][\/vc_column][\/vc_row][vc_row][vc_column][vc_empty_space height=&#8220;60px&#8220;]\t\t<h2 id=\"qttabsdcbbc--grad-movie\" class=\"qt-center qt-qttabsdcbbc--grad-movie qt-textfx-wrap qt-fontsize-h1\">\n\t\t\t\t\t\t\t\t\n\t\t\t\t\t<span class=\"qt-txtfx qt-txtfx--newyork\">360 Grad Movie<span data-letters=\"360 Grad Movie\"><\/span><span data-letters=\"360 Grad Movie\"><\/span><\/span>\n\t\t\t\t\t\t\t<\/h2>\n\t\t\t\t<div data-kentha-customstyles=\"\/* Shortcode dynamically generated CSS *\/\n\t\t\t\t\t.qt-qttabsdcbbc--grad-movie .qt-txtfx--newyork { color: #ffffff}\n\t\t\t\t\t.qt-qttabsdcbbc--grad-movie .qt-txtfx--newyork span::before { color: #ffffff}\n\t\t\t\t\t.qt-qttabsdcbbc--grad-movie .qt-txtfx--newyork::before { background: #faaf2d}\"><\/div>\n\t\t[vc_row_inner][vc_column_inner width=&#8220;1\/2&#8243;]\t\t<div class=\"qt-short-image aligncenter\">\n\t\t\t<img decoding=\"async\" src=\"https:\/\/nextrealitycontest.de\/wp-content\/uploads\/2020\/10\/XRC2020_Nominierte_360_1stStep-1600x1317.png\" alt=\"\"> \t\t<\/div>\n\t\t[vc_empty_space height=&#8220;60px&#8220;][vc_column_text]<\/p>\n<h4>Ebenfalls nominiert<\/h4>\n<p><strong>Zeitreise 1945 \u2013 Virtueller Gang durch Frankfurt am Main bei Kriegsende<\/strong><br \/>\npimento medienproduktions GmbH, Berlin<\/p>\n<p><strong>Find me in Paris<\/strong><br \/>\nZDF, Mainz[\/vc_column_text][\/vc_column_inner][vc_column_inner width=&#8220;1\/2&#8243;][vc_column_text]<\/p>\n<h2>1st step<\/h2>\n<h4>Faber Courtial, Darmstadt<\/h4>\n<p>\u201c1st Step\u201d erz\u00e4hlt die magische Geschichte eines wahr gewordenen Traumes: der Apollo Missionen. Erstmals k\u00f6nnen die Mondmissionen so erlebt werden wie die Astronauten sie durch ihre eigenen Augen gesehen haben. So erlebt der Zuschauer nicht nur visuell die faszinierende Geschichte der Missionen vom Start der Rakete bis hin zur R\u00fcckkehr Seite an Seite mit den Astronauten, er empfindet auch wahrhaft selbst deren Eindr\u00fccke, wie die Einsamkeit im dunklen Orbit des Mondes oder die atemberaubende Sch\u00f6nheit der Erde.<br \/>\nDurch den Film &#8211; welcher mit ultra-realistischen Settings aufwartet, die auf Basis von NASA-Originaldaten bis ins nahezu kleinste Detail in 3D rekonstruiert wurden &#8211; wird es erstmals m\u00f6glich, die extremen Dimensionen der Missionen so wahrzunehmen, wie diese von den Astronauten tats\u00e4chlich erlebt wurden. Was bis dato unz\u00e4hlige Fotografien und Filme nicht schafften, kann nun, nach 50 Jahren, r\u00e4umlich tats\u00e4chlich erfahrbar werden.[\/vc_column_text][\/vc_column_inner][\/vc_row_inner][\/vc_column][\/vc_row][vc_row][vc_column][vc_empty_space height=&#8220;60px&#8220;]\t\t<h2 id=\"qttabsdcbbfeb-young-talent\" class=\"qt-center qt-qttabsdcbbfeb-young-talent qt-textfx-wrap qt-fontsize-h1\">\n\t\t\t\t\t\t\t\t\n\t\t\t\t\t<span class=\"qt-txtfx qt-txtfx--newyork\">Young Talent<span data-letters=\"Young Talent\"><\/span><span data-letters=\"Young Talent\"><\/span><\/span>\n\t\t\t\t\t\t\t<\/h2>\n\t\t\t\t<div data-kentha-customstyles=\"\/* Shortcode dynamically generated CSS *\/\n\t\t\t\t\t.qt-qttabsdcbbfeb-young-talent .qt-txtfx--newyork { color: #ffffff}\n\t\t\t\t\t.qt-qttabsdcbbfeb-young-talent .qt-txtfx--newyork span::before { color: #ffffff}\n\t\t\t\t\t.qt-qttabsdcbbfeb-young-talent .qt-txtfx--newyork::before { background: #faaf2d}\"><\/div>\n\t\t[vc_row_inner][vc_column_inner width=&#8220;1\/2&#8243;][vc_column_text]<\/p>\n<h2>Faceit: IPhoneX Blendshapes and Performance Capture in Blender<\/h2>\n<h4>Fynn Braren, Hamburg<\/h4>\n<p>Es handelt sich bei Faceit um eine Erweiterung f\u00fcr die Open-Source 3D Software Blender.<br \/>\nFaceit erm\u00f6glicht es K\u00fcnstlern auf der ganzen Welt und Indie Entwicklern mit kleinem Budget, beliebige 3D Charaktermodelle in hochqualitativen Motion Capture Aufnahmen zu verwenden. Dabei wird die beliebte und kosteng\u00fcnstige Facetracking L\u00f6sung aus dem Augmented Reality Kit f\u00fcr iOS Ger\u00e4te verwendet. Die ARKit L\u00f6sung geh\u00f6rt zu den beliebtesten weltweit und wird sowohl in Mixed Reality Anwendungen und Gameengines als auch in der virtuellen Filmproduktion verwendet werden.<br \/>\nFaceit erlaubt es die erforderlichen Mikro-Gesichtausdr\u00fccke in einem semi-automatischen Prozess zu erstellen und erspart K\u00fcnstler*innen damit wochenlange Arbeit.<br \/>\nDas Programm ist als Teil meiner Bachelorarbeit entstanden und in der Funktion derzeit einzigartig auf dem Markt.<br \/>\nFaceit wird aktiv weiterentwickelt, aber ist seit wenigen Tagen im blendermarket ver\u00f6ffentlicht.[\/vc_column_text][\/vc_column_inner][vc_column_inner width=&#8220;1\/2&#8243;]\t\t<div class=\"qt-short-image aligncenter\">\n\t\t\t<img decoding=\"async\" src=\"https:\/\/nextrealitycontest.de\/wp-content\/uploads\/2020\/10\/XRC2020_Nominierte_YoungTalent_FaceIt-1600x1317.png\" alt=\"\"> \t\t<\/div>\n\t\t[vc_empty_space height=&#8220;60px&#8220;][vc_column_text]<\/p>\n<h4>Ebenfalls nominiert<\/h4>\n<p><strong>SOFAR: Eine Interaktive VR Reise<\/strong><br \/>\nOscar Patzschke, Halle<\/p>\n<p><strong>Museum of Perception<\/strong><br \/>\nNiklas Blume, Lisa Lauer, Philip Ledul\u00e9, Manuel Peris, Dimitri Saenko, Oliver Stock, Alina Wingert, Kaiserslautern[\/vc_column_text][\/vc_column_inner][\/vc_row_inner][\/vc_column][\/vc_row][vc_row][vc_column][vc_empty_space height=&#8220;60px&#8220;]\t\t<h2 id=\"qttabsdcbbf-best-innovation\" class=\"qt-center qt-qttabsdcbbf-best-innovation qt-textfx-wrap qt-fontsize-h1\">\n\t\t\t\t\t\t\t\t\n\t\t\t\t\t<span class=\"qt-txtfx qt-txtfx--newyork\">Best Innovation<span data-letters=\"Best Innovation\"><\/span><span data-letters=\"Best Innovation\"><\/span><\/span>\n\t\t\t\t\t\t\t<\/h2>\n\t\t\t\t<div data-kentha-customstyles=\"\/* Shortcode dynamically generated CSS *\/\n\t\t\t\t\t.qt-qttabsdcbbf-best-innovation .qt-txtfx--newyork { color: #ffffff}\n\t\t\t\t\t.qt-qttabsdcbbf-best-innovation .qt-txtfx--newyork span::before { color: #ffffff}\n\t\t\t\t\t.qt-qttabsdcbbf-best-innovation .qt-txtfx--newyork::before { background: #faaf2d}\"><\/div>\n\t\t[vc_row_inner][vc_column_inner width=&#8220;1\/2&#8243;]\t\t<div class=\"qt-short-image aligncenter\">\n\t\t\t<img decoding=\"async\" src=\"https:\/\/nextrealitycontest.de\/wp-content\/uploads\/2020\/10\/XRC2020_Nominierte_BestInnovation_SwimVR-1600x1317.png\" alt=\"\"> \t\t<\/div>\n\t\t[vc_empty_space height=&#8220;60px&#8220;][vc_column_text]<\/p>\n<h4>Ebenfalls nominiert<\/h4>\n<p><strong>ARES: Augmented Reality Engineering Space<\/strong><br \/>\nHolo-Light, Ismaning<\/p>\n<p><strong>Hologate Blitz<\/strong><br \/>\nHOLOGATE GmbH, M\u00fcnchen[\/vc_column_text][\/vc_column_inner][vc_column_inner width=&#8220;1\/2&#8243;][vc_column_text]<\/p>\n<h2>Swim VR<\/h2>\n<h4>VR Coaster GmbH &amp; Co KG , Kaiserslautern<\/h4>\n<p>SWIM VR ist ein Schorchelerlebnis in virtueller Realit\u00e4t: In Schwimmb\u00e4dern schwimmen und dabei die Unterwasserwelt der sch\u00f6nsten Tauchpl\u00e4tzen der Welt erleben \u2013 das ist SWIM VR!<br \/>\nHierzu wird eine wasserdichte H\u00fclle f\u00fcr eine VR Brille genutzt. Der Benutzer kann die VR Brille direkt im Wasser benutzen. Zus\u00e4tzlich sollen in dem Erlebnis Str\u00f6mungspumpen genutzt werden, um dem Benutzer beim Tauchen unterschiedliche Geschwindigkeiten zu suggerieren.<br \/>\nAktuelle VR Systeme bieten eine hervorragende Bildqualit\u00e4t und kreieren f\u00fcr den Benutzer ein sehr immersives Erlebnis. Mit dem haptischen Element von echtem Wasser und der virtuellen Darstellung der Wasserwelten entsteht f\u00fcr den Benutzer ein einmaliges und sehr reales Taucherlebnis. Damit bringen wir den Ozean zu jedem und erm\u00f6glichen so die Faszination Unterwasserwelt auch jenen, die keine Fernreisen unternehmen k\u00f6nnen. Das sch\u00fctzt die Umwelt und bringt uns alle in ferne Welten![\/vc_column_text][\/vc_column_inner][\/vc_row_inner][\/vc_column][\/vc_row][vc_row][vc_column][vc_empty_space height=&#8220;60px&#8220;]\t\t<h2 id=\"qttabsdcbba-best-installation\" class=\"qt-center qt-qttabsdcbba-best-installation qt-textfx-wrap qt-fontsize-h1\">\n\t\t\t\t\t\t\t\t\n\t\t\t\t\t<span class=\"qt-txtfx qt-txtfx--newyork\">Best Installation<span data-letters=\"Best Installation\"><\/span><span data-letters=\"Best Installation\"><\/span><\/span>\n\t\t\t\t\t\t\t<\/h2>\n\t\t\t\t<div data-kentha-customstyles=\"\/* Shortcode dynamically generated CSS *\/\n\t\t\t\t\t.qt-qttabsdcbba-best-installation .qt-txtfx--newyork { color: #ffffff}\n\t\t\t\t\t.qt-qttabsdcbba-best-installation .qt-txtfx--newyork span::before { color: #ffffff}\n\t\t\t\t\t.qt-qttabsdcbba-best-installation .qt-txtfx--newyork::before { background: #faaf2d}\"><\/div>\n\t\t[vc_row_inner][vc_column_inner width=&#8220;1\/2&#8243;][vc_column_text]<\/p>\n<h2>Globetrotter das VR Abenteuer<\/h2>\n<h4>Globetrotter Ausr\u00fcstung GmbH, Hamburg<\/h4>\n<p>Globetrotter, der gr\u00f6\u00dfte Outdoor Ausr\u00fcster Deutschlands, feierte 40-j\u00e4hriges Jubil\u00e4um. Das Motto: \u201eWir feiern drau\u00dfen.\u201c Unsere Idee: Hyper Reality. Die Kombina- tion aus realen Gegenst\u00e4nden, Sound, Ruckelplatten, Klimaanlagen und Wind- maschinen und einer \u00e4u\u00dferst aufwendig gestalteten Virtual-Reality-Welt in einer transportablen, 36 qm gro\u00dfen Box, die durch Deutschland tourt. Eine Hyper- Reality-Installation, die ihresgleichen sucht und die Marke Globetrotter erleb- bar macht.<br \/>\nWir schickten jeweils zwei Teilnehmer, ausgestattet mit VR-Brille und mobilem Rucksack, in unseren Entdeckerraum \u2013 eine Art Museum aus 40 Jahren Globe- trotter-Geschichte. Mit der Unreal Engine konnten wir das h\u00f6chste Niveau an VR- Qualit\u00e4t erreichen, Finger-Tracking und binauraler 3D-Sound erzeugten oben- drein eine hohe Immersion. Sturm, Stein- schl\u00e4ge und Stege, die in die Tiefe brachen und schlie\u00dflich eine atemberaubende Ballonfahrt kr\u00f6nten dieses einzigartige Hyper-Reality-Abenteuer.[\/vc_column_text][\/vc_column_inner][vc_column_inner width=&#8220;1\/2&#8243;]\t\t<div class=\"qt-short-image aligncenter\">\n\t\t\t<img decoding=\"async\" src=\"https:\/\/nextrealitycontest.de\/wp-content\/uploads\/2020\/10\/XRC2020_Nominierte_BestInstallation_Globetrotter-1600x1317.png\" alt=\"\"> \t\t<\/div>\n\t\t[vc_empty_space height=&#8220;60px&#8220;][vc_column_text]<\/p>\n<h4>Ebenfalls nominiert<\/h4>\n<p><strong>Hologate Arena<\/strong><br \/>\nHOLOGATE GmbH, M\u00fcnchen<\/p>\n<p><strong>Build with the Force<\/strong><br \/>\nServiceplan, M\u00fcnchen[\/vc_column_text][\/vc_column_inner][\/vc_row_inner][\/vc_column][\/vc_row][vc_row][vc_column][vc_empty_space height=&#8220;60px&#8220;]\t\t<h2 id=\"qttabsdcbbcb-community-award\" class=\"qt-center qt-qttabsdcbbcb-community-award qt-textfx-wrap qt-fontsize-h1\">\n\t\t\t\t\t\t\t\t\n\t\t\t\t\t<span class=\"qt-txtfx qt-txtfx--newyork\">Community Award<span data-letters=\"Community Award\"><\/span><span data-letters=\"Community Award\"><\/span><\/span>\n\t\t\t\t\t\t\t<\/h2>\n\t\t\t\t<div data-kentha-customstyles=\"\/* Shortcode dynamically generated CSS *\/\n\t\t\t\t\t.qt-qttabsdcbbcb-community-award .qt-txtfx--newyork { color: #ffffff}\n\t\t\t\t\t.qt-qttabsdcbbcb-community-award .qt-txtfx--newyork span::before { color: #ffffff}\n\t\t\t\t\t.qt-qttabsdcbbcb-community-award .qt-txtfx--newyork::before { background: #faaf2d}\"><\/div>\n\t\t[vc_row_inner][vc_column_inner width=&#8220;1\/2&#8243;]\t\t<div class=\"qt-short-image aligncenter\">\n\t\t\t<img decoding=\"async\" src=\"https:\/\/nextrealitycontest.de\/wp-content\/uploads\/2020\/10\/XRC2020_Nominierte_CommunityAward_BeatTheBot-1-1600x1317.png\" alt=\"\"> \t\t<\/div>\n\t\t[vc_empty_space height=&#8220;60px&#8220;][vc_column_text]<\/p>\n<h4>Ebenfalls nominiert<\/h4>\n<p><strong>Epic Epidemic<\/strong><br \/>\nFinnB0, Bremen<\/p>\n<p><strong>XR Graph: math graphs in AR and VR<\/strong><br \/>\nJulius Neudecker und Marlon L\u00fcckert, Hamburg[\/vc_column_text][\/vc_column_inner][vc_column_inner width=&#8220;1\/2&#8243;][vc_column_text]<\/p>\n<h2>Virtuelles Verhandlungstraining: Beat the Bot<\/h2>\n<h4>InnoS\u00dcD Teilprojekt der Hochschule Neu-Ulm, Ulm<\/h4>\n<p>Wir reichen einen KI\/VR Prototyp f\u00fcr Verhandlungstrainings ein. Der Anwender befindet sich in einem Verhandlungspitch f\u00fcr Investitionsg\u00fcter. Der Nutzer schl\u00fcpft in die Rolle des Verk\u00e4ufers und verhandelt mit zwei virtuellen, KI-gesteuerten Agenten in der Rolle von Profi-Eink\u00e4ufern \u00fcber Spracherkennung. Dabei bringen die KI gesteuerten Profi-Eink\u00e4ufer Paul und John ihr Gegen\u00fcber ganz sch\u00f6n ins Schwitzen\u2026. doch Ringo \u2013der Coach- hilft dem Anwender dabei, schwierige Verhandlungssituationen erfolgreich zu meistern.<br \/>\nBeim Durchlaufen unterschiedlicher Verhandlungsphasen werden neben dem Umgang mit kompetitiv orientierten Eink\u00e4ufern auch unternehmensspezifische Regeln und Verhandlungsstile einge\u00fcbt. Die VR-Anwendung motiviert durch den Einbau spielerischer Elemente mit Serious-Game Charakter zur Wiederholung und Verfestigung der Lerninhalte.<br \/>\nAktuell befindet sich die Anwendung im Prototyp-Status und wird mit Praktikern aus b2b-Unternehmen und Studenten der Hochschule Neu-Ulm getestet.[\/vc_column_text][\/vc_column_inner][\/vc_row_inner][\/vc_column][\/vc_row]<\/p>\n<\/section>","protected":false},"excerpt":{"rendered":"<p>[vc_row][vc_column][vc_row_inner][vc_column_inner width=&#8220;1\/2&#8243;][vc_empty_space height=&#8220;60px&#8220;][vc_column_text] Ebenfalls nominiert Das virtuelle Exponat SXCES, Hamburg Lufthansa Group: Virtual Aviation Training NMY Mixed-Reality Communication GmbH, Frankfurt[\/vc_column_text][\/vc_column_inner][vc_column_inner width=&#8220;1\/2&#8243;][vc_column_text] Virtual Production Studio Bizzlogic, The Curve und Redpiniata, Hamburg Virtual Production beschreibt eine Video Produktion in einem LED-Studio. Sie erm\u00f6glicht es Filmregisseuren, ihre Talente und Produkte an jeglichen Ort [&hellip;]<\/p>\n","protected":false},"author":1,"featured_media":0,"parent":1315,"menu_order":0,"comment_status":"closed","ping_status":"closed","template":"","meta":{"_acf_changed":false,"footnotes":""},"acf":[],"yoast_head":"<!-- This site is optimized with the Yoast SEO plugin v21.9.1 - https:\/\/yoast.com\/wordpress\/plugins\/seo\/ -->\n<title>Gewinner:innen 2020 - nextReality.Contest<\/title>\n<meta name=\"robots\" content=\"index, follow, max-snippet:-1, max-image-preview:large, max-video-preview:-1\" \/>\n<link rel=\"canonical\" href=\"https:\/\/nextrealitycontest.de\/de\/winner\/winner-2020\/\" \/>\n<meta property=\"og:locale\" content=\"de_DE\" \/>\n<meta property=\"og:type\" content=\"article\" \/>\n<meta property=\"og:title\" content=\"Gewinner:innen 2020 - nextReality.Contest\" \/>\n<meta property=\"og:description\" content=\"[vc_row][vc_column][vc_row_inner][vc_column_inner width=&#8220;1\/2&#8243;][vc_empty_space height=&#8220;60px&#8220;][vc_column_text] Ebenfalls nominiert Das virtuelle Exponat SXCES, Hamburg Lufthansa Group: Virtual Aviation Training NMY Mixed-Reality Communication GmbH, Frankfurt[\/vc_column_text][\/vc_column_inner][vc_column_inner width=&#8220;1\/2&#8243;][vc_column_text] Virtual Production Studio Bizzlogic, The Curve und Redpiniata, Hamburg Virtual Production beschreibt eine Video Produktion in einem LED-Studio. Sie erm\u00f6glicht es Filmregisseuren, ihre Talente und Produkte an jeglichen Ort [&hellip;]\" \/>\n<meta property=\"og:url\" content=\"https:\/\/nextrealitycontest.de\/de\/winner\/winner-2020\/\" \/>\n<meta property=\"og:site_name\" content=\"nextReality.Contest\" \/>\n<meta property=\"article:modified_time\" content=\"2021-11-15T19:11:26+00:00\" \/>\n<meta name=\"twitter:card\" content=\"summary_large_image\" \/>\n<meta name=\"twitter:label1\" content=\"Gesch\u00e4tzte Lesezeit\" \/>\n\t<meta name=\"twitter:data1\" content=\"6\u00a0Minuten\" \/>\n<script type=\"application\/ld+json\" class=\"yoast-schema-graph\">{\"@context\":\"https:\/\/schema.org\",\"@graph\":[{\"@type\":\"WebPage\",\"@id\":\"https:\/\/nextrealitycontest.de\/de\/winner\/winner-2020\/\",\"url\":\"https:\/\/nextrealitycontest.de\/de\/winner\/winner-2020\/\",\"name\":\"Gewinner:innen 2020 - nextReality.Contest\",\"isPartOf\":{\"@id\":\"https:\/\/nextrealitycontest.de\/de\/#website\"},\"datePublished\":\"2020-12-11T10:53:44+00:00\",\"dateModified\":\"2021-11-15T19:11:26+00:00\",\"breadcrumb\":{\"@id\":\"https:\/\/nextrealitycontest.de\/de\/winner\/winner-2020\/#breadcrumb\"},\"inLanguage\":\"de\",\"potentialAction\":[{\"@type\":\"ReadAction\",\"target\":[\"https:\/\/nextrealitycontest.de\/de\/winner\/winner-2020\/\"]}]},{\"@type\":\"BreadcrumbList\",\"@id\":\"https:\/\/nextrealitycontest.de\/de\/winner\/winner-2020\/#breadcrumb\",\"itemListElement\":[{\"@type\":\"ListItem\",\"position\":1,\"name\":\"Startseite\",\"item\":\"https:\/\/nextrealitycontest.de\/de\/\"},{\"@type\":\"ListItem\",\"position\":2,\"name\":\"Gewinner:innen\",\"item\":\"https:\/\/nextrealitycontest.de\/de\/winner\/\"},{\"@type\":\"ListItem\",\"position\":3,\"name\":\"Gewinner:innen 2020\"}]},{\"@type\":\"WebSite\",\"@id\":\"https:\/\/nextrealitycontest.de\/de\/#website\",\"url\":\"https:\/\/nextrealitycontest.de\/de\/\",\"name\":\"nextReality.Contest\",\"description\":\"Der Preis f\u00fcr Immersive Medien in Deutschland\",\"potentialAction\":[{\"@type\":\"SearchAction\",\"target\":{\"@type\":\"EntryPoint\",\"urlTemplate\":\"https:\/\/nextrealitycontest.de\/de\/?s={search_term_string}\"},\"query-input\":\"required name=search_term_string\"}],\"inLanguage\":\"de\"}]}<\/script>\n<!-- \/ Yoast SEO plugin. -->","yoast_head_json":{"title":"Gewinner:innen 2020 - nextReality.Contest","robots":{"index":"index","follow":"follow","max-snippet":"max-snippet:-1","max-image-preview":"max-image-preview:large","max-video-preview":"max-video-preview:-1"},"canonical":"https:\/\/nextrealitycontest.de\/de\/winner\/winner-2020\/","og_locale":"de_DE","og_type":"article","og_title":"Gewinner:innen 2020 - nextReality.Contest","og_description":"[vc_row][vc_column][vc_row_inner][vc_column_inner width=&#8220;1\/2&#8243;][vc_empty_space height=&#8220;60px&#8220;][vc_column_text] Ebenfalls nominiert Das virtuelle Exponat SXCES, Hamburg Lufthansa Group: Virtual Aviation Training NMY Mixed-Reality Communication GmbH, Frankfurt[\/vc_column_text][\/vc_column_inner][vc_column_inner width=&#8220;1\/2&#8243;][vc_column_text] Virtual Production Studio Bizzlogic, The Curve und Redpiniata, Hamburg Virtual Production beschreibt eine Video Produktion in einem LED-Studio. Sie erm\u00f6glicht es Filmregisseuren, ihre Talente und Produkte an jeglichen Ort [&hellip;]","og_url":"https:\/\/nextrealitycontest.de\/de\/winner\/winner-2020\/","og_site_name":"nextReality.Contest","article_modified_time":"2021-11-15T19:11:26+00:00","twitter_card":"summary_large_image","twitter_misc":{"Gesch\u00e4tzte Lesezeit":"6\u00a0Minuten"},"schema":{"@context":"https:\/\/schema.org","@graph":[{"@type":"WebPage","@id":"https:\/\/nextrealitycontest.de\/de\/winner\/winner-2020\/","url":"https:\/\/nextrealitycontest.de\/de\/winner\/winner-2020\/","name":"Gewinner:innen 2020 - nextReality.Contest","isPartOf":{"@id":"https:\/\/nextrealitycontest.de\/de\/#website"},"datePublished":"2020-12-11T10:53:44+00:00","dateModified":"2021-11-15T19:11:26+00:00","breadcrumb":{"@id":"https:\/\/nextrealitycontest.de\/de\/winner\/winner-2020\/#breadcrumb"},"inLanguage":"de","potentialAction":[{"@type":"ReadAction","target":["https:\/\/nextrealitycontest.de\/de\/winner\/winner-2020\/"]}]},{"@type":"BreadcrumbList","@id":"https:\/\/nextrealitycontest.de\/de\/winner\/winner-2020\/#breadcrumb","itemListElement":[{"@type":"ListItem","position":1,"name":"Startseite","item":"https:\/\/nextrealitycontest.de\/de\/"},{"@type":"ListItem","position":2,"name":"Gewinner:innen","item":"https:\/\/nextrealitycontest.de\/de\/winner\/"},{"@type":"ListItem","position":3,"name":"Gewinner:innen 2020"}]},{"@type":"WebSite","@id":"https:\/\/nextrealitycontest.de\/de\/#website","url":"https:\/\/nextrealitycontest.de\/de\/","name":"nextReality.Contest","description":"Der Preis f\u00fcr Immersive Medien in Deutschland","potentialAction":[{"@type":"SearchAction","target":{"@type":"EntryPoint","urlTemplate":"https:\/\/nextrealitycontest.de\/de\/?s={search_term_string}"},"query-input":"required name=search_term_string"}],"inLanguage":"de"}]}},"publishpress_future_action":{"enabled":false,"date":"2026-04-12 22:10:26","action":"draft","terms":[],"taxonomy":""},"_links":{"self":[{"href":"https:\/\/nextrealitycontest.de\/de\/wp-json\/wp\/v2\/pages\/2249"}],"collection":[{"href":"https:\/\/nextrealitycontest.de\/de\/wp-json\/wp\/v2\/pages"}],"about":[{"href":"https:\/\/nextrealitycontest.de\/de\/wp-json\/wp\/v2\/types\/page"}],"author":[{"embeddable":true,"href":"https:\/\/nextrealitycontest.de\/de\/wp-json\/wp\/v2\/users\/1"}],"replies":[{"embeddable":true,"href":"https:\/\/nextrealitycontest.de\/de\/wp-json\/wp\/v2\/comments?post=2249"}],"version-history":[{"count":13,"href":"https:\/\/nextrealitycontest.de\/de\/wp-json\/wp\/v2\/pages\/2249\/revisions"}],"predecessor-version":[{"id":2775,"href":"https:\/\/nextrealitycontest.de\/de\/wp-json\/wp\/v2\/pages\/2249\/revisions\/2775"}],"up":[{"embeddable":true,"href":"https:\/\/nextrealitycontest.de\/de\/wp-json\/wp\/v2\/pages\/1315"}],"wp:attachment":[{"href":"https:\/\/nextrealitycontest.de\/de\/wp-json\/wp\/v2\/media?parent=2249"}],"curies":[{"name":"wp","href":"https:\/\/api.w.org\/{rel}","templated":true}]}}