{"id":2002,"date":"2019-10-09T11:39:45","date_gmt":"2019-10-09T09:39:45","guid":{"rendered":"https:\/\/nextrealitycontest.de\/?page_id=2002"},"modified":"2024-06-13T12:53:39","modified_gmt":"2024-06-13T10:53:39","slug":"presse","status":"publish","type":"page","link":"https:\/\/nextrealitycontest.de\/de\/presse\/","title":{"rendered":"Presse"},"content":{"rendered":"<section class=\"wpb-content-wrapper\"><p>[vc_row][vc_column]\t\t<h2 id=\"qttabsdebcdac-presse\" class=\"qt-center qt-qttabsdebcdac-presse qt-textfx-wrap qt-fontsize-h1\">\n\t\t\t\t\t\t\t\t\n\t\t\t\t\t<span class=\"qt-txtfx qt-txtfx--newyork\">Presse<span data-letters=\"Presse\"><\/span><span data-letters=\"Presse\"><\/span><\/span>\n\t\t\t\t\t\t\t<\/h2>\n\t\t\t\t<div data-kentha-customstyles=\"\/* Shortcode dynamically generated CSS *\/\n\t\t\t\t\t.qt-qttabsdebcdac-presse .qt-txtfx--newyork { color: #ffffff}\n\t\t\t\t\t.qt-qttabsdebcdac-presse .qt-txtfx--newyork span::before { color: #ffffff}\n\t\t\t\t\t.qt-qttabsdebcdac-presse .qt-txtfx--newyork::before { background: #ffbb4d}\"><\/div>\n\t\t[vc_column_text]<\/p>\n<div class=\"wpb_text_column wpb_content_element \">\n<div class=\"wpb_wrapper\">\n<p>Sie m\u00f6chten \u00fcber uns berichten und brauchen dazu weitere Informationen? Sie brauchen Pressematerial um Ihren Bericht zum leben zu erwecken? Dann z\u00f6gern Die nicht und klicken sie sich durch die von uns vorbereiteten Pressematerialien.<\/p>\n<p>Sollte das Gesuchte jedoch nicht dabei sein oder Sie weitere Anfragen wie Interviews etc. haben, dann wenden Sie sich bitte an unseren Pressekontakt Sarah Wienberg-Schwarz (<a href=\"mailto:presse@nextrealitycontest.de\">presse@nextrealitycontest.de<\/a>). Er wird Ihre Anfrage schnellstm\u00f6glich bearbeiten.<\/p>\n<\/div>\n<\/div>\n<p>[\/vc_column_text][\/vc_column][vc_column]\t\t\t<p class=\"aligncenter\"> \t\t\t\t\t<a href=\"https:\/\/nextrealitycontest.de\/wp-content\/uploads\/2024\/06\/XRC24-Infokit.pdf\"  target=\"_blank\"  class=\"qt-btn qt-btn-m  qt-btn-ghost aligncenter\">INFOKIT SOCIAL MEDIA<\/a>\n\t\t\t<\/p>\t\t[vc_empty_space height=&#8220;60px&#8220;][\/vc_column][\/vc_row][vc_row][vc_column]\t\t<h2 id=\"qttabsdebcdc-pressemitteilungen\" class=\"qt-center qt-qttabsdebcdc-pressemitteilungen qt-textfx-wrap qt-fontsize-h1\">\n\t\t\t\t\t\t\t\t\n\t\t\t\t\t<span class=\"qt-txtfx qt-txtfx--newyork\">Pressemitteilungen<span data-letters=\"Pressemitteilungen\"><\/span><span data-letters=\"Pressemitteilungen\"><\/span><\/span>\n\t\t\t\t\t\t\t<\/h2>\n\t\t\t\t<div data-kentha-customstyles=\"\/* Shortcode dynamically generated CSS *\/\n\t\t\t\t\t.qt-qttabsdebcdc-pressemitteilungen .qt-txtfx--newyork { color: #ffffff}\n\t\t\t\t\t.qt-qttabsdebcdc-pressemitteilungen .qt-txtfx--newyork span::before { color: #ffffff}\n\t\t\t\t\t.qt-qttabsdebcdc-pressemitteilungen .qt-txtfx--newyork::before { background: #ffbb4d}\"><\/div>\n\t\t[vc_row_inner][vc_column_inner]\t\t<div class=\"qt-shortcode-blog  \" id=\"debdf\">\n\t\t\t<article class=\"qt-part-archive-item qt-part-archive-item-large qt-card qt-hovertitles post-5199 post type-post status-publish format-standard has-post-thumbnail hentry category-pressemeldungen tag-nextreality-hamburg tag-xrc23\">\n\t\t\t\t<a href=\"https:\/\/nextrealitycontest.de\/de\/pressemeldungen\/welche-auswirkungen-hat-der-ukraine-krieg-auf-kunst-und-kultur-im-land-wie-koennen-deepfakes-identifiziert-werden-und-welchen-herausforderungen-sehen-sich-die-menschen-im-libanon-gegenueber-die-7\/\" class=\"qt-thumbnail\">\n\t\t\t<img loading=\"lazy\" decoding=\"async\" width=\"756\" height=\"504\" src=\"https:\/\/nextrealitycontest.de\/wp-content\/uploads\/2023\/11\/185-Next-Reality-Award-2023-1-756x504.jpg\" class=\"qt-feat-hor wp-post-image\" alt=\"\" srcset=\"https:\/\/nextrealitycontest.de\/wp-content\/uploads\/2023\/11\/185-Next-Reality-Award-2023-1-756x504.jpg 756w, https:\/\/nextrealitycontest.de\/wp-content\/uploads\/2023\/11\/185-Next-Reality-Award-2023-1-1600x1067.jpg 1600w, https:\/\/nextrealitycontest.de\/wp-content\/uploads\/2023\/11\/185-Next-Reality-Award-2023-1-768x512.jpg 768w, https:\/\/nextrealitycontest.de\/wp-content\/uploads\/2023\/11\/185-Next-Reality-Award-2023-1-1536x1024.jpg 1536w, https:\/\/nextrealitycontest.de\/wp-content\/uploads\/2023\/11\/185-Next-Reality-Award-2023-1-2048x1365.jpg 2048w\" sizes=\"(max-width: 756px) 100vw, 756px\" \/>\t\t<\/a>\n\t\t<div class=\"qt-contents qt-paper qt-paddedcontent \">\n\t\t<header class=\"qt-headings\">\n\t\t\t<span class=\"qt-tags\">\n\t\t\t\t<a href=\"https:\/\/nextrealitycontest.de\/de\/category\/pressemeldungen\/\">Pressemeldungen<\/a>\t\t\t<\/span>\n\t\t\t\t\t\t\t<h3 class=\"qt-tit\"><a href=\"https:\/\/nextrealitycontest.de\/de\/pressemeldungen\/welche-auswirkungen-hat-der-ukraine-krieg-auf-kunst-und-kultur-im-land-wie-koennen-deepfakes-identifiziert-werden-und-welchen-herausforderungen-sehen-sich-die-menschen-im-libanon-gegenueber-die-7\/\">Welche Auswirkungen hat der Ukraine-Krieg auf Kunst und Kultur im Land? Wie k\u00f6nnen Deepfakes identifiziert werden, und welchen Herausforderungen sehen sich die Menschen im Libanon gegen\u00fcber? Die 7. Runde des nextReality.Contests zeigt eindrucksvoll, wie immersive Medien genutzt werden k\u00f6nnen, um gesellschaftlich relevante Themen erlebbar zu machen.<\/a><\/h3>\n\t\t\t\t\t\t<span class=\"qt-item-metas\">Sarah | November 20, 2023<\/span>\n\t\t<\/header>\n\t\t<div class=\"qt-summary qt-the-content\">\n\t\t\t<p>Bei einer festlichen Preisverleihung am 10. November 2023 wurden Vorreiter:innen im Bereich der immersiven Technologien mit dem Branchenpreis #XRC23 vom [&hellip;]<\/p>\n\t\t<\/div>\n\t\t<footer class=\"qt-spacer-s\">\n\t\t\t<a href=\"https:\/\/nextrealitycontest.de\/de\/pressemeldungen\/welche-auswirkungen-hat-der-ukraine-krieg-auf-kunst-und-kultur-im-land-wie-koennen-deepfakes-identifiziert-werden-und-welchen-herausforderungen-sehen-sich-die-menschen-im-libanon-gegenueber-die-7\/\" class=\"qt-btn qt-btn-l qt-btn-secondary\">Read more <i class='material-icons'>arrow_forward<\/i><\/a>\n\t\t<\/footer>\n\t<\/div>\n<\/article>\n<hr class=\"qt-spacer-m\"><article class=\"qt-part-archive-item qt-part-archive-item-large qt-card post-4641 post type-post status-publish format-standard hentry category-pressemeldungen tag-award tag-xrc tag-xrc23\">\n\t\t\t<div class=\"qt-contents qt-paper qt-paddedcontent \">\n\t\t<header class=\"qt-headings\">\n\t\t\t<span class=\"qt-tags\">\n\t\t\t\t<a href=\"https:\/\/nextrealitycontest.de\/de\/category\/pressemeldungen\/\">Pressemeldungen<\/a>\t\t\t<\/span>\n\t\t\t\t\t\t\t<h3 class=\"qt-tit\"><a href=\"https:\/\/nextrealitycontest.de\/de\/pressemeldungen\/der-nextreality-contest-geht-in-die-7-runde-nextreality-hamburg-ruft-zur-einreichung-von-xr-projekten-auf\/\">Der nextReality.Contest geht in die 7. Runde: nextReality.Hamburg ruft zur Einreichung von XR-Projekten auf!<\/a><\/h3>\n\t\t\t\t\t\t<span class=\"qt-item-metas\">Sarah | Mai 30, 2023<\/span>\n\t\t<\/header>\n\t\t<div class=\"qt-summary qt-the-content\">\n\t\t\t<p>[Hamburg, 30.05.23] &#8211; Ruhm, Ehre und Sichtbarkeit f\u00fcr herausragende Arbeiten im Bereich Virtual-, Augmented- und Mixed Reality: Die Einreichungsfrist f\u00fcr [&hellip;]<\/p>\n\t\t<\/div>\n\t\t<footer class=\"qt-spacer-s\">\n\t\t\t<a href=\"https:\/\/nextrealitycontest.de\/de\/pressemeldungen\/der-nextreality-contest-geht-in-die-7-runde-nextreality-hamburg-ruft-zur-einreichung-von-xr-projekten-auf\/\" class=\"qt-btn qt-btn-l qt-btn-secondary\">Read more <i class='material-icons'>arrow_forward<\/i><\/a>\n\t\t<\/footer>\n\t<\/div>\n<\/article>\n<hr class=\"qt-spacer-m\"><article class=\"qt-part-archive-item qt-part-archive-item-large qt-card post-4498 post type-post status-publish format-standard hentry category-pressemeldungen tag-nextreality-hamburg tag-xrc tag-xrc22\">\n\t\t\t<div class=\"qt-contents qt-paper qt-paddedcontent \">\n\t\t<header class=\"qt-headings\">\n\t\t\t<span class=\"qt-tags\">\n\t\t\t\t<a href=\"https:\/\/nextrealitycontest.de\/de\/category\/pressemeldungen\/\">Pressemeldungen<\/a>\t\t\t<\/span>\n\t\t\t\t\t\t\t<h3 class=\"qt-tit\"><a href=\"https:\/\/nextrealitycontest.de\/de\/pressemeldungen\/live-und-in-farbe-wurden-am-4-11-2022-die-gewinnerinnen-des-nextreality-contest-in-der-astor-film-lounge-in-hamburg-mit-dem-xrc22-award-ausgezeichnet\/\">Live und in Farbe wurden am 4.11.2022 die Gewinner:innen des nextReality.Contest in der Astor Film Lounge in Hamburg mit dem XRC22 Award ausgezeichnet.<\/a><\/h3>\n\t\t\t\t\t\t<span class=\"qt-item-metas\">Sarah | November 17, 2022<\/span>\n\t\t<\/header>\n\t\t<div class=\"qt-summary qt-the-content\">\n\t\t\t<p>Nach 2 Jahren ging es endlich wieder auf die gro\u00dfe B\u00fchne. Zum 6. Mal honorierte der Verein nextReality.Hamburg e.V. Vorreiter:innen [&hellip;]<\/p>\n\t\t<\/div>\n\t\t<footer class=\"qt-spacer-s\">\n\t\t\t<a href=\"https:\/\/nextrealitycontest.de\/de\/pressemeldungen\/live-und-in-farbe-wurden-am-4-11-2022-die-gewinnerinnen-des-nextreality-contest-in-der-astor-film-lounge-in-hamburg-mit-dem-xrc22-award-ausgezeichnet\/\" class=\"qt-btn qt-btn-l qt-btn-secondary\">Read more <i class='material-icons'>arrow_forward<\/i><\/a>\n\t\t<\/footer>\n\t<\/div>\n<\/article>\n<hr class=\"qt-spacer-m\">\t\t<\/div>\n\t\t[\/vc_column_inner][\/vc_row_inner][\/vc_column][\/vc_row][vc_row][vc_column][vc_column_text]<\/p>\n<p>[\/vc_column_text][\/vc_column][\/vc_row]<\/p>\n<\/section>","protected":false},"excerpt":{"rendered":"<p>[vc_row][vc_column][vc_column_text] Sie m\u00f6chten \u00fcber uns berichten und brauchen dazu weitere Informationen? Sie brauchen Pressematerial um Ihren Bericht zum leben zu erwecken? Dann z\u00f6gern Die nicht und klicken sie sich durch die von uns vorbereiteten Pressematerialien. Sollte das Gesuchte jedoch nicht dabei sein oder Sie weitere Anfragen wie Interviews etc. haben, [&hellip;]<\/p>\n","protected":false},"author":1,"featured_media":0,"parent":0,"menu_order":0,"comment_status":"closed","ping_status":"closed","template":"","meta":{"_acf_changed":false,"footnotes":""},"acf":[],"yoast_head":"<!-- This site is optimized with the Yoast SEO plugin v21.9.1 - https:\/\/yoast.com\/wordpress\/plugins\/seo\/ -->\n<title>Presse - nextReality.Contest<\/title>\n<meta name=\"robots\" content=\"index, follow, max-snippet:-1, max-image-preview:large, max-video-preview:-1\" \/>\n<link rel=\"canonical\" href=\"https:\/\/nextrealitycontest.de\/de\/presse\/\" \/>\n<meta property=\"og:locale\" content=\"de_DE\" \/>\n<meta property=\"og:type\" content=\"article\" \/>\n<meta property=\"og:title\" content=\"Presse - nextReality.Contest\" \/>\n<meta property=\"og:description\" content=\"[vc_row][vc_column][vc_column_text] Sie m\u00f6chten \u00fcber uns berichten und brauchen dazu weitere Informationen? Sie brauchen Pressematerial um Ihren Bericht zum leben zu erwecken? Dann z\u00f6gern Die nicht und klicken sie sich durch die von uns vorbereiteten Pressematerialien. Sollte das Gesuchte jedoch nicht dabei sein oder Sie weitere Anfragen wie Interviews etc. haben, [&hellip;]\" \/>\n<meta property=\"og:url\" content=\"https:\/\/nextrealitycontest.de\/de\/presse\/\" \/>\n<meta property=\"og:site_name\" content=\"nextReality.Contest\" \/>\n<meta property=\"article:modified_time\" content=\"2024-06-13T10:53:39+00:00\" \/>\n<meta name=\"twitter:card\" content=\"summary_large_image\" \/>\n<meta name=\"twitter:label1\" content=\"Gesch\u00e4tzte Lesezeit\" \/>\n\t<meta name=\"twitter:data1\" content=\"1\u00a0Minute\" \/>\n<script type=\"application\/ld+json\" class=\"yoast-schema-graph\">{\"@context\":\"https:\/\/schema.org\",\"@graph\":[{\"@type\":\"WebPage\",\"@id\":\"https:\/\/nextrealitycontest.de\/de\/presse\/\",\"url\":\"https:\/\/nextrealitycontest.de\/de\/presse\/\",\"name\":\"Presse - nextReality.Contest\",\"isPartOf\":{\"@id\":\"https:\/\/nextrealitycontest.de\/de\/#website\"},\"datePublished\":\"2019-10-09T09:39:45+00:00\",\"dateModified\":\"2024-06-13T10:53:39+00:00\",\"breadcrumb\":{\"@id\":\"https:\/\/nextrealitycontest.de\/de\/presse\/#breadcrumb\"},\"inLanguage\":\"de\",\"potentialAction\":[{\"@type\":\"ReadAction\",\"target\":[\"https:\/\/nextrealitycontest.de\/de\/presse\/\"]}]},{\"@type\":\"BreadcrumbList\",\"@id\":\"https:\/\/nextrealitycontest.de\/de\/presse\/#breadcrumb\",\"itemListElement\":[{\"@type\":\"ListItem\",\"position\":1,\"name\":\"Startseite\",\"item\":\"https:\/\/nextrealitycontest.de\/de\/\"},{\"@type\":\"ListItem\",\"position\":2,\"name\":\"Presse\"}]},{\"@type\":\"WebSite\",\"@id\":\"https:\/\/nextrealitycontest.de\/de\/#website\",\"url\":\"https:\/\/nextrealitycontest.de\/de\/\",\"name\":\"nextReality.Contest\",\"description\":\"Der Preis f\u00fcr Immersive Medien in Deutschland\",\"potentialAction\":[{\"@type\":\"SearchAction\",\"target\":{\"@type\":\"EntryPoint\",\"urlTemplate\":\"https:\/\/nextrealitycontest.de\/de\/?s={search_term_string}\"},\"query-input\":\"required name=search_term_string\"}],\"inLanguage\":\"de\"}]}<\/script>\n<!-- \/ Yoast SEO plugin. -->","yoast_head_json":{"title":"Presse - nextReality.Contest","robots":{"index":"index","follow":"follow","max-snippet":"max-snippet:-1","max-image-preview":"max-image-preview:large","max-video-preview":"max-video-preview:-1"},"canonical":"https:\/\/nextrealitycontest.de\/de\/presse\/","og_locale":"de_DE","og_type":"article","og_title":"Presse - nextReality.Contest","og_description":"[vc_row][vc_column][vc_column_text] Sie m\u00f6chten \u00fcber uns berichten und brauchen dazu weitere Informationen? Sie brauchen Pressematerial um Ihren Bericht zum leben zu erwecken? Dann z\u00f6gern Die nicht und klicken sie sich durch die von uns vorbereiteten Pressematerialien. Sollte das Gesuchte jedoch nicht dabei sein oder Sie weitere Anfragen wie Interviews etc. haben, [&hellip;]","og_url":"https:\/\/nextrealitycontest.de\/de\/presse\/","og_site_name":"nextReality.Contest","article_modified_time":"2024-06-13T10:53:39+00:00","twitter_card":"summary_large_image","twitter_misc":{"Gesch\u00e4tzte Lesezeit":"1\u00a0Minute"},"schema":{"@context":"https:\/\/schema.org","@graph":[{"@type":"WebPage","@id":"https:\/\/nextrealitycontest.de\/de\/presse\/","url":"https:\/\/nextrealitycontest.de\/de\/presse\/","name":"Presse - nextReality.Contest","isPartOf":{"@id":"https:\/\/nextrealitycontest.de\/de\/#website"},"datePublished":"2019-10-09T09:39:45+00:00","dateModified":"2024-06-13T10:53:39+00:00","breadcrumb":{"@id":"https:\/\/nextrealitycontest.de\/de\/presse\/#breadcrumb"},"inLanguage":"de","potentialAction":[{"@type":"ReadAction","target":["https:\/\/nextrealitycontest.de\/de\/presse\/"]}]},{"@type":"BreadcrumbList","@id":"https:\/\/nextrealitycontest.de\/de\/presse\/#breadcrumb","itemListElement":[{"@type":"ListItem","position":1,"name":"Startseite","item":"https:\/\/nextrealitycontest.de\/de\/"},{"@type":"ListItem","position":2,"name":"Presse"}]},{"@type":"WebSite","@id":"https:\/\/nextrealitycontest.de\/de\/#website","url":"https:\/\/nextrealitycontest.de\/de\/","name":"nextReality.Contest","description":"Der Preis f\u00fcr Immersive Medien in Deutschland","potentialAction":[{"@type":"SearchAction","target":{"@type":"EntryPoint","urlTemplate":"https:\/\/nextrealitycontest.de\/de\/?s={search_term_string}"},"query-input":"required name=search_term_string"}],"inLanguage":"de"}]}},"publishpress_future_action":{"enabled":false,"date":"2026-04-21 12:47:03","action":"draft","terms":[],"taxonomy":""},"_links":{"self":[{"href":"https:\/\/nextrealitycontest.de\/de\/wp-json\/wp\/v2\/pages\/2002"}],"collection":[{"href":"https:\/\/nextrealitycontest.de\/de\/wp-json\/wp\/v2\/pages"}],"about":[{"href":"https:\/\/nextrealitycontest.de\/de\/wp-json\/wp\/v2\/types\/page"}],"author":[{"embeddable":true,"href":"https:\/\/nextrealitycontest.de\/de\/wp-json\/wp\/v2\/users\/1"}],"replies":[{"embeddable":true,"href":"https:\/\/nextrealitycontest.de\/de\/wp-json\/wp\/v2\/comments?post=2002"}],"version-history":[{"count":20,"href":"https:\/\/nextrealitycontest.de\/de\/wp-json\/wp\/v2\/pages\/2002\/revisions"}],"predecessor-version":[{"id":5414,"href":"https:\/\/nextrealitycontest.de\/de\/wp-json\/wp\/v2\/pages\/2002\/revisions\/5414"}],"wp:attachment":[{"href":"https:\/\/nextrealitycontest.de\/de\/wp-json\/wp\/v2\/media?parent=2002"}],"curies":[{"name":"wp","href":"https:\/\/api.w.org\/{rel}","templated":true}]}}