{"id":1992,"date":"2019-10-08T10:59:51","date_gmt":"2019-10-08T08:59:51","guid":{"rendered":"https:\/\/nextrealitycontest.de\/?page_id=1992"},"modified":"2025-09-05T13:21:39","modified_gmt":"2025-09-05T11:21:39","slug":"community-award-voting","status":"publish","type":"page","link":"https:\/\/nextrealitycontest.de\/de\/community-award-voting\/","title":{"rendered":"Community Award Voting"},"content":{"rendered":"<div id=\"surveylegend-survey\" style=\"max-width: 100%; margin: 0 auto;\"><iframe loading=\"lazy\" style=\"border: 0; display: block;\" title=\"Survey powered by SurveyLegend\" src=\"https:\/\/s.surveylegend.com\/-OZNhuwaZcIbH3rgS-Sd\" width=\"100%\" height=\"1000px\" allowfullscreen=\"allowfullscreen\"><br \/>\n<\/iframe><\/p>\n<div style=\"margin-top: 8px;\"><a style=\"font: 12px Helvetica, sans-serif; color: #999; text-decoration: none;\" href=\"https:\/\/www.surveylegend.com\/?utm_source=embed&amp;utm_medium=survey&amp;utm_campaign=embed\" target=\"_blank\" rel=\"noopener follow\">Create your own user feedback survey with SurveyLegend<\/a><\/div>\n<\/div>\n","protected":false},"excerpt":{"rendered":"<p>Create your own user feedback survey with SurveyLegend<\/p>\n","protected":false},"author":1,"featured_media":6095,"parent":0,"menu_order":0,"comment_status":"closed","ping_status":"closed","template":"","meta":{"_acf_changed":false,"footnotes":""},"acf":[],"yoast_head":"<!-- This site is optimized with the Yoast SEO plugin v21.9.1 - https:\/\/yoast.com\/wordpress\/plugins\/seo\/ -->\n<title>#XRC25 Community Award<\/title>\n<meta name=\"description\" content=\"Vote f\u00fcr deinen Favoriten beim #XRC25 und entscheide, welche innovative XR-Anwendung die begehrte Community-Troph\u00e4e in den H\u00e4nden halten wird! Du kannst eine einzige Stimme vergeben, aber weitersagen ist nat\u00fcrlich erw\u00fcnscht.\" \/>\n<meta name=\"robots\" content=\"index, follow, max-snippet:-1, max-image-preview:large, max-video-preview:-1\" \/>\n<link rel=\"canonical\" href=\"https:\/\/nextrealitycontest.de\/de\/community-award-voting\/\" \/>\n<meta property=\"og:locale\" content=\"de_DE\" \/>\n<meta property=\"og:type\" content=\"article\" \/>\n<meta property=\"og:title\" content=\"#XRC25 Community Award\" \/>\n<meta property=\"og:description\" content=\"Vote f\u00fcr deinen Favoriten beim #XRC25 und entscheide, welche innovative XR-Anwendung die begehrte Community-Troph\u00e4e in den H\u00e4nden halten wird! Du kannst eine einzige Stimme vergeben, aber weitersagen ist nat\u00fcrlich erw\u00fcnscht.\" \/>\n<meta property=\"og:url\" content=\"https:\/\/nextrealitycontest.de\/de\/community-award-voting\/\" \/>\n<meta property=\"og:site_name\" content=\"nextReality.Contest\" \/>\n<meta property=\"article:modified_time\" content=\"2025-09-05T11:21:39+00:00\" \/>\n<meta property=\"og:image\" content=\"https:\/\/nextrealitycontest.de\/wp-content\/uploads\/2025\/09\/Community_25-1.png\" \/>\n\t<meta property=\"og:image:width\" content=\"3334\" \/>\n\t<meta property=\"og:image:height\" content=\"1500\" \/>\n\t<meta property=\"og:image:type\" content=\"image\/png\" \/>\n<meta name=\"twitter:card\" content=\"summary_large_image\" \/>\n<meta name=\"twitter:title\" content=\"#XRC23 Community Award\" \/>\n<meta name=\"twitter:description\" content=\"Vote f\u00fcr deinen Favoriten beim #XRC23 und entscheide, welche innovative XR-Anwendung die begehrte Community-Troph\u00e4e in den H\u00e4nden halten wird! Du kannst eine einzige Stimme vergeben, aber weitersagen ist nat\u00fcrlich erw\u00fcnscht.\" \/>\n<meta name=\"twitter:image\" content=\"https:\/\/nextrealitycontest.de\/wp-content\/uploads\/2023\/09\/Community-Award.png\" \/>\n<meta name=\"twitter:label1\" content=\"Gesch\u00e4tzte Lesezeit\" \/>\n\t<meta name=\"twitter:data1\" content=\"1\u00a0Minute\" \/>\n<script type=\"application\/ld+json\" class=\"yoast-schema-graph\">{\"@context\":\"https:\/\/schema.org\",\"@graph\":[{\"@type\":\"WebPage\",\"@id\":\"https:\/\/nextrealitycontest.de\/de\/community-award-voting\/\",\"url\":\"https:\/\/nextrealitycontest.de\/de\/community-award-voting\/\",\"name\":\"#XRC25 Community Award\",\"isPartOf\":{\"@id\":\"https:\/\/nextrealitycontest.de\/de\/#website\"},\"datePublished\":\"2019-10-08T08:59:51+00:00\",\"dateModified\":\"2025-09-05T11:21:39+00:00\",\"description\":\"Vote f\u00fcr deinen Favoriten beim #XRC25 und entscheide, welche innovative XR-Anwendung die begehrte Community-Troph\u00e4e in den H\u00e4nden halten wird! Du kannst eine einzige Stimme vergeben, aber weitersagen ist nat\u00fcrlich erw\u00fcnscht.\",\"breadcrumb\":{\"@id\":\"https:\/\/nextrealitycontest.de\/de\/community-award-voting\/#breadcrumb\"},\"inLanguage\":\"de\",\"potentialAction\":[{\"@type\":\"ReadAction\",\"target\":[\"https:\/\/nextrealitycontest.de\/de\/community-award-voting\/\"]}]},{\"@type\":\"BreadcrumbList\",\"@id\":\"https:\/\/nextrealitycontest.de\/de\/community-award-voting\/#breadcrumb\",\"itemListElement\":[{\"@type\":\"ListItem\",\"position\":1,\"name\":\"Startseite\",\"item\":\"https:\/\/nextrealitycontest.de\/de\/\"},{\"@type\":\"ListItem\",\"position\":2,\"name\":\"Community Award Voting\"}]},{\"@type\":\"WebSite\",\"@id\":\"https:\/\/nextrealitycontest.de\/de\/#website\",\"url\":\"https:\/\/nextrealitycontest.de\/de\/\",\"name\":\"nextReality.Contest\",\"description\":\"Der Preis f\u00fcr Immersive Medien in Deutschland\",\"potentialAction\":[{\"@type\":\"SearchAction\",\"target\":{\"@type\":\"EntryPoint\",\"urlTemplate\":\"https:\/\/nextrealitycontest.de\/de\/?s={search_term_string}\"},\"query-input\":\"required name=search_term_string\"}],\"inLanguage\":\"de\"}]}<\/script>\n<!-- \/ Yoast SEO plugin. -->","yoast_head_json":{"title":"#XRC25 Community Award","description":"Vote f\u00fcr deinen Favoriten beim #XRC25 und entscheide, welche innovative XR-Anwendung die begehrte Community-Troph\u00e4e in den H\u00e4nden halten wird! Du kannst eine einzige Stimme vergeben, aber weitersagen ist nat\u00fcrlich erw\u00fcnscht.","robots":{"index":"index","follow":"follow","max-snippet":"max-snippet:-1","max-image-preview":"max-image-preview:large","max-video-preview":"max-video-preview:-1"},"canonical":"https:\/\/nextrealitycontest.de\/de\/community-award-voting\/","og_locale":"de_DE","og_type":"article","og_title":"#XRC25 Community Award","og_description":"Vote f\u00fcr deinen Favoriten beim #XRC25 und entscheide, welche innovative XR-Anwendung die begehrte Community-Troph\u00e4e in den H\u00e4nden halten wird! Du kannst eine einzige Stimme vergeben, aber weitersagen ist nat\u00fcrlich erw\u00fcnscht.","og_url":"https:\/\/nextrealitycontest.de\/de\/community-award-voting\/","og_site_name":"nextReality.Contest","article_modified_time":"2025-09-05T11:21:39+00:00","og_image":[{"width":3334,"height":1500,"url":"https:\/\/nextrealitycontest.de\/wp-content\/uploads\/2025\/09\/Community_25-1.png","type":"image\/png"}],"twitter_card":"summary_large_image","twitter_title":"#XRC23 Community Award","twitter_description":"Vote f\u00fcr deinen Favoriten beim #XRC23 und entscheide, welche innovative XR-Anwendung die begehrte Community-Troph\u00e4e in den H\u00e4nden halten wird! Du kannst eine einzige Stimme vergeben, aber weitersagen ist nat\u00fcrlich erw\u00fcnscht.","twitter_image":"https:\/\/nextrealitycontest.de\/wp-content\/uploads\/2023\/09\/Community-Award.png","twitter_misc":{"Gesch\u00e4tzte Lesezeit":"1\u00a0Minute"},"schema":{"@context":"https:\/\/schema.org","@graph":[{"@type":"WebPage","@id":"https:\/\/nextrealitycontest.de\/de\/community-award-voting\/","url":"https:\/\/nextrealitycontest.de\/de\/community-award-voting\/","name":"#XRC25 Community Award","isPartOf":{"@id":"https:\/\/nextrealitycontest.de\/de\/#website"},"datePublished":"2019-10-08T08:59:51+00:00","dateModified":"2025-09-05T11:21:39+00:00","description":"Vote f\u00fcr deinen Favoriten beim #XRC25 und entscheide, welche innovative XR-Anwendung die begehrte Community-Troph\u00e4e in den H\u00e4nden halten wird! Du kannst eine einzige Stimme vergeben, aber weitersagen ist nat\u00fcrlich erw\u00fcnscht.","breadcrumb":{"@id":"https:\/\/nextrealitycontest.de\/de\/community-award-voting\/#breadcrumb"},"inLanguage":"de","potentialAction":[{"@type":"ReadAction","target":["https:\/\/nextrealitycontest.de\/de\/community-award-voting\/"]}]},{"@type":"BreadcrumbList","@id":"https:\/\/nextrealitycontest.de\/de\/community-award-voting\/#breadcrumb","itemListElement":[{"@type":"ListItem","position":1,"name":"Startseite","item":"https:\/\/nextrealitycontest.de\/de\/"},{"@type":"ListItem","position":2,"name":"Community Award Voting"}]},{"@type":"WebSite","@id":"https:\/\/nextrealitycontest.de\/de\/#website","url":"https:\/\/nextrealitycontest.de\/de\/","name":"nextReality.Contest","description":"Der Preis f\u00fcr Immersive Medien in Deutschland","potentialAction":[{"@type":"SearchAction","target":{"@type":"EntryPoint","urlTemplate":"https:\/\/nextrealitycontest.de\/de\/?s={search_term_string}"},"query-input":"required name=search_term_string"}],"inLanguage":"de"}]}},"publishpress_future_action":{"enabled":false,"date":"2026-04-30 10:53:31","action":"draft","terms":[],"taxonomy":""},"_links":{"self":[{"href":"https:\/\/nextrealitycontest.de\/de\/wp-json\/wp\/v2\/pages\/1992"}],"collection":[{"href":"https:\/\/nextrealitycontest.de\/de\/wp-json\/wp\/v2\/pages"}],"about":[{"href":"https:\/\/nextrealitycontest.de\/de\/wp-json\/wp\/v2\/types\/page"}],"author":[{"embeddable":true,"href":"https:\/\/nextrealitycontest.de\/de\/wp-json\/wp\/v2\/users\/1"}],"replies":[{"embeddable":true,"href":"https:\/\/nextrealitycontest.de\/de\/wp-json\/wp\/v2\/comments?post=1992"}],"version-history":[{"count":20,"href":"https:\/\/nextrealitycontest.de\/de\/wp-json\/wp\/v2\/pages\/1992\/revisions"}],"predecessor-version":[{"id":6094,"href":"https:\/\/nextrealitycontest.de\/de\/wp-json\/wp\/v2\/pages\/1992\/revisions\/6094"}],"wp:featuredmedia":[{"embeddable":true,"href":"https:\/\/nextrealitycontest.de\/de\/wp-json\/wp\/v2\/media\/6095"}],"wp:attachment":[{"href":"https:\/\/nextrealitycontest.de\/de\/wp-json\/wp\/v2\/media?parent=1992"}],"curies":[{"name":"wp","href":"https:\/\/api.w.org\/{rel}","templated":true}]}}