{"id":1887,"date":"2019-07-17T17:13:24","date_gmt":"2019-07-17T15:13:24","guid":{"rendered":"https:\/\/nextrealitycontest.de\/?page_id=1887"},"modified":"2026-03-04T13:20:47","modified_gmt":"2026-03-04T11:20:47","slug":"sponsoren","status":"publish","type":"page","link":"https:\/\/nextrealitycontest.de\/de\/sponsoren\/","title":{"rendered":"Sponsoren"},"content":{"rendered":"<section class=\"wpb-content-wrapper\"><p>[vc_row][vc_column][vc_column_text]<\/p>\n<div class=\"wpb_text_column wpb_content_element \">\n<div class=\"wpb_wrapper\">\n<p>Ihr Unternehmen steht f\u00fcr Innovation, Technologie und Kreativit\u00e4t? Dann nutzen Sie den XRC um dies nach au\u00dfen zu tragen! Unterst\u00fctzen Sie innovative Vordenker\/innen und entdecken Sie auf unserer Awardverleihung im Herbst die schier unbegrenzten M\u00f6glichkeiten immersiver Technologien.<\/p>\n<\/div>\n<\/div>\n<p>[\/vc_column_text][\/vc_column][\/vc_row][vc_row][vc_column]\t\t<h2 id=\"qttabsecfdf-der-xrc-wurde-unterstutzt-von\" class=\"qt-center qt-qttabsecfdf-der-xrc-wurde-unterstutzt-von qt-textfx-wrap qt-fontsize-h1\">\n\t\t\t\t\t\t\t\t\n\t\t\t\t\t<span class=\"qt-txtfx qt-txtfx--newyork\">DER #XRC25 WURDE UNTERST\u00dcTZT VON:<span data-letters=\"DER #XRC25 WURDE UNTERST\u00dcTZT VON:\"><\/span><span data-letters=\"DER #XRC25 WURDE UNTERST\u00dcTZT VON:\"><\/span><\/span>\n\t\t\t\t\t\t\t<\/h2>\n\t\t\t\t<div data-kentha-customstyles=\"\/* Shortcode dynamically generated CSS *\/\n\t\t\t\t\t.qt-qttabsecfdf-der-xrc-wurde-unterstutzt-von .qt-txtfx--newyork { color: #ffffff}\n\t\t\t\t\t.qt-qttabsecfdf-der-xrc-wurde-unterstutzt-von .qt-txtfx--newyork span::before { color: #ffffff}\n\t\t\t\t\t.qt-qttabsecfdf-der-xrc-wurde-unterstutzt-von .qt-txtfx--newyork::before { background: #ffbb4d}\"><\/div>\n\t\t[\/vc_column][\/vc_row][vc_row][vc_column width=&#8220;1\/4&#8243;][\/vc_column][vc_column width=&#8220;1\/4&#8243;]\t\t<div class=\"qt-short-image aligncenter\">\n\t\t\t<img decoding=\"async\" src=\"https:\/\/nextrealitycontest.de\/wp-content\/uploads\/2025\/12\/PNG-fritz-kola_koepfelogowordmark_horizontal_weiss_1c-756x234.png\" alt=\"\"> \t\t<\/div>\n\t\t[\/vc_column][vc_column width=&#8220;1\/4&#8243;]\t\t<div class=\"qt-short-image aligncenter\">\n\t\t\t<img decoding=\"async\" src=\"https:\/\/nextrealitycontest.de\/wp-content\/uploads\/2025\/12\/SCHENKER-Solutions_LOGO-hor_mono.png\" alt=\"\"> \t\t<\/div>\n\t\t[\/vc_column][vc_column width=&#8220;1\/4&#8243;][\/vc_column][\/vc_row][vc_row][vc_column][vc_empty_space height=&#8220;88px&#8220;][\/vc_column][\/vc_row][vc_row][vc_column width=&#8220;1\/5&#8243;][\/vc_column][vc_column width=&#8220;1\/5&#8243;]\t\t<div class=\"qt-short-image aligncenter\">\n\t\t\t<img decoding=\"async\" src=\"https:\/\/nextrealitycontest.de\/wp-content\/uploads\/2025\/12\/220323_LT1917_Markenlogo_Weiss_600px.png\" alt=\"\"> \t\t<\/div>\n\t\t[\/vc_column][vc_column width=&#8220;1\/5&#8243;][vc_empty_space height=&#8220;88px&#8220;][\/vc_column][vc_column width=&#8220;1\/5&#8243;]\t\t<div class=\"qt-short-image aligncenter\">\n\t\t\t<img decoding=\"async\" src=\"https:\/\/nextrealitycontest.de\/wp-content\/uploads\/2025\/12\/artgerecht_logotype_white_rgb-756x208.png\" alt=\"\"> \t\t<\/div>\n\t\t[\/vc_column][vc_column width=&#8220;1\/5&#8243;][\/vc_column][\/vc_row][vc_row][vc_column][vc_empty_space height=&#8220;88px&#8220;][\/vc_column][\/vc_row][vc_row][vc_column][vc_empty_space height=&#8220;52px&#8220;][vc_row_inner][vc_column_inner width=&#8220;1\/4&#8243;][\/vc_column_inner][vc_column_inner width=&#8220;1\/2&#8243;]\t\t<h2 id=\"qttabsecfdd-sponsorenpakete\" class=\"qt-center qt-qttabsecfdd-sponsorenpakete qt-textfx-wrap qt-fontsize-h1\">\n\t\t\t\t\t\t\t\t\n\t\t\t\t\t<span class=\"qt-txtfx qt-txtfx--newyork\">Sponsorenpakete<span data-letters=\"Sponsorenpakete\"><\/span><span data-letters=\"Sponsorenpakete\"><\/span><\/span>\n\t\t\t\t\t\t\t<\/h2>\n\t\t\t\t<div data-kentha-customstyles=\"\/* Shortcode dynamically generated CSS *\/\n\t\t\t\t\t.qt-qttabsecfdd-sponsorenpakete .qt-txtfx--newyork { color: #ffffff}\n\t\t\t\t\t.qt-qttabsecfdd-sponsorenpakete .qt-txtfx--newyork span::before { color: #ffffff}\n\t\t\t\t\t.qt-qttabsecfdd-sponsorenpakete .qt-txtfx--newyork::before { background: #ffbb4d}\"><\/div>\n\t\t[vc_column_text]<\/p>\n<div class=\"wpb_text_column wpb_content_element \">\n<div class=\"wpb_wrapper\">\n<p>Im folgenden PDF Dokument finden Sie weitere Informationen sowie einen \u00dcberblick \u00fcber die verschiedenen Sponsorenpakete.<\/p>\n<\/div>\n<\/div>\n<p>[\/vc_column_text]\t\t\t<p class=\"aligncenter\"> \t\t\t\t\t<a href=\"https:\/\/nextrealitycontest.de\/wp-content\/uploads\/2024\/03\/XRC24-Sponsorenpakete.pptx.pdf\"  target=\"_blank\"  class=\"qt-btn qt-btn-l  qt-btn-ghost aligncenter\">Sponsorenpakete #XRC24<\/a>\n\t\t\t<\/p>\t\t[vc_column_text]<\/p>\n<div class=\"wpb_text_column wpb_content_element \">\n<div class=\"wpb_wrapper\">\n<h3 style=\"text-align: center;\">Wenn Sie Fragen haben, z\u00f6gern Sie nicht, uns zu kontaktieren.<\/h3>\n<\/div>\n<\/div>\n<p>[\/vc_column_text][vc_column_text]<\/p>\n<p style=\"text-align: center;\">Wenn Sie uns unterst\u00fctzen wollen, dann schreiben Sie uns einfach unter der folgenden Mailadresse:<\/p>\n<p style=\"text-align: center;\"><a href=\"sponsoren@nextrealitycontest.de\">sponsoren@nextrealitycontest.de<\/a><\/p>\n<p>[\/vc_column_text][\/vc_column_inner][vc_column_inner width=&#8220;1\/4&#8243;][\/vc_column_inner][\/vc_row_inner][\/vc_column][\/vc_row][vc_row][vc_column]\t\t<h2 id=\"qttabsecfdec-sponsoren-der-letzten-jahre\" class=\"qt-center qt-qttabsecfdec-sponsoren-der-letzten-jahre qt-textfx-wrap qt-fontsize-h1\">\n\t\t\t\t\t\t\t\t\n\t\t\t\t\t<span class=\"qt-txtfx qt-txtfx--newyork\">Sponsoren der letzten Jahre<span data-letters=\"Sponsoren der letzten Jahre\"><\/span><span data-letters=\"Sponsoren der letzten Jahre\"><\/span><\/span>\n\t\t\t\t\t\t\t<\/h2>\n\t\t\t\t<div data-kentha-customstyles=\"\/* Shortcode dynamically generated CSS *\/\n\t\t\t\t\t.qt-qttabsecfdec-sponsoren-der-letzten-jahre .qt-txtfx--newyork { color: #ffffff}\n\t\t\t\t\t.qt-qttabsecfdec-sponsoren-der-letzten-jahre .qt-txtfx--newyork span::before { color: #ffffff}\n\t\t\t\t\t.qt-qttabsecfdec-sponsoren-der-letzten-jahre .qt-txtfx--newyork::before { background: #ffbb4d}\"><\/div>\n\t\t[\/vc_column][\/vc_row][vc_row][vc_column width=&#8220;1\/4&#8243;]\t\t<div class=\"qt-short-image aligncenter\">\n\t\t\t<img decoding=\"async\" src=\"https:\/\/nextrealitycontest.de\/wp-content\/uploads\/2024\/10\/LenovoLogo-POS-Red-756x252.png\" alt=\"\"> \t\t<\/div>\n\t\t[\/vc_column][vc_column width=&#8220;1\/4&#8243;]\t\t<div class=\"qt-short-image aligncenter\">\n\t\t\t<img decoding=\"async\" src=\"https:\/\/nextrealitycontest.de\/wp-content\/uploads\/2022\/09\/Schenker-Technologies_Logo_rot-weiss_2022-1.png\" alt=\"\"> \t\t<\/div>\n\t\t[\/vc_column][vc_column width=&#8220;1\/4&#8243;]\t\t<div class=\"qt-short-image aligncenter\">\n\t\t\t<img decoding=\"async\" src=\"https:\/\/nextrealitycontest.de\/wp-content\/uploads\/2022\/08\/pico_logo_white-756x425.png\" alt=\"\"> \t\t<\/div>\n\t\t[\/vc_column][vc_column width=&#8220;1\/4&#8243;]\t\t<div class=\"qt-short-image aligncenter\">\n\t\t\t<img decoding=\"async\" src=\"https:\/\/nextrealitycontest.de\/wp-content\/uploads\/2023\/11\/Meta_lockup_negative-primary_white_RGB-756x326.png\" alt=\"\"> \t\t<\/div>\n\t\t[\/vc_column][\/vc_row][vc_row][vc_column width=&#8220;1\/3&#8243;]\t\t<div class=\"qt-short-image aligncenter\">\n\t\t\t<img decoding=\"async\" src=\"https:\/\/nextrealitycontest.de\/wp-content\/uploads\/2018\/09\/IFB-1-756x174.jpg\" alt=\"\"> \t\t<\/div>\n\t\t[\/vc_column][vc_column width=&#8220;1\/3&#8243;]\t\t<div class=\"qt-short-image aligncenter\">\n\t\t\t<img decoding=\"async\" src=\"https:\/\/nextrealitycontest.de\/wp-content\/uploads\/2018\/09\/IFB2-756x174.jpg\" alt=\"\"> \t\t<\/div>\n\t\t[\/vc_column][vc_column width=&#8220;1\/3&#8243;]\t\t<div class=\"qt-short-image aligncenter\">\n\t\t\t<img decoding=\"async\" src=\"https:\/\/nextrealitycontest.de\/wp-content\/uploads\/2019\/09\/HK-Logo-756x174.png\" alt=\"\"> \t\t<\/div>\n\t\t[\/vc_column][\/vc_row][vc_row][vc_column][vc_empty_space height=&#8220;82px&#8220;][\/vc_column][\/vc_row][vc_row][vc_column width=&#8220;1\/3&#8243;]\t\t<div class=\"qt-short-image aligncenter\">\n\t\t\t<img decoding=\"async\" src=\"https:\/\/nextrealitycontest.de\/wp-content\/uploads\/2019\/08\/Appmotion-Logo-HP-Kopie-756x174.png\" alt=\"\"> \t\t<\/div>\n\t\t[\/vc_column][vc_column width=&#8220;1\/3&#8243;][\/vc_column][vc_column width=&#8220;1\/3&#8243;]\t\t<div class=\"qt-short-image aligncenter\">\n\t\t\t\t\t\t\t<a href=\"https:\/\/www.hitec-hamburg.de\/hitec-ueberblick\/\" class=\"qw-disableembedding\" target=\"_blank\">\n\t\t\t\t<img decoding=\"async\" src=\"https:\/\/nextrealitycontest.de\/wp-content\/uploads\/2021\/08\/Hitec-.png\" alt=\"\"> <\/a>\t\t<\/div>\n\t\t[\/vc_column][\/vc_row]<\/p>\n<\/section>","protected":false},"excerpt":{"rendered":"<p>[vc_row][vc_column][vc_column_text] Ihr Unternehmen steht f\u00fcr Innovation, Technologie und Kreativit\u00e4t? Dann nutzen Sie den XRC um dies nach au\u00dfen zu tragen! Unterst\u00fctzen Sie innovative Vordenker\/innen und entdecken Sie auf unserer Awardverleihung im Herbst die schier unbegrenzten M\u00f6glichkeiten immersiver Technologien. [\/vc_column_text][\/vc_column][\/vc_row][vc_row][vc_column][\/vc_column][\/vc_row][vc_row][vc_column width=&#8220;1\/4&#8243;][\/vc_column][vc_column width=&#8220;1\/4&#8243;][\/vc_column][vc_column width=&#8220;1\/4&#8243;][\/vc_column][vc_column width=&#8220;1\/4&#8243;][\/vc_column][\/vc_row][vc_row][vc_column][vc_empty_space height=&#8220;88px&#8220;][\/vc_column][\/vc_row][vc_row][vc_column width=&#8220;1\/5&#8243;][\/vc_column][vc_column width=&#8220;1\/5&#8243;][\/vc_column][vc_column width=&#8220;1\/5&#8243;][vc_empty_space height=&#8220;88px&#8220;][\/vc_column][vc_column width=&#8220;1\/5&#8243;][\/vc_column][vc_column width=&#8220;1\/5&#8243;][\/vc_column][\/vc_row][vc_row][vc_column][vc_empty_space [&hellip;]<\/p>\n","protected":false},"author":1,"featured_media":6344,"parent":0,"menu_order":0,"comment_status":"closed","ping_status":"closed","template":"","meta":{"_acf_changed":false,"footnotes":""},"acf":[],"yoast_head":"<!-- This site is optimized with the Yoast SEO plugin v21.9.1 - https:\/\/yoast.com\/wordpress\/plugins\/seo\/ -->\n<title>Sponsoren - nextReality.Contest<\/title>\n<meta name=\"robots\" content=\"index, follow, max-snippet:-1, max-image-preview:large, max-video-preview:-1\" \/>\n<link rel=\"canonical\" href=\"https:\/\/nextrealitycontest.de\/de\/sponsoren\/\" \/>\n<meta property=\"og:locale\" content=\"de_DE\" \/>\n<meta property=\"og:type\" content=\"article\" \/>\n<meta property=\"og:title\" content=\"Sponsoren - nextReality.Contest\" \/>\n<meta property=\"og:description\" content=\"[vc_row][vc_column][vc_column_text] Ihr Unternehmen steht f\u00fcr Innovation, Technologie und Kreativit\u00e4t? Dann nutzen Sie den XRC um dies nach au\u00dfen zu tragen! Unterst\u00fctzen Sie innovative Vordenker\/innen und entdecken Sie auf unserer Awardverleihung im Herbst die schier unbegrenzten M\u00f6glichkeiten immersiver Technologien. [\/vc_column_text][\/vc_column][\/vc_row][vc_row][vc_column][\/vc_column][\/vc_row][vc_row][vc_column width=&#8220;1\/4&#8243;][\/vc_column][vc_column width=&#8220;1\/4&#8243;][\/vc_column][vc_column width=&#8220;1\/4&#8243;][\/vc_column][vc_column width=&#8220;1\/4&#8243;][\/vc_column][\/vc_row][vc_row][vc_column][vc_empty_space height=&#8220;88px&#8220;][\/vc_column][\/vc_row][vc_row][vc_column width=&#8220;1\/5&#8243;][\/vc_column][vc_column width=&#8220;1\/5&#8243;][\/vc_column][vc_column width=&#8220;1\/5&#8243;][vc_empty_space height=&#8220;88px&#8220;][\/vc_column][vc_column width=&#8220;1\/5&#8243;][\/vc_column][vc_column width=&#8220;1\/5&#8243;][\/vc_column][\/vc_row][vc_row][vc_column][vc_empty_space [&hellip;]\" \/>\n<meta property=\"og:url\" content=\"https:\/\/nextrealitycontest.de\/de\/sponsoren\/\" \/>\n<meta property=\"og:site_name\" content=\"nextReality.Contest\" \/>\n<meta property=\"article:modified_time\" content=\"2026-03-04T11:20:47+00:00\" \/>\n<meta property=\"og:image\" content=\"https:\/\/nextrealitycontest.de\/wp-content\/uploads\/2025\/12\/226-Next_Reality_Awards_2025-lens-for-events.jpg\" \/>\n\t<meta property=\"og:image:width\" content=\"1000\" \/>\n\t<meta property=\"og:image:height\" content=\"667\" \/>\n\t<meta property=\"og:image:type\" content=\"image\/jpeg\" \/>\n<meta name=\"twitter:card\" content=\"summary_large_image\" \/>\n<meta name=\"twitter:label1\" content=\"Gesch\u00e4tzte Lesezeit\" \/>\n\t<meta name=\"twitter:data1\" content=\"4\u00a0Minuten\" \/>\n<script type=\"application\/ld+json\" class=\"yoast-schema-graph\">{\"@context\":\"https:\/\/schema.org\",\"@graph\":[{\"@type\":\"WebPage\",\"@id\":\"https:\/\/nextrealitycontest.de\/de\/sponsoren\/\",\"url\":\"https:\/\/nextrealitycontest.de\/de\/sponsoren\/\",\"name\":\"Sponsoren - nextReality.Contest\",\"isPartOf\":{\"@id\":\"https:\/\/nextrealitycontest.de\/de\/#website\"},\"datePublished\":\"2019-07-17T15:13:24+00:00\",\"dateModified\":\"2026-03-04T11:20:47+00:00\",\"breadcrumb\":{\"@id\":\"https:\/\/nextrealitycontest.de\/de\/sponsoren\/#breadcrumb\"},\"inLanguage\":\"de\",\"potentialAction\":[{\"@type\":\"ReadAction\",\"target\":[\"https:\/\/nextrealitycontest.de\/de\/sponsoren\/\"]}]},{\"@type\":\"BreadcrumbList\",\"@id\":\"https:\/\/nextrealitycontest.de\/de\/sponsoren\/#breadcrumb\",\"itemListElement\":[{\"@type\":\"ListItem\",\"position\":1,\"name\":\"Startseite\",\"item\":\"https:\/\/nextrealitycontest.de\/de\/\"},{\"@type\":\"ListItem\",\"position\":2,\"name\":\"Sponsoren\"}]},{\"@type\":\"WebSite\",\"@id\":\"https:\/\/nextrealitycontest.de\/de\/#website\",\"url\":\"https:\/\/nextrealitycontest.de\/de\/\",\"name\":\"nextReality.Contest\",\"description\":\"Der Preis f\u00fcr Immersive Medien in Deutschland\",\"potentialAction\":[{\"@type\":\"SearchAction\",\"target\":{\"@type\":\"EntryPoint\",\"urlTemplate\":\"https:\/\/nextrealitycontest.de\/de\/?s={search_term_string}\"},\"query-input\":\"required name=search_term_string\"}],\"inLanguage\":\"de\"}]}<\/script>\n<!-- \/ Yoast SEO plugin. -->","yoast_head_json":{"title":"Sponsoren - nextReality.Contest","robots":{"index":"index","follow":"follow","max-snippet":"max-snippet:-1","max-image-preview":"max-image-preview:large","max-video-preview":"max-video-preview:-1"},"canonical":"https:\/\/nextrealitycontest.de\/de\/sponsoren\/","og_locale":"de_DE","og_type":"article","og_title":"Sponsoren - nextReality.Contest","og_description":"[vc_row][vc_column][vc_column_text] Ihr Unternehmen steht f\u00fcr Innovation, Technologie und Kreativit\u00e4t? Dann nutzen Sie den XRC um dies nach au\u00dfen zu tragen! Unterst\u00fctzen Sie innovative Vordenker\/innen und entdecken Sie auf unserer Awardverleihung im Herbst die schier unbegrenzten M\u00f6glichkeiten immersiver Technologien. [\/vc_column_text][\/vc_column][\/vc_row][vc_row][vc_column][\/vc_column][\/vc_row][vc_row][vc_column width=&#8220;1\/4&#8243;][\/vc_column][vc_column width=&#8220;1\/4&#8243;][\/vc_column][vc_column width=&#8220;1\/4&#8243;][\/vc_column][vc_column width=&#8220;1\/4&#8243;][\/vc_column][\/vc_row][vc_row][vc_column][vc_empty_space height=&#8220;88px&#8220;][\/vc_column][\/vc_row][vc_row][vc_column width=&#8220;1\/5&#8243;][\/vc_column][vc_column width=&#8220;1\/5&#8243;][\/vc_column][vc_column width=&#8220;1\/5&#8243;][vc_empty_space height=&#8220;88px&#8220;][\/vc_column][vc_column width=&#8220;1\/5&#8243;][\/vc_column][vc_column width=&#8220;1\/5&#8243;][\/vc_column][\/vc_row][vc_row][vc_column][vc_empty_space [&hellip;]","og_url":"https:\/\/nextrealitycontest.de\/de\/sponsoren\/","og_site_name":"nextReality.Contest","article_modified_time":"2026-03-04T11:20:47+00:00","og_image":[{"width":1000,"height":667,"url":"https:\/\/nextrealitycontest.de\/wp-content\/uploads\/2025\/12\/226-Next_Reality_Awards_2025-lens-for-events.jpg","type":"image\/jpeg"}],"twitter_card":"summary_large_image","twitter_misc":{"Gesch\u00e4tzte Lesezeit":"4\u00a0Minuten"},"schema":{"@context":"https:\/\/schema.org","@graph":[{"@type":"WebPage","@id":"https:\/\/nextrealitycontest.de\/de\/sponsoren\/","url":"https:\/\/nextrealitycontest.de\/de\/sponsoren\/","name":"Sponsoren - nextReality.Contest","isPartOf":{"@id":"https:\/\/nextrealitycontest.de\/de\/#website"},"datePublished":"2019-07-17T15:13:24+00:00","dateModified":"2026-03-04T11:20:47+00:00","breadcrumb":{"@id":"https:\/\/nextrealitycontest.de\/de\/sponsoren\/#breadcrumb"},"inLanguage":"de","potentialAction":[{"@type":"ReadAction","target":["https:\/\/nextrealitycontest.de\/de\/sponsoren\/"]}]},{"@type":"BreadcrumbList","@id":"https:\/\/nextrealitycontest.de\/de\/sponsoren\/#breadcrumb","itemListElement":[{"@type":"ListItem","position":1,"name":"Startseite","item":"https:\/\/nextrealitycontest.de\/de\/"},{"@type":"ListItem","position":2,"name":"Sponsoren"}]},{"@type":"WebSite","@id":"https:\/\/nextrealitycontest.de\/de\/#website","url":"https:\/\/nextrealitycontest.de\/de\/","name":"nextReality.Contest","description":"Der Preis f\u00fcr Immersive Medien in Deutschland","potentialAction":[{"@type":"SearchAction","target":{"@type":"EntryPoint","urlTemplate":"https:\/\/nextrealitycontest.de\/de\/?s={search_term_string}"},"query-input":"required name=search_term_string"}],"inLanguage":"de"}]}},"publishpress_future_action":{"enabled":false,"date":"2026-04-27 17:56:15","action":"draft","terms":[],"taxonomy":""},"_links":{"self":[{"href":"https:\/\/nextrealitycontest.de\/de\/wp-json\/wp\/v2\/pages\/1887"}],"collection":[{"href":"https:\/\/nextrealitycontest.de\/de\/wp-json\/wp\/v2\/pages"}],"about":[{"href":"https:\/\/nextrealitycontest.de\/de\/wp-json\/wp\/v2\/types\/page"}],"author":[{"embeddable":true,"href":"https:\/\/nextrealitycontest.de\/de\/wp-json\/wp\/v2\/users\/1"}],"replies":[{"embeddable":true,"href":"https:\/\/nextrealitycontest.de\/de\/wp-json\/wp\/v2\/comments?post=1887"}],"version-history":[{"count":65,"href":"https:\/\/nextrealitycontest.de\/de\/wp-json\/wp\/v2\/pages\/1887\/revisions"}],"predecessor-version":[{"id":6480,"href":"https:\/\/nextrealitycontest.de\/de\/wp-json\/wp\/v2\/pages\/1887\/revisions\/6480"}],"wp:featuredmedia":[{"embeddable":true,"href":"https:\/\/nextrealitycontest.de\/de\/wp-json\/wp\/v2\/media\/6344"}],"wp:attachment":[{"href":"https:\/\/nextrealitycontest.de\/de\/wp-json\/wp\/v2\/media?parent=1887"}],"curies":[{"name":"wp","href":"https:\/\/api.w.org\/{rel}","templated":true}]}}