{"id":1735,"date":"2018-11-08T20:40:17","date_gmt":"2018-11-08T18:40:17","guid":{"rendered":"https:\/\/nextrealitycontest.de\/?page_id=1735"},"modified":"2021-11-15T21:10:18","modified_gmt":"2021-11-15T19:10:18","slug":"winner-2018","status":"publish","type":"page","link":"https:\/\/nextrealitycontest.de\/de\/winner\/winner-2018\/","title":{"rendered":"Gewinner:innen 2018"},"content":{"rendered":"<section class=\"wpb-content-wrapper\"><p>[vc_row][vc_column]\t\t<h2 id=\"qttabsed-interactive-business\" class=\"qt-center qt-qttabsed-interactive-business qt-textfx-wrap qt-fontsize-h1\">\n\t\t\t\t\t\t\t\t\n\t\t\t\t\t<span class=\"qt-txtfx qt-txtfx--newyork\">Interactive Business<span data-letters=\"Interactive Business\"><\/span><span data-letters=\"Interactive Business\"><\/span><\/span>\n\t\t\t\t\t\t\t<\/h2>\n\t\t\t\t<div data-kentha-customstyles=\"\/* Shortcode dynamically generated CSS *\/\n\t\t\t\t\t.qt-qttabsed-interactive-business .qt-txtfx--newyork { color: #ffffff}\n\t\t\t\t\t.qt-qttabsed-interactive-business .qt-txtfx--newyork span::before { color: #ffffff}\n\t\t\t\t\t.qt-qttabsed-interactive-business .qt-txtfx--newyork::before { background: #faaf2d}\"><\/div>\n\t\t[vc_row_inner][vc_column_inner width=&#8220;1\/2&#8243;]\t\t<div class=\"qt-short-image aligncenter\">\n\t\t\t<img decoding=\"async\" src=\"https:\/\/nextrealitycontest.de\/wp-content\/uploads\/2018\/10\/XRC-Star.png\" alt=\"\"> \t\t<\/div>\n\t\t[vc_empty_space height=&#8220;60px&#8220;][vc_column_text]<\/p>\n<h4>Ebenfalls nominiert<\/h4>\n<p><strong>Iunco VR<br \/>\n<\/strong>Visonme GmbH, Hannover<\/p>\n<p><strong>VRInsight<br \/>\n<\/strong>VR Nerds GmbH, Hamburg[\/vc_column_text][\/vc_column_inner][vc_column_inner width=&#8220;1\/2&#8243;][vc_column_text]<\/p>\n<h2>HoloLinc\u00ae<\/h2>\n<h4>Z\u00fchlke Engineering GmbH, Hamburg<\/h4>\n<p>Mixed Reality steckt noch immer in den Kinderschuhen? Nicht ganz! Gemeinsam mit thyssenkrupp hat Z\u00fchlke einen spektakul\u00e4ren Proof of Concept auf die Stra\u00dfe gebracht: HoloLinc\u00ae. Es geht um nicht weniger als einen vollst\u00e4ndig digitalisierten Sales Process auf Basis der Microsoft HoloLens. Die L\u00f6sung wird europaweit genutzt.[\/vc_column_text][\/vc_column_inner][\/vc_row_inner][\/vc_column][\/vc_row][vc_row][vc_column][vc_empty_space height=&#8220;60px&#8220;]\t\t<h2 id=\"qttabsedbd-interactive-entertainment\" class=\"qt-center qt-qttabsedbd-interactive-entertainment qt-textfx-wrap qt-fontsize-h1\">\n\t\t\t\t\t\t\t\t\n\t\t\t\t\t<span class=\"qt-txtfx qt-txtfx--newyork\">Interactive Entertainment<span data-letters=\"Interactive Entertainment\"><\/span><span data-letters=\"Interactive Entertainment\"><\/span><\/span>\n\t\t\t\t\t\t\t<\/h2>\n\t\t\t\t<div data-kentha-customstyles=\"\/* Shortcode dynamically generated CSS *\/\n\t\t\t\t\t.qt-qttabsedbd-interactive-entertainment .qt-txtfx--newyork { color: #ffffff}\n\t\t\t\t\t.qt-qttabsedbd-interactive-entertainment .qt-txtfx--newyork span::before { color: #ffffff}\n\t\t\t\t\t.qt-qttabsedbd-interactive-entertainment .qt-txtfx--newyork::before { background: #faaf2d}\"><\/div>\n\t\t[vc_row_inner][vc_column_inner width=&#8220;1\/2&#8243;][vc_column_text]<\/p>\n<h2>Walk atop a Skyscraper<\/h2>\n<h4>Matthias H\u00fcttmann, Braunschweig<\/h4>\n<p>Das Spiel \u00bbWalk atop a Skyscraper\u00ab besch\u00e4ftigt sich mit der Frage, wo die Grenze zwischen virtueller und echter Realit\u00e4t verl\u00e4uft. Wie real kann der virtuelle Raum wirken und wie ver\u00e4ndert sich die Wahrnehmung der physischen Welt durch die VR-Brille?<br \/>\nDas Ziel von \u00bbWalk atop a Skyscraper\u00ab ist denkbar simpel: in einem Raum von A nach B zu gelangen.<br \/>\nIn der echten Welt muss man daf\u00fcr nur einige flache Hindernisse \u00fcberwinden. Doch setzt man die Virtual Reality-Brille auf, verschmilzt die physische mit der virtuellen Welt und der Weg wird zu einer Geschicklichkeits- und Mutprobe.<br \/>\nDer einfache Aufbau des Parkours erscheint zun\u00e4chst unspektakul\u00e4r, doch im Spiel wird das Brett, auf dem man balanciert, pl\u00f6tzlich zum Arm eines Krans in schwindelerregender H\u00f6he. Sound- und Windeffekte verst\u00e4rken die Immersion, sodass man die Wirklichkeit, zu jedem Zeitpunkt auf sicherem Boden zu stehen, vergisst.[\/vc_column_text][\/vc_column_inner][vc_column_inner width=&#8220;1\/2&#8243;]\t\t<div class=\"qt-short-image aligncenter\">\n\t\t\t<img decoding=\"async\" src=\"https:\/\/nextrealitycontest.de\/wp-content\/uploads\/2018\/09\/Walk-atop.png\" alt=\"\"> \t\t<\/div>\n\t\t[vc_empty_space height=&#8220;60px&#8220;][vc_column_text]<\/p>\n<h4>Ebenfalls nominiert<\/h4>\n<p><strong>Tower Tag<\/strong><br \/>\nVR Nerds GmbH, Hamburg<\/p>\n<p><strong>Elbjazz<\/strong><br \/>\nNOYS VR, Hamburg[\/vc_column_text][\/vc_column_inner][\/vc_row_inner][\/vc_column][\/vc_row][vc_row][vc_column][vc_empty_space height=&#8220;60px&#8220;]\t\t<h2 id=\"qttabsede--grad-movie\" class=\"qt-center qt-qttabsede--grad-movie qt-textfx-wrap qt-fontsize-h1\">\n\t\t\t\t\t\t\t\t\n\t\t\t\t\t<span class=\"qt-txtfx qt-txtfx--newyork\">360 Grad Movie<span data-letters=\"360 Grad Movie\"><\/span><span data-letters=\"360 Grad Movie\"><\/span><\/span>\n\t\t\t\t\t\t\t<\/h2>\n\t\t\t\t<div data-kentha-customstyles=\"\/* Shortcode dynamically generated CSS *\/\n\t\t\t\t\t.qt-qttabsede--grad-movie .qt-txtfx--newyork { color: #ffffff}\n\t\t\t\t\t.qt-qttabsede--grad-movie .qt-txtfx--newyork span::before { color: #ffffff}\n\t\t\t\t\t.qt-qttabsede--grad-movie .qt-txtfx--newyork::before { background: #faaf2d}\"><\/div>\n\t\t[vc_row_inner][vc_column_inner width=&#8220;1\/2&#8243;]\t\t<div class=\"qt-short-image aligncenter\">\n\t\t\t<img decoding=\"async\" src=\"https:\/\/nextrealitycontest.de\/wp-content\/uploads\/2018\/09\/Hochbahn-1.png\" alt=\"\"> \t\t<\/div>\n\t\t[vc_empty_space height=&#8220;60px&#8220;][vc_column_text]<\/p>\n<h4>Ebenfalls nominiert<\/h4>\n<p><strong>Kumpel-Tag mit Andy: Abschied vom letzten Bergwerk Deutschlands<br \/>\n<\/strong>Into VR &amp; Video GmbH, Berlin<\/p>\n<p><strong>Red Bull Cliffdiving VR<br \/>\n<\/strong>Helhed Production GmbH, Hamburg[\/vc_column_text][\/vc_column_inner][vc_column_inner width=&#8220;1\/2&#8243;][vc_column_text]<\/p>\n<h2>Hamburger Hochbahn AG \u2013 Elbbr\u00fccken<\/h2>\n<h4>Helhed Production GmbH, Hamburg<\/h4>\n<p>F\u00fcr dieses Mixed Reality Hybridformat haben wir zusammen mit der Hamburger Hochbahn AG, Saint Elmo&#8217;s und der nhbNEXT GmbH die Visualisierung der neuen Elbbr\u00fccken Haltestelle realisiert. Auf spielerische Weise f\u00fchrt uns der leitende Architekt durch das imposante Geb\u00e4ude und geht dabei auf die einzelnen baulichen Details der neuen Haltestelle ein. Der zun\u00e4chst als Endhaltestelle fungierende Bahnhof wird erst Ende 2018 er\u00f6ffnet, doch Sie k\u00f6nnen ihn schon jetzt besichtigen. Viel Spa\u00df dabei.[\/vc_column_text][\/vc_column_inner][\/vc_row_inner][\/vc_column][\/vc_row][vc_row][vc_column][vc_empty_space height=&#8220;60px&#8220;]\t\t<h2 id=\"qttabsedc-local-hero\" class=\"qt-center qt-qttabsedc-local-hero qt-textfx-wrap qt-fontsize-h1\">\n\t\t\t\t\t\t\t\t\n\t\t\t\t\t<span class=\"qt-txtfx qt-txtfx--newyork\">Local Hero<span data-letters=\"Local Hero\"><\/span><span data-letters=\"Local Hero\"><\/span><\/span>\n\t\t\t\t\t\t\t<\/h2>\n\t\t\t\t<div data-kentha-customstyles=\"\/* Shortcode dynamically generated CSS *\/\n\t\t\t\t\t.qt-qttabsedc-local-hero .qt-txtfx--newyork { color: #ffffff}\n\t\t\t\t\t.qt-qttabsedc-local-hero .qt-txtfx--newyork span::before { color: #ffffff}\n\t\t\t\t\t.qt-qttabsedc-local-hero .qt-txtfx--newyork::before { background: #faaf2d}\"><\/div>\n\t\t[vc_row_inner][vc_column_inner width=&#8220;1\/2&#8243;][vc_column_text]<\/p>\n<h2>TOWER TAG<\/h2>\n<h4>VR Nerds GmbH, Hamburg<\/h4>\n<p>Tower Tag ist ein Arcade-Multiplayer-Game in Virtual Reality. Jeder Spieler hat seinen eigenen VR Platz mit einer 2 x 2m gro\u00dfen Plattform.<br \/>\nIhr spielt entweder 1 vs 1 oder zusammen mit einem Teampartner 2 vs 2 .<br \/>\nNeben der VR-Brille, deiner Waffe hast Du auch eine Weste, die Dir (Force-) Feedback gibt, wenn Du getroffen wirst. \u00dcber Teamspeak kannst Du dich mit Deinem Partner absprechen, wie ihr vorgeht.<br \/>\nVerschiedene haptische Elemente und einfachste Bedienung sorgen f\u00fcr rasantes und realistisches Gameplay.<br \/>\nTeam Fire oder Team Ice, wof\u00fcr entscheidest Du dich?[\/vc_column_text][\/vc_column_inner][vc_column_inner width=&#8220;1\/2&#8243;]\t\t<div class=\"qt-short-image aligncenter\">\n\t\t\t<img decoding=\"async\" src=\"https:\/\/nextrealitycontest.de\/wp-content\/uploads\/2018\/09\/Tower-tag.png\" alt=\"\"> \t\t<\/div>\n\t\t[vc_empty_space height=&#8220;60px&#8220;][vc_column_text]<\/p>\n<h4>Ebenfalls nominiert<\/h4>\n<p><strong>Elbjazz<\/strong><br \/>\nNOYS VR, Hamburg<\/p>\n<p><strong>Red Bull Cliffdiving VR<br \/>\n<\/strong>Helhed Production GmbH, Hamburg[\/vc_column_text][\/vc_column_inner][\/vc_row_inner][\/vc_column][\/vc_row][vc_row][vc_column][vc_empty_space height=&#8220;60px&#8220;]\t\t<h2 id=\"qttabseddd-best-experience\" class=\"qt-center qt-qttabseddd-best-experience qt-textfx-wrap qt-fontsize-h1\">\n\t\t\t\t\t\t\t\t\n\t\t\t\t\t<span class=\"qt-txtfx qt-txtfx--newyork\">Best Experience<span data-letters=\"Best Experience\"><\/span><span data-letters=\"Best Experience\"><\/span><\/span>\n\t\t\t\t\t\t\t<\/h2>\n\t\t\t\t<div data-kentha-customstyles=\"\/* Shortcode dynamically generated CSS *\/\n\t\t\t\t\t.qt-qttabseddd-best-experience .qt-txtfx--newyork { color: #ffffff}\n\t\t\t\t\t.qt-qttabseddd-best-experience .qt-txtfx--newyork span::before { color: #ffffff}\n\t\t\t\t\t.qt-qttabseddd-best-experience .qt-txtfx--newyork::before { background: #faaf2d}\"><\/div>\n\t\t[vc_row_inner][vc_column_inner width=&#8220;1\/2&#8243;]\t\t<div class=\"qt-short-image aligncenter\">\n\t\t\t<img decoding=\"async\" src=\"https:\/\/nextrealitycontest.de\/wp-content\/uploads\/2018\/09\/Tower-tag.png\" alt=\"\"> \t\t<\/div>\n\t\t[vc_empty_space height=&#8220;60px&#8220;][\/vc_column_inner][vc_column_inner width=&#8220;1\/2&#8243;][vc_column_text]<\/p>\n<h2>TOWER TAG<\/h2>\n<h4>VR Nerds GmbH, Hamburg<\/h4>\n<p>Tower Tag ist ein Arcade-Multiplayer-Game in Virtual Reality. Jeder Spieler hat seinen eigenen VR Platz mit einer 2 x 2m gro\u00dfen Plattform.<br \/>\nIhr spielt entweder 1 vs 1 oder zusammen mit einem Teampartner 2 vs 2 .<br \/>\nNeben der VR-Brille, deiner Waffe hast Du auch eine Weste, die Dir (Force-) Feedback gibt, wenn Du getroffen wirst. \u00dcber Teamspeak kannst Du dich mit Deinem Partner absprechen, wie ihr vorgeht.<br \/>\nVerschiedene haptische Elemente und einfachste Bedienung sorgen f\u00fcr rasantes und realistisches Gameplay.<br \/>\nTeam Fire oder Team Ice, wof\u00fcr entscheidest Du dich?[\/vc_column_text][\/vc_column_inner][\/vc_row_inner][\/vc_column][\/vc_row]<\/p>\n<\/section>","protected":false},"excerpt":{"rendered":"<p>[vc_row][vc_column][vc_row_inner][vc_column_inner width=&#8220;1\/2&#8243;][vc_empty_space height=&#8220;60px&#8220;][vc_column_text] Ebenfalls nominiert Iunco VR Visonme GmbH, Hannover VRInsight VR Nerds GmbH, Hamburg[\/vc_column_text][\/vc_column_inner][vc_column_inner width=&#8220;1\/2&#8243;][vc_column_text] HoloLinc\u00ae Z\u00fchlke Engineering GmbH, Hamburg Mixed Reality steckt noch immer in den Kinderschuhen? Nicht ganz! Gemeinsam mit thyssenkrupp hat Z\u00fchlke einen spektakul\u00e4ren Proof of Concept auf die Stra\u00dfe gebracht: HoloLinc\u00ae. Es geht um nicht [&hellip;]<\/p>\n","protected":false},"author":1,"featured_media":0,"parent":1315,"menu_order":0,"comment_status":"closed","ping_status":"closed","template":"","meta":{"_acf_changed":false,"footnotes":""},"acf":[],"yoast_head":"<!-- This site is optimized with the Yoast SEO plugin v21.9.1 - https:\/\/yoast.com\/wordpress\/plugins\/seo\/ -->\n<title>Gewinner:innen 2018 - nextReality.Contest<\/title>\n<meta name=\"robots\" content=\"index, follow, max-snippet:-1, max-image-preview:large, max-video-preview:-1\" \/>\n<link rel=\"canonical\" href=\"https:\/\/nextrealitycontest.de\/de\/winner\/winner-2018\/\" \/>\n<meta property=\"og:locale\" content=\"de_DE\" \/>\n<meta property=\"og:type\" content=\"article\" \/>\n<meta property=\"og:title\" content=\"Gewinner:innen 2018 - nextReality.Contest\" \/>\n<meta property=\"og:description\" content=\"[vc_row][vc_column][vc_row_inner][vc_column_inner width=&#8220;1\/2&#8243;][vc_empty_space height=&#8220;60px&#8220;][vc_column_text] Ebenfalls nominiert Iunco VR Visonme GmbH, Hannover VRInsight VR Nerds GmbH, Hamburg[\/vc_column_text][\/vc_column_inner][vc_column_inner width=&#8220;1\/2&#8243;][vc_column_text] HoloLinc\u00ae Z\u00fchlke Engineering GmbH, Hamburg Mixed Reality steckt noch immer in den Kinderschuhen? Nicht ganz! Gemeinsam mit thyssenkrupp hat Z\u00fchlke einen spektakul\u00e4ren Proof of Concept auf die Stra\u00dfe gebracht: HoloLinc\u00ae. Es geht um nicht [&hellip;]\" \/>\n<meta property=\"og:url\" content=\"https:\/\/nextrealitycontest.de\/de\/winner\/winner-2018\/\" \/>\n<meta property=\"og:site_name\" content=\"nextReality.Contest\" \/>\n<meta property=\"article:modified_time\" content=\"2021-11-15T19:10:18+00:00\" \/>\n<meta name=\"twitter:card\" content=\"summary_large_image\" \/>\n<meta name=\"twitter:label1\" content=\"Gesch\u00e4tzte Lesezeit\" \/>\n\t<meta name=\"twitter:data1\" content=\"3\u00a0Minuten\" \/>\n<script type=\"application\/ld+json\" class=\"yoast-schema-graph\">{\"@context\":\"https:\/\/schema.org\",\"@graph\":[{\"@type\":\"WebPage\",\"@id\":\"https:\/\/nextrealitycontest.de\/de\/winner\/winner-2018\/\",\"url\":\"https:\/\/nextrealitycontest.de\/de\/winner\/winner-2018\/\",\"name\":\"Gewinner:innen 2018 - nextReality.Contest\",\"isPartOf\":{\"@id\":\"https:\/\/nextrealitycontest.de\/de\/#website\"},\"datePublished\":\"2018-11-08T18:40:17+00:00\",\"dateModified\":\"2021-11-15T19:10:18+00:00\",\"breadcrumb\":{\"@id\":\"https:\/\/nextrealitycontest.de\/de\/winner\/winner-2018\/#breadcrumb\"},\"inLanguage\":\"de\",\"potentialAction\":[{\"@type\":\"ReadAction\",\"target\":[\"https:\/\/nextrealitycontest.de\/de\/winner\/winner-2018\/\"]}]},{\"@type\":\"BreadcrumbList\",\"@id\":\"https:\/\/nextrealitycontest.de\/de\/winner\/winner-2018\/#breadcrumb\",\"itemListElement\":[{\"@type\":\"ListItem\",\"position\":1,\"name\":\"Startseite\",\"item\":\"https:\/\/nextrealitycontest.de\/de\/\"},{\"@type\":\"ListItem\",\"position\":2,\"name\":\"Gewinner:innen\",\"item\":\"https:\/\/nextrealitycontest.de\/de\/winner\/\"},{\"@type\":\"ListItem\",\"position\":3,\"name\":\"Gewinner:innen 2018\"}]},{\"@type\":\"WebSite\",\"@id\":\"https:\/\/nextrealitycontest.de\/de\/#website\",\"url\":\"https:\/\/nextrealitycontest.de\/de\/\",\"name\":\"nextReality.Contest\",\"description\":\"Der Preis f\u00fcr Immersive Medien in Deutschland\",\"potentialAction\":[{\"@type\":\"SearchAction\",\"target\":{\"@type\":\"EntryPoint\",\"urlTemplate\":\"https:\/\/nextrealitycontest.de\/de\/?s={search_term_string}\"},\"query-input\":\"required name=search_term_string\"}],\"inLanguage\":\"de\"}]}<\/script>\n<!-- \/ Yoast SEO plugin. -->","yoast_head_json":{"title":"Gewinner:innen 2018 - nextReality.Contest","robots":{"index":"index","follow":"follow","max-snippet":"max-snippet:-1","max-image-preview":"max-image-preview:large","max-video-preview":"max-video-preview:-1"},"canonical":"https:\/\/nextrealitycontest.de\/de\/winner\/winner-2018\/","og_locale":"de_DE","og_type":"article","og_title":"Gewinner:innen 2018 - nextReality.Contest","og_description":"[vc_row][vc_column][vc_row_inner][vc_column_inner width=&#8220;1\/2&#8243;][vc_empty_space height=&#8220;60px&#8220;][vc_column_text] Ebenfalls nominiert Iunco VR Visonme GmbH, Hannover VRInsight VR Nerds GmbH, Hamburg[\/vc_column_text][\/vc_column_inner][vc_column_inner width=&#8220;1\/2&#8243;][vc_column_text] HoloLinc\u00ae Z\u00fchlke Engineering GmbH, Hamburg Mixed Reality steckt noch immer in den Kinderschuhen? Nicht ganz! Gemeinsam mit thyssenkrupp hat Z\u00fchlke einen spektakul\u00e4ren Proof of Concept auf die Stra\u00dfe gebracht: HoloLinc\u00ae. Es geht um nicht [&hellip;]","og_url":"https:\/\/nextrealitycontest.de\/de\/winner\/winner-2018\/","og_site_name":"nextReality.Contest","article_modified_time":"2021-11-15T19:10:18+00:00","twitter_card":"summary_large_image","twitter_misc":{"Gesch\u00e4tzte Lesezeit":"3\u00a0Minuten"},"schema":{"@context":"https:\/\/schema.org","@graph":[{"@type":"WebPage","@id":"https:\/\/nextrealitycontest.de\/de\/winner\/winner-2018\/","url":"https:\/\/nextrealitycontest.de\/de\/winner\/winner-2018\/","name":"Gewinner:innen 2018 - nextReality.Contest","isPartOf":{"@id":"https:\/\/nextrealitycontest.de\/de\/#website"},"datePublished":"2018-11-08T18:40:17+00:00","dateModified":"2021-11-15T19:10:18+00:00","breadcrumb":{"@id":"https:\/\/nextrealitycontest.de\/de\/winner\/winner-2018\/#breadcrumb"},"inLanguage":"de","potentialAction":[{"@type":"ReadAction","target":["https:\/\/nextrealitycontest.de\/de\/winner\/winner-2018\/"]}]},{"@type":"BreadcrumbList","@id":"https:\/\/nextrealitycontest.de\/de\/winner\/winner-2018\/#breadcrumb","itemListElement":[{"@type":"ListItem","position":1,"name":"Startseite","item":"https:\/\/nextrealitycontest.de\/de\/"},{"@type":"ListItem","position":2,"name":"Gewinner:innen","item":"https:\/\/nextrealitycontest.de\/de\/winner\/"},{"@type":"ListItem","position":3,"name":"Gewinner:innen 2018"}]},{"@type":"WebSite","@id":"https:\/\/nextrealitycontest.de\/de\/#website","url":"https:\/\/nextrealitycontest.de\/de\/","name":"nextReality.Contest","description":"Der Preis f\u00fcr Immersive Medien in Deutschland","potentialAction":[{"@type":"SearchAction","target":{"@type":"EntryPoint","urlTemplate":"https:\/\/nextrealitycontest.de\/de\/?s={search_term_string}"},"query-input":"required name=search_term_string"}],"inLanguage":"de"}]}},"publishpress_future_action":{"enabled":false,"date":"2026-04-23 03:59:15","action":"draft","terms":[],"taxonomy":""},"_links":{"self":[{"href":"https:\/\/nextrealitycontest.de\/de\/wp-json\/wp\/v2\/pages\/1735"}],"collection":[{"href":"https:\/\/nextrealitycontest.de\/de\/wp-json\/wp\/v2\/pages"}],"about":[{"href":"https:\/\/nextrealitycontest.de\/de\/wp-json\/wp\/v2\/types\/page"}],"author":[{"embeddable":true,"href":"https:\/\/nextrealitycontest.de\/de\/wp-json\/wp\/v2\/users\/1"}],"replies":[{"embeddable":true,"href":"https:\/\/nextrealitycontest.de\/de\/wp-json\/wp\/v2\/comments?post=1735"}],"version-history":[{"count":4,"href":"https:\/\/nextrealitycontest.de\/de\/wp-json\/wp\/v2\/pages\/1735\/revisions"}],"predecessor-version":[{"id":2778,"href":"https:\/\/nextrealitycontest.de\/de\/wp-json\/wp\/v2\/pages\/1735\/revisions\/2778"}],"up":[{"embeddable":true,"href":"https:\/\/nextrealitycontest.de\/de\/wp-json\/wp\/v2\/pages\/1315"}],"wp:attachment":[{"href":"https:\/\/nextrealitycontest.de\/de\/wp-json\/wp\/v2\/media?parent=1735"}],"curies":[{"name":"wp","href":"https:\/\/api.w.org\/{rel}","templated":true}]}}