{"id":1669,"date":"2018-10-15T16:32:41","date_gmt":"2018-10-15T14:32:41","guid":{"rendered":"https:\/\/nextrealitycontest.de\/?page_id=1669"},"modified":"2018-11-09T10:58:51","modified_gmt":"2018-11-09T08:58:51","slug":"conference","status":"publish","type":"page","link":"https:\/\/nextrealitycontest.de\/de\/conference\/","title":{"rendered":"Conference"},"content":{"rendered":"<section class=\"wpb-content-wrapper\"><p>[vc_row][vc_column]\t\t<h2 id=\"qttabsedbdcf-conference-programm\" class=\"qt-center qt-qttabsedbdcf-conference-programm qt-textfx-wrap qt-fontsize-h1\">\n\t\t\t\t\t\t\t\t\n\t\t\t\t\t<span class=\"qt-txtfx qt-txtfx--newyork\">Conference Programm<span data-letters=\"Conference Programm\"><\/span><span data-letters=\"Conference Programm\"><\/span><\/span>\n\t\t\t\t\t\t\t<\/h2>\n\t\t\t\t<div data-kentha-customstyles=\"\/* Shortcode dynamically generated CSS *\/\n\t\t\t\t\t.qt-qttabsedbdcf-conference-programm .qt-txtfx--newyork { color: #ffffff}\n\t\t\t\t\t.qt-qttabsedbdcf-conference-programm .qt-txtfx--newyork span::before { color: #ffffff}\n\t\t\t\t\t.qt-qttabsedbdcf-conference-programm .qt-txtfx--newyork::before { background: #e3e316}\"><\/div>\n\t\t[\/vc_column][\/vc_row][vc_row][vc_column width=&#8220;1\/2&#8243;]\t\t<div class=\"qt-short-image aligncenter\">\n\t\t\t<img decoding=\"async\" src=\"https:\/\/nextrealitycontest.de\/wp-content\/uploads\/2018\/10\/XRC-Star-756x605.png\" alt=\"\"> \t\t<\/div>\n\t\t[\/vc_column][vc_column width=&#8220;1\/2&#8243;][vc_column_text]<\/p>\n<h2>14:00 &#8211; 14:15<\/h2>\n<h4>Begr\u00fc\u00dfung HK, XR, FFHSH<\/h4>\n<p>[\/vc_column_text][\/vc_column][\/vc_row][vc_row][vc_column width=&#8220;1\/2&#8243;]\t\t<div class=\"qt-short-image aligncenter\">\n\t\t\t<img decoding=\"async\" src=\"https:\/\/nextrealitycontest.de\/wp-content\/uploads\/2018\/10\/Frank-756x605.png\" alt=\"\"> \t\t<\/div>\n\t\t[\/vc_column][vc_column width=&#8220;1\/2&#8243;][vc_column_text]<\/p>\n<h2>14:15 &#8211; 15:00<\/h2>\n<h4>What\u2019s next in nextReality? &#8211; Frank Steinicke (UNI Hamburg)<\/h4>\n<h4>In my talk, I will show how XR technology has evolved from its beginnings and will discuss how the new area of XR evolve including technologies such as robotics, the internet of things, and artificial intelligence.<\/h4>\n<h4>Frank Steinicke ist Professor f\u00fcr Mensch-Computer-Interaktion am Fachbereich f\u00fcr Informatik der Universit\u00e4t Hamburg und arbeitet seit \u00dcber 25 Jahren im Bereich der immersive interaktiven Umgebungen.<\/h4>\n<p>[\/vc_column_text][\/vc_column][\/vc_row][vc_row][vc_column width=&#8220;1\/2&#8243;]\t\t<div class=\"qt-short-image aligncenter\">\n\t\t\t<img decoding=\"async\" src=\"https:\/\/nextrealitycontest.de\/wp-content\/uploads\/2018\/10\/maria-756x605.png\" alt=\"\"> \t\t<\/div>\n\t\t[\/vc_column][vc_column width=&#8220;1\/2&#8243;][vc_column_text]<\/p>\n<h2>15:15 &#8211; 15:45<\/h2>\n<h4>&#8222;VR &#8211; A new generation of media entertainment&#8220;- Maria Herholdt Engermann (MANND)<\/h4>\n<h4>This session will focus on cinematic location-based VR, and how to create experiences that goes beyond the head mount. Based on MANNDs own experience with their two VR projects: Separate Silences and X-Ray Fashion, Maria will present their perspective of what&#8217;s next in VR storytelling and how VR can evolve into a new media entertainment format.<\/h4>\n<h4>Maria has a background within film and is the co-founder, alongside Signe Ungermand, of MANND, a Danish production house specializing in location-based VR experiences.<\/h4>\n<p>[\/vc_column_text][\/vc_column][\/vc_row][vc_row][vc_column width=&#8220;1\/2&#8243;][\/vc_column][vc_column width=&#8220;1\/2&#8243;][vc_column_text]<\/p>\n<h2>16:00 &#8211; 16:20<\/h2>\n<h4>Fireside Chat mit Dr. Jan Asmus (FFHSH) und Maria Herhold Engermann (MANND)<\/h4>\n<p>[\/vc_column_text][\/vc_column][\/vc_row][vc_row][vc_column width=&#8220;1\/2&#8243;]\t\t<div class=\"qt-short-image aligncenter\">\n\t\t\t<img decoding=\"async\" src=\"https:\/\/nextrealitycontest.de\/wp-content\/uploads\/2018\/10\/Tim-B-Frank-756x605.png\" alt=\"\"> \t\t<\/div>\n\t\t[\/vc_column][vc_column width=&#8220;1\/2&#8243;][vc_column_text]<\/p>\n<h2>16:30 &#8211; 17:00<\/h2>\n<h4>Businessmodelle f\u00fcr VR-Projekte &#8211; Tim B. Frank (VirtualX)<\/h4>\n<h4>Tim hat 2008 seinen Hochschulabschluss im Bereich Medienwissenschaften absolviert und hat seither als Kameramann und Filmproduzent gearbeitet. 2014 hat er mit der Produktion von 360\u00b0-Projekten und Appentwicklung begonnen. 2016 hat sich Tim dazu entschlossen, sich ausschlie\u00dflich den immersiven Medien zu verschreiben und produziert seither Virtual-Reality-, Augmented-Reality- und 360\u00b0-Projekte im Auftrag von Firmen und in Eigenregie.<\/h4>\n<p>[\/vc_column_text][\/vc_column][\/vc_row][vc_row][vc_column width=&#8220;1\/2&#8243;]\t\t<div class=\"qt-short-image aligncenter\">\n\t\t\t<img decoding=\"async\" src=\"https:\/\/nextrealitycontest.de\/wp-content\/uploads\/2018\/10\/David-756x605.png\" alt=\"\"> \t\t<\/div>\n\t\t[\/vc_column][vc_column width=&#8220;1\/2&#8243;][vc_column_text]<\/p>\n<h2>17:15 &#8211; 18:00<\/h2>\n<h4>David Tree<\/h4>\n<h4>David is a Research fellow with a background in architectural visualisation \u00a0he brings a combination of software developer and digital artist to the Games and Visual Effects Research Lab at the University of Hertfordshire.\u00a0 Under the Interreg North Sea Region: Create Converge project He leads the development of immersive content prototypes in collaboration with subject specialists ranging from choreographers to quantum physicists, aiding them in the quest to seek greater engagement through the application of Immersive technologies.\u00a0 In addition to his work on developing prototypes, he is working on the production of an interactive map of the NSR\u2019s Immersive sector through the <u>application<\/u> a custom scraping and refinement toolkit.<\/h4>\n<p>[\/vc_column_text][\/vc_column][\/vc_row]<\/p>\n<\/section>","protected":false},"excerpt":{"rendered":"<p>[vc_row][vc_column][\/vc_column][\/vc_row][vc_row][vc_column width=&#8220;1\/2&#8243;][\/vc_column][vc_column width=&#8220;1\/2&#8243;][vc_column_text] 14:00 &#8211; 14:15 Begr\u00fc\u00dfung HK, XR, FFHSH [\/vc_column_text][\/vc_column][\/vc_row][vc_row][vc_column width=&#8220;1\/2&#8243;][\/vc_column][vc_column width=&#8220;1\/2&#8243;][vc_column_text] 14:15 &#8211; 15:00 What\u2019s next in nextReality? &#8211; Frank Steinicke (UNI Hamburg) In my talk, I will show how XR technology has evolved from its beginnings and will discuss how the new area of XR evolve including [&hellip;]<\/p>\n","protected":false},"author":1,"featured_media":0,"parent":0,"menu_order":0,"comment_status":"closed","ping_status":"closed","template":"","meta":{"_acf_changed":false,"footnotes":""},"acf":[],"yoast_head":"<!-- This site is optimized with the Yoast SEO plugin v21.9.1 - https:\/\/yoast.com\/wordpress\/plugins\/seo\/ -->\n<title>Conference - nextReality.Contest<\/title>\n<meta name=\"robots\" content=\"index, follow, max-snippet:-1, max-image-preview:large, max-video-preview:-1\" \/>\n<link rel=\"canonical\" href=\"https:\/\/nextrealitycontest.de\/de\/conference\/\" \/>\n<meta property=\"og:locale\" content=\"de_DE\" \/>\n<meta property=\"og:type\" content=\"article\" \/>\n<meta property=\"og:title\" content=\"Conference - nextReality.Contest\" \/>\n<meta property=\"og:description\" content=\"[vc_row][vc_column][\/vc_column][\/vc_row][vc_row][vc_column width=&#8220;1\/2&#8243;][\/vc_column][vc_column width=&#8220;1\/2&#8243;][vc_column_text] 14:00 &#8211; 14:15 Begr\u00fc\u00dfung HK, XR, FFHSH [\/vc_column_text][\/vc_column][\/vc_row][vc_row][vc_column width=&#8220;1\/2&#8243;][\/vc_column][vc_column width=&#8220;1\/2&#8243;][vc_column_text] 14:15 &#8211; 15:00 What\u2019s next in nextReality? &#8211; Frank Steinicke (UNI Hamburg) In my talk, I will show how XR technology has evolved from its beginnings and will discuss how the new area of XR evolve including [&hellip;]\" \/>\n<meta property=\"og:url\" content=\"https:\/\/nextrealitycontest.de\/de\/conference\/\" \/>\n<meta property=\"og:site_name\" content=\"nextReality.Contest\" \/>\n<meta property=\"article:modified_time\" content=\"2018-11-09T08:58:51+00:00\" \/>\n<meta name=\"twitter:card\" content=\"summary_large_image\" \/>\n<meta name=\"twitter:label1\" content=\"Gesch\u00e4tzte Lesezeit\" \/>\n\t<meta name=\"twitter:data1\" content=\"3\u00a0Minuten\" \/>\n<script type=\"application\/ld+json\" class=\"yoast-schema-graph\">{\"@context\":\"https:\/\/schema.org\",\"@graph\":[{\"@type\":\"WebPage\",\"@id\":\"https:\/\/nextrealitycontest.de\/de\/conference\/\",\"url\":\"https:\/\/nextrealitycontest.de\/de\/conference\/\",\"name\":\"Conference - nextReality.Contest\",\"isPartOf\":{\"@id\":\"https:\/\/nextrealitycontest.de\/de\/#website\"},\"datePublished\":\"2018-10-15T14:32:41+00:00\",\"dateModified\":\"2018-11-09T08:58:51+00:00\",\"breadcrumb\":{\"@id\":\"https:\/\/nextrealitycontest.de\/de\/conference\/#breadcrumb\"},\"inLanguage\":\"de\",\"potentialAction\":[{\"@type\":\"ReadAction\",\"target\":[\"https:\/\/nextrealitycontest.de\/de\/conference\/\"]}]},{\"@type\":\"BreadcrumbList\",\"@id\":\"https:\/\/nextrealitycontest.de\/de\/conference\/#breadcrumb\",\"itemListElement\":[{\"@type\":\"ListItem\",\"position\":1,\"name\":\"Startseite\",\"item\":\"https:\/\/nextrealitycontest.de\/de\/\"},{\"@type\":\"ListItem\",\"position\":2,\"name\":\"Conference\"}]},{\"@type\":\"WebSite\",\"@id\":\"https:\/\/nextrealitycontest.de\/de\/#website\",\"url\":\"https:\/\/nextrealitycontest.de\/de\/\",\"name\":\"nextReality.Contest\",\"description\":\"Der Preis f\u00fcr Immersive Medien in Deutschland\",\"potentialAction\":[{\"@type\":\"SearchAction\",\"target\":{\"@type\":\"EntryPoint\",\"urlTemplate\":\"https:\/\/nextrealitycontest.de\/de\/?s={search_term_string}\"},\"query-input\":\"required name=search_term_string\"}],\"inLanguage\":\"de\"}]}<\/script>\n<!-- \/ Yoast SEO plugin. -->","yoast_head_json":{"title":"Conference - nextReality.Contest","robots":{"index":"index","follow":"follow","max-snippet":"max-snippet:-1","max-image-preview":"max-image-preview:large","max-video-preview":"max-video-preview:-1"},"canonical":"https:\/\/nextrealitycontest.de\/de\/conference\/","og_locale":"de_DE","og_type":"article","og_title":"Conference - nextReality.Contest","og_description":"[vc_row][vc_column][\/vc_column][\/vc_row][vc_row][vc_column width=&#8220;1\/2&#8243;][\/vc_column][vc_column width=&#8220;1\/2&#8243;][vc_column_text] 14:00 &#8211; 14:15 Begr\u00fc\u00dfung HK, XR, FFHSH [\/vc_column_text][\/vc_column][\/vc_row][vc_row][vc_column width=&#8220;1\/2&#8243;][\/vc_column][vc_column width=&#8220;1\/2&#8243;][vc_column_text] 14:15 &#8211; 15:00 What\u2019s next in nextReality? &#8211; Frank Steinicke (UNI Hamburg) In my talk, I will show how XR technology has evolved from its beginnings and will discuss how the new area of XR evolve including [&hellip;]","og_url":"https:\/\/nextrealitycontest.de\/de\/conference\/","og_site_name":"nextReality.Contest","article_modified_time":"2018-11-09T08:58:51+00:00","twitter_card":"summary_large_image","twitter_misc":{"Gesch\u00e4tzte Lesezeit":"3\u00a0Minuten"},"schema":{"@context":"https:\/\/schema.org","@graph":[{"@type":"WebPage","@id":"https:\/\/nextrealitycontest.de\/de\/conference\/","url":"https:\/\/nextrealitycontest.de\/de\/conference\/","name":"Conference - nextReality.Contest","isPartOf":{"@id":"https:\/\/nextrealitycontest.de\/de\/#website"},"datePublished":"2018-10-15T14:32:41+00:00","dateModified":"2018-11-09T08:58:51+00:00","breadcrumb":{"@id":"https:\/\/nextrealitycontest.de\/de\/conference\/#breadcrumb"},"inLanguage":"de","potentialAction":[{"@type":"ReadAction","target":["https:\/\/nextrealitycontest.de\/de\/conference\/"]}]},{"@type":"BreadcrumbList","@id":"https:\/\/nextrealitycontest.de\/de\/conference\/#breadcrumb","itemListElement":[{"@type":"ListItem","position":1,"name":"Startseite","item":"https:\/\/nextrealitycontest.de\/de\/"},{"@type":"ListItem","position":2,"name":"Conference"}]},{"@type":"WebSite","@id":"https:\/\/nextrealitycontest.de\/de\/#website","url":"https:\/\/nextrealitycontest.de\/de\/","name":"nextReality.Contest","description":"Der Preis f\u00fcr Immersive Medien in Deutschland","potentialAction":[{"@type":"SearchAction","target":{"@type":"EntryPoint","urlTemplate":"https:\/\/nextrealitycontest.de\/de\/?s={search_term_string}"},"query-input":"required name=search_term_string"}],"inLanguage":"de"}]}},"publishpress_future_action":{"enabled":false,"date":"2026-05-03 00:44:10","action":"draft","terms":[],"taxonomy":""},"_links":{"self":[{"href":"https:\/\/nextrealitycontest.de\/de\/wp-json\/wp\/v2\/pages\/1669"}],"collection":[{"href":"https:\/\/nextrealitycontest.de\/de\/wp-json\/wp\/v2\/pages"}],"about":[{"href":"https:\/\/nextrealitycontest.de\/de\/wp-json\/wp\/v2\/types\/page"}],"author":[{"embeddable":true,"href":"https:\/\/nextrealitycontest.de\/de\/wp-json\/wp\/v2\/users\/1"}],"replies":[{"embeddable":true,"href":"https:\/\/nextrealitycontest.de\/de\/wp-json\/wp\/v2\/comments?post=1669"}],"version-history":[{"count":12,"href":"https:\/\/nextrealitycontest.de\/de\/wp-json\/wp\/v2\/pages\/1669\/revisions"}],"predecessor-version":[{"id":1845,"href":"https:\/\/nextrealitycontest.de\/de\/wp-json\/wp\/v2\/pages\/1669\/revisions\/1845"}],"wp:attachment":[{"href":"https:\/\/nextrealitycontest.de\/de\/wp-json\/wp\/v2\/media?parent=1669"}],"curies":[{"name":"wp","href":"https:\/\/api.w.org\/{rel}","templated":true}]}}