{"id":1620,"date":"2018-08-15T15:29:17","date_gmt":"2018-08-15T15:29:17","guid":{"rendered":"https:\/\/nextrealitycontest.de\/?page_id=1620"},"modified":"2026-03-09T11:39:47","modified_gmt":"2026-03-09T09:39:47","slug":"einreichen","status":"publish","type":"page","link":"https:\/\/nextrealitycontest.de\/de\/einreichen\/","title":{"rendered":"Einreichen"},"content":{"rendered":"<section class=\"wpb-content-wrapper\"><p>[vc_row][vc_column][vc_column_text]<\/p>\n<div class=\"wpb_text_column wpb_content_element \">\n<div class=\"wpb_wrapper\">\n<h3>Reiche dein XR-Projekt f\u00fcr den XRC 2026 ein!<strong><br \/>\n<\/strong><br \/>\nWir freuen uns auf eure innovativen XR-Projekte und kreativen Visionen!<\/h3>\n<p>Eine Nominierung f\u00fcr den nextReality.Contest bietet Unternehmen, Studios, Start-ups und Einzelpersonen die M\u00f6glichkeit, mehr Sichtbarkeit f\u00fcr ihr Produkt oder ihre Dienstleistung zu erhalten und f\u00fcr herausragende Leistungen in den Bereichen Virtual, Augmented und Mixed Reality ausgezeichnet zu werden.<\/p>\n<p>Nach deiner Einreichung erh\u00e4ltst du eine Best\u00e4tigungsmail. Falls dein Projekt nominiert wird, melden wir uns rechtzeitig bei dir mit weiteren Informationen zur n\u00e4chsten Phase des Wettbewerbs.<\/p>\n<h4>So kannst du teilnehmen:<\/h4>\n<p><strong>Checke die Award-Kriterien<\/strong><br \/>\nBevor du dein Projekt einreichst, stelle sicher, dass es die Teilnahmevoraussetzungen erf\u00fcllt. Details dazu findest du in unseren <a href=\"https:\/\/nextrealitycontest.de\/de\/einreichen\/faq\/\">FAQs<\/a>.<\/p>\n<p><strong>F\u00fclle das Einreichungsformular aus<\/strong><br \/>\nWir ben\u00f6tigen einige projektspezifische Informationen \u2013 dazu geh\u00f6ren unter anderem eine Kurzbeschreibung, Bildmaterial und ein Video, das deine Anwendung oder dein Konzept zeigt.<\/p>\n<p><strong>Noch nicht ver\u00f6ffentlicht? Kein Problem!<\/strong><br \/>\nDein Projekt muss zum Zeitpunkt der Einreichung noch nicht \u00f6ffentlich verf\u00fcgbar sein. Es sollte jedoch sp\u00e4testens zur Preisverleihung f\u00fcr die Allgemeinheit zug\u00e4nglich sein.<\/p>\n<p><strong>Vertraulichkeit ist garantiert<\/strong><br \/>\nAlle vertraulichen Angaben sowie Projektinformationen sind nur f\u00fcr die Jury zug\u00e4nglich, die zur Verschwiegenheit verpflichtet ist.<\/p>\n<p><strong>Beachte den Anmeldeschluss<\/strong><br \/>\nStelle sicher, dass alle erforderlichen Unterlagen und Materialien fristgerecht bei uns eingehen.<\/p>\n<p><strong>Nutze die Chance, dein XR-Projekt ins Rampenlicht zu r\u00fccken \u2013 wir sind gespannt auf deine Einreichung!<\/strong><\/p>\n<p>Auch in diesem Jahr haben nominierte Projekte die M\u00f6glichkeit, im Rahmen des <a href=\"https:\/\/nextrealityfestival.com\">nextReality.festivals<\/a> am 18. und 19. November in der Hamburger Speicherstadt ausgestellt zu werden. So k\u00f6nnen sie einem breiten Publikum pr\u00e4sentiert und von Fachleuten, Enthusiasten und Interessierten vor Ort erlebt werden.<\/p>\n<\/div>\n<\/div>\n<p>[\/vc_column_text]\t\t\t<p class=\"aligncenter\"> \t\t\t\t\t<a href=\"https:\/\/nextrealitycontest.de\/form-view\/20\"  class=\"qt-btn qt-btn-xl  qt-btn-ghost aligncenter\">Jetzt Projekt f\u00fcr den XRC26 einreichen!<\/a>\n\t\t\t<\/p>\t\t[vc_empty_space height=&#8220;50px&#8220;][\/vc_column][\/vc_row][vc_row disable_element=&#8220;yes&#8220;][vc_column][vc_empty_space height=&#8220;60px&#8220;][\/vc_column][\/vc_row][vc_row disable_element=&#8220;yes&#8220;][vc_column]\t\t<h2 id=\"qttabseaeda-wichtige-termine\" class=\"qt-center qt-qttabseaeda-wichtige-termine qt-textfx-wrap qt-fontsize-h1\">\n\t\t\t\t\t\t\t\t\n\t\t\t\t\t<span class=\"qt-txtfx qt-txtfx--newyork\">Wichtige Termine<span data-letters=\"Wichtige Termine\"><\/span><span data-letters=\"Wichtige Termine\"><\/span><\/span>\n\t\t\t\t\t\t\t<\/h2>\n\t\t\t\t<div data-kentha-customstyles=\"\/* Shortcode dynamically generated CSS *\/\n\t\t\t\t\t.qt-qttabseaeda-wichtige-termine .qt-txtfx--newyork { color: #ffffff}\n\t\t\t\t\t.qt-qttabseaeda-wichtige-termine .qt-txtfx--newyork span::before { color: #ffffff}\n\t\t\t\t\t.qt-qttabseaeda-wichtige-termine .qt-txtfx--newyork::before { background: #faaf2d}\"><\/div>\n\t\t[vc_icon icon_fontawesome=&#8220;fa fa-file-text-o&#8220; color=&#8220;custom&#8220; align=&#8220;center&#8220; custom_color=&#8220;#faaf2d&#8220; link=&#8220;url:https%3A%2F%2Fnextrealitycontest.de%2Fform-view%2F5|||&#8220;][vc_column_text]<\/p>\n<p style=\"text-align: center;\">Er\u00f6ffnung Einreichungen<br \/>\n10. Mai<\/p>\n<p>[\/vc_column_text][vc_icon icon_fontawesome=&#8220;fa fa-window-close-o&#8220; color=&#8220;custom&#8220; align=&#8220;center&#8220; custom_color=&#8220;#faaf2d&#8220;][vc_column_text]<\/p>\n<p style=\"text-align: center;\">Einreichungsschluss<br \/>\n31. August<\/p>\n<p>[\/vc_column_text][vc_icon icon_fontawesome=&#8220;fas fa-photo-video&#8220; color=&#8220;custom&#8220; align=&#8220;center&#8220; custom_color=&#8220;#faaf2d&#8220;][vc_column_text]<\/p>\n<p style=\"text-align: center;\">\u00a0Sichtung + Bewertung der eingereichten Beitr\u00e4ge<br \/>\ndurch die Jurymitglieder<br \/>\nSeptember<\/p>\n<p>[\/vc_column_text][vc_icon icon_fontawesome=&#8220;fa fa-handshake-o&#8220; color=&#8220;custom&#8220; align=&#8220;center&#8220; custom_color=&#8220;#faaf2d&#8220;][vc_column_text]<\/p>\n<p style=\"text-align: center;\">Community Voting<br \/>\n15. September bis 15. Oktober<\/p>\n<p>[\/vc_column_text][vc_icon icon_fontawesome=&#8220;far fa-clipboard&#8220; color=&#8220;custom&#8220; align=&#8220;center&#8220; custom_color=&#8220;#faaf2d&#8220;][vc_column_text]<\/p>\n<p style=\"text-align: center;\">Jurytag in Hamburg<br \/>\n13. Oktober<\/p>\n<p>[\/vc_column_text][vc_icon icon_fontawesome=&#8220;fa fa-bullhorn&#8220; color=&#8220;custom&#8220; align=&#8220;center&#8220; custom_color=&#8220;#faaf2d&#8220;][vc_column_text]<\/p>\n<p style=\"text-align: center;\">Verk\u00fcndung der Nominierten<br \/>\n20. Oktober<\/p>\n<p>[\/vc_column_text][vc_icon icon_fontawesome=&#8220;fa fa-trophy&#8220; color=&#8220;custom&#8220; align=&#8220;center&#8220; custom_color=&#8220;#faaf2d&#8220;][vc_column_text]<\/p>\n<p style=\"text-align: center;\">XRC Award Show<br \/>\n4. November<\/p>\n<p>[\/vc_column_text][\/vc_column][\/vc_row][vc_row][vc_column]\t\t<h2 id=\"qttabseaeda-wichtige-termine\" class=\"qt-center qt-qttabseaeda-wichtige-termine qt-textfx-wrap qt-fontsize-h1\">\n\t\t\t\t\t\t\t\t\n\t\t\t\t\t<span class=\"qt-txtfx qt-txtfx--newyork\">Wichtige Termine<span data-letters=\"Wichtige Termine\"><\/span><span data-letters=\"Wichtige Termine\"><\/span><\/span>\n\t\t\t\t\t\t\t<\/h2>\n\t\t\t\t<div data-kentha-customstyles=\"\/* Shortcode dynamically generated CSS *\/\n\t\t\t\t\t.qt-qttabseaeda-wichtige-termine .qt-txtfx--newyork { color: #ffffff}\n\t\t\t\t\t.qt-qttabseaeda-wichtige-termine .qt-txtfx--newyork span::before { color: #ffffff}\n\t\t\t\t\t.qt-qttabseaeda-wichtige-termine .qt-txtfx--newyork::before { background: #faaf2d}\"><\/div>\n\t\t[vc_row_inner][vc_column_inner width=&#8220;1\/3&#8243;][vc_icon icon_fontawesome=&#8220;fa fa-file-text-o&#8220; color=&#8220;custom&#8220; align=&#8220;center&#8220; custom_color=&#8220;#faaf2d&#8220; link=&#8220;url:https%3A%2F%2Fnextrealitycontest.de%2Fform-view%2F5|||&#8220;][vc_column_text]<\/p>\n<p style=\"text-align: center;\">Er\u00f6ffnung Einreichungen<br \/>\n5. M\u00e4rz<\/p>\n<p>[\/vc_column_text][\/vc_column_inner][vc_column_inner width=&#8220;1\/3&#8243;][vc_icon icon_fontawesome=&#8220;fa fa-window-close-o&#8220; color=&#8220;custom&#8220; align=&#8220;center&#8220; custom_color=&#8220;#faaf2d&#8220;][vc_column_text]<\/p>\n<p style=\"text-align: center;\">Einreichungsschluss<br \/>\n1. August<\/p>\n<p>[\/vc_column_text][\/vc_column_inner][vc_column_inner width=&#8220;1\/3&#8243;][vc_icon icon_fontawesome=&#8220;fas fa-photo-video&#8220; color=&#8220;custom&#8220; align=&#8220;center&#8220; custom_color=&#8220;#faaf2d&#8220;][vc_column_text]<\/p>\n<p style=\"text-align: center;\">\u00a0Sichtung + Bewertung durch die Jury<br \/>\nSeptember<\/p>\n<p>[\/vc_column_text][\/vc_column_inner][\/vc_row_inner][vc_row_inner][vc_column_inner width=&#8220;1\/3&#8243;][vc_icon icon_fontawesome=&#8220;fa fa-handshake-o&#8220; color=&#8220;custom&#8220; align=&#8220;center&#8220; custom_color=&#8220;#faaf2d&#8220;][vc_column_text]<\/p>\n<p style=\"text-align: center;\">Community Voting<br \/>\nxx. September bis xx. Oktober<\/p>\n<p>[\/vc_column_text][\/vc_column_inner][vc_column_inner width=&#8220;1\/3&#8243;][vc_icon icon_fontawesome=&#8220;far fa-clipboard&#8220; color=&#8220;custom&#8220; align=&#8220;center&#8220; custom_color=&#8220;#faaf2d&#8220;][vc_column_text]<\/p>\n<p style=\"text-align: center;\">Jurytag in Hamburg<br \/>\n30. September<\/p>\n<p>[\/vc_column_text][\/vc_column_inner][vc_column_inner width=&#8220;1\/3&#8243;][vc_icon icon_fontawesome=&#8220;fas fa-bullhorn&#8220; color=&#8220;custom&#8220; align=&#8220;center&#8220; custom_color=&#8220;#faaf2d&#8220;][vc_column_text]<\/p>\n<p style=\"text-align: center;\">Verk\u00fcndung der Nominierten<br \/>\nab 6. Oktober<\/p>\n<p>[\/vc_column_text][\/vc_column_inner][\/vc_row_inner][vc_row_inner][vc_column_inner width=&#8220;1\/3&#8243;][\/vc_column_inner][vc_column_inner width=&#8220;1\/3&#8243;][vc_icon icon_fontawesome=&#8220;fa fa-trophy&#8220; color=&#8220;custom&#8220; align=&#8220;center&#8220; custom_color=&#8220;#faaf2d&#8220;][vc_column_text]<\/p>\n<p style=\"text-align: center;\">XRC Award Show und <a href=\"https:\/\/nextrealityfestival.com\">nextReality.festival<\/a><br \/>\n18. und 19. November<\/p>\n<p>[\/vc_column_text][\/vc_column_inner][vc_column_inner width=&#8220;1\/3&#8243;][\/vc_column_inner][\/vc_row_inner]\t\t\t<hr class=\"qt-spacer-m\">\n\t\t[\/vc_column][\/vc_row][vc_row disable_element=&#8220;yes&#8220;][vc_column el_id=&#8220;einreichung&#8220;]\t\t<h2 id=\"qttabseaedadd-einreichung-ist-beendet\" class=\"qt-center qt-qttabseaedadd-einreichung-ist-beendet qt-textfx-wrap qt-fontsize-h1\">\n\t\t\t\t\t\t\t\t\n\t\t\t\t\t<span class=\"qt-txtfx qt-txtfx--newyork\">Einreichung ist beendet!<span data-letters=\"Einreichung ist beendet!\"><\/span><span data-letters=\"Einreichung ist beendet!\"><\/span><\/span>\n\t\t\t\t\t\t\t<\/h2>\n\t\t\t\t<div data-kentha-customstyles=\"\/* Shortcode dynamically generated CSS *\/\n\t\t\t\t\t.qt-qttabseaedadd-einreichung-ist-beendet .qt-txtfx--newyork { color: #ffffff}\n\t\t\t\t\t.qt-qttabseaedadd-einreichung-ist-beendet .qt-txtfx--newyork span::before { color: #ffffff}\n\t\t\t\t\t.qt-qttabseaedadd-einreichung-ist-beendet .qt-txtfx--newyork::before { background: #faaf2d}\"><\/div>\n\t\t[\/vc_column][\/vc_row]<\/p>\n<\/section>","protected":false},"excerpt":{"rendered":"<p>[vc_row][vc_column][vc_column_text] Reiche dein XR-Projekt f\u00fcr den XRC 2026 ein! Wir freuen uns auf eure innovativen XR-Projekte und kreativen Visionen! Eine Nominierung f\u00fcr den nextReality.Contest bietet Unternehmen, Studios, Start-ups und Einzelpersonen die M\u00f6glichkeit, mehr Sichtbarkeit f\u00fcr ihr Produkt oder ihre Dienstleistung zu erhalten und f\u00fcr herausragende Leistungen in den Bereichen Virtual, [&hellip;]<\/p>\n","protected":false},"author":1,"featured_media":0,"parent":0,"menu_order":0,"comment_status":"closed","ping_status":"closed","template":"","meta":{"_acf_changed":false,"footnotes":""},"acf":[],"yoast_head":"<!-- This site is optimized with the Yoast SEO plugin v21.9.1 - https:\/\/yoast.com\/wordpress\/plugins\/seo\/ -->\n<title>Einreichen - nextReality.Contest<\/title>\n<meta name=\"robots\" content=\"index, follow, max-snippet:-1, max-image-preview:large, max-video-preview:-1\" \/>\n<link rel=\"canonical\" href=\"https:\/\/nextrealitycontest.de\/de\/einreichen\/\" \/>\n<meta property=\"og:locale\" content=\"de_DE\" \/>\n<meta property=\"og:type\" content=\"article\" \/>\n<meta property=\"og:title\" content=\"Einreichen - nextReality.Contest\" \/>\n<meta property=\"og:description\" content=\"[vc_row][vc_column][vc_column_text] Reiche dein XR-Projekt f\u00fcr den XRC 2026 ein! Wir freuen uns auf eure innovativen XR-Projekte und kreativen Visionen! Eine Nominierung f\u00fcr den nextReality.Contest bietet Unternehmen, Studios, Start-ups und Einzelpersonen die M\u00f6glichkeit, mehr Sichtbarkeit f\u00fcr ihr Produkt oder ihre Dienstleistung zu erhalten und f\u00fcr herausragende Leistungen in den Bereichen Virtual, [&hellip;]\" \/>\n<meta property=\"og:url\" content=\"https:\/\/nextrealitycontest.de\/de\/einreichen\/\" \/>\n<meta property=\"og:site_name\" content=\"nextReality.Contest\" \/>\n<meta property=\"article:modified_time\" content=\"2026-03-09T09:39:47+00:00\" \/>\n<meta name=\"twitter:card\" content=\"summary_large_image\" \/>\n<meta name=\"twitter:label1\" content=\"Gesch\u00e4tzte Lesezeit\" \/>\n\t<meta name=\"twitter:data1\" content=\"3\u00a0Minuten\" \/>\n<script type=\"application\/ld+json\" class=\"yoast-schema-graph\">{\"@context\":\"https:\/\/schema.org\",\"@graph\":[{\"@type\":\"WebPage\",\"@id\":\"https:\/\/nextrealitycontest.de\/de\/einreichen\/\",\"url\":\"https:\/\/nextrealitycontest.de\/de\/einreichen\/\",\"name\":\"Einreichen - nextReality.Contest\",\"isPartOf\":{\"@id\":\"https:\/\/nextrealitycontest.de\/de\/#website\"},\"datePublished\":\"2018-08-15T15:29:17+00:00\",\"dateModified\":\"2026-03-09T09:39:47+00:00\",\"breadcrumb\":{\"@id\":\"https:\/\/nextrealitycontest.de\/de\/einreichen\/#breadcrumb\"},\"inLanguage\":\"de\",\"potentialAction\":[{\"@type\":\"ReadAction\",\"target\":[\"https:\/\/nextrealitycontest.de\/de\/einreichen\/\"]}]},{\"@type\":\"BreadcrumbList\",\"@id\":\"https:\/\/nextrealitycontest.de\/de\/einreichen\/#breadcrumb\",\"itemListElement\":[{\"@type\":\"ListItem\",\"position\":1,\"name\":\"Startseite\",\"item\":\"https:\/\/nextrealitycontest.de\/de\/\"},{\"@type\":\"ListItem\",\"position\":2,\"name\":\"Einreichen\"}]},{\"@type\":\"WebSite\",\"@id\":\"https:\/\/nextrealitycontest.de\/de\/#website\",\"url\":\"https:\/\/nextrealitycontest.de\/de\/\",\"name\":\"nextReality.Contest\",\"description\":\"Der Preis f\u00fcr Immersive Medien in Deutschland\",\"potentialAction\":[{\"@type\":\"SearchAction\",\"target\":{\"@type\":\"EntryPoint\",\"urlTemplate\":\"https:\/\/nextrealitycontest.de\/de\/?s={search_term_string}\"},\"query-input\":\"required name=search_term_string\"}],\"inLanguage\":\"de\"}]}<\/script>\n<!-- \/ Yoast SEO plugin. -->","yoast_head_json":{"title":"Einreichen - nextReality.Contest","robots":{"index":"index","follow":"follow","max-snippet":"max-snippet:-1","max-image-preview":"max-image-preview:large","max-video-preview":"max-video-preview:-1"},"canonical":"https:\/\/nextrealitycontest.de\/de\/einreichen\/","og_locale":"de_DE","og_type":"article","og_title":"Einreichen - nextReality.Contest","og_description":"[vc_row][vc_column][vc_column_text] Reiche dein XR-Projekt f\u00fcr den XRC 2026 ein! Wir freuen uns auf eure innovativen XR-Projekte und kreativen Visionen! Eine Nominierung f\u00fcr den nextReality.Contest bietet Unternehmen, Studios, Start-ups und Einzelpersonen die M\u00f6glichkeit, mehr Sichtbarkeit f\u00fcr ihr Produkt oder ihre Dienstleistung zu erhalten und f\u00fcr herausragende Leistungen in den Bereichen Virtual, [&hellip;]","og_url":"https:\/\/nextrealitycontest.de\/de\/einreichen\/","og_site_name":"nextReality.Contest","article_modified_time":"2026-03-09T09:39:47+00:00","twitter_card":"summary_large_image","twitter_misc":{"Gesch\u00e4tzte Lesezeit":"3\u00a0Minuten"},"schema":{"@context":"https:\/\/schema.org","@graph":[{"@type":"WebPage","@id":"https:\/\/nextrealitycontest.de\/de\/einreichen\/","url":"https:\/\/nextrealitycontest.de\/de\/einreichen\/","name":"Einreichen - nextReality.Contest","isPartOf":{"@id":"https:\/\/nextrealitycontest.de\/de\/#website"},"datePublished":"2018-08-15T15:29:17+00:00","dateModified":"2026-03-09T09:39:47+00:00","breadcrumb":{"@id":"https:\/\/nextrealitycontest.de\/de\/einreichen\/#breadcrumb"},"inLanguage":"de","potentialAction":[{"@type":"ReadAction","target":["https:\/\/nextrealitycontest.de\/de\/einreichen\/"]}]},{"@type":"BreadcrumbList","@id":"https:\/\/nextrealitycontest.de\/de\/einreichen\/#breadcrumb","itemListElement":[{"@type":"ListItem","position":1,"name":"Startseite","item":"https:\/\/nextrealitycontest.de\/de\/"},{"@type":"ListItem","position":2,"name":"Einreichen"}]},{"@type":"WebSite","@id":"https:\/\/nextrealitycontest.de\/de\/#website","url":"https:\/\/nextrealitycontest.de\/de\/","name":"nextReality.Contest","description":"Der Preis f\u00fcr Immersive Medien in Deutschland","potentialAction":[{"@type":"SearchAction","target":{"@type":"EntryPoint","urlTemplate":"https:\/\/nextrealitycontest.de\/de\/?s={search_term_string}"},"query-input":"required name=search_term_string"}],"inLanguage":"de"}]}},"publishpress_future_action":{"enabled":false,"date":"2026-04-24 05:33:01","action":"draft","terms":[],"taxonomy":""},"_links":{"self":[{"href":"https:\/\/nextrealitycontest.de\/de\/wp-json\/wp\/v2\/pages\/1620"}],"collection":[{"href":"https:\/\/nextrealitycontest.de\/de\/wp-json\/wp\/v2\/pages"}],"about":[{"href":"https:\/\/nextrealitycontest.de\/de\/wp-json\/wp\/v2\/types\/page"}],"author":[{"embeddable":true,"href":"https:\/\/nextrealitycontest.de\/de\/wp-json\/wp\/v2\/users\/1"}],"replies":[{"embeddable":true,"href":"https:\/\/nextrealitycontest.de\/de\/wp-json\/wp\/v2\/comments?post=1620"}],"version-history":[{"count":82,"href":"https:\/\/nextrealitycontest.de\/de\/wp-json\/wp\/v2\/pages\/1620\/revisions"}],"predecessor-version":[{"id":6485,"href":"https:\/\/nextrealitycontest.de\/de\/wp-json\/wp\/v2\/pages\/1620\/revisions\/6485"}],"wp:attachment":[{"href":"https:\/\/nextrealitycontest.de\/de\/wp-json\/wp\/v2\/media?parent=1620"}],"curies":[{"name":"wp","href":"https:\/\/api.w.org\/{rel}","templated":true}]}}