{"id":1329,"date":"2018-04-02T19:09:45","date_gmt":"2018-04-02T19:09:45","guid":{"rendered":"http:\/\/xrc.nextreality.hamburg\/?page_id=1329"},"modified":"2024-12-09T11:42:17","modified_gmt":"2024-12-09T09:42:17","slug":"galerien","status":"publish","type":"page","link":"https:\/\/nextrealitycontest.de\/de\/galerien\/","title":{"rendered":"Galerien"},"content":{"rendered":"<section class=\"wpb-content-wrapper\"><p>[vc_row][vc_column width=&#8220;1\/2&#8243;]\t\t<h2 id=\"qttabsebbcc-galerie-xrc\" class=\"qt-center qt-qttabsebbcc-galerie-xrc qt-textfx-wrap qt-fontsize-h1\">\n\t\t\t\t\t\t\t\t\n\t\t\t\t\t<span class=\"qt-txtfx qt-txtfx--newyork\">Galerie #XRC24<span data-letters=\"Galerie #XRC24\"><\/span><span data-letters=\"Galerie #XRC24\"><\/span><\/span>\n\t\t\t\t\t\t\t<\/h2>\n\t\t\t\t<div data-kentha-customstyles=\"\/* Shortcode dynamically generated CSS *\/\n\t\t\t\t\t.qt-qttabsebbcc-galerie-xrc .qt-txtfx--newyork { color: #ffffff}\n\t\t\t\t\t.qt-qttabsebbcc-galerie-xrc .qt-txtfx--newyork span::before { color: #ffffff}\n\t\t\t\t\t.qt-qttabsebbcc-galerie-xrc .qt-txtfx--newyork::before { background: #faaf2d}\"><\/div>\n\t\t[vc_column_text]Unser achter nextReality.Contests 2024 fand im Rahmen des ersten <a href=\"https:\/\/nextrealityfestival.com\">nextReality.festival<\/a> am 13. November 2024 statt. Ganz traditionell ging es f\u00fcr die Preisverleihung in die Astor Film Lounge und anschlie\u00dfend zur After-Show-Party ins VRHQ.[\/vc_column_text]\t\t\t<p class=\"aligncenter\"> \t\t\t\t\t<a href=\"https:\/\/nextrealitycontest.de\/de\/galerien\/galerie-2024\/\"  class=\"qt-btn qt-btn-m  qt-btn-ghost aligncenter\">Zur Galerie 2024<\/a>\n\t\t\t<\/p>\t\t[\/vc_column][vc_column width=&#8220;1\/2&#8243;][vc_video link=&#8220;https:\/\/youtu.be\/fKvicpXPCaw&#8220;][\/vc_column][\/vc_row][vc_row][vc_column][vc_empty_space height=&#8220;120&#8243;][\/vc_column][\/vc_row][vc_row][vc_column width=&#8220;1\/2&#8243;][vc_video link=&#8220;https:\/\/youtu.be\/Ku8_keXFPCo&#8220;][\/vc_column][vc_column width=&#8220;1\/2&#8243;]\t\t<h2 id=\"qttabsebbf-galerie-xrc\" class=\"qt-center qt-qttabsebbf-galerie-xrc qt-textfx-wrap qt-fontsize-h1\">\n\t\t\t\t\t\t\t\t\n\t\t\t\t\t<span class=\"qt-txtfx qt-txtfx--newyork\">Galerie #XRC23<span data-letters=\"Galerie #XRC23\"><\/span><span data-letters=\"Galerie #XRC23\"><\/span><\/span>\n\t\t\t\t\t\t\t<\/h2>\n\t\t\t\t<div data-kentha-customstyles=\"\/* Shortcode dynamically generated CSS *\/\n\t\t\t\t\t.qt-qttabsebbf-galerie-xrc .qt-txtfx--newyork { color: #ffffff}\n\t\t\t\t\t.qt-qttabsebbf-galerie-xrc .qt-txtfx--newyork span::before { color: #ffffff}\n\t\t\t\t\t.qt-qttabsebbf-galerie-xrc .qt-txtfx--newyork::before { background: #faaf2d}\"><\/div>\n\t\t[vc_column_text]Die Preisverleihung des siebten NextReality.Contests fand 2023 im vollen Astor-Kino statt, gefolgt von einer aufregenden After-Show-Party im VRHQ.[\/vc_column_text]\t\t\t<p class=\"aligncenter\"> \t\t\t\t\t<a href=\"https:\/\/nextrealitycontest.de\/galerien\/galerie-2023\/\"  class=\"qt-btn qt-btn-m  qt-btn-ghost aligncenter\">Zur Galerie 2023<\/a>\n\t\t\t<\/p>\t\t[\/vc_column][\/vc_row][vc_row][vc_column][vc_empty_space height=&#8220;120&#8243;][\/vc_column][\/vc_row][vc_row][vc_column width=&#8220;1\/2&#8243;]\t\t<h2 id=\"qttabsebbfa-galerie-xrc\" class=\"qt-center qt-qttabsebbfa-galerie-xrc qt-textfx-wrap qt-fontsize-h1\">\n\t\t\t\t\t\t\t\t\n\t\t\t\t\t<span class=\"qt-txtfx qt-txtfx--newyork\">Galerie #XRC22<span data-letters=\"Galerie #XRC22\"><\/span><span data-letters=\"Galerie #XRC22\"><\/span><\/span>\n\t\t\t\t\t\t\t<\/h2>\n\t\t\t\t<div data-kentha-customstyles=\"\/* Shortcode dynamically generated CSS *\/\n\t\t\t\t\t.qt-qttabsebbfa-galerie-xrc .qt-txtfx--newyork { color: #ffffff}\n\t\t\t\t\t.qt-qttabsebbfa-galerie-xrc .qt-txtfx--newyork span::before { color: #ffffff}\n\t\t\t\t\t.qt-qttabsebbfa-galerie-xrc .qt-txtfx--newyork::before { background: #faaf2d}\"><\/div>\n\t\t[vc_column_text]2022 fand die Preisverleihung des sechsten nextReality.Contests endlich wieder ganz in der Realit\u00e4t im Astor mit anschlie\u00dfender After-Show-Party im VRHQ statt.[\/vc_column_text]\t\t\t<p class=\"aligncenter\"> \t\t\t\t\t<a href=\"https:\/\/nextrealitycontest.de\/galerien\/galerie-2022\/\"  class=\"qt-btn qt-btn-m  qt-btn-ghost aligncenter\">Zur Galerie 2022<\/a>\n\t\t\t<\/p>\t\t[\/vc_column][vc_column width=&#8220;1\/2&#8243;][vc_video link=&#8220;https:\/\/youtu.be\/7zaNpZ8zBp8&#8243;][\/vc_column][\/vc_row][vc_row][vc_column][vc_empty_space height=&#8220;120&#8243;][\/vc_column][\/vc_row][vc_row][vc_column width=&#8220;1\/2&#8243;][vc_video link=&#8220;https:\/\/youtu.be\/iB56zPfW8ys?t=398&#8243;][\/vc_column][vc_column width=&#8220;1\/2&#8243;]\t\t<h2 id=\"qttabsebb-galerie-xrc\" class=\"qt-center qt-qttabsebb-galerie-xrc qt-textfx-wrap qt-fontsize-h1\">\n\t\t\t\t\t\t\t\t\n\t\t\t\t\t<span class=\"qt-txtfx qt-txtfx--newyork\">Galerie #XRC21<span data-letters=\"Galerie #XRC21\"><\/span><span data-letters=\"Galerie #XRC21\"><\/span><\/span>\n\t\t\t\t\t\t\t<\/h2>\n\t\t\t\t<div data-kentha-customstyles=\"\/* Shortcode dynamically generated CSS *\/\n\t\t\t\t\t.qt-qttabsebb-galerie-xrc .qt-txtfx--newyork { color: #ffffff}\n\t\t\t\t\t.qt-qttabsebb-galerie-xrc .qt-txtfx--newyork span::before { color: #ffffff}\n\t\t\t\t\t.qt-qttabsebb-galerie-xrc .qt-txtfx--newyork::before { background: #faaf2d}\"><\/div>\n\t\t[vc_column_text]Auch die Preisverleihung der f\u00fcnften Runde des nextReality.Contests wurde per Livestream \u00fcbertragen. Dieses Jahr konnte jedoch eine kleine reale After-Show-Party im VRHQ stattfinden.[\/vc_column_text]\t\t\t<p class=\"aligncenter\"> \t\t\t\t\t<a href=\"https:\/\/nextrealitycontest.de\/galerien\/galerie-2021\/\"  class=\"qt-btn qt-btn-m  qt-btn-ghost aligncenter\">Zur Galerie 2021<\/a>\n\t\t\t<\/p>\t\t[\/vc_column][\/vc_row][vc_row][vc_column][vc_empty_space height=&#8220;120&#8243;][\/vc_column][\/vc_row][vc_row][vc_column width=&#8220;1\/2&#8243;]\t\t<h2 id=\"qttabsebb-galerie-xrc\" class=\"qt-center qt-qttabsebb-galerie-xrc qt-textfx-wrap qt-fontsize-h1\">\n\t\t\t\t\t\t\t\t\n\t\t\t\t\t<span class=\"qt-txtfx qt-txtfx--newyork\">Galerie #XRC20<span data-letters=\"Galerie #XRC20\"><\/span><span data-letters=\"Galerie #XRC20\"><\/span><\/span>\n\t\t\t\t\t\t\t<\/h2>\n\t\t\t\t<div data-kentha-customstyles=\"\/* Shortcode dynamically generated CSS *\/\n\t\t\t\t\t.qt-qttabsebb-galerie-xrc .qt-txtfx--newyork { color: #ffffff}\n\t\t\t\t\t.qt-qttabsebb-galerie-xrc .qt-txtfx--newyork span::before { color: #ffffff}\n\t\t\t\t\t.qt-qttabsebb-galerie-xrc .qt-txtfx--newyork::before { background: #faaf2d}\"><\/div>\n\t\t[vc_column_text]Bei unserem vierten Contest fand die feierliche Preisverleihung aufgrund von Corona im Livestream statt. Dieser konnte mit anschlie\u00dfender After-Show-Party auf AltspaceVR verfolgt werden.[\/vc_column_text]\t\t\t<p class=\"aligncenter\"> \t\t\t\t\t<a href=\"https:\/\/nextrealitycontest.de\/galerien\/galerie-2020\/\"  class=\"qt-btn qt-btn-m  qt-btn-ghost aligncenter\">Zur Galerie 2020<\/a>\n\t\t\t<\/p>\t\t[\/vc_column][vc_column width=&#8220;1\/2&#8243;][vc_video link=&#8220;https:\/\/youtu.be\/KkkYJzsP4-M&#8220;][\/vc_column][\/vc_row][vc_row][vc_column][vc_empty_space height=&#8220;120&#8243;][\/vc_column][\/vc_row][vc_row][vc_column width=&#8220;1\/2&#8243;][vc_video link=&#8220;https:\/\/www.youtube.com\/watch?v=xz5KEExzKVc&#8220;][\/vc_column][vc_column width=&#8220;1\/2&#8243;]\t\t<h2 id=\"qttabsebbcd-galerie-xrc\" class=\"qt-center qt-qttabsebbcd-galerie-xrc qt-textfx-wrap qt-fontsize-h1\">\n\t\t\t\t\t\t\t\t\n\t\t\t\t\t<span class=\"qt-txtfx qt-txtfx--newyork\">Galerie #XRC19<span data-letters=\"Galerie #XRC19\"><\/span><span data-letters=\"Galerie #XRC19\"><\/span><\/span>\n\t\t\t\t\t\t\t<\/h2>\n\t\t\t\t<div data-kentha-customstyles=\"\/* Shortcode dynamically generated CSS *\/\n\t\t\t\t\t.qt-qttabsebbcd-galerie-xrc .qt-txtfx--newyork { color: #ffffff}\n\t\t\t\t\t.qt-qttabsebbcd-galerie-xrc .qt-txtfx--newyork span::before { color: #ffffff}\n\t\t\t\t\t.qt-qttabsebbcd-galerie-xrc .qt-txtfx--newyork::before { background: #faaf2d}\"><\/div>\n\t\t[vc_column_text]In unserem dritten Jahr gab es einige \u00c4nderungen im Vergleich zum Vorjahr. Die Gala fand zum ersten Mal im Astor statt und anschlie\u00dfend gab es eine After-Show-Party im VRHQ.[\/vc_column_text]\t\t\t<p class=\"aligncenter\"> \t\t\t\t\t<a href=\"https:\/\/nextrealitycontest.de\/galerien\/galerie-2019\/\"  class=\"qt-btn qt-btn-m  qt-btn-ghost aligncenter\">Zur Galerie 2019<\/a>\n\t\t\t<\/p>\t\t[\/vc_column][\/vc_row][vc_row][vc_column][vc_empty_space height=&#8220;120&#8243;][\/vc_column][\/vc_row][vc_row][vc_column width=&#8220;1\/2&#8243;]\t\t<h2 id=\"qttabsebb-galerie-xrc\" class=\"qt-center qt-qttabsebb-galerie-xrc qt-textfx-wrap qt-fontsize-h1\">\n\t\t\t\t\t\t\t\t\n\t\t\t\t\t<span class=\"qt-txtfx qt-txtfx--newyork\">Galerie #XRC18<span data-letters=\"Galerie #XRC18\"><\/span><span data-letters=\"Galerie #XRC18\"><\/span><\/span>\n\t\t\t\t\t\t\t<\/h2>\n\t\t\t\t<div data-kentha-customstyles=\"\/* Shortcode dynamically generated CSS *\/\n\t\t\t\t\t.qt-qttabsebb-galerie-xrc .qt-txtfx--newyork { color: #ffffff}\n\t\t\t\t\t.qt-qttabsebb-galerie-xrc .qt-txtfx--newyork span::before { color: #ffffff}\n\t\t\t\t\t.qt-qttabsebb-galerie-xrc .qt-txtfx--newyork::before { background: #faaf2d}\"><\/div>\n\t\t[vc_column_text]2018 ging der XRC in die zweite Runde. Zus\u00e4tzlich zur Preisverleihung und der Expo gab es in diesem Jahr eine Konferenz mit namhaften Sprecher:innen.[\/vc_column_text]\t\t\t<p class=\"aligncenter\"> \t\t\t\t\t<a href=\"https:\/\/nextrealitycontest.de\/galerien\/galerie-2018\/\"  class=\"qt-btn qt-btn-m  qt-btn-ghost aligncenter\">Zur Galerie 2018<\/a>\n\t\t\t<\/p>\t\t[\/vc_column][vc_column width=&#8220;1\/2&#8243;][vc_video link=&#8220;https:\/\/www.youtube.com\/watch?v=KnkdT5MgE0Q&#8220;][\/vc_column][\/vc_row][vc_row][vc_column][vc_empty_space height=&#8220;120&#8243;][\/vc_column][\/vc_row][vc_row][vc_column width=&#8220;1\/2&#8243;][vc_video link=&#8220;https:\/\/www.youtube.com\/watch?v=00HXdeYMNFk&#8220; align=&#8220;center&#8220;][\/vc_column][vc_column width=&#8220;1\/2&#8243;]\t\t<h2 id=\"qttabsebb-galerie-xrc\" class=\"qt-center qt-qttabsebb-galerie-xrc qt-textfx-wrap qt-fontsize-h1\">\n\t\t\t\t\t\t\t\t\n\t\t\t\t\t<span class=\"qt-txtfx qt-txtfx--newyork\">Galerie #XRC17<span data-letters=\"Galerie #XRC17\"><\/span><span data-letters=\"Galerie #XRC17\"><\/span><\/span>\n\t\t\t\t\t\t\t<\/h2>\n\t\t\t\t<div data-kentha-customstyles=\"\/* Shortcode dynamically generated CSS *\/\n\t\t\t\t\t.qt-qttabsebb-galerie-xrc .qt-txtfx--newyork { color: #ffffff}\n\t\t\t\t\t.qt-qttabsebb-galerie-xrc .qt-txtfx--newyork span::before { color: #ffffff}\n\t\t\t\t\t.qt-qttabsebb-galerie-xrc .qt-txtfx--newyork::before { background: #faaf2d}\"><\/div>\n\t\t[vc_column_text]Der erste XRC war ein voller Erfolg f\u00fcr alle Beteiligten. Du warst auch dabei und willst sehen, wie gut Du als Preistr\u00e4ger auf der B\u00fchne ausgesehen hast oder willst schauen, wie Du beim Testen von Experiences auf dem Messe-Floor ausgesehen hast? Dann suche Dich.[\/vc_column_text]\t\t\t<p class=\"aligncenter\"> \t\t\t\t\t<a href=\"https:\/\/nextrealitycontest.de\/galerien\/galerie-2017\/\"  class=\"qt-btn qt-btn-m  qt-btn-ghost aligncenter\">Zur Galerie 2017<\/a>\n\t\t\t<\/p>\t\t[\/vc_column][\/vc_row]<\/p>\n<\/section>","protected":false},"excerpt":{"rendered":"<p>[vc_row][vc_column width=&#8220;1\/2&#8243;][vc_column_text]Unser achter nextReality.Contests 2024 fand im Rahmen des ersten nextReality.festival am 13. November 2024 statt. Ganz traditionell ging es f\u00fcr die Preisverleihung in die Astor Film Lounge und anschlie\u00dfend zur After-Show-Party ins VRHQ.[\/vc_column_text][\/vc_column][vc_column width=&#8220;1\/2&#8243;][vc_video link=&#8220;https:\/\/youtu.be\/fKvicpXPCaw&#8220;][\/vc_column][\/vc_row][vc_row][vc_column][vc_empty_space height=&#8220;120&#8243;][\/vc_column][\/vc_row][vc_row][vc_column width=&#8220;1\/2&#8243;][vc_video link=&#8220;https:\/\/youtu.be\/Ku8_keXFPCo&#8220;][\/vc_column][vc_column width=&#8220;1\/2&#8243;][vc_column_text]Die Preisverleihung des siebten NextReality.Contests fand 2023 im vollen Astor-Kino statt, [&hellip;]<\/p>\n","protected":false},"author":1,"featured_media":0,"parent":0,"menu_order":0,"comment_status":"closed","ping_status":"closed","template":"","meta":{"_acf_changed":false,"footnotes":""},"acf":[],"yoast_head":"<!-- This site is optimized with the Yoast SEO plugin v21.9.1 - https:\/\/yoast.com\/wordpress\/plugins\/seo\/ -->\n<title>Galerien - nextReality.Contest<\/title>\n<meta name=\"robots\" content=\"index, follow, max-snippet:-1, max-image-preview:large, max-video-preview:-1\" \/>\n<link rel=\"canonical\" href=\"https:\/\/nextrealitycontest.de\/de\/galerien\/\" \/>\n<meta property=\"og:locale\" content=\"de_DE\" \/>\n<meta property=\"og:type\" content=\"article\" \/>\n<meta property=\"og:title\" content=\"Galerien - nextReality.Contest\" \/>\n<meta property=\"og:description\" content=\"[vc_row][vc_column width=&#8220;1\/2&#8243;][vc_column_text]Unser achter nextReality.Contests 2024 fand im Rahmen des ersten nextReality.festival am 13. November 2024 statt. Ganz traditionell ging es f\u00fcr die Preisverleihung in die Astor Film Lounge und anschlie\u00dfend zur After-Show-Party ins VRHQ.[\/vc_column_text][\/vc_column][vc_column width=&#8220;1\/2&#8243;][vc_video link=&#8220;https:\/\/youtu.be\/fKvicpXPCaw&#8220;][\/vc_column][\/vc_row][vc_row][vc_column][vc_empty_space height=&#8220;120&#8243;][\/vc_column][\/vc_row][vc_row][vc_column width=&#8220;1\/2&#8243;][vc_video link=&#8220;https:\/\/youtu.be\/Ku8_keXFPCo&#8220;][\/vc_column][vc_column width=&#8220;1\/2&#8243;][vc_column_text]Die Preisverleihung des siebten NextReality.Contests fand 2023 im vollen Astor-Kino statt, [&hellip;]\" \/>\n<meta property=\"og:url\" content=\"https:\/\/nextrealitycontest.de\/de\/galerien\/\" \/>\n<meta property=\"og:site_name\" content=\"nextReality.Contest\" \/>\n<meta property=\"article:modified_time\" content=\"2024-12-09T09:42:17+00:00\" \/>\n<meta name=\"twitter:card\" content=\"summary_large_image\" \/>\n<meta name=\"twitter:label1\" content=\"Gesch\u00e4tzte Lesezeit\" \/>\n\t<meta name=\"twitter:data1\" content=\"2\u00a0Minuten\" \/>\n<script type=\"application\/ld+json\" class=\"yoast-schema-graph\">{\"@context\":\"https:\/\/schema.org\",\"@graph\":[{\"@type\":\"WebPage\",\"@id\":\"https:\/\/nextrealitycontest.de\/de\/galerien\/\",\"url\":\"https:\/\/nextrealitycontest.de\/de\/galerien\/\",\"name\":\"Galerien - nextReality.Contest\",\"isPartOf\":{\"@id\":\"https:\/\/nextrealitycontest.de\/de\/#website\"},\"datePublished\":\"2018-04-02T19:09:45+00:00\",\"dateModified\":\"2024-12-09T09:42:17+00:00\",\"breadcrumb\":{\"@id\":\"https:\/\/nextrealitycontest.de\/de\/galerien\/#breadcrumb\"},\"inLanguage\":\"de\",\"potentialAction\":[{\"@type\":\"ReadAction\",\"target\":[\"https:\/\/nextrealitycontest.de\/de\/galerien\/\"]}]},{\"@type\":\"BreadcrumbList\",\"@id\":\"https:\/\/nextrealitycontest.de\/de\/galerien\/#breadcrumb\",\"itemListElement\":[{\"@type\":\"ListItem\",\"position\":1,\"name\":\"Startseite\",\"item\":\"https:\/\/nextrealitycontest.de\/de\/\"},{\"@type\":\"ListItem\",\"position\":2,\"name\":\"Galerien\"}]},{\"@type\":\"WebSite\",\"@id\":\"https:\/\/nextrealitycontest.de\/de\/#website\",\"url\":\"https:\/\/nextrealitycontest.de\/de\/\",\"name\":\"nextReality.Contest\",\"description\":\"Der Preis f\u00fcr Immersive Medien in Deutschland\",\"potentialAction\":[{\"@type\":\"SearchAction\",\"target\":{\"@type\":\"EntryPoint\",\"urlTemplate\":\"https:\/\/nextrealitycontest.de\/de\/?s={search_term_string}\"},\"query-input\":\"required name=search_term_string\"}],\"inLanguage\":\"de\"}]}<\/script>\n<!-- \/ Yoast SEO plugin. -->","yoast_head_json":{"title":"Galerien - nextReality.Contest","robots":{"index":"index","follow":"follow","max-snippet":"max-snippet:-1","max-image-preview":"max-image-preview:large","max-video-preview":"max-video-preview:-1"},"canonical":"https:\/\/nextrealitycontest.de\/de\/galerien\/","og_locale":"de_DE","og_type":"article","og_title":"Galerien - nextReality.Contest","og_description":"[vc_row][vc_column width=&#8220;1\/2&#8243;][vc_column_text]Unser achter nextReality.Contests 2024 fand im Rahmen des ersten nextReality.festival am 13. November 2024 statt. Ganz traditionell ging es f\u00fcr die Preisverleihung in die Astor Film Lounge und anschlie\u00dfend zur After-Show-Party ins VRHQ.[\/vc_column_text][\/vc_column][vc_column width=&#8220;1\/2&#8243;][vc_video link=&#8220;https:\/\/youtu.be\/fKvicpXPCaw&#8220;][\/vc_column][\/vc_row][vc_row][vc_column][vc_empty_space height=&#8220;120&#8243;][\/vc_column][\/vc_row][vc_row][vc_column width=&#8220;1\/2&#8243;][vc_video link=&#8220;https:\/\/youtu.be\/Ku8_keXFPCo&#8220;][\/vc_column][vc_column width=&#8220;1\/2&#8243;][vc_column_text]Die Preisverleihung des siebten NextReality.Contests fand 2023 im vollen Astor-Kino statt, [&hellip;]","og_url":"https:\/\/nextrealitycontest.de\/de\/galerien\/","og_site_name":"nextReality.Contest","article_modified_time":"2024-12-09T09:42:17+00:00","twitter_card":"summary_large_image","twitter_misc":{"Gesch\u00e4tzte Lesezeit":"2\u00a0Minuten"},"schema":{"@context":"https:\/\/schema.org","@graph":[{"@type":"WebPage","@id":"https:\/\/nextrealitycontest.de\/de\/galerien\/","url":"https:\/\/nextrealitycontest.de\/de\/galerien\/","name":"Galerien - nextReality.Contest","isPartOf":{"@id":"https:\/\/nextrealitycontest.de\/de\/#website"},"datePublished":"2018-04-02T19:09:45+00:00","dateModified":"2024-12-09T09:42:17+00:00","breadcrumb":{"@id":"https:\/\/nextrealitycontest.de\/de\/galerien\/#breadcrumb"},"inLanguage":"de","potentialAction":[{"@type":"ReadAction","target":["https:\/\/nextrealitycontest.de\/de\/galerien\/"]}]},{"@type":"BreadcrumbList","@id":"https:\/\/nextrealitycontest.de\/de\/galerien\/#breadcrumb","itemListElement":[{"@type":"ListItem","position":1,"name":"Startseite","item":"https:\/\/nextrealitycontest.de\/de\/"},{"@type":"ListItem","position":2,"name":"Galerien"}]},{"@type":"WebSite","@id":"https:\/\/nextrealitycontest.de\/de\/#website","url":"https:\/\/nextrealitycontest.de\/de\/","name":"nextReality.Contest","description":"Der Preis f\u00fcr Immersive Medien in Deutschland","potentialAction":[{"@type":"SearchAction","target":{"@type":"EntryPoint","urlTemplate":"https:\/\/nextrealitycontest.de\/de\/?s={search_term_string}"},"query-input":"required name=search_term_string"}],"inLanguage":"de"}]}},"publishpress_future_action":{"enabled":false,"date":"2026-04-23 20:31:30","action":"draft","terms":[],"taxonomy":""},"_links":{"self":[{"href":"https:\/\/nextrealitycontest.de\/de\/wp-json\/wp\/v2\/pages\/1329"}],"collection":[{"href":"https:\/\/nextrealitycontest.de\/de\/wp-json\/wp\/v2\/pages"}],"about":[{"href":"https:\/\/nextrealitycontest.de\/de\/wp-json\/wp\/v2\/types\/page"}],"author":[{"embeddable":true,"href":"https:\/\/nextrealitycontest.de\/de\/wp-json\/wp\/v2\/users\/1"}],"replies":[{"embeddable":true,"href":"https:\/\/nextrealitycontest.de\/de\/wp-json\/wp\/v2\/comments?post=1329"}],"version-history":[{"count":36,"href":"https:\/\/nextrealitycontest.de\/de\/wp-json\/wp\/v2\/pages\/1329\/revisions"}],"predecessor-version":[{"id":5787,"href":"https:\/\/nextrealitycontest.de\/de\/wp-json\/wp\/v2\/pages\/1329\/revisions\/5787"}],"wp:attachment":[{"href":"https:\/\/nextrealitycontest.de\/de\/wp-json\/wp\/v2\/media?parent=1329"}],"curies":[{"name":"wp","href":"https:\/\/api.w.org\/{rel}","templated":true}]}}