{"id":1323,"date":"2018-04-02T19:09:07","date_gmt":"2018-04-02T17:09:07","guid":{"rendered":"http:\/\/xrc.nextreality.hamburg\/?page_id=1323"},"modified":"2026-03-03T12:47:08","modified_gmt":"2026-03-03T10:47:08","slug":"faq","status":"publish","type":"page","link":"https:\/\/nextrealitycontest.de\/de\/einreichen\/faq\/","title":{"rendered":"FAQ"},"content":{"rendered":"<section class=\"wpb-content-wrapper\"><p>[vc_row][vc_column][\/vc_column][\/vc_row][vc_row][vc_column]\t\t\t\t<ul class=\"collapsible qt-collapsible\" data-collapsible=\"accordion\">\n\t\t\t\t\t\t\t\t\t\t\t\t<li>\n\t\t\t\t\t\t\t\t<div class=\"collapsible-header qt-content-primary-dark\"><i class=\"material-icons\">add<\/i>Wer ist Veranstalter des Contests? <\/div>\n\t\t\t\t\t\t\t\t<div class=\"collapsible-body qt-paper\">\n\t\t\t\t\t\t\t\t\t<div class=\"qt-paddedcontent\">\n\t\t\t\t\t\t\t\t\t<p>Veranstalter des Next Reality Contests ist<br \/>\nnextReality.Hamburg e.V.<br \/>\nAm Sandtorkai 27\/28<br \/>\n20457 Hamburg <\/p>\n\t\t\t\t\t\t\t\t\t<\/div>\n\t\t\t\t\t\t\t\t<\/div>\n\n\t\t\t\t\t\t\t<\/li>\n\t\t\t\t\t\t\t\t\t\t\t\t\t\t<li>\n\t\t\t\t\t\t\t\t<div class=\"collapsible-header qt-content-primary-dark\"><i class=\"material-icons\">add<\/i>Welche Beitr\u00e4ge k\u00f6nnen eingereicht werden?<\/div>\n\t\t\t\t\t\t\t\t<div class=\"collapsible-body qt-paper\">\n\t\t\t\t\t\t\t\t\t<div class=\"qt-paddedcontent\">\n\t\t\t\t\t\t\t\t\t<p>Der nextReality.Contest ist eine Leistungsschau in Sachen immersive Medien wie Virtual Reality und Augmented Reality. Grunds\u00e4tzlich sollen mit dem Wettbewerb insbesondere Newcomer und deren aktuelle Entwicklungen unterst\u00fctzt und bekannt gemacht werden. Die eingereichten Anwendungen sollten nicht \u00e4lter als 3 Jahre sein.<br \/>\n\u200b<br \/>\nEs k\u00f6nnen Beitr\u00e4ge in den Kategorien \u201eInteractive Business\u201c, \u201eInteractive Entertainment\u201c<br \/>\nund \u201eInteractive Education\u201c, \u201eYoung Talent\u201c, \u201eBest Installation\u201c, &#8222;Zeitgeist&#8220; und \u201eCommunity Award\u201c eingereicht werden.<br \/>\n\u200b<br \/>\nZur Kategorie \u201eInteractive Business\u201c geh\u00f6ren Virtual und Augmented Reality Anwendungen f\u00fcr den B2B-Bereich, also Anwendungen die ihren Haupteinsatzzweck innerhalb von Unternehmen haben und nicht auf den Endkosumentenmarkt abzielen.<\/p>\n<p>Zur Kategorie \u201eInteractive Entertainment\u201c geh\u00f6ren Anwendungen aus dem Bereich Virtual und Augmented Reality f\u00fcr den Privatbereich inklusive Games, die haupts\u00e4chlich von Privatpersonen genutzt werden.<\/p>\n<p>Zur Kategorie \u201eInteractive Education\u201c geh\u00f6ren immersive Anwendung mit p\u00e4dagogischen Ansatz oder Trainingstools, bei der didaktische Aspekte im Fokus steht  Hierbei ist die Zielgruppe nicht relevant und kann im B2B oder im B2C Bereich liegen.<\/p>\n<p>In der Kategorie \u201eYoung Talents\u201c d\u00fcrfen nur Personen einreichen die eine g\u00fcltigen Sch\u00fcler- oder Studentenausweis besitzen. Wir behalten uns jedoch vor Einreichungen aus der Kategorie auszuschlie\u00dfen. In dieser Kategorie k\u00f6nnen sowohl Hard- &#038; Software-Projekte eingereicht werden.<\/p>\n<p>Die Kategorie \u201eBest Installation\u201c beinhaltet Hard- &#038; Software-Projekte, die entweder Locations Based, oder aber in Kombination mit einer Installation erlebbar sind. Sprich hier sind Projekte gefordert, die nicht nur mit einem Headset ihr volles Potential entfalten, sondern ein ganzheitliches Erlebnis durch die Implementation von Installationen in der realen Welt bieten. Da die Jury diese Projekte aufgrund des Aufwands nicht real testen kann, wird auf Basis der Beschreibung, des Videos und der Bilder das beste Projekt gew\u00e4hlt. Der Preis ist undotiert.<\/p>\n<p>Zur Kategorie &#8222;Zeitgeist&#8220; geh\u00f6ren Projekte aktuellem Zeitbezug. Von Journalismus bis Kunst, oder narrativen Erlebnissen \u2014 hier sind sind alle Projekte richtig, die durch Geschehnisse, Gegebenheiten und Herausforderungen der Gegenwart gepr\u00e4gt sind.<\/p>\n<p>Die Teilnahme am \u201eCommunity Award\u201c geht nur in Verbindung mit einer Einreichung in einer der 8 Kategorien. Bei der Einreichung muss die Zustimmung zur Teilnahme gegeben werden. F\u00fcr die \u00f6ffentliche Abstimmung werden Beschreibung, das Video und Bildmaterial der Einreichung ver\u00f6ffentlicht. Mit dem Setzen des Hakens stimmst du dieser Ver\u00f6ffentlichung zur Abstimmungszwecken zu. <\/p>\n\t\t\t\t\t\t\t\t\t<\/div>\n\t\t\t\t\t\t\t\t<\/div>\n\n\t\t\t\t\t\t\t<\/li>\n\t\t\t\t\t\t\t\t\t\t\t\t\t\t<li>\n\t\t\t\t\t\t\t\t<div class=\"collapsible-header qt-content-primary-dark\"><i class=\"material-icons\">add<\/i> Was muss eine Einreichung beinhalten? <\/div>\n\t\t\t\t\t\t\t\t<div class=\"collapsible-body qt-paper\">\n\t\t\t\t\t\t\t\t\t<div class=\"qt-paddedcontent\">\n\t\t\t\t\t\t\t\t\t<p>Alle Einreichungen ben\u00f6tigen einen Titel, eine kurze Projektbeschreibung, Screenshots und\/oder Video. Auf Grundlage dieser Daten wird die Jury eine erste Vorauswahl (5 Einreichungen je Kategorie) treffen, um diese am Jurytag vor Ort zu testen. Darum gilt, je besser die Beschreibung eurer Einreichung, desto besser eure Chance weiterzukommen.<br \/>\nIm Rahmen der Projektbeschreibung darf auch eine Verlinkung zu kommerziellen Vermarktungskan\u00e4len der eingereichten Beitr\u00e4ge angegeben werden. Der Veranstalter beh\u00e4lt sich jedoch vor, Verlinkungen zu offensichtlich rechtswidrigen oder anst\u00f6\u00dfigen Seiten abzulehnen. Der Veranstalter hat keinerlei Einfluss auf die Gestaltung und den Inhalt verlinkter Seiten und macht sich den Inhalt verlinkter Seiten nicht zu Eigen.<\/p>\n<p>Alle Beitr\u00e4ge der Vorauswahl m\u00fcssen der Jury in geeigneter Weise zur Beurteilung zur Verf\u00fcgung gestellt werden k\u00f6nnen. D.h. die 5 Einreichungen je Kategorie, werden in Hamburg von der Jury getestet. Dabei d\u00fcrfen f\u00fcr die Beurteilung seitens der Jury keine Kosten f\u00fcr uns entstehen. Reine Konzeptl\u00f6sungen wie Vaporar sind nicht erw\u00fcnscht.<\/p>\n\t\t\t\t\t\t\t\t\t<\/div>\n\t\t\t\t\t\t\t\t<\/div>\n\n\t\t\t\t\t\t\t<\/li>\n\t\t\t\t\t\t\t\t\t\t\t\t\t\t<li>\n\t\t\t\t\t\t\t\t<div class=\"collapsible-header qt-content-primary-dark\"><i class=\"material-icons\">add<\/i>Wer kann Beitr\u00e4ge einreichen? <\/div>\n\t\t\t\t\t\t\t\t<div class=\"collapsible-body qt-paper\">\n\t\t\t\t\t\t\t\t\t<div class=\"qt-paddedcontent\">\n\t\t\t\t\t\t\t\t\t<p>Einreichen kann jede\/r, der\/die das 18. Lebensjahr vollendet hat, sofern der\/die Produzent:in, Entwickler:in, Auftraggeber:in oder Auftragnehmer:in einen Sitz im DACH Markt hat. Ausschlie\u00dflich die Kategorie International Production ist f\u00fcr weltweite Einreichungen ge\u00f6ffnet.<\/p>\n\t\t\t\t\t\t\t\t\t<\/div>\n\t\t\t\t\t\t\t\t<\/div>\n\n\t\t\t\t\t\t\t<\/li>\n\t\t\t\t\t\t\t\t\t\t\t\t\t\t<li>\n\t\t\t\t\t\t\t\t<div class=\"collapsible-header qt-content-primary-dark\"><i class=\"material-icons\">add<\/i>Wie erfolgt die Bewertung der Beitr\u00e4ge? Wie ist der Ablauf nach der Einreichung?<\/div>\n\t\t\t\t\t\t\t\t<div class=\"collapsible-body qt-paper\">\n\t\t\t\t\t\t\t\t\t<div class=\"qt-paddedcontent\">\n\t\t\t\t\t\t\t\t\t<p>Nach Ablauf der Einreichungsfrist wird die Jury alle Projekte bewerten und eine Vorauswahl anhand der Projektbeschreibung, Fotos und Videos treffen. Die f\u00fcnf besten Einreichungen je Kategorie werden in einem zweiten Schritt von der Jury in Hamburg gemeinsam getestet. Daf\u00fcr m\u00fcssen uns die Einreichungen zur Verf\u00fcgung gestellt werden, ohne das dabei Kosten entstehen. Am Jurytag ber\u00e4t und bespricht sich die Jury nach der Testung der eingereichten Anwendungen und benennt die 3 Nominierten je Kategorie und legt sich auf die Gewinner:innen fest.<\/p>\n<p>Der Gewinner:inner des Community Awards wird durch ein \u00f6ffentliches Onlinevoting ermittelt.<\/p>\n\t\t\t\t\t\t\t\t\t<\/div>\n\t\t\t\t\t\t\t\t<\/div>\n\n\t\t\t\t\t\t\t<\/li>\n\t\t\t\t\t\t\t\t\t\t\t\t\t\t<li>\n\t\t\t\t\t\t\t\t<div class=\"collapsible-header qt-content-primary-dark\"><i class=\"material-icons\">add<\/i>Bis wann muss der Preis eingereicht werden?<\/div>\n\t\t\t\t\t\t\t\t<div class=\"collapsible-body qt-paper\">\n\t\t\t\t\t\t\t\t\t<div class=\"qt-paddedcontent\">\n\t\t\t\t\t\t\t\t\t<p>Bis zum 1.08.2026 23.59 Uhr kann der Beitrag eingereicht werden. <\/p>\n\t\t\t\t\t\t\t\t\t<\/div>\n\t\t\t\t\t\t\t\t<\/div>\n\n\t\t\t\t\t\t\t<\/li>\n\t\t\t\t\t\t\t\t\t\t\t\t\t\t<li>\n\t\t\t\t\t\t\t\t<div class=\"collapsible-header qt-content-primary-dark\"><i class=\"material-icons\">add<\/i>Was gibt es zu gewinnen?<\/div>\n\t\t\t\t\t\t\t\t<div class=\"collapsible-body qt-paper\">\n\t\t\t\t\t\t\t\t\t<div class=\"qt-paddedcontent\">\n\t\t\t\t\t\t\t\t\t<p>In allen Kategorien (au\u00dfer Community Award und Best Installation) bekommt der Gewinner ein Preisgeld TBA.<\/p>\n\t\t\t\t\t\t\t\t\t<\/div>\n\t\t\t\t\t\t\t\t<\/div>\n\n\t\t\t\t\t\t\t<\/li>\n\t\t\t\t\t\t\t\t\t\t\t\t\t\t<li>\n\t\t\t\t\t\t\t\t<div class=\"collapsible-header qt-content-primary-dark\"><i class=\"material-icons\">add<\/i>Ist die Einreichung kostenpflichtig?<\/div>\n\t\t\t\t\t\t\t\t<div class=\"collapsible-body qt-paper\">\n\t\t\t\t\t\t\t\t\t<div class=\"qt-paddedcontent\">\n\t\t\t\t\t\t\t\t\t<p>Die Einreichung kostenlos.<\/p>\n\t\t\t\t\t\t\t\t\t<\/div>\n\t\t\t\t\t\t\t\t<\/div>\n\n\t\t\t\t\t\t\t<\/li>\n\t\t\t\t\t\t\t\t\t\t\t\t\t\t<li>\n\t\t\t\t\t\t\t\t<div class=\"collapsible-header qt-content-primary-dark\"><i class=\"material-icons\">add<\/i>Darf ich mehrere Projekte einreichen?<\/div>\n\t\t\t\t\t\t\t\t<div class=\"collapsible-body qt-paper\">\n\t\t\t\t\t\t\t\t\t<div class=\"qt-paddedcontent\">\n\t\t\t\t\t\t\t\t\t<p>Es d\u00fcrfen mehrere Projekte eingereicht werden. <\/p>\n\t\t\t\t\t\t\t\t\t<\/div>\n\t\t\t\t\t\t\t\t<\/div>\n\n\t\t\t\t\t\t\t<\/li>\n\t\t\t\t\t\t\t\t\t\t\t\t\t\t<li>\n\t\t\t\t\t\t\t\t<div class=\"collapsible-header qt-content-primary-dark\"><i class=\"material-icons\">add<\/i>Kann ich mein Projekt in zwei Kategorien einreichen?<\/div>\n\t\t\t\t\t\t\t\t<div class=\"collapsible-body qt-paper\">\n\t\t\t\t\t\t\t\t\t<div class=\"qt-paddedcontent\">\n\t\t\t\t\t\t\t\t\t<p>Bei der Einreichung k\u00f6nnen max. 2 Kategorien ausgew\u00e4hlt werden. Zus\u00e4tzlich kann die Einreichung in der Kategorie Community Award teilnehmen.<\/p>\n\t\t\t\t\t\t\t\t\t<\/div>\n\t\t\t\t\t\t\t\t<\/div>\n\n\t\t\t\t\t\t\t<\/li>\n\t\t\t\t\t\t\t\t\t\t\t\t\t\t<li>\n\t\t\t\t\t\t\t\t<div class=\"collapsible-header qt-content-primary-dark\"><i class=\"material-icons\">add<\/i>Ich bin mir unsicher in welcher Kategorie ich mein Projekt einreichen sollte?<\/div>\n\t\t\t\t\t\t\t\t<div class=\"collapsible-body qt-paper\">\n\t\t\t\t\t\t\t\t\t<div class=\"qt-paddedcontent\">\n\t\t\t\t\t\t\t\t\t<p>Wir helfen dir gerne die passendste Kategorie zu finden, melde dich einfach bei uns! Sarah.Wienberg@nextReality.Hamburg<\/p>\n\t\t\t\t\t\t\t\t\t<\/div>\n\t\t\t\t\t\t\t\t<\/div>\n\n\t\t\t\t\t\t\t<\/li>\n\t\t\t\t\t\t\t\t\t\t\t\t\t\t<li>\n\t\t\t\t\t\t\t\t<div class=\"collapsible-header qt-content-primary-dark\"><i class=\"material-icons\">add<\/i>Wann und wo werden die XRC Awards verliehen?<\/div>\n\t\t\t\t\t\t\t\t<div class=\"collapsible-body qt-paper\">\n\t\t\t\t\t\t\t\t\t<div class=\"qt-paddedcontent\">\n\t\t\t\t\t\t\t\t\t<p>Die Awards werden am 18. November in der Astor Film Lounge in der Hamburger Speicherstadt verliehen. Die Preisverleihung findet im Rahmen unseres nextReality.festivals statt. Wir freuen uns, wenn alle Gewinner:innen ihren Award pers\u00f6nlich entgegen nehmen k\u00f6nnen. <\/p>\n\t\t\t\t\t\t\t\t\t<\/div>\n\t\t\t\t\t\t\t\t<\/div>\n\n\t\t\t\t\t\t\t<\/li>\n\t\t\t\t\t\t\t\t\t\t\t\t\t\t<li>\n\t\t\t\t\t\t\t\t<div class=\"collapsible-header qt-content-primary-dark\"><i class=\"material-icons\">add<\/i>Was hat es mit der nextReality.festival auf sich?<\/div>\n\t\t\t\t\t\t\t\t<div class=\"collapsible-body qt-paper\">\n\t\t\t\t\t\t\t\t\t<div class=\"qt-paddedcontent\">\n\t\t\t\t\t\t\t\t\t<p>Auch in diesem Jahr planen wir wieder ein zweit\u00e4giges Festival, bei dem die XRC-Preisverleihung eingebettet ist. Am 18. und 19. November habt ihr die M\u00f6glichkeit, eure nominierten Projekte einem breiten Publikum zu pr\u00e4sentieren. Unser Ziel ist es, immersive Anwendungen sichtbar zu machen, den Nominierten eine Plattform f\u00fcr Austausch zu bieten und die Vielfalt der XR-Branche zu zeigen.<\/p>\n<p>Ihr k\u00f6nnt eure Projekte im Rahmen der Ausstellung pr\u00e4sentieren und\/oder einen Talk im Konferenzprogramm halten, um eure Anwendung, eure Entwicklungserfahrungen oder innovative Ans\u00e4tze mit der Community zu teilen.<\/p>\n<p>W\u00e4hrend der Festivaltage erwarten euch zudem Networking-M\u00f6glichkeiten, Panels und Vortr\u00e4ge rund um aktuelle Themen der XR-Branche.<\/p>\n<p>Mehr Informationen zum Festival findet ihr hier: https:\/\/nextrealityfestival.com<\/p>\n\t\t\t\t\t\t\t\t\t<\/div>\n\t\t\t\t\t\t\t\t<\/div>\n\n\t\t\t\t\t\t\t<\/li>\n\t\t\t\t\t\t\t\t\t\t\t<\/ul>\n\t\t\t\t[\/vc_column][\/vc_row]<\/p>\n<\/section>","protected":false},"excerpt":{"rendered":"<p>[vc_row][vc_column][\/vc_column][\/vc_row][vc_row][vc_column][\/vc_column][\/vc_row]<\/p>\n","protected":false},"author":1,"featured_media":0,"parent":1620,"menu_order":0,"comment_status":"closed","ping_status":"closed","template":"","meta":{"_acf_changed":false,"footnotes":""},"acf":[],"yoast_head":"<!-- This site is optimized with the Yoast SEO plugin v21.9.1 - https:\/\/yoast.com\/wordpress\/plugins\/seo\/ -->\n<title>FAQ - nextReality.Contest<\/title>\n<meta name=\"robots\" content=\"index, follow, max-snippet:-1, max-image-preview:large, max-video-preview:-1\" \/>\n<link rel=\"canonical\" href=\"https:\/\/nextrealitycontest.de\/de\/einreichen\/faq\/\" \/>\n<meta property=\"og:locale\" content=\"de_DE\" \/>\n<meta property=\"og:type\" content=\"article\" \/>\n<meta property=\"og:title\" content=\"FAQ - nextReality.Contest\" \/>\n<meta property=\"og:description\" content=\"[vc_row][vc_column][\/vc_column][\/vc_row][vc_row][vc_column][\/vc_column][\/vc_row]\" \/>\n<meta property=\"og:url\" content=\"https:\/\/nextrealitycontest.de\/de\/einreichen\/faq\/\" \/>\n<meta property=\"og:site_name\" content=\"nextReality.Contest\" \/>\n<meta property=\"article:modified_time\" content=\"2026-03-03T10:47:08+00:00\" \/>\n<meta name=\"twitter:card\" content=\"summary_large_image\" \/>\n<meta name=\"twitter:label1\" content=\"Gesch\u00e4tzte Lesezeit\" \/>\n\t<meta name=\"twitter:data1\" content=\"1\u00a0Minute\" \/>\n<script type=\"application\/ld+json\" class=\"yoast-schema-graph\">{\"@context\":\"https:\/\/schema.org\",\"@graph\":[{\"@type\":\"WebPage\",\"@id\":\"https:\/\/nextrealitycontest.de\/de\/einreichen\/faq\/\",\"url\":\"https:\/\/nextrealitycontest.de\/de\/einreichen\/faq\/\",\"name\":\"FAQ - nextReality.Contest\",\"isPartOf\":{\"@id\":\"https:\/\/nextrealitycontest.de\/de\/#website\"},\"datePublished\":\"2018-04-02T17:09:07+00:00\",\"dateModified\":\"2026-03-03T10:47:08+00:00\",\"breadcrumb\":{\"@id\":\"https:\/\/nextrealitycontest.de\/de\/einreichen\/faq\/#breadcrumb\"},\"inLanguage\":\"de\",\"potentialAction\":[{\"@type\":\"ReadAction\",\"target\":[\"https:\/\/nextrealitycontest.de\/de\/einreichen\/faq\/\"]}]},{\"@type\":\"BreadcrumbList\",\"@id\":\"https:\/\/nextrealitycontest.de\/de\/einreichen\/faq\/#breadcrumb\",\"itemListElement\":[{\"@type\":\"ListItem\",\"position\":1,\"name\":\"Startseite\",\"item\":\"https:\/\/nextrealitycontest.de\/de\/\"},{\"@type\":\"ListItem\",\"position\":2,\"name\":\"Einreichen\",\"item\":\"https:\/\/nextrealitycontest.de\/de\/einreichen\/\"},{\"@type\":\"ListItem\",\"position\":3,\"name\":\"FAQ\"}]},{\"@type\":\"WebSite\",\"@id\":\"https:\/\/nextrealitycontest.de\/de\/#website\",\"url\":\"https:\/\/nextrealitycontest.de\/de\/\",\"name\":\"nextReality.Contest\",\"description\":\"Der Preis f\u00fcr Immersive Medien in Deutschland\",\"potentialAction\":[{\"@type\":\"SearchAction\",\"target\":{\"@type\":\"EntryPoint\",\"urlTemplate\":\"https:\/\/nextrealitycontest.de\/de\/?s={search_term_string}\"},\"query-input\":\"required name=search_term_string\"}],\"inLanguage\":\"de\"}]}<\/script>\n<!-- \/ Yoast SEO plugin. -->","yoast_head_json":{"title":"FAQ - nextReality.Contest","robots":{"index":"index","follow":"follow","max-snippet":"max-snippet:-1","max-image-preview":"max-image-preview:large","max-video-preview":"max-video-preview:-1"},"canonical":"https:\/\/nextrealitycontest.de\/de\/einreichen\/faq\/","og_locale":"de_DE","og_type":"article","og_title":"FAQ - nextReality.Contest","og_description":"[vc_row][vc_column][\/vc_column][\/vc_row][vc_row][vc_column][\/vc_column][\/vc_row]","og_url":"https:\/\/nextrealitycontest.de\/de\/einreichen\/faq\/","og_site_name":"nextReality.Contest","article_modified_time":"2026-03-03T10:47:08+00:00","twitter_card":"summary_large_image","twitter_misc":{"Gesch\u00e4tzte Lesezeit":"1\u00a0Minute"},"schema":{"@context":"https:\/\/schema.org","@graph":[{"@type":"WebPage","@id":"https:\/\/nextrealitycontest.de\/de\/einreichen\/faq\/","url":"https:\/\/nextrealitycontest.de\/de\/einreichen\/faq\/","name":"FAQ - nextReality.Contest","isPartOf":{"@id":"https:\/\/nextrealitycontest.de\/de\/#website"},"datePublished":"2018-04-02T17:09:07+00:00","dateModified":"2026-03-03T10:47:08+00:00","breadcrumb":{"@id":"https:\/\/nextrealitycontest.de\/de\/einreichen\/faq\/#breadcrumb"},"inLanguage":"de","potentialAction":[{"@type":"ReadAction","target":["https:\/\/nextrealitycontest.de\/de\/einreichen\/faq\/"]}]},{"@type":"BreadcrumbList","@id":"https:\/\/nextrealitycontest.de\/de\/einreichen\/faq\/#breadcrumb","itemListElement":[{"@type":"ListItem","position":1,"name":"Startseite","item":"https:\/\/nextrealitycontest.de\/de\/"},{"@type":"ListItem","position":2,"name":"Einreichen","item":"https:\/\/nextrealitycontest.de\/de\/einreichen\/"},{"@type":"ListItem","position":3,"name":"FAQ"}]},{"@type":"WebSite","@id":"https:\/\/nextrealitycontest.de\/de\/#website","url":"https:\/\/nextrealitycontest.de\/de\/","name":"nextReality.Contest","description":"Der Preis f\u00fcr Immersive Medien in Deutschland","potentialAction":[{"@type":"SearchAction","target":{"@type":"EntryPoint","urlTemplate":"https:\/\/nextrealitycontest.de\/de\/?s={search_term_string}"},"query-input":"required name=search_term_string"}],"inLanguage":"de"}]}},"publishpress_future_action":{"enabled":false,"date":"2026-04-11 19:56:26","action":"draft","terms":[],"taxonomy":""},"_links":{"self":[{"href":"https:\/\/nextrealitycontest.de\/de\/wp-json\/wp\/v2\/pages\/1323"}],"collection":[{"href":"https:\/\/nextrealitycontest.de\/de\/wp-json\/wp\/v2\/pages"}],"about":[{"href":"https:\/\/nextrealitycontest.de\/de\/wp-json\/wp\/v2\/types\/page"}],"author":[{"embeddable":true,"href":"https:\/\/nextrealitycontest.de\/de\/wp-json\/wp\/v2\/users\/1"}],"replies":[{"embeddable":true,"href":"https:\/\/nextrealitycontest.de\/de\/wp-json\/wp\/v2\/comments?post=1323"}],"version-history":[{"count":43,"href":"https:\/\/nextrealitycontest.de\/de\/wp-json\/wp\/v2\/pages\/1323\/revisions"}],"predecessor-version":[{"id":6434,"href":"https:\/\/nextrealitycontest.de\/de\/wp-json\/wp\/v2\/pages\/1323\/revisions\/6434"}],"up":[{"embeddable":true,"href":"https:\/\/nextrealitycontest.de\/de\/wp-json\/wp\/v2\/pages\/1620"}],"wp:attachment":[{"href":"https:\/\/nextrealitycontest.de\/de\/wp-json\/wp\/v2\/media?parent=1323"}],"curies":[{"name":"wp","href":"https:\/\/api.w.org\/{rel}","templated":true}]}}