{"id":1321,"date":"2018-04-02T19:08:53","date_gmt":"2018-04-02T17:08:53","guid":{"rendered":"http:\/\/xrc.nextreality.hamburg\/?page_id=1321"},"modified":"2026-04-13T19:30:51","modified_gmt":"2026-04-13T17:30:51","slug":"kategorien","status":"publish","type":"page","link":"https:\/\/nextrealitycontest.de\/de\/einreichen\/kategorien\/","title":{"rendered":"Kategorien"},"content":{"rendered":"<section class=\"wpb-content-wrapper\"><p>[vc_row disable_element=&#8220;yes&#8220;][vc_column]\t\t<h2 id=\"qttabseeffc-kategorien\" class=\"qt-center qt-qttabseeffc-kategorien qt-textfx-wrap qt-fontsize-h1\">\n\t\t\t\t\t\t\t\t\n\t\t\t\t\t<span class=\"qt-txtfx qt-txtfx--newyork\">KATEGORIEN<span data-letters=\"KATEGORIEN\"><\/span><span data-letters=\"KATEGORIEN\"><\/span><\/span>\n\t\t\t\t\t\t\t<\/h2>\n\t\t\t\t<div data-kentha-customstyles=\"\/* Shortcode dynamically generated CSS *\/\n\t\t\t\t\t.qt-qttabseeffc-kategorien .qt-txtfx--newyork { color: #ffffff}\n\t\t\t\t\t.qt-qttabseeffc-kategorien .qt-txtfx--newyork span::before { color: #ffffff}\n\t\t\t\t\t.qt-qttabseeffc-kategorien .qt-txtfx--newyork::before { background: #ffbb4d}\"><\/div>\n\t\t[\/vc_column][\/vc_row][vc_row][vc_column width=&#8220;1\/2&#8243;]\t\t<h2 id=\"qttabseeffc-interactive-entertainment\" class=\"qt-center qt-qttabseeffc-interactive-entertainment qt-textfx-wrap qt-fontsize-h1\">\n\t\t\t\t\t\t\t\t\n\t\t\t\t\t<span class=\"qt-txtfx qt-txtfx--newyork\">Interactive Entertainment<span data-letters=\"Interactive Entertainment\"><\/span><span data-letters=\"Interactive Entertainment\"><\/span><\/span>\n\t\t\t\t\t\t\t<\/h2>\n\t\t\t\t<div data-kentha-customstyles=\"\/* Shortcode dynamically generated CSS *\/\n\t\t\t\t\t.qt-qttabseeffc-interactive-entertainment .qt-txtfx--newyork { color: #ffffff}\n\t\t\t\t\t.qt-qttabseeffc-interactive-entertainment .qt-txtfx--newyork span::before { color: #ffffff}\n\t\t\t\t\t.qt-qttabseeffc-interactive-entertainment .qt-txtfx--newyork::before { background: #ffbb4d}\"><\/div>\n\t\t[vc_column_text]<\/p>\n<p class=\"font_4\" style=\"text-align: center;\">Euer VR- oder AR-Game hebt das Spielerlebnis auf ein neues Level? In dieser Kategorie suchen wir immersive Erlebnisse, die fesseln, begeistern und Innovationen vorantreiben. Ob packendes Gameplay, narrative Tiefe oder technische Raffinesse \u2013 wenn eure Experience neue Ma\u00dfst\u00e4be setzt oder bahnbrechende Features implementiert, dann geh\u00f6rt sie hierhin! Zeigt uns, wie ihr XR f\u00fcr Unterhaltung nutzt und das Medium weiterentwickelt.<\/p>\n<p>[\/vc_column_text][\/vc_column][vc_column width=&#8220;1\/2&#8243;]\t\t<div class=\"qt-short-image aligncenter\">\n\t\t\t<img decoding=\"async\" src=\"https:\/\/nextrealitycontest.de\/wp-content\/uploads\/2025\/03\/Interactive-Entertainment_Web.png\" alt=\"\"> \t\t<\/div>\n\t\t[\/vc_column][\/vc_row][vc_row css=&#8220;.vc_custom_1649855657683{margin-top: 90px !important;}&#8220;][vc_column width=&#8220;1\/2&#8243;]\t\t<div class=\"qt-short-image aligncenter\">\n\t\t\t<img decoding=\"async\" src=\"https:\/\/nextrealitycontest.de\/wp-content\/uploads\/2025\/03\/Interactive-Business_Web.png\" alt=\"\"> \t\t<\/div>\n\t\t[\/vc_column][vc_column width=&#8220;1\/2&#8243;]\t\t<h2 id=\"qttabseeffeab-interactive-business\" class=\"qt-center qt-qttabseeffeab-interactive-business qt-textfx-wrap qt-fontsize-h1\">\n\t\t\t\t\t\t\t\t\n\t\t\t\t\t<span class=\"qt-txtfx qt-txtfx--newyork\">Interactive Business<span data-letters=\"Interactive Business\"><\/span><span data-letters=\"Interactive Business\"><\/span><\/span>\n\t\t\t\t\t\t\t<\/h2>\n\t\t\t\t<div data-kentha-customstyles=\"\/* Shortcode dynamically generated CSS *\/\n\t\t\t\t\t.qt-qttabseeffeab-interactive-business .qt-txtfx--newyork { color: #ffffff}\n\t\t\t\t\t.qt-qttabseeffeab-interactive-business .qt-txtfx--newyork span::before { color: #ffffff}\n\t\t\t\t\t.qt-qttabseeffeab-interactive-business .qt-txtfx--newyork::before { background: #ffbb4d}\"><\/div>\n\t\t[vc_column_text]<\/p>\n<p class=\"font_4\" style=\"text-align: center;\">XR \u00f6ffnet neue Gesch\u00e4ftsmodelle und Vertriebswege! Ihr habt eine L\u00f6sung entwickelt, die zeigt, wie Virtual und Augmented Reality in der Industrie, im Handel oder in der Dienstleistungsbranche gewinnbringend eingesetzt werden kann? Ob innovative Sales-Tools, immersive Produktpr\u00e4sentationen oder neue Monetarisierungsstrategien \u2013 wenn eure Anwendung das Potenzial von XR als Business-Tool aussch\u00f6pft und den Markt revolutioniert, dann geh\u00f6rt sie in diese Kategorie! Zeigt uns, wie ihr mit XR wirtschaftlichen Mehrwert schafft.<\/p>\n<p>[\/vc_column_text][\/vc_column][\/vc_row][vc_row css=&#8220;.vc_custom_1649855661356{margin-top: 90px !important;}&#8220;][vc_column width=&#8220;1\/2&#8243;]\t\t<h2 id=\"qttabseeffff-interactive-education\" class=\"qt-center qt-qttabseeffff-interactive-education qt-textfx-wrap qt-fontsize-h1\">\n\t\t\t\t\t\t\t\t\n\t\t\t\t\t<span class=\"qt-txtfx qt-txtfx--newyork\">Interactive Education<span data-letters=\"Interactive Education\"><\/span><span data-letters=\"Interactive Education\"><\/span><\/span>\n\t\t\t\t\t\t\t<\/h2>\n\t\t\t\t<div data-kentha-customstyles=\"\/* Shortcode dynamically generated CSS *\/\n\t\t\t\t\t.qt-qttabseeffff-interactive-education .qt-txtfx--newyork { color: #ffffff}\n\t\t\t\t\t.qt-qttabseeffff-interactive-education .qt-txtfx--newyork span::before { color: #ffffff}\n\t\t\t\t\t.qt-qttabseeffff-interactive-education .qt-txtfx--newyork::before { background: #ffbb4d}\"><\/div>\n\t\t[vc_column_text]<\/p>\n<p style=\"text-align: center;\">Lernen soll spannend, praxisnah und interaktiv sein? XR-Technologien erm\u00f6glichen neue Formen des Wissenstransfers, sei es in Schulen, Hochschulen oder im professionellen Training. In dieser Kategorie suchen wir immersive Anwendungen mit klarem didaktischen Ansatz \u2013 ob interaktive Schulungsmodule, virtuelle Labore, historische Rekonstruktionen oder innovative EdTech-L\u00f6sungen. Wenn eure Anwendung das Lernen revolutioniert, geh\u00f6rt sie hierher!<\/p>\n<p>[\/vc_column_text][\/vc_column][vc_column width=&#8220;1\/2&#8243;]\t\t<div class=\"qt-short-image aligncenter\">\n\t\t\t<img decoding=\"async\" src=\"https:\/\/nextrealitycontest.de\/wp-content\/uploads\/2025\/03\/Interactive-Education_Web.png\" alt=\"\"> \t\t<\/div>\n\t\t[\/vc_column][\/vc_row][vc_row css=&#8220;.vc_custom_1649855672116{margin-top: 90px !important;}&#8220;][vc_column width=&#8220;1\/2&#8243;]\t\t<div class=\"qt-short-image aligncenter\">\n\t\t\t<img decoding=\"async\" src=\"https:\/\/nextrealitycontest.de\/wp-content\/uploads\/2025\/03\/Young-Talent_Web-1.png\" alt=\"\"> \t\t<\/div>\n\t\t[\/vc_column][vc_column width=&#8220;1\/2&#8243;]\t\t<h2 id=\"qttabseeff-young-talent\" class=\"qt-center qt-qttabseeff-young-talent qt-textfx-wrap qt-fontsize-h1\">\n\t\t\t\t\t\t\t\t\n\t\t\t\t\t<span class=\"qt-txtfx qt-txtfx--newyork\">Young Talent<span data-letters=\"Young Talent\"><\/span><span data-letters=\"Young Talent\"><\/span><\/span>\n\t\t\t\t\t\t\t<\/h2>\n\t\t\t\t<div data-kentha-customstyles=\"\/* Shortcode dynamically generated CSS *\/\n\t\t\t\t\t.qt-qttabseeff-young-talent .qt-txtfx--newyork { color: #ffffff}\n\t\t\t\t\t.qt-qttabseeff-young-talent .qt-txtfx--newyork span::before { color: #ffffff}\n\t\t\t\t\t.qt-qttabseeff-young-talent .qt-txtfx--newyork::before { background: #ffbb4d}\"><\/div>\n\t\t[vc_column_text]<\/p>\n<p class=\"font_4\" style=\"text-align: center;\">Der Nachwuchs bringt frischen Wind in die XR-Welt \u2013 und wir f\u00f6rdern ihn! Diese Kategorie ist exklusiv f\u00fcr Sch\u00fcler:innen und Studierende, die mit ihren Projekten zeigen, was in der n\u00e4chsten Generation an kreativen K\u00f6pfen steckt. Ob immersive Anwendungen oder Hardware-Prototypen, unabh\u00e4ngig vom Einsatzbereich: Hier z\u00e4hlt Innovation, Experimentierfreude und der Mut, neue Wege zu gehen. \u00dcberzeugt uns mit eurer Vision!<\/p>\n<p>[\/vc_column_text][\/vc_column][\/vc_row][vc_row disable_element=&#8220;yes&#8220; css=&#8220;.vc_custom_1708956541355{margin-top: 90px !important;}&#8220;][vc_column width=&#8220;1\/2&#8243;]\t\t<h2 id=\"qttabseeffa-best-technology\" class=\"qt-center qt-qttabseeffa-best-technology qt-textfx-wrap qt-fontsize-h1\">\n\t\t\t\t\t\t\t\t\n\t\t\t\t\t<span class=\"qt-txtfx qt-txtfx--newyork\">Best Technology<span data-letters=\"Best Technology\"><\/span><span data-letters=\"Best Technology\"><\/span><\/span>\n\t\t\t\t\t\t\t<\/h2>\n\t\t\t\t<div data-kentha-customstyles=\"\/* Shortcode dynamically generated CSS *\/\n\t\t\t\t\t.qt-qttabseeffa-best-technology .qt-txtfx--newyork { color: #ffffff}\n\t\t\t\t\t.qt-qttabseeffa-best-technology .qt-txtfx--newyork span::before { color: #ffffff}\n\t\t\t\t\t.qt-qttabseeffa-best-technology .qt-txtfx--newyork::before { background: #ffbb4d}\"><\/div>\n\t\t[vc_column_text]<\/p>\n<p class=\"font_4\" style=\"text-align: center;\">Technologie und Innovationen sind f\u00fcr die Branche der immersiven Medien und ihre Industrie essentiell. Wir suchen die Menschen und Unternehmen, die uns alle nach vorne treiben! Hier kann jeder Software- oder Hardware-Case, der mit immersiven Technologien in Verbindung steht, eingereicht werden.<\/p>\n<p>[\/vc_column_text][\/vc_column][vc_column width=&#8220;1\/2&#8243;]\t\t<div class=\"qt-short-image aligncenter\">\n\t\t\t<img decoding=\"async\" src=\"\" alt=\"\"> \t\t<\/div>\n\t\t[\/vc_column][\/vc_row][vc_row css=&#8220;.vc_custom_1649855677947{margin-top: 90px !important;}&#8220;][vc_column width=&#8220;1\/2&#8243;]\t\t<h2 id=\"qttabseeffa-best-installation\" class=\"qt-center qt-qttabseeffa-best-installation qt-textfx-wrap qt-fontsize-h1\">\n\t\t\t\t\t\t\t\t\n\t\t\t\t\t<span class=\"qt-txtfx qt-txtfx--newyork\">Best Installation<span data-letters=\"Best Installation\"><\/span><span data-letters=\"Best Installation\"><\/span><\/span>\n\t\t\t\t\t\t\t<\/h2>\n\t\t\t\t<div data-kentha-customstyles=\"\/* Shortcode dynamically generated CSS *\/\n\t\t\t\t\t.qt-qttabseeffa-best-installation .qt-txtfx--newyork { color: #ffffff}\n\t\t\t\t\t.qt-qttabseeffa-best-installation .qt-txtfx--newyork span::before { color: #ffffff}\n\t\t\t\t\t.qt-qttabseeffa-best-installation .qt-txtfx--newyork::before { background: #ffbb4d}\"><\/div>\n\t\t[vc_column_text]<\/p>\n<p class=\"font_4\" style=\"text-align: center;\">Hier suchen wir XR-Erlebnisse, die \u00fcber das klassische Headset-Format hinausgehen. Ob ortsbasierte Experiences, interaktive Kunstinstallationen oder multisensorische Setups \u2013 diese Kategorie w\u00fcrdigt Projekte, die digitale und physische R\u00e4ume miteinander verschmelzen lassen. Eure Anwendung entfaltet ihr volles Potenzial erst durch die Kombination mit einer Installation? Dann seid ihr hier genau richtig!<\/p>\n<p>[\/vc_column_text][\/vc_column][vc_column width=&#8220;1\/2&#8243;]\t\t<div class=\"qt-short-image aligncenter\">\n\t\t\t<img decoding=\"async\" src=\"https:\/\/nextrealitycontest.de\/wp-content\/uploads\/2025\/03\/Best-Installation_Web.png\" alt=\"\"> \t\t<\/div>\n\t\t[\/vc_column][\/vc_row][vc_row css=&#8220;.vc_custom_1649855728978{margin-top: 90px !important;}&#8220;][vc_column width=&#8220;1\/2&#8243;]\t\t<div class=\"qt-short-image aligncenter\">\n\t\t\t<img decoding=\"async\" src=\"https:\/\/nextrealitycontest.de\/wp-content\/uploads\/2025\/03\/Zeitgeist_Web.png\" alt=\"\"> \t\t<\/div>\n\t\t[\/vc_column][vc_column width=&#8220;1\/2&#8243;]\t\t<h2 id=\"qttabseeffabf-zeitgeist\" class=\"qt-center qt-qttabseeffabf-zeitgeist qt-textfx-wrap qt-fontsize-h1\">\n\t\t\t\t\t\t\t\t\n\t\t\t\t\t<span class=\"qt-txtfx qt-txtfx--newyork\">Zeitgeist<span data-letters=\"Zeitgeist\"><\/span><span data-letters=\"Zeitgeist\"><\/span><\/span>\n\t\t\t\t\t\t\t<\/h2>\n\t\t\t\t<div data-kentha-customstyles=\"\/* Shortcode dynamically generated CSS *\/\n\t\t\t\t\t.qt-qttabseeffabf-zeitgeist .qt-txtfx--newyork { color: #ffffff}\n\t\t\t\t\t.qt-qttabseeffabf-zeitgeist .qt-txtfx--newyork span::before { color: #ffffff}\n\t\t\t\t\t.qt-qttabseeffabf-zeitgeist .qt-txtfx--newyork::before { background: #ffbb4d}\"><\/div>\n\t\t[vc_column_text]<\/p>\n<p class=\"font_4\" style=\"text-align: center;\">Ihr greift mit eurer XR-Anwendung gesellschaftlich relevante Themen auf oder reagiert auf aktuelle Entwicklungen? In dieser Kategorie geht es um immersive Erlebnisse, die den Zeitgeist einfangen \u2013 von journalistischen Formaten \u00fcber k\u00fcnstlerische Auseinandersetzungen bis hin zu gesellschaftskritischen oder dokumentarischen Projekten. Hier z\u00e4hlen Innovation, Relevanz und Impact!<\/p>\n<p>[\/vc_column_text][\/vc_column][\/vc_row][vc_row css=&#8220;.vc_custom_1649855682087{margin-top: 90px !important;}&#8220;][vc_column width=&#8220;1\/2&#8243;]\t\t<h2 id=\"qttabseeffaf-best-hackathon-prototype\" class=\"qt-center qt-qttabseeffaf-best-hackathon-prototype qt-textfx-wrap qt-fontsize-h1\">\n\t\t\t\t\t\t\t\t\n\t\t\t\t\t<span class=\"qt-txtfx qt-txtfx--newyork\">Best Hackathon Prototype<span data-letters=\"Best Hackathon Prototype\"><\/span><span data-letters=\"Best Hackathon Prototype\"><\/span><\/span>\n\t\t\t\t\t\t\t<\/h2>\n\t\t\t\t<div data-kentha-customstyles=\"\/* Shortcode dynamically generated CSS *\/\n\t\t\t\t\t.qt-qttabseeffaf-best-hackathon-prototype .qt-txtfx--newyork { color: #ffffff}\n\t\t\t\t\t.qt-qttabseeffaf-best-hackathon-prototype .qt-txtfx--newyork span::before { color: #ffffff}\n\t\t\t\t\t.qt-qttabseeffaf-best-hackathon-prototype .qt-txtfx--newyork::before { background: #ffbb4d}\"><\/div>\n\t\t[vc_column_text]<\/p>\n<p style=\"text-align: center;\">Die besten Ideen entstehen oft unter Zeitdruck: bei Hackathons, Game Jams oder intensiven Prototyping-Sprints. In dieser Kategorie suchen wir XR-Projekte, die genau dort ihren Ursprung haben \u2013 entwickelt in kurzer Zeit, mit viel Kreativit\u00e4t und Teamgeist. Ob neues Gameplay, ein innovativer Use Case f\u00fcr Business oder Education oder eine experimentelle Interaktionsidee: Hier geht es um mutige Konzepte und frische Ans\u00e4tze, die zeigen, was mit XR m\u00f6glich ist. Ihr habt euren Prototyp bei einem Hackathon entwickelt? Dann bringt ihn auf die gro\u00dfe B\u00fchne! Reicht euer Projekt ein und zeigt welche Ideen entstehen, wenn Talent, Zeitdruck und Innovation zusammenkommen.<\/p>\n<p>[\/vc_column_text][\/vc_column][vc_column width=&#8220;1\/2&#8243;]\t\t<div class=\"qt-short-image aligncenter\">\n\t\t\t<img decoding=\"async\" src=\"https:\/\/nextrealitycontest.de\/wp-content\/uploads\/2026\/04\/Hackathon-less-shiny-1600x1317.png\" alt=\"\"> \t\t<\/div>\n\t\t[\/vc_column][\/vc_row][vc_row css=&#8220;.vc_custom_1649855682087{margin-top: 90px !important;}&#8220;][vc_column width=&#8220;1\/2&#8243;]\t\t<div class=\"qt-short-image aligncenter\">\n\t\t\t<img decoding=\"async\" src=\"https:\/\/nextrealitycontest.de\/wp-content\/uploads\/2025\/03\/International_Social.png\" alt=\"\"> \t\t<\/div>\n\t\t[\/vc_column][vc_column width=&#8220;1\/2&#8243;]\t\t<h2 id=\"qttabseeffa-international-production\" class=\"qt-center qt-qttabseeffa-international-production qt-textfx-wrap qt-fontsize-h1\">\n\t\t\t\t\t\t\t\t\n\t\t\t\t\t<span class=\"qt-txtfx qt-txtfx--newyork\">International Production<span data-letters=\"International Production\"><\/span><span data-letters=\"International Production\"><\/span><\/span>\n\t\t\t\t\t\t\t<\/h2>\n\t\t\t\t<div data-kentha-customstyles=\"\/* Shortcode dynamically generated CSS *\/\n\t\t\t\t\t.qt-qttabseeffa-international-production .qt-txtfx--newyork { color: #ffffff}\n\t\t\t\t\t.qt-qttabseeffa-international-production .qt-txtfx--newyork span::before { color: #ffffff}\n\t\t\t\t\t.qt-qttabseeffa-international-production .qt-txtfx--newyork::before { background: #ffbb4d}\"><\/div>\n\t\t[vc_column_text]<\/p>\n<p class=\"font_4\" style=\"text-align: center;\">XR kennt keine Grenzen \u2013 und wir auch nicht! Seit 2022 \u00f6ffnen wir diese Kategorie f\u00fcr Projekte aus aller Welt. Ob wegweisende Anwendungen aus der Forschung, bahnbrechende Industrie-L\u00f6sungen oder kreative Entertainment-Experiences \u2013 wenn euer Projekt \u00fcber die DACH-Region hinaus entwickelt wurde, ist das hier eure B\u00fchne! Zeigt uns, wie global XR gedacht und umgesetzt wird.<\/p>\n<p>[\/vc_column_text][\/vc_column][\/vc_row][vc_row css=&#8220;.vc_custom_1649855685586{margin-top: 90px !important;}&#8220;][vc_column width=&#8220;1\/2&#8243;]\t\t<h2 id=\"qttabseeffa-community-award\" class=\"qt-center qt-qttabseeffa-community-award qt-textfx-wrap qt-fontsize-h1\">\n\t\t\t\t\t\t\t\t\n\t\t\t\t\t<span class=\"qt-txtfx qt-txtfx--newyork\">Community Award<span data-letters=\"Community Award\"><\/span><span data-letters=\"Community Award\"><\/span><\/span>\n\t\t\t\t\t\t\t<\/h2>\n\t\t\t\t<div data-kentha-customstyles=\"\/* Shortcode dynamically generated CSS *\/\n\t\t\t\t\t.qt-qttabseeffa-community-award .qt-txtfx--newyork { color: #ffffff}\n\t\t\t\t\t.qt-qttabseeffa-community-award .qt-txtfx--newyork span::before { color: #ffffff}\n\t\t\t\t\t.qt-qttabseeffa-community-award .qt-txtfx--newyork::before { background: #ffbb4d}\"><\/div>\n\t\t[vc_column_text]<\/p>\n<p class=\"font_4\" style=\"text-align: center;\">Euer Projekt begeistert nicht nur die Fachjury, sondern auch die Community? Dann habt ihr hier die Chance auf den Publikumspreis! Alle Einreichungen nehmen automatisch am Community-Voting teil \u2013 es sei denn, ihr entscheidet euch dagegen. Nutzt die Gelegenheit, eure Fans zu mobilisieren und zeigt, dass eure XR-Anwendung nicht nur innovativ, sondern auch beliebt ist!<\/p>\n<p>[\/vc_column_text][\/vc_column][vc_column width=&#8220;1\/2&#8243;]\t\t<div class=\"qt-short-image aligncenter\">\n\t\t\t<img decoding=\"async\" src=\"https:\/\/nextrealitycontest.de\/wp-content\/uploads\/2025\/03\/Community-Award_Web.png\" alt=\"\"> \t\t<\/div>\n\t\t[\/vc_column][\/vc_row]<\/p>\n<\/section>","protected":false},"excerpt":{"rendered":"<p>[vc_row disable_element=&#8220;yes&#8220;][vc_column][\/vc_column][\/vc_row][vc_row][vc_column width=&#8220;1\/2&#8243;][vc_column_text] Euer VR- oder AR-Game hebt das Spielerlebnis auf ein neues Level? In dieser Kategorie suchen wir immersive Erlebnisse, die fesseln, begeistern und Innovationen vorantreiben. Ob packendes Gameplay, narrative Tiefe oder technische Raffinesse \u2013 wenn eure Experience neue Ma\u00dfst\u00e4be setzt oder bahnbrechende Features implementiert, dann geh\u00f6rt sie hierhin! [&hellip;]<\/p>\n","protected":false},"author":1,"featured_media":0,"parent":1620,"menu_order":0,"comment_status":"closed","ping_status":"closed","template":"","meta":{"_acf_changed":false,"footnotes":""},"acf":[],"yoast_head":"<!-- This site is optimized with the Yoast SEO plugin v21.9.1 - https:\/\/yoast.com\/wordpress\/plugins\/seo\/ -->\n<title>Kategorien - nextReality.Contest<\/title>\n<meta name=\"robots\" content=\"index, follow, max-snippet:-1, max-image-preview:large, max-video-preview:-1\" \/>\n<link rel=\"canonical\" href=\"https:\/\/nextrealitycontest.de\/de\/einreichen\/kategorien\/\" \/>\n<meta property=\"og:locale\" content=\"de_DE\" \/>\n<meta property=\"og:type\" content=\"article\" \/>\n<meta property=\"og:title\" content=\"Kategorien - nextReality.Contest\" \/>\n<meta property=\"og:description\" content=\"[vc_row disable_element=&#8220;yes&#8220;][vc_column][\/vc_column][\/vc_row][vc_row][vc_column width=&#8220;1\/2&#8243;][vc_column_text] Euer VR- oder AR-Game hebt das Spielerlebnis auf ein neues Level? In dieser Kategorie suchen wir immersive Erlebnisse, die fesseln, begeistern und Innovationen vorantreiben. Ob packendes Gameplay, narrative Tiefe oder technische Raffinesse \u2013 wenn eure Experience neue Ma\u00dfst\u00e4be setzt oder bahnbrechende Features implementiert, dann geh\u00f6rt sie hierhin! [&hellip;]\" \/>\n<meta property=\"og:url\" content=\"https:\/\/nextrealitycontest.de\/de\/einreichen\/kategorien\/\" \/>\n<meta property=\"og:site_name\" content=\"nextReality.Contest\" \/>\n<meta property=\"article:modified_time\" content=\"2026-04-13T17:30:51+00:00\" \/>\n<meta name=\"twitter:card\" content=\"summary_large_image\" \/>\n<meta name=\"twitter:label1\" content=\"Gesch\u00e4tzte Lesezeit\" \/>\n\t<meta name=\"twitter:data1\" content=\"5\u00a0Minuten\" \/>\n<script type=\"application\/ld+json\" class=\"yoast-schema-graph\">{\"@context\":\"https:\/\/schema.org\",\"@graph\":[{\"@type\":\"WebPage\",\"@id\":\"https:\/\/nextrealitycontest.de\/de\/einreichen\/kategorien\/\",\"url\":\"https:\/\/nextrealitycontest.de\/de\/einreichen\/kategorien\/\",\"name\":\"Kategorien - nextReality.Contest\",\"isPartOf\":{\"@id\":\"https:\/\/nextrealitycontest.de\/de\/#website\"},\"datePublished\":\"2018-04-02T17:08:53+00:00\",\"dateModified\":\"2026-04-13T17:30:51+00:00\",\"breadcrumb\":{\"@id\":\"https:\/\/nextrealitycontest.de\/de\/einreichen\/kategorien\/#breadcrumb\"},\"inLanguage\":\"de\",\"potentialAction\":[{\"@type\":\"ReadAction\",\"target\":[\"https:\/\/nextrealitycontest.de\/de\/einreichen\/kategorien\/\"]}]},{\"@type\":\"BreadcrumbList\",\"@id\":\"https:\/\/nextrealitycontest.de\/de\/einreichen\/kategorien\/#breadcrumb\",\"itemListElement\":[{\"@type\":\"ListItem\",\"position\":1,\"name\":\"Startseite\",\"item\":\"https:\/\/nextrealitycontest.de\/de\/\"},{\"@type\":\"ListItem\",\"position\":2,\"name\":\"Einreichen\",\"item\":\"https:\/\/nextrealitycontest.de\/de\/einreichen\/\"},{\"@type\":\"ListItem\",\"position\":3,\"name\":\"Kategorien\"}]},{\"@type\":\"WebSite\",\"@id\":\"https:\/\/nextrealitycontest.de\/de\/#website\",\"url\":\"https:\/\/nextrealitycontest.de\/de\/\",\"name\":\"nextReality.Contest\",\"description\":\"Der Preis f\u00fcr Immersive Medien in Deutschland\",\"potentialAction\":[{\"@type\":\"SearchAction\",\"target\":{\"@type\":\"EntryPoint\",\"urlTemplate\":\"https:\/\/nextrealitycontest.de\/de\/?s={search_term_string}\"},\"query-input\":\"required name=search_term_string\"}],\"inLanguage\":\"de\"}]}<\/script>\n<!-- \/ Yoast SEO plugin. -->","yoast_head_json":{"title":"Kategorien - nextReality.Contest","robots":{"index":"index","follow":"follow","max-snippet":"max-snippet:-1","max-image-preview":"max-image-preview:large","max-video-preview":"max-video-preview:-1"},"canonical":"https:\/\/nextrealitycontest.de\/de\/einreichen\/kategorien\/","og_locale":"de_DE","og_type":"article","og_title":"Kategorien - nextReality.Contest","og_description":"[vc_row disable_element=&#8220;yes&#8220;][vc_column][\/vc_column][\/vc_row][vc_row][vc_column width=&#8220;1\/2&#8243;][vc_column_text] Euer VR- oder AR-Game hebt das Spielerlebnis auf ein neues Level? In dieser Kategorie suchen wir immersive Erlebnisse, die fesseln, begeistern und Innovationen vorantreiben. Ob packendes Gameplay, narrative Tiefe oder technische Raffinesse \u2013 wenn eure Experience neue Ma\u00dfst\u00e4be setzt oder bahnbrechende Features implementiert, dann geh\u00f6rt sie hierhin! [&hellip;]","og_url":"https:\/\/nextrealitycontest.de\/de\/einreichen\/kategorien\/","og_site_name":"nextReality.Contest","article_modified_time":"2026-04-13T17:30:51+00:00","twitter_card":"summary_large_image","twitter_misc":{"Gesch\u00e4tzte Lesezeit":"5\u00a0Minuten"},"schema":{"@context":"https:\/\/schema.org","@graph":[{"@type":"WebPage","@id":"https:\/\/nextrealitycontest.de\/de\/einreichen\/kategorien\/","url":"https:\/\/nextrealitycontest.de\/de\/einreichen\/kategorien\/","name":"Kategorien - nextReality.Contest","isPartOf":{"@id":"https:\/\/nextrealitycontest.de\/de\/#website"},"datePublished":"2018-04-02T17:08:53+00:00","dateModified":"2026-04-13T17:30:51+00:00","breadcrumb":{"@id":"https:\/\/nextrealitycontest.de\/de\/einreichen\/kategorien\/#breadcrumb"},"inLanguage":"de","potentialAction":[{"@type":"ReadAction","target":["https:\/\/nextrealitycontest.de\/de\/einreichen\/kategorien\/"]}]},{"@type":"BreadcrumbList","@id":"https:\/\/nextrealitycontest.de\/de\/einreichen\/kategorien\/#breadcrumb","itemListElement":[{"@type":"ListItem","position":1,"name":"Startseite","item":"https:\/\/nextrealitycontest.de\/de\/"},{"@type":"ListItem","position":2,"name":"Einreichen","item":"https:\/\/nextrealitycontest.de\/de\/einreichen\/"},{"@type":"ListItem","position":3,"name":"Kategorien"}]},{"@type":"WebSite","@id":"https:\/\/nextrealitycontest.de\/de\/#website","url":"https:\/\/nextrealitycontest.de\/de\/","name":"nextReality.Contest","description":"Der Preis f\u00fcr Immersive Medien in Deutschland","potentialAction":[{"@type":"SearchAction","target":{"@type":"EntryPoint","urlTemplate":"https:\/\/nextrealitycontest.de\/de\/?s={search_term_string}"},"query-input":"required name=search_term_string"}],"inLanguage":"de"}]}},"publishpress_future_action":{"enabled":false,"date":"2026-04-28 16:51:43","action":"draft","terms":[],"taxonomy":""},"_links":{"self":[{"href":"https:\/\/nextrealitycontest.de\/de\/wp-json\/wp\/v2\/pages\/1321"}],"collection":[{"href":"https:\/\/nextrealitycontest.de\/de\/wp-json\/wp\/v2\/pages"}],"about":[{"href":"https:\/\/nextrealitycontest.de\/de\/wp-json\/wp\/v2\/types\/page"}],"author":[{"embeddable":true,"href":"https:\/\/nextrealitycontest.de\/de\/wp-json\/wp\/v2\/users\/1"}],"replies":[{"embeddable":true,"href":"https:\/\/nextrealitycontest.de\/de\/wp-json\/wp\/v2\/comments?post=1321"}],"version-history":[{"count":30,"href":"https:\/\/nextrealitycontest.de\/de\/wp-json\/wp\/v2\/pages\/1321\/revisions"}],"predecessor-version":[{"id":5860,"href":"https:\/\/nextrealitycontest.de\/de\/wp-json\/wp\/v2\/pages\/1321\/revisions\/5860"}],"up":[{"embeddable":true,"href":"https:\/\/nextrealitycontest.de\/de\/wp-json\/wp\/v2\/pages\/1620"}],"wp:attachment":[{"href":"https:\/\/nextrealitycontest.de\/de\/wp-json\/wp\/v2\/media?parent=1321"}],"curies":[{"name":"wp","href":"https:\/\/api.w.org\/{rel}","templated":true}]}}