{"id":1311,"date":"2018-04-02T19:06:32","date_gmt":"2018-04-02T19:06:32","guid":{"rendered":"http:\/\/xrc.nextreality.hamburg\/?page_id=1311"},"modified":"2021-11-15T21:39:12","modified_gmt":"2021-11-15T19:39:12","slug":"jury-2019","status":"publish","type":"page","link":"https:\/\/nextrealitycontest.de\/de\/jury\/jury-2019\/","title":{"rendered":"Juror:innen 2019"},"content":{"rendered":"<section class=\"wpb-content-wrapper\"><p>[vc_row][vc_column width=&#8220;1\/2&#8243;]\t\t<div class=\"qt-short-image aligncenter\">\n\t\t\t<img decoding=\"async\" src=\"https:\/\/nextrealitycontest.de\/wp-content\/uploads\/2019\/08\/XRC-ANETT-BUTTENM\u00dcLLER-756x605.png\" alt=\"\"> \t\t<\/div>\n\t\t[\/vc_column][vc_column width=&#8220;1\/2&#8243;][vc_column_text]<\/p>\n<h2>Anne Beuttenm\u00fcller<\/h2>\n<h4>Head of Marketing EMEA<br \/>\n<span style=\"color: #faaf2d;\">NIANTIC GERMANY<\/span><\/h4>\n<p>Anne Beuttenm\u00fcller startete 2007 nach ihrem Studium der Medienwirtschaft direkt bei Google. Dort arbeitete sie f\u00fcr 6 Jahre in den Bereichen Ad Sales und in der Beratung f\u00fcr Medien-, Kreativ- und Performance-Agenturen. Anschlie\u00dfend wechselte sie zum internen Google Startup Niantic Labs, welches 2015 ein unabh\u00e4ngiges Unternehmen wurde. Anne war zu diesem Zeitpunkt die erste Mitarbeiterin des Augmented-Reality-Pioniers in Europa und ist seitdem als europ\u00e4ische Marketingchefin eine der treibenden Kr\u00e4fte f\u00fcr den Erfolg von Ingress Prime, Pok\u00e9mon GO und neuerdings Harry Potter: Wizards Unite.<\/p>\n<p>Anne ist Mutter von zwei Jungs und lebt mit ihrem Mann in Hamburg[\/vc_column_text][\/vc_column][\/vc_row][vc_row][vc_column width=&#8220;1\/2&#8243;][vc_column_text]<\/p>\n<h2>JAN-KENO JANSSEN<\/h2>\n<h4>LEITENDER REDAKTEUER<br \/>\n<span style=\"color: #faaf2d;\">c\u00b4t Magazin &amp; heise online<\/span><\/h4>\n<p>Jan-Keno Janssen arbeitet als leitender Redakteur beim c&#8217;t Magazin und heise online, seit 2013 besch\u00e4ftigt er sich fast t\u00e4glich mit Virtual und Augmented Reality. Er schreibt nicht nur Artikel zum Thema, sondern h\u00e4lt auch Vortr\u00e4ge und Workshops; unter anderem bei der Re:publica in Berlin, bei der Digital Marketing Conference in Moskau und beim Digital Journalism Summit Asia in Singapur.<br \/>\nVorher studierte Jan-Keno Janssen Medienwissenschaft und Amerikanistik in Bochum und war als rasender Lokalredakteur in Friesland unterwegs.[\/vc_column_text][\/vc_column][vc_column width=&#8220;1\/2&#8243;]\t\t<div class=\"qt-short-image aligncenter\">\n\t\t\t<img decoding=\"async\" src=\"https:\/\/nextrealitycontest.de\/wp-content\/uploads\/2019\/07\/XRC-Jan-Keno-Jannsen-756x605.png\" alt=\"\"> \t\t<\/div>\n\t\t[\/vc_column][\/vc_row][vc_row][vc_column width=&#8220;1\/2&#8243;]\t\t<div class=\"qt-short-image aligncenter\">\n\t\t\t<img decoding=\"async\" src=\"https:\/\/nextrealitycontest.de\/wp-content\/uploads\/2019\/08\/XRC-Marc-Wirbeleit-756x605.png\" alt=\"\"> \t\t<\/div>\n\t\t[\/vc_column][vc_column width=&#8220;1\/2&#8243;][vc_column_text]<\/p>\n<h2>MARC WIRBELEIT<\/h2>\n<h4>Creative Strategist<br \/>\n<span style=\"color: #faaf2d;\">FACEBOOK<\/span><\/h4>\n<p>Marc Wirbeleit ist Mitglied im Pr\u00e4sidium des Art Directors Club f\u00fcr Deutschland und dort f\u00fcr digitale Medien zust\u00e4ndig. Im Hauptberuf hilft er als Creative Strategist bei Facebook Marken und ihren Agenturen, gro\u00dfe Geschichten auf kleinen Bildschirmen zu erz\u00e4hlen. Seit 2018 arbeitet er mit Agenturen und Kreativen aus ganz Europa an AR-Projekten auf Facebook und Instagram.[\/vc_column_text][\/vc_column][\/vc_row][vc_row][vc_column width=&#8220;1\/2&#8243;][vc_column_text]<\/p>\n<h2>Martina Pickhardt<\/h2>\n<h4>Business Transformation AI and IOT, Digitalization and Ecosystems<br \/>\n<span style=\"color: #faaf2d;\">Microsoft<\/span><\/h4>\n<p>Tina ist Wirtschaftsinformatikerin und seit \u00fcber 25 Jahren als Digital Strategin t\u00e4tig. Sie hat in der New Economy ein Software-Unternehmen gegr\u00fcndet und verkauft. Ihre gro\u00dfe St\u00e4rken liegen in der Interdisziplinarit\u00e4t, den Themen Data und Innovation. Sie hat bei Microsoft die ersten HoloLens Kunden in Deutschland gewonnen, mehrere Projekte begleitet und verschiedene Einsatzszenarien konzipiert. Heute arbeitet sie bei Microsoft zum Thema Digital Disruption durch und mit digitalen \u00d6kosystemen.[\/vc_column_text][\/vc_column][vc_column width=&#8220;1\/2&#8243;]\t\t<div class=\"qt-short-image aligncenter\">\n\t\t\t<img decoding=\"async\" src=\"https:\/\/nextrealitycontest.de\/wp-content\/uploads\/2019\/08\/XRC-Martina-Pickhardt-756x605.png\" alt=\"\"> \t\t<\/div>\n\t\t[\/vc_column][\/vc_row][vc_row][vc_column width=&#8220;1\/2&#8243;]\t\t<div class=\"qt-short-image aligncenter\">\n\t\t\t<img decoding=\"async\" src=\"https:\/\/nextrealitycontest.de\/wp-content\/uploads\/2019\/09\/XRC-Michael-Krogmann-756x605.png\" alt=\"\"> \t\t<\/div>\n\t\t[\/vc_column][vc_column width=&#8220;1\/2&#8243;][vc_column_text]<\/p>\n<h2>Michael Krogmann<\/h2>\n<h4>Moderator<br \/>\n<span style=\"color: #faaf2d;\">Rocket Beans TV<\/span><\/h4>\n<p>Michael Krogmann ist seit fast f\u00fcnf Jahren als Moderator und Tontechniker beim Internetsender Rocket Beans TV t\u00e4tig. Als Newshost pr\u00e4sentiert er w\u00f6chentlich das Neueste aus der Welt der Videospiele im Funk-Format \u201eGame Two\u201c. Ebenso ist er Teil des Moderationsduos des Virtual Reality Formates \u201eReality-Bytes\u201c, welches im zweiw\u00f6chentlichen Rhythmus ver\u00f6ffentlicht wird. Krogi, wie er genannt wird, ist bekennender VR Liebhaber.[\/vc_column_text][\/vc_column][\/vc_row][vc_row][vc_column width=&#8220;1\/2&#8243;][vc_column_text]<\/p>\n<h2>Peter Gocht<\/h2>\n<h4>GLOBAL EXECUTIVE CREATIVE DIRECTOR<br \/>\n<span style=\"color: #faaf2d;\">Serviceplan<\/span><\/h4>\n<p class=\"font_4\">Peter Gocht\u00a0ist seit 2016 Mitglied im Creative Board bei der Serviceplan Gruppe und verantwortet als Global Executive Creative Director die Kommunikation verschiedener internationaler Marken.<br \/>\nPeter Gocht glaubt an Virtual Reality als das beste Medium f\u00fcr emotionales Storytelling. Um die Expertise f\u00fcr Markenkommunikation mit den neuen M\u00f6glichkeiten von VR zu verbinden, gr\u00fcndete er das Serviceplan VR Lab.<\/p>\n<p>[\/vc_column_text][\/vc_column][vc_column width=&#8220;1\/2&#8243;]\t\t<div class=\"qt-short-image aligncenter\">\n\t\t\t<img decoding=\"async\" src=\"https:\/\/nextrealitycontest.de\/wp-content\/uploads\/2018\/05\/Peter-Gocht-756x605.png\" alt=\"\"> \t\t<\/div>\n\t\t[\/vc_column][\/vc_row][vc_row][vc_column width=&#8220;1\/2&#8243;]\t\t<div class=\"qt-short-image aligncenter\">\n\t\t\t<img decoding=\"async\" src=\"https:\/\/nextrealitycontest.de\/wp-content\/uploads\/2019\/07\/Valentina-Birke-756x605.png\" alt=\"\"> \t\t<\/div>\n\t\t[\/vc_column][vc_column width=&#8220;1\/2&#8243;][vc_column_text]<\/p>\n<h2>VALENTINA BIRKE<\/h2>\n<h4>HEAD OF PROJECT<br \/>\n<span style=\"color: #faaf2d;\">Indie Arena Booth<\/span><\/h4>\n<p>Valentina Birke ist seit 2018 als Head of Project f\u00fcr die Indie Arena Booth verantwortlich, dem weltweit gr\u00f6\u00dften Gemeinschaftsstand f\u00fcr unabh\u00e4ngig entwickelte Spiele, der im Rahmen der gamescom 2019 auf 1.500 Quadratmetern \u00fcber 100 Spiele aus 40 L\u00e4ndern zeigt. Dabei liegt ihr Fokus insbesondere darauf, mit der Kuratierung der Indie Arena Booth die gesamte kreative und k\u00fcnstlerische Bandbreite von Indie-Games abzubilden. Beim \u201ePLAY \u2013 Creative Gaming Festival\u201c in Hamburg koordiniert sie den Creative Gaming Award und kuratiert die Ausstellung.[\/vc_column_text][\/vc_column][\/vc_row]<\/p>\n<\/section>","protected":false},"excerpt":{"rendered":"<p>[vc_row][vc_column width=&#8220;1\/2&#8243;][\/vc_column][vc_column width=&#8220;1\/2&#8243;][vc_column_text] Anne Beuttenm\u00fcller Head of Marketing EMEA NIANTIC GERMANY Anne Beuttenm\u00fcller startete 2007 nach ihrem Studium der Medienwirtschaft direkt bei Google. Dort arbeitete sie f\u00fcr 6 Jahre in den Bereichen Ad Sales und in der Beratung f\u00fcr Medien-, Kreativ- und Performance-Agenturen. Anschlie\u00dfend wechselte sie zum internen Google Startup [&hellip;]<\/p>\n","protected":false},"author":1,"featured_media":0,"parent":2786,"menu_order":0,"comment_status":"closed","ping_status":"closed","template":"","meta":{"_acf_changed":false,"footnotes":""},"acf":[],"yoast_head":"<!-- This site is optimized with the Yoast SEO plugin v21.9.1 - https:\/\/yoast.com\/wordpress\/plugins\/seo\/ -->\n<title>Juror:innen 2019 - nextReality.Contest<\/title>\n<meta name=\"robots\" content=\"index, follow, max-snippet:-1, max-image-preview:large, max-video-preview:-1\" \/>\n<link rel=\"canonical\" href=\"https:\/\/nextrealitycontest.de\/de\/jury\/jury-2019\/\" \/>\n<meta property=\"og:locale\" content=\"de_DE\" \/>\n<meta property=\"og:type\" content=\"article\" \/>\n<meta property=\"og:title\" content=\"Juror:innen 2019 - nextReality.Contest\" \/>\n<meta property=\"og:description\" content=\"[vc_row][vc_column width=&#8220;1\/2&#8243;][\/vc_column][vc_column width=&#8220;1\/2&#8243;][vc_column_text] Anne Beuttenm\u00fcller Head of Marketing EMEA NIANTIC GERMANY Anne Beuttenm\u00fcller startete 2007 nach ihrem Studium der Medienwirtschaft direkt bei Google. Dort arbeitete sie f\u00fcr 6 Jahre in den Bereichen Ad Sales und in der Beratung f\u00fcr Medien-, Kreativ- und Performance-Agenturen. Anschlie\u00dfend wechselte sie zum internen Google Startup [&hellip;]\" \/>\n<meta property=\"og:url\" content=\"https:\/\/nextrealitycontest.de\/de\/jury\/jury-2019\/\" \/>\n<meta property=\"og:site_name\" content=\"nextReality.Contest\" \/>\n<meta property=\"article:modified_time\" content=\"2021-11-15T19:39:12+00:00\" \/>\n<meta name=\"twitter:card\" content=\"summary_large_image\" \/>\n<meta name=\"twitter:label1\" content=\"Gesch\u00e4tzte Lesezeit\" \/>\n\t<meta name=\"twitter:data1\" content=\"3\u00a0Minuten\" \/>\n<script type=\"application\/ld+json\" class=\"yoast-schema-graph\">{\"@context\":\"https:\/\/schema.org\",\"@graph\":[{\"@type\":\"WebPage\",\"@id\":\"https:\/\/nextrealitycontest.de\/de\/jury\/jury-2019\/\",\"url\":\"https:\/\/nextrealitycontest.de\/de\/jury\/jury-2019\/\",\"name\":\"Juror:innen 2019 - nextReality.Contest\",\"isPartOf\":{\"@id\":\"https:\/\/nextrealitycontest.de\/de\/#website\"},\"datePublished\":\"2018-04-02T19:06:32+00:00\",\"dateModified\":\"2021-11-15T19:39:12+00:00\",\"breadcrumb\":{\"@id\":\"https:\/\/nextrealitycontest.de\/de\/jury\/jury-2019\/#breadcrumb\"},\"inLanguage\":\"de\",\"potentialAction\":[{\"@type\":\"ReadAction\",\"target\":[\"https:\/\/nextrealitycontest.de\/de\/jury\/jury-2019\/\"]}]},{\"@type\":\"BreadcrumbList\",\"@id\":\"https:\/\/nextrealitycontest.de\/de\/jury\/jury-2019\/#breadcrumb\",\"itemListElement\":[{\"@type\":\"ListItem\",\"position\":1,\"name\":\"Startseite\",\"item\":\"https:\/\/nextrealitycontest.de\/de\/\"},{\"@type\":\"ListItem\",\"position\":2,\"name\":\"Die Jury\",\"item\":\"https:\/\/nextrealitycontest.de\/de\/jury\/\"},{\"@type\":\"ListItem\",\"position\":3,\"name\":\"Juror:innen 2019\"}]},{\"@type\":\"WebSite\",\"@id\":\"https:\/\/nextrealitycontest.de\/de\/#website\",\"url\":\"https:\/\/nextrealitycontest.de\/de\/\",\"name\":\"nextReality.Contest\",\"description\":\"Der Preis f\u00fcr Immersive Medien in Deutschland\",\"potentialAction\":[{\"@type\":\"SearchAction\",\"target\":{\"@type\":\"EntryPoint\",\"urlTemplate\":\"https:\/\/nextrealitycontest.de\/de\/?s={search_term_string}\"},\"query-input\":\"required name=search_term_string\"}],\"inLanguage\":\"de\"}]}<\/script>\n<!-- \/ Yoast SEO plugin. -->","yoast_head_json":{"title":"Juror:innen 2019 - nextReality.Contest","robots":{"index":"index","follow":"follow","max-snippet":"max-snippet:-1","max-image-preview":"max-image-preview:large","max-video-preview":"max-video-preview:-1"},"canonical":"https:\/\/nextrealitycontest.de\/de\/jury\/jury-2019\/","og_locale":"de_DE","og_type":"article","og_title":"Juror:innen 2019 - nextReality.Contest","og_description":"[vc_row][vc_column width=&#8220;1\/2&#8243;][\/vc_column][vc_column width=&#8220;1\/2&#8243;][vc_column_text] Anne Beuttenm\u00fcller Head of Marketing EMEA NIANTIC GERMANY Anne Beuttenm\u00fcller startete 2007 nach ihrem Studium der Medienwirtschaft direkt bei Google. Dort arbeitete sie f\u00fcr 6 Jahre in den Bereichen Ad Sales und in der Beratung f\u00fcr Medien-, Kreativ- und Performance-Agenturen. Anschlie\u00dfend wechselte sie zum internen Google Startup [&hellip;]","og_url":"https:\/\/nextrealitycontest.de\/de\/jury\/jury-2019\/","og_site_name":"nextReality.Contest","article_modified_time":"2021-11-15T19:39:12+00:00","twitter_card":"summary_large_image","twitter_misc":{"Gesch\u00e4tzte Lesezeit":"3\u00a0Minuten"},"schema":{"@context":"https:\/\/schema.org","@graph":[{"@type":"WebPage","@id":"https:\/\/nextrealitycontest.de\/de\/jury\/jury-2019\/","url":"https:\/\/nextrealitycontest.de\/de\/jury\/jury-2019\/","name":"Juror:innen 2019 - nextReality.Contest","isPartOf":{"@id":"https:\/\/nextrealitycontest.de\/de\/#website"},"datePublished":"2018-04-02T19:06:32+00:00","dateModified":"2021-11-15T19:39:12+00:00","breadcrumb":{"@id":"https:\/\/nextrealitycontest.de\/de\/jury\/jury-2019\/#breadcrumb"},"inLanguage":"de","potentialAction":[{"@type":"ReadAction","target":["https:\/\/nextrealitycontest.de\/de\/jury\/jury-2019\/"]}]},{"@type":"BreadcrumbList","@id":"https:\/\/nextrealitycontest.de\/de\/jury\/jury-2019\/#breadcrumb","itemListElement":[{"@type":"ListItem","position":1,"name":"Startseite","item":"https:\/\/nextrealitycontest.de\/de\/"},{"@type":"ListItem","position":2,"name":"Die Jury","item":"https:\/\/nextrealitycontest.de\/de\/jury\/"},{"@type":"ListItem","position":3,"name":"Juror:innen 2019"}]},{"@type":"WebSite","@id":"https:\/\/nextrealitycontest.de\/de\/#website","url":"https:\/\/nextrealitycontest.de\/de\/","name":"nextReality.Contest","description":"Der Preis f\u00fcr Immersive Medien in Deutschland","potentialAction":[{"@type":"SearchAction","target":{"@type":"EntryPoint","urlTemplate":"https:\/\/nextrealitycontest.de\/de\/?s={search_term_string}"},"query-input":"required name=search_term_string"}],"inLanguage":"de"}]}},"publishpress_future_action":{"enabled":false,"date":"2026-04-16 19:14:49","action":"draft","terms":[],"taxonomy":""},"_links":{"self":[{"href":"https:\/\/nextrealitycontest.de\/de\/wp-json\/wp\/v2\/pages\/1311"}],"collection":[{"href":"https:\/\/nextrealitycontest.de\/de\/wp-json\/wp\/v2\/pages"}],"about":[{"href":"https:\/\/nextrealitycontest.de\/de\/wp-json\/wp\/v2\/types\/page"}],"author":[{"embeddable":true,"href":"https:\/\/nextrealitycontest.de\/de\/wp-json\/wp\/v2\/users\/1"}],"replies":[{"embeddable":true,"href":"https:\/\/nextrealitycontest.de\/de\/wp-json\/wp\/v2\/comments?post=1311"}],"version-history":[{"count":25,"href":"https:\/\/nextrealitycontest.de\/de\/wp-json\/wp\/v2\/pages\/1311\/revisions"}],"predecessor-version":[{"id":2794,"href":"https:\/\/nextrealitycontest.de\/de\/wp-json\/wp\/v2\/pages\/1311\/revisions\/2794"}],"up":[{"embeddable":true,"href":"https:\/\/nextrealitycontest.de\/de\/wp-json\/wp\/v2\/pages\/2786"}],"wp:attachment":[{"href":"https:\/\/nextrealitycontest.de\/de\/wp-json\/wp\/v2\/media?parent=1311"}],"curies":[{"name":"wp","href":"https:\/\/api.w.org\/{rel}","templated":true}]}}