{"id":1309,"date":"2018-04-02T19:06:01","date_gmt":"2018-04-02T19:06:01","guid":{"rendered":"http:\/\/xrc.nextreality.hamburg\/?page_id=1309"},"modified":"2026-03-03T12:30:54","modified_gmt":"2026-03-03T10:30:54","slug":"ueber","status":"publish","type":"page","link":"https:\/\/nextrealitycontest.de\/de\/ueber\/","title":{"rendered":"\u00dcber"},"content":{"rendered":"<section class=\"wpb-content-wrapper\"><p>[vc_row][vc_column]\t\t<h2 id=\"qttabsdbffe-uber-den-xrc-der-award-fur-die-besten-xr-projekte\" class=\"qt-center qt-qttabsdbffe-uber-den-xrc-der-award-fur-die-besten-xr-projekte qt-textfx-wrap qt-fontsize-h1\">\n\t\t\t\t\t\t\t\t\n\t\t\t\t\t<span class=\"qt-txtfx qt-txtfx--newyork\">\u00dcber den XRC \u2013 Der Award f\u00fcr die besten XR-Projekte<span data-letters=\"\u00dcber den XRC \u2013 Der Award f\u00fcr die besten XR-Projekte\"><\/span><span data-letters=\"\u00dcber den XRC \u2013 Der Award f\u00fcr die besten XR-Projekte\"><\/span><\/span>\n\t\t\t\t\t\t\t<\/h2>\n\t\t\t\t<div data-kentha-customstyles=\"\/* Shortcode dynamically generated CSS *\/\n\t\t\t\t\t.qt-qttabsdbffe-uber-den-xrc-der-award-fur-die-besten-xr-projekte .qt-txtfx--newyork { color: #ffffff}\n\t\t\t\t\t.qt-qttabsdbffe-uber-den-xrc-der-award-fur-die-besten-xr-projekte .qt-txtfx--newyork span::before { color: #ffffff}\n\t\t\t\t\t.qt-qttabsdbffe-uber-den-xrc-der-award-fur-die-besten-xr-projekte .qt-txtfx--newyork::before { background: #faaf2d}\"><\/div>\n\t\t[vc_column_text]<\/p>\n<p data-start=\"195\" data-end=\"551\">Der nextReality.Contest wurde 2017 von nextReality.Hamburg e.V. ins Leben gerufen und z\u00e4hlt heute zu den bedeutendsten XR-Awards im deutschsprachigen Raum. Seit nunmehr <strong data-start=\"364\" data-end=\"379\">zehn Jahren<\/strong> zeichnet der Wettbewerb herausragende Virtual-, Augmented- und Mixed-Reality-Projekte aus, die durch Innovation, kreative Exzellenz und technologische Qualit\u00e4t \u00fcberzeugen.<\/p>\n<p data-start=\"553\" data-end=\"775\"><strong data-start=\"553\" data-end=\"595\">2026 feiert der XRC seine 10. Edition.<\/strong><br data-start=\"595\" data-end=\"598\" \/>In den vergangenen zehn Jahren wurden \u00fcber <strong data-start=\"641\" data-end=\"669\">800 Projekte eingereicht<\/strong> und mehr als <strong data-start=\"683\" data-end=\"712\">70 Arbeiten ausgezeichnet<\/strong> \u2013 ein starkes Zeichen f\u00fcr die Innovationskraft der XR-Branche.<\/p>\n<p data-start=\"777\" data-end=\"1056\">Unternehmen, Studios, Start-ups sowie Einzelpersonen erhalten auch in diesem Jahr die Chance, ihre Ideen und Produkte auf die gro\u00dfe B\u00fchne zu bringen. Eine unabh\u00e4ngige, interdisziplin\u00e4re Jury bewertet die eingereichten Projekte und k\u00fcrt die Gewinner:innen in folgenden Kategorien:<\/p>\n<ul data-start=\"1058\" data-end=\"1690\">\n<li data-start=\"1058\" data-end=\"1142\">\n<ul data-start=\"713\" data-end=\"1413\">\n<li data-start=\"713\" data-end=\"797\"><strong data-start=\"715\" data-end=\"744\">Interactive Entertainment<\/strong> \u2013 Fesselnde XR-Erlebnisse mit innovativem Gameplay<\/li>\n<li data-start=\"798\" data-end=\"918\"><strong data-start=\"800\" data-end=\"824\">Interactive Business<\/strong> \u2013 XR-L\u00f6sungen, die neue Gesch\u00e4ftsmodelle erm\u00f6glichen und wirtschaftlichen Mehrwert schaffen<\/li>\n<li data-start=\"919\" data-end=\"996\"><strong data-start=\"921\" data-end=\"946\">Interactive Education<\/strong> \u2013 Immersive Anwendungen mit p\u00e4dagogischem Fokus<\/li>\n<li data-start=\"997\" data-end=\"1072\"><strong data-start=\"999\" data-end=\"1015\">Young Talent<\/strong> \u2013 Nachwuchsprojekte von Studierenden und Sch\u00fcler:innen<\/li>\n<li data-start=\"1073\" data-end=\"1198\"><strong data-start=\"1075\" data-end=\"1096\">Best Installation<\/strong> \u2013 XR-Projekte, die in Kombination mit physischen Installationen ein einzigartiges Erlebnis schaffen<\/li>\n<li data-start=\"1199\" data-end=\"1280\"><strong data-start=\"1201\" data-end=\"1214\">Zeitgeist<\/strong> \u2013 Anwendungen, die gesellschaftlich relevante Themen aufgreifen<\/li>\n<li data-start=\"1281\" data-end=\"1361\"><strong data-start=\"1283\" data-end=\"1311\">International Production<\/strong> \u2013 Herausragende XR-Projekte aus der ganzen Welt<\/li>\n<li data-start=\"1362\" data-end=\"1413\"><strong data-start=\"1364\" data-end=\"1383\">Community Award<\/strong> \u2013 Das Publikum entscheidet!<\/li>\n<\/ul>\n<\/li>\n<\/ul>\n<p data-start=\"1692\" data-end=\"1952\">Die Gewinner:innen erhalten nicht nur die wohl sch\u00f6nste Troph\u00e4e der XR-Welt, sondern in den meisten Kategorien auch ein Preisgeld als zus\u00e4tzliche Anerkennung f\u00fcr ihre Arbeit.<br data-start=\"1866\" data-end=\"1869\" \/><em data-start=\"1596\" data-end=\"1681\">(Der Community Award und Best Installation sind nicht mit einem Preisgeld dotiert.)<\/em><\/p>\n<p data-start=\"1954\" data-end=\"2199\">Die <strong data-start=\"1958\" data-end=\"2005\">Preisverleihung findet am 18. November 2026<\/strong> im Rahmen des <a href=\"https:\/\/nextrealityfestival.com\"><strong data-start=\"1760\" data-end=\"1785\">nextReality.festivals<\/strong><\/a> in der Hamburger Speicherstadt statt. Die nominierten Projekte werden am <strong data-start=\"2115\" data-end=\"2144\">18. und 19. November 2026<\/strong> im Rahmen einer kuratierten Ausstellung pr\u00e4sentiert.<\/p>\n<p data-start=\"2201\" data-end=\"2331\">Neben der Preisverleihung erwarten euch Talks, Panels und zahlreiche Networking-M\u00f6glichkeiten mit f\u00fchrenden K\u00f6pfen der XR-Branche.<\/p>\n<p>[\/vc_column_text]\t\t\t<hr class=\"qt-spacer-l\">\n\t\t[\/vc_column][\/vc_row][vc_row][vc_column]\t\t<h2 id=\"qttabsdc-kontaktier-uns\" class=\"qt-center qt-qttabsdc-kontaktier-uns qt-textfx-wrap qt-fontsize-h1\">\n\t\t\t\t\t\t\t\t\n\t\t\t\t\t<span class=\"qt-txtfx qt-txtfx--newyork\">Kontaktier uns<span data-letters=\"Kontaktier uns\"><\/span><span data-letters=\"Kontaktier uns\"><\/span><\/span>\n\t\t\t\t\t\t\t<\/h2>\n\t\t\t\t<div data-kentha-customstyles=\"\/* Shortcode dynamically generated CSS *\/\n\t\t\t\t\t.qt-qttabsdc-kontaktier-uns .qt-txtfx--newyork { color: #ffffff}\n\t\t\t\t\t.qt-qttabsdc-kontaktier-uns .qt-txtfx--newyork span::before { color: #ffffff}\n\t\t\t\t\t.qt-qttabsdc-kontaktier-uns .qt-txtfx--newyork::before { background: #ffbb4d}\"><\/div>\n\t\t[vc_row_inner][vc_column_inner width=&#8220;1\/3&#8243;][vc_icon icon_fontawesome=&#8220;fa fa-file-text-o&#8220; color=&#8220;custom&#8220; align=&#8220;center&#8220; custom_color=&#8220;#faaf2d&#8220;][vc_column_text]<\/p>\n<p style=\"text-align: center;\">Sponsoren:<\/p>\n<p style=\"text-align: center;\">Wenn du uns unterst\u00fctzen willst, dann schreib uns einfach unter der folgenden Mailadresse:<br \/>\n<a href=\"mailto:sponsoren@nextrealitycontest.de\">sponsoren@nextrealitycontest.de<\/a><\/p>\n<p>[\/vc_column_text][\/vc_column_inner][vc_column_inner width=&#8220;1\/3&#8243;][vc_icon icon_fontawesome=&#8220;fa fa-window-close-o&#8220; color=&#8220;custom&#8220; align=&#8220;center&#8220; custom_color=&#8220;#faaf2d&#8220;][vc_column_text]<\/p>\n<p style=\"text-align: center;\">Allgemein:<\/p>\n<p style=\"text-align: center;\">Du hast Fragen zum Preis, zur Anmeldung oder sonstigen Themen? Dann melde dich unter:<br \/>\n<a href=\"mailto:kontakt@nextrealitycontest.de\">kontakt@nextrealitycontest.de<\/a><\/p>\n<p>[\/vc_column_text][\/vc_column_inner][vc_column_inner width=&#8220;1\/3&#8243;][vc_icon icon_fontawesome=&#8220;fa fa-bullhorn&#8220; color=&#8220;custom&#8220; align=&#8220;center&#8220; custom_color=&#8220;#faaf2d&#8220;][vc_column_text]<\/p>\n<p style=\"text-align: center;\">Presse:<\/p>\n<p style=\"text-align: center;\">Du ben\u00f6tigst Pressematerial, m\u00f6chtest ein Interview f\u00fchren, einen Bericht schreiben oder hast andere Fragen? Dann schreib uns unter:<br \/>\n<a href=\"mailto:presse@nextrealitycontest.de\">presse@nextrealitycontest.de<\/a><\/p>\n<p>[\/vc_column_text][\/vc_column_inner][\/vc_row_inner][\/vc_column][\/vc_row]<\/p>\n<\/section>","protected":false},"excerpt":{"rendered":"<p>[vc_row][vc_column][vc_column_text] Der nextReality.Contest wurde 2017 von nextReality.Hamburg e.V. ins Leben gerufen und z\u00e4hlt heute zu den bedeutendsten XR-Awards im deutschsprachigen Raum. Seit nunmehr zehn Jahren zeichnet der Wettbewerb herausragende Virtual-, Augmented- und Mixed-Reality-Projekte aus, die durch Innovation, kreative Exzellenz und technologische Qualit\u00e4t \u00fcberzeugen. 2026 feiert der XRC seine 10. Edition.In [&hellip;]<\/p>\n","protected":false},"author":1,"featured_media":0,"parent":0,"menu_order":0,"comment_status":"closed","ping_status":"closed","template":"","meta":{"_acf_changed":false,"footnotes":""},"acf":[],"yoast_head":"<!-- This site is optimized with the Yoast SEO plugin v21.9.1 - https:\/\/yoast.com\/wordpress\/plugins\/seo\/ -->\n<title>\u00dcber - nextReality.Contest<\/title>\n<meta name=\"robots\" content=\"index, follow, max-snippet:-1, max-image-preview:large, max-video-preview:-1\" \/>\n<link rel=\"canonical\" href=\"https:\/\/nextrealitycontest.de\/de\/ueber\/\" \/>\n<meta property=\"og:locale\" content=\"de_DE\" \/>\n<meta property=\"og:type\" content=\"article\" \/>\n<meta property=\"og:title\" content=\"\u00dcber - nextReality.Contest\" \/>\n<meta property=\"og:description\" content=\"[vc_row][vc_column][vc_column_text] Der nextReality.Contest wurde 2017 von nextReality.Hamburg e.V. ins Leben gerufen und z\u00e4hlt heute zu den bedeutendsten XR-Awards im deutschsprachigen Raum. Seit nunmehr zehn Jahren zeichnet der Wettbewerb herausragende Virtual-, Augmented- und Mixed-Reality-Projekte aus, die durch Innovation, kreative Exzellenz und technologische Qualit\u00e4t \u00fcberzeugen. 2026 feiert der XRC seine 10. Edition.In [&hellip;]\" \/>\n<meta property=\"og:url\" content=\"https:\/\/nextrealitycontest.de\/de\/ueber\/\" \/>\n<meta property=\"og:site_name\" content=\"nextReality.Contest\" \/>\n<meta property=\"article:modified_time\" content=\"2026-03-03T10:30:54+00:00\" \/>\n<meta name=\"twitter:card\" content=\"summary_large_image\" \/>\n<meta name=\"twitter:label1\" content=\"Gesch\u00e4tzte Lesezeit\" \/>\n\t<meta name=\"twitter:data1\" content=\"2\u00a0Minuten\" \/>\n<script type=\"application\/ld+json\" class=\"yoast-schema-graph\">{\"@context\":\"https:\/\/schema.org\",\"@graph\":[{\"@type\":\"WebPage\",\"@id\":\"https:\/\/nextrealitycontest.de\/de\/ueber\/\",\"url\":\"https:\/\/nextrealitycontest.de\/de\/ueber\/\",\"name\":\"\u00dcber - nextReality.Contest\",\"isPartOf\":{\"@id\":\"https:\/\/nextrealitycontest.de\/de\/#website\"},\"datePublished\":\"2018-04-02T19:06:01+00:00\",\"dateModified\":\"2026-03-03T10:30:54+00:00\",\"breadcrumb\":{\"@id\":\"https:\/\/nextrealitycontest.de\/de\/ueber\/#breadcrumb\"},\"inLanguage\":\"de\",\"potentialAction\":[{\"@type\":\"ReadAction\",\"target\":[\"https:\/\/nextrealitycontest.de\/de\/ueber\/\"]}]},{\"@type\":\"BreadcrumbList\",\"@id\":\"https:\/\/nextrealitycontest.de\/de\/ueber\/#breadcrumb\",\"itemListElement\":[{\"@type\":\"ListItem\",\"position\":1,\"name\":\"Startseite\",\"item\":\"https:\/\/nextrealitycontest.de\/de\/\"},{\"@type\":\"ListItem\",\"position\":2,\"name\":\"\u00dcber\"}]},{\"@type\":\"WebSite\",\"@id\":\"https:\/\/nextrealitycontest.de\/de\/#website\",\"url\":\"https:\/\/nextrealitycontest.de\/de\/\",\"name\":\"nextReality.Contest\",\"description\":\"Der Preis f\u00fcr Immersive Medien in Deutschland\",\"potentialAction\":[{\"@type\":\"SearchAction\",\"target\":{\"@type\":\"EntryPoint\",\"urlTemplate\":\"https:\/\/nextrealitycontest.de\/de\/?s={search_term_string}\"},\"query-input\":\"required name=search_term_string\"}],\"inLanguage\":\"de\"}]}<\/script>\n<!-- \/ Yoast SEO plugin. -->","yoast_head_json":{"title":"\u00dcber - nextReality.Contest","robots":{"index":"index","follow":"follow","max-snippet":"max-snippet:-1","max-image-preview":"max-image-preview:large","max-video-preview":"max-video-preview:-1"},"canonical":"https:\/\/nextrealitycontest.de\/de\/ueber\/","og_locale":"de_DE","og_type":"article","og_title":"\u00dcber - nextReality.Contest","og_description":"[vc_row][vc_column][vc_column_text] Der nextReality.Contest wurde 2017 von nextReality.Hamburg e.V. ins Leben gerufen und z\u00e4hlt heute zu den bedeutendsten XR-Awards im deutschsprachigen Raum. Seit nunmehr zehn Jahren zeichnet der Wettbewerb herausragende Virtual-, Augmented- und Mixed-Reality-Projekte aus, die durch Innovation, kreative Exzellenz und technologische Qualit\u00e4t \u00fcberzeugen. 2026 feiert der XRC seine 10. Edition.In [&hellip;]","og_url":"https:\/\/nextrealitycontest.de\/de\/ueber\/","og_site_name":"nextReality.Contest","article_modified_time":"2026-03-03T10:30:54+00:00","twitter_card":"summary_large_image","twitter_misc":{"Gesch\u00e4tzte Lesezeit":"2\u00a0Minuten"},"schema":{"@context":"https:\/\/schema.org","@graph":[{"@type":"WebPage","@id":"https:\/\/nextrealitycontest.de\/de\/ueber\/","url":"https:\/\/nextrealitycontest.de\/de\/ueber\/","name":"\u00dcber - nextReality.Contest","isPartOf":{"@id":"https:\/\/nextrealitycontest.de\/de\/#website"},"datePublished":"2018-04-02T19:06:01+00:00","dateModified":"2026-03-03T10:30:54+00:00","breadcrumb":{"@id":"https:\/\/nextrealitycontest.de\/de\/ueber\/#breadcrumb"},"inLanguage":"de","potentialAction":[{"@type":"ReadAction","target":["https:\/\/nextrealitycontest.de\/de\/ueber\/"]}]},{"@type":"BreadcrumbList","@id":"https:\/\/nextrealitycontest.de\/de\/ueber\/#breadcrumb","itemListElement":[{"@type":"ListItem","position":1,"name":"Startseite","item":"https:\/\/nextrealitycontest.de\/de\/"},{"@type":"ListItem","position":2,"name":"\u00dcber"}]},{"@type":"WebSite","@id":"https:\/\/nextrealitycontest.de\/de\/#website","url":"https:\/\/nextrealitycontest.de\/de\/","name":"nextReality.Contest","description":"Der Preis f\u00fcr Immersive Medien in Deutschland","potentialAction":[{"@type":"SearchAction","target":{"@type":"EntryPoint","urlTemplate":"https:\/\/nextrealitycontest.de\/de\/?s={search_term_string}"},"query-input":"required name=search_term_string"}],"inLanguage":"de"}]}},"publishpress_future_action":{"enabled":false,"date":"2026-04-11 20:23:48","action":"draft","terms":[],"taxonomy":""},"_links":{"self":[{"href":"https:\/\/nextrealitycontest.de\/de\/wp-json\/wp\/v2\/pages\/1309"}],"collection":[{"href":"https:\/\/nextrealitycontest.de\/de\/wp-json\/wp\/v2\/pages"}],"about":[{"href":"https:\/\/nextrealitycontest.de\/de\/wp-json\/wp\/v2\/types\/page"}],"author":[{"embeddable":true,"href":"https:\/\/nextrealitycontest.de\/de\/wp-json\/wp\/v2\/users\/1"}],"replies":[{"embeddable":true,"href":"https:\/\/nextrealitycontest.de\/de\/wp-json\/wp\/v2\/comments?post=1309"}],"version-history":[{"count":33,"href":"https:\/\/nextrealitycontest.de\/de\/wp-json\/wp\/v2\/pages\/1309\/revisions"}],"predecessor-version":[{"id":6428,"href":"https:\/\/nextrealitycontest.de\/de\/wp-json\/wp\/v2\/pages\/1309\/revisions\/6428"}],"wp:attachment":[{"href":"https:\/\/nextrealitycontest.de\/de\/wp-json\/wp\/v2\/media?parent=1309"}],"curies":[{"name":"wp","href":"https:\/\/api.w.org\/{rel}","templated":true}]}}